{"id":17938,"date":"2021-05-18T21:27:46","date_gmt":"2021-05-18T21:27:46","guid":{"rendered":"https:\/\/galaspiegade.lv\/?page_id=17938"},"modified":"2024-05-06T18:34:54","modified_gmt":"2024-05-06T15:34:54","slug":"saimnieciba-zs-miglas","status":"publish","type":"page","link":"https:\/\/galaspiegade.lv\/en\/saimnieciba-zs-miglas\/","title":{"rendered":"Saimniec\u012bba ZS MIGLAS"},"content":{"rendered":"<div data-elementor-type=\"wp-page\" data-elementor-id=\"17938\" class=\"elementor elementor-17938\" data-elementor-post-type=\"page\">\n\t\t\t\t<div class=\"elementor-element elementor-element-78527bd e-flex e-con-boxed e-con e-parent\" data-id=\"78527bd\" data-element_type=\"container\" data-e-type=\"container\">\n\t\t\t\t\t<div class=\"e-con-inner\">\n\t\t\t\t<div class=\"elementor-element elementor-element-91fbfa5 elementor-widget elementor-widget-tm-button\" data-id=\"91fbfa5\" data-element_type=\"widget\" data-e-type=\"widget\" data-widget_type=\"tm-button.default\">\n\t\t\t\t<div class=\"elementor-widget-container\">\n\t\t\t\t\t\t\t<a href=\"https:\/\/galaspiegade.lv\/en\/par-mums\/\" class=\"tm-button-link tm-button style-text tm-button-nm icon-left\" role=\"button\">\n\n\t\t\t\t\t<div class=\"button-content-wrapper\">\n\t\t\t\t\t\t\t<div class=\"button-icon\">\n\t\t\t\t\t\t\t<div class=\"minimog-icon icon minimog-solid-icon\">\n\t\t\t<svg aria-hidden=\"true\" class=\"e-font-icon-svg e-fas-backward\" viewbox=\"0 0 512 512\" xmlns=\"http:\/\/www.w3.org\/2000\/svg\"><path d=\"M11.5 280.6l192 160c20.6 17.2 52.5 2.8 52.5-24.6V96c0-27.4-31.9-41.8-52.5-24.6l-192 160c-15.3 12.8-15.3 36.4 0 49.2zm256 0l192 160c20.6 17.2 52.5 2.8 52.5-24.6V96c0-27.4-31.9-41.8-52.5-24.6l-192 160c-15.3 12.8-15.3 36.4 0 49.2z\"><\/path><\/svg>\t\t<\/div>\n\t\t\t\t\t\t<\/div>\n\t\t\t\n\t\t\t\t\t<div class=\"button-text\">\n\t\t\t\n\t\t\t Back\n\t\t\t\n\t\t\t\t\t<\/div>\n\t\t\n\t\t\t\t\t<\/div>\n\t\t\n\t\t\t\t\t<\/a>\n\t\t\t\t\t\t<\/div>\n\t\t\t\t<\/div>\n\t\t\t\t\t<\/div>\n\t\t\t\t<\/div>\n\t\t<div class=\"elementor-element elementor-element-3dca4d83 e-flex e-con-boxed e-con e-parent\" data-id=\"3dca4d83\" data-element_type=\"container\" data-e-type=\"container\">\n\t\t\t\t\t<div class=\"e-con-inner\">\n\t\t\t\t<div class=\"elementor-element elementor-element-415eff9 elementor-widget elementor-widget-image\" data-id=\"415eff9\" data-element_type=\"widget\" data-e-type=\"widget\" data-widget_type=\"image.default\">\n\t\t\t\t<div class=\"elementor-widget-container\">\n\t\t\t\t\t\t\t\t\t\t\t\t\t\t\t<img fetchpriority=\"high\" decoding=\"async\" width=\"1300\" height=\"530\" src=\"https:\/\/galaspiegade.lv\/wp-content\/uploads\/2024\/05\/web-miglas.jpg\" class=\"attachment-full size-full wp-image-21754\" alt=\"\" srcset=\"https:\/\/galaspiegade.lv\/wp-content\/uploads\/2024\/05\/web-miglas.jpg 1300w, https:\/\/galaspiegade.lv\/wp-content\/uploads\/2024\/05\/web-miglas-300x122.jpg 300w, https:\/\/galaspiegade.lv\/wp-content\/uploads\/2024\/05\/web-miglas-1024x417.jpg 1024w, https:\/\/galaspiegade.lv\/wp-content\/uploads\/2024\/05\/web-miglas-768x313.jpg 768w, https:\/\/galaspiegade.lv\/wp-content\/uploads\/2024\/05\/web-miglas-18x7.jpg 18w, https:\/\/galaspiegade.lv\/wp-content\/uploads\/2024\/05\/web-miglas-600x245.jpg 600w, https:\/\/galaspiegade.lv\/wp-content\/uploads\/2024\/05\/web-miglas-150x61.jpg 150w\" sizes=\"(max-width: 1300px) 100vw, 1300px\" \/>\t\t\t\t\t\t\t\t\t\t\t\t\t\t\t<\/div>\n\t\t\t\t<\/div>\n\t\t\t\t<div class=\"elementor-element elementor-element-6402e2f elementor-widget elementor-widget-heading\" data-id=\"6402e2f\" data-element_type=\"widget\" data-e-type=\"widget\" data-widget_type=\"heading.default\">\n\t\t\t\t<div class=\"elementor-widget-container\">\n\t\t\t\t\t<h2 class=\"elementor-heading-title elementor-size-default\">Saimniec\u012bba ZS MIGLAS<\/h2>\t\t\t\t<\/div>\n\t\t\t\t<\/div>\n\t\t\t\t<div class=\"elementor-element elementor-element-4628718 elementor-widget elementor-widget-text-editor\" data-id=\"4628718\" data-element_type=\"widget\" data-e-type=\"widget\" data-widget_type=\"text-editor.default\">\n\t\t\t\t<div class=\"elementor-widget-container\">\n\t\t\t\t\t\t\t\t\t<p>Dienvidkurzemes pus\u0113, Gramzdas pagast\u0101 jau teju 30 gadus \u010dakli str\u0101d\u0101 Bran\u010du \u0123imene. 1992. gad\u0101 saimniec\u012bbas \u012bpa\u0161niece L\u012bvija nodibin\u0101ja zemnieku saimniec\u012bbu \u201eMiglas\u201c, s\u0101kotn\u0113ji pl\u0101nojot nodarboties ar piena lopkop\u012bbu. Jaunpil\u012b, izsol\u0113 par diezgan lielu naudu tika nopirktas pirm\u0101s Hol\u0161teinas \u0161\u0137irnes govis Betija un Z\u012ble, kuras jau sen gan\u0101s zil\u0101s aizsaules p\u013cav\u0101s, tom\u0113r v\u0113l aizvien gan\u0101mpulk\u0101 atrodamas vi\u0146u radinieces. Niec\u012bg\u0101s piena cenas gan \u0101tri vien skubin\u0101ja izm\u0113\u0123in\u0101t citus nodarbo\u0161an\u0101s veidus, t\u0101 savulaik tika izm\u0113\u0123in\u0101ta gan c\u016bkkop\u012bba, gan gur\u0137u audz\u0113\u0161ana, bet gadu gait\u0101 tika secin\u0101ts, ka darbs ar liellopiem izdodas vislab\u0101k. Piena govis tika p\u0101rkrustotas par ga\u013cas \u0161\u0137ir\u0146u gov\u012bm, pak\u0101peniski izveidojot da\u017e\u0101du \u0161\u0137ir\u0146u krustojumu gan\u0101mpulku, kur \u0161obr\u012bd domin\u0113 Siment\u0101les un Angus \u0161\u0137irnes liellopi.<\/p><p>L\u012bvija ar v\u012bru Voldem\u0101ru nu jau ir sasniegu\u0161i pensijas vecumu, bet vi\u0146iem ir 3 pieaugu\u0161i b\u0113rni Andris, Laura un Zane, k\u0101 ar\u012b 4 mazb\u0113rni, kas uzaugu\u0161i lauku vid\u0113 un no darba nebaid\u0101s. Ikdienas liel\u0101k\u0101 lopkop\u012bbas darbu nasta gulstas uz meitas Lauras un vi\u0146as dz\u012bvesbiedra Vladeka pleciem, bet regul\u0101ri, p\u0113c iesp\u0113jas un vajadz\u012bbas, darbu veik\u0161anas proces\u0101 pievienojas ar\u012b p\u0101r\u0113jie \u0123imenes locek\u013ci.<\/p><p>\u0160obr\u012bd tiek apsaimniekoti nepilni 200 ha zemes, kur puse tiek graudaugiem, bet otra puse \u0123imenes raibajiem 110 liellopiem. Jau 90. gadu vid\u016b \u201eMiglu\u201c liellopi var\u0113ja laim\u012bgi gan\u012bties nepiesieti, kaut tuv\u0101ki un t\u0101l\u0101ki kaimi\u0146i \u0161\u016bpoja galvas un teica, ka t\u0101 tak nav nek\u0101das k\u0101rt\u012bbas, ja tas lops nav piesiets. Pamat\u0101 liellopi tiek baroti ar z\u0101les lopbar\u012bbu, vasar\u0101 \u0113dienkart\u0113 ir gan\u012bbu z\u0101le, bet ziemas period\u0101 \u2013 siens un sk\u0101bsiens, sp\u0113kbar\u012bbu izmantojot nelielos apjomos.<\/p><p>\u201cMigl\u0101s\u201d gadu gait\u0101 radu\u0161ies da\u017e\u0101di secin\u0101jumi par to, kas ir svar\u012bgs darb\u0101 ar liellopiem, kuri \u012bsten\u012bb\u0101 ir glu\u017ei element\u0101ri, bet k\u0101 pa\u0161i saka, neviens jau nav piedzimis visu saprazdams un m\u0101c\u0113dams. Noteikti ikdien\u0101 regul\u0101ri j\u0101seko l\u012bdzi dz\u012bvnieku st\u0101voklim (da\u017ei novadnieki jau uzskata, ka vienk\u0101r\u0161\u0101k b\u016btu, ja \u0123imene p\u0101rv\u0101ktos dz\u012bvot tuv\u0101k gov\u012bm, jo vi\u0146i jau t\u0101pat nemit\u012bgi aptek\u0101 savas govis). J\u0101iev\u0113ro pavisam vienk\u0101r\u0161a lieta, kas nez k\u0101p\u0113c da\u017eiem lopkopjiem pieklibo, \u2013 k\u0101rt\u012bgi j\u0101dod \u0113st, ja grib, lai izaug kvalitat\u012bvs liellops (protams, teicama \u0123en\u0113tika un laba tur\u0113\u0161ana ar\u012bdzan ir b\u016btiska). J\u0101\u0146em v\u0113r\u0101 liellopu uzved\u012bbas \u012bpatn\u012bbas, jo daudzas probl\u0113msitu\u0101cijas risin\u0101mas daudz viegl\u0101k, ja izprot govs vajadz\u012bbu tur\u0113ties pie bara, bailes no p\u0113k\u0161\u0146iem apdraud\u0113jumiem, v\u0113lmi iev\u0113rot ierasto ritmu u.c. J\u0101pieliek p\u016bles, lai gan\u0101mpulks b\u016btu maksim\u0101li produkt\u012bvs un tiktu saglab\u0101ts katrs te\u013c\u0161, izmantojot ar\u012b modern\u0101kas tehnolo\u0123ijas, k\u0101, piem\u0113ram, atne\u0161an\u0101s laika sensori.<\/p><p>Ar jaunlopu nobaro\u0161anu \u201eMigl\u0101s\u201c nodarbojas jau gadiem, turkl\u0101t ar labiem pan\u0101kumiem, tiesa, augot gan\u0101mpulka lielumam, nemit\u012bgi j\u0101piel\u0101go darbo\u0161an\u0101s nianses, lai rezult\u0101ts b\u016btu kvalitat\u012bvs. Beidzot Bran\u010du \u0123imenei ir t\u0101 iesp\u0113ja kooperat\u012bva \u201eLatvijas liellops\u201c ietvaros pied\u0101v\u0101t savu liellopu ga\u013cu Latvijas \u0123imen\u0113m, jo l\u012bdz \u0161im pa\u0161iem \u0161\u0137ita, ka saimniec\u012bba ir p\u0101r\u0101k neliela un p\u0101r\u0101k t\u0101lu no lielpils\u0113t\u0101m, lai vieni pa\u0161i uzdro\u0161in\u0101tos p\u0101rdot ga\u013cu tie\u0161i Latvijas m\u0101jsaimniec\u012bb\u0101m. Bet ko nevar viens, to var ar domubiedriem, jo kop\u012bb\u0101 ir sp\u0113ks.<\/p>\t\t\t\t\t\t\t\t<\/div>\n\t\t\t\t<\/div>\n\t\t\t\t\t<\/div>\n\t\t\t\t<\/div>\n\t\t\t\t<\/div>","protected":false},"excerpt":{"rendered":"<p>Atpaka\u013c Saimniec\u012bba ZS MIGLAS Dienvidkurzemes pus\u0113, Gramzdas pagast\u0101 jau teju 30 gadus \u010dakli str\u0101d\u0101 Bran\u010du \u0123imene. 1992. gad\u0101 saimniec\u012bbas \u012bpa\u0161niece L\u012bvija nodibin\u0101ja zemnieku saimniec\u012bbu \u201eMiglas\u201c, s\u0101kotn\u0113ji pl\u0101nojot nodarboties ar piena lopkop\u012bbu. Jaunpil\u012b, izsol\u0113 par diezgan lielu naudu tika nopirktas pirm\u0101s Hol\u0161teinas \u0161\u0137irnes govis Betija un Z\u012ble, kuras jau sen gan\u0101s zil\u0101s aizsaules p\u013cav\u0101s, tom\u0113r v\u0113l aizvien gan\u0101mpulk\u0101 atrodamas vi\u0146u radinieces. Niec\u012bg\u0101s piena cenas gan \u0101tri vien skubin\u0101ja izm\u0113\u0123in\u0101t citus nodarbo\u0161an\u0101s veidus, t\u0101 savulaik tika izm\u0113\u0123in\u0101ta gan c\u016bkkop\u012bba, gan gur\u0137u audz\u0113\u0161ana, bet gadu gait\u0101 tika secin\u0101ts, ka darbs ar liellopiem izdodas vislab\u0101k. Piena govis tika p\u0101rkrustotas par ga\u013cas \u0161\u0137ir\u0146u gov\u012bm, pak\u0101peniski izveidojot da\u017e\u0101du \u0161\u0137ir\u0146u krustojumu gan\u0101mpulku, kur \u0161obr\u012bd domin\u0113 Siment\u0101les un Angus \u0161\u0137irnes liellopi. L\u012bvija ar v\u012bru Voldem\u0101ru nu jau ir sasniegu\u0161i pensijas vecumu, bet vi\u0146iem ir 3 pieaugu\u0161i b\u0113rni Andris, Laura un Zane, k\u0101 ar\u012b 4 mazb\u0113rni, kas uzaugu\u0161i lauku vid\u0113 un no darba nebaid\u0101s. Ikdienas liel\u0101k\u0101 lopkop\u012bbas darbu nasta gulstas uz meitas Lauras un vi\u0146as dz\u012bvesbiedra Vladeka pleciem, bet regul\u0101ri, p\u0113c iesp\u0113jas un vajadz\u012bbas, darbu veik\u0161anas proces\u0101 pievienojas ar\u012b p\u0101r\u0113jie \u0123imenes locek\u013ci. \u0160obr\u012bd tiek apsaimniekoti nepilni 200 ha zemes, kur puse tiek graudaugiem, bet otra puse \u0123imenes raibajiem 110 liellopiem. Jau 90. gadu vid\u016b \u201eMiglu\u201c liellopi var\u0113ja laim\u012bgi gan\u012bties nepiesieti, kaut tuv\u0101ki un t\u0101l\u0101ki kaimi\u0146i \u0161\u016bpoja galvas un teica, ka t\u0101 tak nav nek\u0101das k\u0101rt\u012bbas, ja tas lops nav piesiets. Pamat\u0101 liellopi tiek baroti ar z\u0101les lopbar\u012bbu, vasar\u0101 \u0113dienkart\u0113 ir gan\u012bbu z\u0101le, bet ziemas period\u0101 \u2013 siens un sk\u0101bsiens, sp\u0113kbar\u012bbu izmantojot nelielos apjomos. \u201cMigl\u0101s\u201d gadu gait\u0101 radu\u0161ies da\u017e\u0101di secin\u0101jumi par to, kas ir svar\u012bgs darb\u0101 ar liellopiem, kuri \u012bsten\u012bb\u0101 ir glu\u017ei element\u0101ri, bet k\u0101 pa\u0161i saka, neviens jau nav piedzimis visu saprazdams un m\u0101c\u0113dams. Noteikti ikdien\u0101 regul\u0101ri j\u0101seko l\u012bdzi dz\u012bvnieku st\u0101voklim (da\u017ei novadnieki jau uzskata, ka vienk\u0101r\u0161\u0101k b\u016btu, ja \u0123imene p\u0101rv\u0101ktos dz\u012bvot tuv\u0101k gov\u012bm, jo vi\u0146i jau t\u0101pat nemit\u012bgi aptek\u0101 savas govis). J\u0101iev\u0113ro pavisam vienk\u0101r\u0161a lieta, kas nez k\u0101p\u0113c da\u017eiem lopkopjiem pieklibo, \u2013 k\u0101rt\u012bgi j\u0101dod \u0113st, ja grib, lai izaug kvalitat\u012bvs liellops (protams, teicama \u0123en\u0113tika un laba tur\u0113\u0161ana ar\u012bdzan ir b\u016btiska). J\u0101\u0146em v\u0113r\u0101 liellopu uzved\u012bbas \u012bpatn\u012bbas, jo daudzas probl\u0113msitu\u0101cijas risin\u0101mas daudz viegl\u0101k, ja izprot govs vajadz\u012bbu tur\u0113ties pie bara, bailes no p\u0113k\u0161\u0146iem apdraud\u0113jumiem, v\u0113lmi iev\u0113rot ierasto ritmu u.c. J\u0101pieliek p\u016bles, lai gan\u0101mpulks b\u016btu maksim\u0101li produkt\u012bvs un tiktu saglab\u0101ts katrs te\u013c\u0161, izmantojot ar\u012b modern\u0101kas tehnolo\u0123ijas, k\u0101, piem\u0113ram, atne\u0161an\u0101s laika sensori. Ar jaunlopu nobaro\u0161anu \u201eMigl\u0101s\u201c nodarbojas jau gadiem, turkl\u0101t ar labiem pan\u0101kumiem, tiesa, augot gan\u0101mpulka lielumam, nemit\u012bgi j\u0101piel\u0101go darbo\u0161an\u0101s nianses, lai rezult\u0101ts b\u016btu kvalitat\u012bvs. Beidzot Bran\u010du \u0123imenei ir t\u0101 iesp\u0113ja kooperat\u012bva \u201eLatvijas liellops\u201c ietvaros pied\u0101v\u0101t savu liellopu ga\u013cu Latvijas \u0123imen\u0113m, jo l\u012bdz \u0161im pa\u0161iem \u0161\u0137ita, ka saimniec\u012bba ir p\u0101r\u0101k neliela un p\u0101r\u0101k t\u0101lu no lielpils\u0113t\u0101m, lai vieni pa\u0161i uzdro\u0161in\u0101tos p\u0101rdot ga\u013cu tie\u0161i Latvijas m\u0101jsaimniec\u012bb\u0101m. Bet ko nevar viens, to var ar domubiedriem, jo kop\u012bb\u0101 ir sp\u0113ks.<\/p>","protected":false},"author":563,"featured_media":0,"parent":0,"menu_order":0,"comment_status":"closed","ping_status":"open","template":"","meta":{"footnotes":""},"class_list":["post-17938","page","type-page","status-publish","hentry","post-no-thumbnail"],"jetpack_sharing_enabled":true,"_links":{"self":[{"href":"https:\/\/galaspiegade.lv\/en\/wp-json\/wp\/v2\/pages\/17938","targetHints":{"allow":["GET"]}}],"collection":[{"href":"https:\/\/galaspiegade.lv\/en\/wp-json\/wp\/v2\/pages"}],"about":[{"href":"https:\/\/galaspiegade.lv\/en\/wp-json\/wp\/v2\/types\/page"}],"author":[{"embeddable":true,"href":"https:\/\/galaspiegade.lv\/en\/wp-json\/wp\/v2\/users\/563"}],"replies":[{"embeddable":true,"href":"https:\/\/galaspiegade.lv\/en\/wp-json\/wp\/v2\/comments?post=17938"}],"version-history":[{"count":17,"href":"https:\/\/galaspiegade.lv\/en\/wp-json\/wp\/v2\/pages\/17938\/revisions"}],"predecessor-version":[{"id":22249,"href":"https:\/\/galaspiegade.lv\/en\/wp-json\/wp\/v2\/pages\/17938\/revisions\/22249"}],"wp:attachment":[{"href":"https:\/\/galaspiegade.lv\/en\/wp-json\/wp\/v2\/media?parent=17938"}],"curies":[{"name":"wp","href":"https:\/\/api.w.org\/{rel}","templated":true}]}}