{"id":17945,"date":"2021-05-18T21:49:42","date_gmt":"2021-05-18T21:49:42","guid":{"rendered":"https:\/\/galaspiegade.lv\/?page_id=17945"},"modified":"2024-05-06T18:29:27","modified_gmt":"2024-05-06T15:29:27","slug":"saimnieciba-zs-atenas","status":"publish","type":"page","link":"https:\/\/galaspiegade.lv\/en\/saimnieciba-zs-atenas\/","title":{"rendered":"Farm ZS Athens"},"content":{"rendered":"<div data-elementor-type=\"wp-page\" data-elementor-id=\"17945\" class=\"elementor elementor-17945\" data-elementor-post-type=\"page\">\n\t\t\t\t<div class=\"elementor-element elementor-element-69d018e e-flex e-con-boxed e-con e-parent\" data-id=\"69d018e\" data-element_type=\"container\" data-e-type=\"container\">\n\t\t\t\t\t<div class=\"e-con-inner\">\n\t\t\t\t<div class=\"elementor-element elementor-element-7902ea8 elementor-widget elementor-widget-tm-button\" data-id=\"7902ea8\" data-element_type=\"widget\" data-e-type=\"widget\" data-widget_type=\"tm-button.default\">\n\t\t\t\t<div class=\"elementor-widget-container\">\n\t\t\t\t\t\t\t<a href=\"https:\/\/galaspiegade.lv\/en\/par-mums\/\" class=\"tm-button-link tm-button style-text tm-button-nm icon-left\" role=\"button\">\n\n\t\t\t\t\t<div class=\"button-content-wrapper\">\n\t\t\t\t\t\t\t<div class=\"button-icon\">\n\t\t\t\t\t\t\t<div class=\"minimog-icon icon minimog-solid-icon\">\n\t\t\t<svg aria-hidden=\"true\" class=\"e-font-icon-svg e-fas-backward\" viewbox=\"0 0 512 512\" xmlns=\"http:\/\/www.w3.org\/2000\/svg\"><path d=\"M11.5 280.6l192 160c20.6 17.2 52.5 2.8 52.5-24.6V96c0-27.4-31.9-41.8-52.5-24.6l-192 160c-15.3 12.8-15.3 36.4 0 49.2zm256 0l192 160c20.6 17.2 52.5 2.8 52.5-24.6V96c0-27.4-31.9-41.8-52.5-24.6l-192 160c-15.3 12.8-15.3 36.4 0 49.2z\"><\/path><\/svg>\t\t<\/div>\n\t\t\t\t\t\t<\/div>\n\t\t\t\n\t\t\t\t\t<div class=\"button-text\">\n\t\t\t\n\t\t\t Back\n\t\t\t\n\t\t\t\t\t<\/div>\n\t\t\n\t\t\t\t\t<\/div>\n\t\t\n\t\t\t\t\t<\/a>\n\t\t\t\t\t\t<\/div>\n\t\t\t\t<\/div>\n\t\t\t\t\t<\/div>\n\t\t\t\t<\/div>\n\t\t<div class=\"elementor-element elementor-element-6dccb208 e-flex e-con-boxed e-con e-parent\" data-id=\"6dccb208\" data-element_type=\"container\" data-e-type=\"container\">\n\t\t\t\t\t<div class=\"e-con-inner\">\n\t\t\t\t<div class=\"elementor-element elementor-element-9d3e143 elementor-widget elementor-widget-image\" data-id=\"9d3e143\" data-element_type=\"widget\" data-e-type=\"widget\" data-widget_type=\"image.default\">\n\t\t\t\t<div class=\"elementor-widget-container\">\n\t\t\t\t\t\t\t\t\t\t\t\t\t\t\t<img fetchpriority=\"high\" decoding=\"async\" width=\"1300\" height=\"530\" src=\"https:\/\/galaspiegade.lv\/wp-content\/uploads\/2021\/05\/web-atenas.jpg\" class=\"attachment-full size-full wp-image-17946\" alt=\"\" srcset=\"https:\/\/galaspiegade.lv\/wp-content\/uploads\/2021\/05\/web-atenas.jpg 1300w, https:\/\/galaspiegade.lv\/wp-content\/uploads\/2021\/05\/web-atenas-150x61.jpg 150w, https:\/\/galaspiegade.lv\/wp-content\/uploads\/2021\/05\/web-atenas-600x245.jpg 600w, https:\/\/galaspiegade.lv\/wp-content\/uploads\/2021\/05\/web-atenas-18x7.jpg 18w, https:\/\/galaspiegade.lv\/wp-content\/uploads\/2021\/05\/web-atenas-300x122.jpg 300w, https:\/\/galaspiegade.lv\/wp-content\/uploads\/2021\/05\/web-atenas-768x313.jpg 768w, https:\/\/galaspiegade.lv\/wp-content\/uploads\/2021\/05\/web-atenas-1024x417.jpg 1024w, https:\/\/galaspiegade.lv\/wp-content\/uploads\/2021\/05\/web-atenas-800x326.jpg 800w\" sizes=\"(max-width: 1300px) 100vw, 1300px\" \/>\t\t\t\t\t\t\t\t\t\t\t\t\t\t\t<\/div>\n\t\t\t\t<\/div>\n\t\t\t\t<div class=\"elementor-element elementor-element-6d190cd elementor-widget elementor-widget-heading\" data-id=\"6d190cd\" data-element_type=\"widget\" data-e-type=\"widget\" data-widget_type=\"heading.default\">\n\t\t\t\t<div class=\"elementor-widget-container\">\n\t\t\t\t\t<h2 class=\"elementor-heading-title elementor-size-default\">Farm ZS Athens<\/h2>\t\t\t\t<\/div>\n\t\t\t\t<\/div>\n\t\t\t\t<div class=\"elementor-element elementor-element-1eabf12 elementor-widget elementor-widget-text-editor\" data-id=\"1eabf12\" data-element_type=\"widget\" data-e-type=\"widget\" data-widget_type=\"text-editor.default\">\n\t\t\t\t<div class=\"elementor-widget-container\">\n\t\t\t\t\t\t\t\t\t<p>Zemnieku saimniec\u012bba \u201cAt\u0113nas\u201datrodas Zaubes pagast\u0101 Amatas (n\u0101kamaj\u0101 C\u0113su) novad\u0101. Saimniec\u012bbas \u012bpa\u0161nieks Valdis L\u0101cis to dibin\u0101ja 1991.gad\u0101.<\/p><p>Ar ga\u013cas liellopu audz\u0113\u0161anu saimniec\u012bba s\u0101ka nodarboties 2009.gad\u0101, ieg\u0101d\u0101joties Limuz\u012bnu \u0161\u0137irnes krustojumu govju gan\u0101mpulku. Saimniec\u012bba ir biolo\u0123iski sertific\u0113ta, un visa t\u0101s komanda r\u016bp\u0113jas par to, lai dz\u012bvnieki atrastos labtur\u012bbai atbilsto\u0161os apst\u0101k\u013cos, un sa\u0146emtu kvalitat\u012bvu lopbar\u012bbu.<\/p><p>2015.gad\u0101 \u012bpa\u0161nieka d\u0113ls Aldis L\u0101cis dibin\u0101ja savu uz\u0146\u0113mumu SIA \u201cAgrodats\u201d, lai atvieglotu lopbar\u012bbas sag\u0101di t\u0113va saimniec\u012bbai.<\/p><p>Uz\u0146\u0113mumi kop\u0101 apsaimnieko ap 600 ha lauksaimniec\u012bb\u0101 izmantojamo zemi un apkopj ap 300 dz\u012bvnieku lielu gan\u0101mpulku. Pamat\u0101 ir limuz\u012bnas \u0161\u0137irnes un t\u0101s krustojumu dz\u012bvnieki, bet, lai uzlabotu lieme\u0146u tauku klasi, uzs\u0101kta anguss \u0161\u0137irnes vaislas bu\u013c\u013ca izmanto\u0161ana gan\u0101mpulk\u0101.<\/p><p>Bez \u012bpa\u0161niekiem uz\u0146\u0113mumos tiek nodarbin\u0101ti v\u0113l 4 darbinieki (tai skait\u0101 nepilnu slodzi).<\/p>\t\t\t\t\t\t\t\t<\/div>\n\t\t\t\t<\/div>\n\t\t\t\t<div class=\"elementor-element elementor-element-4adceef elementor-widget elementor-widget-video\" data-id=\"4adceef\" data-element_type=\"widget\" data-e-type=\"widget\" data-settings=\"{&quot;youtube_url&quot;:&quot;https:\\\/\\\/youtu.be\\\/rbYbiK4SjxE&quot;,&quot;video_type&quot;:&quot;youtube&quot;,&quot;controls&quot;:&quot;yes&quot;}\" data-widget_type=\"video.default\">\n\t\t\t\t<div class=\"elementor-widget-container\">\n\t\t\t\t\t\t\t<div class=\"elementor-wrapper elementor-open-inline\">\n\t\t\t<div class=\"elementor-video\"><\/div>\t\t<\/div>\n\t\t\t\t\t\t<\/div>\n\t\t\t\t<\/div>\n\t\t\t\t\t<\/div>\n\t\t\t\t<\/div>\n\t\t\t\t<\/div>","protected":false},"excerpt":{"rendered":"<p>Atpaka\u013c Saimniec\u012bba ZS At\u0113nas Zemnieku saimniec\u012bba \u201cAt\u0113nas\u201datrodas Zaubes pagast\u0101 Amatas (n\u0101kamaj\u0101 C\u0113su) novad\u0101. Saimniec\u012bbas \u012bpa\u0161nieks Valdis L\u0101cis to dibin\u0101ja 1991.gad\u0101. Ar ga\u013cas liellopu audz\u0113\u0161anu saimniec\u012bba s\u0101ka nodarboties 2009.gad\u0101, ieg\u0101d\u0101joties Limuz\u012bnu \u0161\u0137irnes krustojumu govju gan\u0101mpulku. Saimniec\u012bba ir biolo\u0123iski sertific\u0113ta, un visa t\u0101s komanda r\u016bp\u0113jas par to, lai dz\u012bvnieki atrastos labtur\u012bbai atbilsto\u0161os apst\u0101k\u013cos, un sa\u0146emtu kvalitat\u012bvu lopbar\u012bbu. 2015.gad\u0101 \u012bpa\u0161nieka d\u0113ls Aldis L\u0101cis dibin\u0101ja savu uz\u0146\u0113mumu SIA \u201cAgrodats\u201d, lai atvieglotu lopbar\u012bbas sag\u0101di t\u0113va saimniec\u012bbai. Uz\u0146\u0113mumi kop\u0101 apsaimnieko ap 600 ha lauksaimniec\u012bb\u0101 izmantojamo zemi un apkopj ap 300 dz\u012bvnieku lielu gan\u0101mpulku. Pamat\u0101 ir limuz\u012bnas \u0161\u0137irnes un t\u0101s krustojumu dz\u012bvnieki, bet, lai uzlabotu lieme\u0146u tauku klasi, uzs\u0101kta anguss \u0161\u0137irnes vaislas bu\u013c\u013ca izmanto\u0161ana gan\u0101mpulk\u0101. Bez \u012bpa\u0161niekiem uz\u0146\u0113mumos tiek nodarbin\u0101ti v\u0113l 4 darbinieki (tai skait\u0101 nepilnu slodzi). https:\/\/youtu.be\/rbYbiK4SjxE<\/p>","protected":false},"author":563,"featured_media":0,"parent":0,"menu_order":0,"comment_status":"closed","ping_status":"open","template":"","meta":{"footnotes":""},"class_list":["post-17945","page","type-page","status-publish","hentry","post-no-thumbnail"],"jetpack_sharing_enabled":true,"_links":{"self":[{"href":"https:\/\/galaspiegade.lv\/en\/wp-json\/wp\/v2\/pages\/17945","targetHints":{"allow":["GET"]}}],"collection":[{"href":"https:\/\/galaspiegade.lv\/en\/wp-json\/wp\/v2\/pages"}],"about":[{"href":"https:\/\/galaspiegade.lv\/en\/wp-json\/wp\/v2\/types\/page"}],"author":[{"embeddable":true,"href":"https:\/\/galaspiegade.lv\/en\/wp-json\/wp\/v2\/users\/563"}],"replies":[{"embeddable":true,"href":"https:\/\/galaspiegade.lv\/en\/wp-json\/wp\/v2\/comments?post=17945"}],"version-history":[{"count":15,"href":"https:\/\/galaspiegade.lv\/en\/wp-json\/wp\/v2\/pages\/17945\/revisions"}],"predecessor-version":[{"id":22234,"href":"https:\/\/galaspiegade.lv\/en\/wp-json\/wp\/v2\/pages\/17945\/revisions\/22234"}],"wp:attachment":[{"href":"https:\/\/galaspiegade.lv\/en\/wp-json\/wp\/v2\/media?parent=17945"}],"curies":[{"name":"wp","href":"https:\/\/api.w.org\/{rel}","templated":true}]}}