{"id":17957,"date":"2021-05-18T22:10:56","date_gmt":"2021-05-18T22:10:56","guid":{"rendered":"https:\/\/galaspiegade.lv\/?page_id=17957"},"modified":"2024-05-06T18:32:17","modified_gmt":"2024-05-06T15:32:17","slug":"sia-eko-darzs","status":"publish","type":"page","link":"https:\/\/galaspiegade.lv\/en\/sia-eko-darzs\/","title":{"rendered":"EKO D\u0100RZS LTD"},"content":{"rendered":"<div data-elementor-type=\"wp-page\" data-elementor-id=\"17957\" class=\"elementor elementor-17957\" data-elementor-post-type=\"page\">\n\t\t\t\t<div class=\"elementor-element elementor-element-3b1340f e-flex e-con-boxed e-con e-parent\" data-id=\"3b1340f\" data-element_type=\"container\" data-e-type=\"container\">\n\t\t\t\t\t<div class=\"e-con-inner\">\n\t\t\t\t<div class=\"elementor-element elementor-element-2f09047 elementor-widget elementor-widget-tm-button\" data-id=\"2f09047\" data-element_type=\"widget\" data-e-type=\"widget\" data-widget_type=\"tm-button.default\">\n\t\t\t\t<div class=\"elementor-widget-container\">\n\t\t\t\t\t\t\t<a href=\"https:\/\/galaspiegade.lv\/en\/par-mums\/\" class=\"tm-button-link tm-button style-text tm-button-nm icon-left\" role=\"button\">\n\n\t\t\t\t\t<div class=\"button-content-wrapper\">\n\t\t\t\t\t\t\t<div class=\"button-icon\">\n\t\t\t\t\t\t\t<div class=\"minimog-icon icon minimog-solid-icon\">\n\t\t\t<svg aria-hidden=\"true\" class=\"e-font-icon-svg e-fas-backward\" viewbox=\"0 0 512 512\" xmlns=\"http:\/\/www.w3.org\/2000\/svg\"><path d=\"M11.5 280.6l192 160c20.6 17.2 52.5 2.8 52.5-24.6V96c0-27.4-31.9-41.8-52.5-24.6l-192 160c-15.3 12.8-15.3 36.4 0 49.2zm256 0l192 160c20.6 17.2 52.5 2.8 52.5-24.6V96c0-27.4-31.9-41.8-52.5-24.6l-192 160c-15.3 12.8-15.3 36.4 0 49.2z\"><\/path><\/svg>\t\t<\/div>\n\t\t\t\t\t\t<\/div>\n\t\t\t\n\t\t\t\t\t<div class=\"button-text\">\n\t\t\t\n\t\t\t Back\n\t\t\t\n\t\t\t\t\t<\/div>\n\t\t\n\t\t\t\t\t<\/div>\n\t\t\n\t\t\t\t\t<\/a>\n\t\t\t\t\t\t<\/div>\n\t\t\t\t<\/div>\n\t\t\t\t\t<\/div>\n\t\t\t\t<\/div>\n\t\t<div class=\"elementor-element elementor-element-b029098 e-flex e-con-boxed e-con e-parent\" data-id=\"b029098\" data-element_type=\"container\" data-e-type=\"container\">\n\t\t\t\t\t<div class=\"e-con-inner\">\n\t\t\t\t<div class=\"elementor-element elementor-element-5d27ea8 elementor-widget elementor-widget-image\" data-id=\"5d27ea8\" data-element_type=\"widget\" data-e-type=\"widget\" data-widget_type=\"image.default\">\n\t\t\t\t<div class=\"elementor-widget-container\">\n\t\t\t\t\t\t\t\t\t\t\t\t\t\t\t<img fetchpriority=\"high\" decoding=\"async\" width=\"2048\" height=\"1370\" src=\"https:\/\/galaspiegade.lv\/wp-content\/uploads\/2024\/05\/foto-saimn-2048x1370-1.jpg\" class=\"attachment-full size-full wp-image-21758\" alt=\"\" srcset=\"https:\/\/galaspiegade.lv\/wp-content\/uploads\/2024\/05\/foto-saimn-2048x1370-1.jpg 2048w, https:\/\/galaspiegade.lv\/wp-content\/uploads\/2024\/05\/foto-saimn-2048x1370-1-300x201.jpg 300w, https:\/\/galaspiegade.lv\/wp-content\/uploads\/2024\/05\/foto-saimn-2048x1370-1-1024x685.jpg 1024w, https:\/\/galaspiegade.lv\/wp-content\/uploads\/2024\/05\/foto-saimn-2048x1370-1-768x514.jpg 768w, https:\/\/galaspiegade.lv\/wp-content\/uploads\/2024\/05\/foto-saimn-2048x1370-1-1536x1028.jpg 1536w, https:\/\/galaspiegade.lv\/wp-content\/uploads\/2024\/05\/foto-saimn-2048x1370-1-18x12.jpg 18w, https:\/\/galaspiegade.lv\/wp-content\/uploads\/2024\/05\/foto-saimn-2048x1370-1-600x401.jpg 600w, https:\/\/galaspiegade.lv\/wp-content\/uploads\/2024\/05\/foto-saimn-2048x1370-1-150x100.jpg 150w\" sizes=\"(max-width: 2048px) 100vw, 2048px\" \/>\t\t\t\t\t\t\t\t\t\t\t\t\t\t\t<\/div>\n\t\t\t\t<\/div>\n\t\t\t\t<div class=\"elementor-element elementor-element-51d589d elementor-widget elementor-widget-heading\" data-id=\"51d589d\" data-element_type=\"widget\" data-e-type=\"widget\" data-widget_type=\"heading.default\">\n\t\t\t\t<div class=\"elementor-widget-container\">\n\t\t\t\t\t<h2 class=\"elementor-heading-title elementor-size-default\">EKO D\u0100RZS LTD<\/h2>\t\t\t\t<\/div>\n\t\t\t\t<\/div>\n\t\t\t\t<div class=\"elementor-element elementor-element-7d26112 elementor-widget elementor-widget-text-editor\" data-id=\"7d26112\" data-element_type=\"widget\" data-e-type=\"widget\" data-widget_type=\"text-editor.default\">\n\t\t\t\t<div class=\"elementor-widget-container\">\n\t\t\t\t\t\t\t\t\t<p>SIA Eko d\u0101rzs ir biolo\u0123iska saimniec\u012bba Vidzem\u0113, Limba\u017eu novad\u0101, kur saimnieki dz\u012bvo saska\u0146\u0101 ar dabas ritmu un bauda dabas d\u0101vanas, kur ekolo\u0123iski t\u012br\u0101 vid\u0113 tiek audz\u0113ti pasaul\u0113 atz\u012btie Aberdeen Angus \u0161\u0137irnes ga\u013cas liellopi gan vaislai, gan ga\u013cai. Saimniec\u012bb\u0101 tiek audz\u0113ti ar\u012b bio graudi, bio \u0101boli un ieg\u016bts bio medus. Dz\u012bvojam un str\u0101d\u0101jam ar p\u0101rliec\u012bbu un domu, ka arvien vair\u0101k ir j\u0101piev\u0113r\u0161 uzman\u012bba tam ko \u0113dam, no kurienes n\u0101k m\u016bsu izv\u0113l\u0113tie p\u0101rtikas produkti, kur un k\u0101 tie ra\u017eoti. Visi m\u016bsu ra\u017eotie un pied\u0101v\u0101tie produkti ir rad\u012bti m\u016bsdienu dinamiskajam dz\u012bves ritmam \u2013\u00a0 tie ir vesel\u012bgi, uzturviel\u0101m , vitam\u012bniem, miner\u0101lviel\u0101m bag\u0101ti produkti.<\/p><p>M\u0113s esam par ekolo\u0123iski t\u012bru, skaistu un daudzveid\u012bgu vidi un par vienk\u0101r\u0161iem\u00a0 biolo\u0123iskiem produktiem!<\/p>\t\t\t\t\t\t\t\t<\/div>\n\t\t\t\t<\/div>\n\t\t\t\t\t<\/div>\n\t\t\t\t<\/div>\n\t\t\t\t<\/div>","protected":false},"excerpt":{"rendered":"<p>Atpaka\u013c SIA EKO D\u0100RZS SIA Eko d\u0101rzs ir biolo\u0123iska saimniec\u012bba Vidzem\u0113, Limba\u017eu novad\u0101, kur saimnieki dz\u012bvo saska\u0146\u0101 ar dabas ritmu un bauda dabas d\u0101vanas, kur ekolo\u0123iski t\u012br\u0101 vid\u0113 tiek audz\u0113ti pasaul\u0113 atz\u012btie Aberdeen Angus \u0161\u0137irnes ga\u013cas liellopi gan vaislai, gan ga\u013cai. Saimniec\u012bb\u0101 tiek audz\u0113ti ar\u012b bio graudi, bio \u0101boli un ieg\u016bts bio medus. Dz\u012bvojam un str\u0101d\u0101jam ar p\u0101rliec\u012bbu un domu, ka arvien vair\u0101k ir j\u0101piev\u0113r\u0161 uzman\u012bba tam ko \u0113dam, no kurienes n\u0101k m\u016bsu izv\u0113l\u0113tie p\u0101rtikas produkti, kur un k\u0101 tie ra\u017eoti. Visi m\u016bsu ra\u017eotie un pied\u0101v\u0101tie produkti ir rad\u012bti m\u016bsdienu dinamiskajam dz\u012bves ritmam \u2013\u00a0 tie ir vesel\u012bgi, uzturviel\u0101m , vitam\u012bniem, miner\u0101lviel\u0101m bag\u0101ti produkti. M\u0113s esam par ekolo\u0123iski t\u012bru, skaistu un daudzveid\u012bgu vidi un par vienk\u0101r\u0161iem\u00a0 biolo\u0123iskiem produktiem!<\/p>","protected":false},"author":563,"featured_media":0,"parent":0,"menu_order":0,"comment_status":"closed","ping_status":"open","template":"","meta":{"footnotes":""},"class_list":["post-17957","page","type-page","status-publish","hentry","post-no-thumbnail"],"jetpack_sharing_enabled":true,"_links":{"self":[{"href":"https:\/\/galaspiegade.lv\/en\/wp-json\/wp\/v2\/pages\/17957","targetHints":{"allow":["GET"]}}],"collection":[{"href":"https:\/\/galaspiegade.lv\/en\/wp-json\/wp\/v2\/pages"}],"about":[{"href":"https:\/\/galaspiegade.lv\/en\/wp-json\/wp\/v2\/types\/page"}],"author":[{"embeddable":true,"href":"https:\/\/galaspiegade.lv\/en\/wp-json\/wp\/v2\/users\/563"}],"replies":[{"embeddable":true,"href":"https:\/\/galaspiegade.lv\/en\/wp-json\/wp\/v2\/comments?post=17957"}],"version-history":[{"count":13,"href":"https:\/\/galaspiegade.lv\/en\/wp-json\/wp\/v2\/pages\/17957\/revisions"}],"predecessor-version":[{"id":22240,"href":"https:\/\/galaspiegade.lv\/en\/wp-json\/wp\/v2\/pages\/17957\/revisions\/22240"}],"wp:attachment":[{"href":"https:\/\/galaspiegade.lv\/en\/wp-json\/wp\/v2\/media?parent=17957"}],"curies":[{"name":"wp","href":"https:\/\/api.w.org\/{rel}","templated":true}]}}