{"id":17959,"date":"2021-05-18T22:13:17","date_gmt":"2021-05-18T22:13:17","guid":{"rendered":"https:\/\/galaspiegade.lv\/?page_id=17959"},"modified":"2024-05-06T17:46:47","modified_gmt":"2024-05-06T14:46:47","slug":"sia-liepinas-dd","status":"publish","type":"page","link":"https:\/\/galaspiegade.lv\/en\/sia-liepinas-dd\/","title":{"rendered":"SIA LIEPI\u0145AS DD"},"content":{"rendered":"<p>SIA &#8220;Liepi\u0146as DD&#8221; dibin\u0101ta 2012. gad\u0101, kad ar &#8220;Jauno zemnieku projekta&#8221; atbalstu \u00a0no Lietuvas ieg\u0101d\u0101ti \u00a0pirmie 16 Siment\u0101les \u0161\u0137irnes jaunlopi. Tolaik tika apsaimniekoti vien p\u0101rdesmit hekt\u0101ri zemes. Zin\u0101\u0161anas un pieredze ieg\u016bta no b\u0113rna k\u0101jas darbojoties \u0123imenes \u00a0zemnieku saimniec\u012bb\u0101, kas nodarboj\u0101s ar piena lopkop\u012bbu, bija 30 &#8211; 40 slaucamas goti\u0146as. Vec\u0101kiem dodoties peln\u012bt\u0101 atp\u016bt\u0101, piena lopkop\u012bba tika likvid\u0113ta, un saimnieko\u0161ana tika pavisam \u00a0nodota mums,\u00a0 jaunajai paaudzei, ar iesp\u0113ju str\u0101d\u0101t un att\u012bst\u012bties sav\u0101 izv\u0113l\u0113taj\u0101 \u00a0nozar\u0113. Saimniec\u012bba tika biolo\u0123iski sertific\u0113ta. \u00a0Pamaz\u0101m gan\u0101mpulks ir pieaudzis, un skait\u0101 vari\u0113 ap 90 &#8211; 100 da\u017e\u0101da vecuma \u00a0ga\u013cas liellopiem &#8211; galvenok\u0101rt t\u012br\u0161\u0137irnes siment\u0101\u013ci, k\u0101 ar\u012b papildus tiek veidots \u0161arol\u0113 t\u012br\u0161\u0137irnes gan\u0101mpulks un att\u012bst\u012bta biolo\u0123isku p\u0101rtikas auzu ra\u017eo\u0161ana.\u00a0 Paral\u0113li realiz\u0113ti v\u0113l divi projekti ar m\u0113r\u0137i uzlabot dz\u012bvnieku labtur\u012bbu, sagatavot\u0101s bar\u012bbas kvalit\u0101ti un ra\u017eo\u0161anas, saimnieko\u0161anas \u00a0efektivit\u0101ti.<\/p>\n<p>M\u0113s esam v\u012brs un sieva, audzin\u0101m 3 mazas meiti\u0146as. Sird\u012b esam p\u0101rliecin\u0101ti &#8220;za\u013cie&#8221;, un mums r\u016bp, lai m\u016bsu b\u0113rniem un b\u0113rnu\u00a0 b\u0113rniem p\u0113c mums paliktu dz\u012bva, vesel\u012bga un neizpost\u012bta daba, kur turpin\u0101t m\u016bsu ies\u0101kto.\u00a0 M\u016bs \u013coti uztrauc pla\u0161ais un bie\u017ei \u00a0neapdom\u012bgais antibiotiku, augu aizsardz\u012bbas l\u012bdzek\u013cu un citu \u0137\u012bmisku vielu \u00a0lietojums vis\u0101 pasaul\u0113, t\u0101p\u0113c\u00a0 esam sev uzst\u0101d\u012bju\u0161i principu, ka j\u0101str\u0101d\u0101 ir t\u0101, lai iejauk\u0161an\u0101s no malas dz\u012bvnieku vesel\u012bb\u0101 un dabiskajos procesos maksim\u0101li neb\u016btu nepiecie\u0161ama. \u00a0Veterin\u0101r\u0101rsta pal\u012bdz\u012bba ir vienm\u0113r pieejama, jo saimniec\u012bbas uzraugo\u0161ais veterin\u0101r\u0101rsts ir no \u0123imenes locek\u013cu vidus. Un kopdarb\u0101 ar vet\u0101rstu, ir pan\u0101kts cer\u0113tais- gan\u0101mpulka dz\u012bvnieki pa\u0161i tiek gal\u0101 ar dzemd\u012bb\u0101m, pa\u0161i r\u016bp\u0113jas par saviem mazu\u013ciem, neslimo, b\u016btiski netraum\u0113jas, un no m\u016bsu saimniec\u012bbas p\u0101rtik\u0101 non\u0101k \u00a0&#8220;t\u012bra&#8221; ga\u013ca no liellopa, kas nodz\u012bvojis laim\u012bgu dz\u012bvi, sava m\u016b\u017ea laik\u0101 nav sa\u0146\u0113mis\u00a0 ne profilaktiskas, ne \u0101rstnieciskas antibiotiku devas, k\u0101 tas liel\u0101koties ir ar import\u0113to, l\u0113to ga\u013cu, kas atrodama Latvijas veikalos un kuras v\u0113sture ir migl\u0101 t\u012bta, jo taj\u0101 nav nek\u0101 simp\u0101tiska. M\u016bsu liellopi aug bez stresa, \u0113dot vi\u0146iem piem\u0113rotu bar\u012bbu &#8211; za\u013cu z\u0101li gan\u012bb\u0101s vasar\u0101, kvalitat\u012bvu sienu un sk\u0101bbar\u012bbu ziem\u0101, bet papildus\u00a0 piedevas ir \u00a0savi, ar\u012b biolo\u0123iski audz\u0113ti\u00a0 kvie\u0161i, auzas, 24\/7 ir pieejami\u00a0 mikroelementi, s\u0101ls, svaigs dzeramais \u016bdens, k\u0101 ar\u012b vieta, kur atp\u016bsties vai patverties no nel\u0101giem laikapst\u0101k\u013ciem.<\/p>\n<p>Katru gadu att\u012bst\u0101m BIO saimnieko\u0161anas metodes: interes\u0113jamies par jaun\u0101kaj\u0101m tehnolo\u0123ij\u0101m, izgl\u012btojamies,\u00a0 veicam augsnes anal\u012bzes, lai atrastu lab\u0101kos risin\u0101jumus, izm\u0113\u0123in\u0101m jaunus z\u0101l\u0101ju mais\u012bjumus, jaunas \u0161\u0137irnes, jaunas\u00a0 augsnes apstr\u0101des tehnolo\u0123ijas, kultiv\u0113jam &#8220;labos&#8221; mikroorganismus augsn\u0113 un dabisko s\u012bkb\u016bt\u0146u l\u012bdzsvaru, jo augsnes un taj\u0101 m\u012bto\u0161o dz\u012bv\u012bbas formu vesel\u012bba\u00a0 ir tikpat svar\u012bga, cik lielu dz\u012bvnieku vesel\u012bba. Piev\u0113r\u0161am uzman\u012bbu katram \u0137\u0113des posmam, l\u012bdz atbild\u012bbai par sara\u017eotajiem lauksaimniec\u012bbas un sadz\u012bves atkritumiem, no kuriem maksim\u0101lais iesp\u0113jamais tiek nodots otrreiz\u0113jai p\u0101rstr\u0101dei. Sadarbojamies ar da\u017e\u0101du jomu speci\u0101listiem, lai var\u0113tu saimniekot V\u0112L gudr\u0101k un efekt\u012bv\u0101k, V\u0112L videi\u00a0 un visai dz\u012bv\u012bbai draudz\u012bg\u0101k, un rezult\u0101ts b\u016btu V\u0112L gard\u0101ks un v\u0113rt\u012bg\u0101ks.<\/p>\n<p>Par za\u013cu Latviju un ilgu m\u016b\u017eu zemeslodei!<\/p>","protected":false},"excerpt":{"rendered":"<p>SIA &#8220;Liepi\u0146as DD&#8221; dibin\u0101ta 2012. gad\u0101, kad ar &#8220;Jauno zemnieku projekta&#8221; atbalstu \u00a0no Lietuvas ieg\u0101d\u0101ti \u00a0pirmie 16 Siment\u0101les \u0161\u0137irnes jaunlopi. Tolaik tika apsaimniekoti vien p\u0101rdesmit hekt\u0101ri zemes. Zin\u0101\u0161anas un pieredze ieg\u016bta no b\u0113rna k\u0101jas darbojoties \u0123imenes \u00a0zemnieku saimniec\u012bb\u0101, kas nodarboj\u0101s ar piena lopkop\u012bbu, bija 30 &#8211; 40 slaucamas goti\u0146as. Vec\u0101kiem dodoties peln\u012bt\u0101 atp\u016bt\u0101, piena lopkop\u012bba tika likvid\u0113ta, un saimnieko\u0161ana tika pavisam \u00a0nodota mums,\u00a0 jaunajai paaudzei, ar iesp\u0113ju str\u0101d\u0101t un att\u012bst\u012bties sav\u0101 izv\u0113l\u0113taj\u0101 \u00a0nozar\u0113. Saimniec\u012bba tika biolo\u0123iski sertific\u0113ta. \u00a0Pamaz\u0101m gan\u0101mpulks ir pieaudzis, un skait\u0101 vari\u0113 ap 90 &#8211; 100 da\u017e\u0101da vecuma \u00a0ga\u013cas liellopiem &#8211; galvenok\u0101rt t\u012br\u0161\u0137irnes siment\u0101\u013ci, k\u0101 ar\u012b papildus tiek veidots \u0161arol\u0113 t\u012br\u0161\u0137irnes gan\u0101mpulks un att\u012bst\u012bta biolo\u0123isku p\u0101rtikas auzu ra\u017eo\u0161ana.\u00a0 Paral\u0113li realiz\u0113ti v\u0113l divi projekti ar m\u0113r\u0137i uzlabot dz\u012bvnieku labtur\u012bbu, sagatavot\u0101s bar\u012bbas kvalit\u0101ti un ra\u017eo\u0161anas, saimnieko\u0161anas \u00a0efektivit\u0101ti. M\u0113s esam v\u012brs un sieva, audzin\u0101m 3 mazas meiti\u0146as. Sird\u012b esam p\u0101rliecin\u0101ti &#8220;za\u013cie&#8221;, un mums r\u016bp, lai m\u016bsu b\u0113rniem un b\u0113rnu\u00a0 b\u0113rniem p\u0113c mums paliktu dz\u012bva, vesel\u012bga un neizpost\u012bta daba, kur turpin\u0101t m\u016bsu ies\u0101kto.\u00a0 M\u016bs \u013coti uztrauc pla\u0161ais un bie\u017ei \u00a0neapdom\u012bgais antibiotiku, augu aizsardz\u012bbas l\u012bdzek\u013cu un citu \u0137\u012bmisku vielu \u00a0lietojums vis\u0101 pasaul\u0113, t\u0101p\u0113c\u00a0 esam sev uzst\u0101d\u012bju\u0161i principu, ka j\u0101str\u0101d\u0101 ir t\u0101, lai iejauk\u0161an\u0101s no malas dz\u012bvnieku vesel\u012bb\u0101 un dabiskajos procesos maksim\u0101li neb\u016btu nepiecie\u0161ama. \u00a0Veterin\u0101r\u0101rsta pal\u012bdz\u012bba ir vienm\u0113r pieejama, jo saimniec\u012bbas uzraugo\u0161ais veterin\u0101r\u0101rsts ir no \u0123imenes locek\u013cu vidus. Un kopdarb\u0101 ar vet\u0101rstu, ir pan\u0101kts cer\u0113tais- gan\u0101mpulka dz\u012bvnieki pa\u0161i tiek gal\u0101 ar dzemd\u012bb\u0101m, pa\u0161i r\u016bp\u0113jas par saviem mazu\u013ciem, neslimo, b\u016btiski netraum\u0113jas, un no m\u016bsu saimniec\u012bbas p\u0101rtik\u0101 non\u0101k \u00a0&#8220;t\u012bra&#8221; ga\u013ca no liellopa, kas nodz\u012bvojis laim\u012bgu dz\u012bvi, sava m\u016b\u017ea laik\u0101 nav sa\u0146\u0113mis\u00a0 ne profilaktiskas, ne \u0101rstnieciskas antibiotiku devas, k\u0101 tas liel\u0101koties ir ar import\u0113to, l\u0113to ga\u013cu, kas atrodama Latvijas veikalos un kuras v\u0113sture ir migl\u0101 t\u012bta, jo taj\u0101 nav nek\u0101 simp\u0101tiska. M\u016bsu liellopi aug bez stresa, \u0113dot vi\u0146iem piem\u0113rotu bar\u012bbu &#8211; za\u013cu z\u0101li gan\u012bb\u0101s vasar\u0101, kvalitat\u012bvu sienu un sk\u0101bbar\u012bbu ziem\u0101, bet papildus\u00a0 piedevas ir \u00a0savi, ar\u012b biolo\u0123iski audz\u0113ti\u00a0 kvie\u0161i, auzas, 24\/7 ir pieejami\u00a0 mikroelementi, s\u0101ls, svaigs dzeramais \u016bdens, k\u0101 ar\u012b vieta, kur atp\u016bsties vai patverties no nel\u0101giem laikapst\u0101k\u013ciem. Katru gadu att\u012bst\u0101m BIO saimnieko\u0161anas metodes: interes\u0113jamies par jaun\u0101kaj\u0101m tehnolo\u0123ij\u0101m, izgl\u012btojamies,\u00a0 veicam augsnes anal\u012bzes, lai atrastu lab\u0101kos risin\u0101jumus, izm\u0113\u0123in\u0101m jaunus z\u0101l\u0101ju mais\u012bjumus, jaunas \u0161\u0137irnes, jaunas\u00a0 augsnes apstr\u0101des tehnolo\u0123ijas, kultiv\u0113jam &#8220;labos&#8221; mikroorganismus augsn\u0113 un dabisko s\u012bkb\u016bt\u0146u l\u012bdzsvaru, jo augsnes un taj\u0101 m\u012bto\u0161o dz\u012bv\u012bbas formu vesel\u012bba\u00a0 ir tikpat svar\u012bga, cik lielu dz\u012bvnieku vesel\u012bba. Piev\u0113r\u0161am uzman\u012bbu katram \u0137\u0113des posmam, l\u012bdz atbild\u012bbai par sara\u017eotajiem lauksaimniec\u012bbas un sadz\u012bves atkritumiem, no kuriem maksim\u0101lais iesp\u0113jamais tiek nodots otrreiz\u0113jai p\u0101rstr\u0101dei. Sadarbojamies ar da\u017e\u0101du jomu speci\u0101listiem, lai var\u0113tu saimniekot V\u0112L gudr\u0101k un efekt\u012bv\u0101k, V\u0112L videi\u00a0 un visai dz\u012bv\u012bbai draudz\u012bg\u0101k, un rezult\u0101ts b\u016btu V\u0112L gard\u0101ks un v\u0113rt\u012bg\u0101ks. Par za\u013cu Latviju un ilgu m\u016b\u017eu zemeslodei!<\/p>","protected":false},"author":563,"featured_media":0,"parent":0,"menu_order":0,"comment_status":"closed","ping_status":"open","template":"","meta":{"footnotes":""},"class_list":["post-17959","page","type-page","status-publish","hentry","post-no-thumbnail"],"jetpack_sharing_enabled":true,"_links":{"self":[{"href":"https:\/\/galaspiegade.lv\/en\/wp-json\/wp\/v2\/pages\/17959","targetHints":{"allow":["GET"]}}],"collection":[{"href":"https:\/\/galaspiegade.lv\/en\/wp-json\/wp\/v2\/pages"}],"about":[{"href":"https:\/\/galaspiegade.lv\/en\/wp-json\/wp\/v2\/types\/page"}],"author":[{"embeddable":true,"href":"https:\/\/galaspiegade.lv\/en\/wp-json\/wp\/v2\/users\/563"}],"replies":[{"embeddable":true,"href":"https:\/\/galaspiegade.lv\/en\/wp-json\/wp\/v2\/comments?post=17959"}],"version-history":[{"count":4,"href":"https:\/\/galaspiegade.lv\/en\/wp-json\/wp\/v2\/pages\/17959\/revisions"}],"predecessor-version":[{"id":22169,"href":"https:\/\/galaspiegade.lv\/en\/wp-json\/wp\/v2\/pages\/17959\/revisions\/22169"}],"wp:attachment":[{"href":"https:\/\/galaspiegade.lv\/en\/wp-json\/wp\/v2\/media?parent=17959"}],"curies":[{"name":"wp","href":"https:\/\/api.w.org\/{rel}","templated":true}]}}