{"id":17961,"date":"2021-05-18T22:18:05","date_gmt":"2021-05-18T22:18:05","guid":{"rendered":"https:\/\/galaspiegade.lv\/?page_id=17961"},"modified":"2024-05-06T18:36:27","modified_gmt":"2024-05-06T15:36:27","slug":"sia-pavasari-rt","status":"publish","type":"page","link":"https:\/\/galaspiegade.lv\/en\/sia-pavasari-rt\/","title":{"rendered":"SIA Spring RT"},"content":{"rendered":"<div data-elementor-type=\"wp-page\" data-elementor-id=\"17961\" class=\"elementor elementor-17961\" data-elementor-post-type=\"page\">\n\t\t\t\t<div class=\"elementor-element elementor-element-c1aed0f e-flex e-con-boxed e-con e-parent\" data-id=\"c1aed0f\" data-element_type=\"container\" data-e-type=\"container\">\n\t\t\t\t\t<div class=\"e-con-inner\">\n\t\t\t\t<div class=\"elementor-element elementor-element-09eb297 elementor-widget elementor-widget-tm-button\" data-id=\"09eb297\" data-element_type=\"widget\" data-e-type=\"widget\" data-widget_type=\"tm-button.default\">\n\t\t\t\t<div class=\"elementor-widget-container\">\n\t\t\t\t\t\t\t<a href=\"https:\/\/galaspiegade.lv\/en\/par-mums\/\" class=\"tm-button-link tm-button style-text tm-button-nm icon-left\" role=\"button\">\n\n\t\t\t\t\t<div class=\"button-content-wrapper\">\n\t\t\t\t\t\t\t<div class=\"button-icon\">\n\t\t\t\t\t\t\t<div class=\"minimog-icon icon minimog-solid-icon\">\n\t\t\t<svg aria-hidden=\"true\" class=\"e-font-icon-svg e-fas-backward\" viewbox=\"0 0 512 512\" xmlns=\"http:\/\/www.w3.org\/2000\/svg\"><path d=\"M11.5 280.6l192 160c20.6 17.2 52.5 2.8 52.5-24.6V96c0-27.4-31.9-41.8-52.5-24.6l-192 160c-15.3 12.8-15.3 36.4 0 49.2zm256 0l192 160c20.6 17.2 52.5 2.8 52.5-24.6V96c0-27.4-31.9-41.8-52.5-24.6l-192 160c-15.3 12.8-15.3 36.4 0 49.2z\"><\/path><\/svg>\t\t<\/div>\n\t\t\t\t\t\t<\/div>\n\t\t\t\n\t\t\t\t\t<div class=\"button-text\">\n\t\t\t\n\t\t\t Back\n\t\t\t\n\t\t\t\t\t<\/div>\n\t\t\n\t\t\t\t\t<\/div>\n\t\t\n\t\t\t\t\t<\/a>\n\t\t\t\t\t\t<\/div>\n\t\t\t\t<\/div>\n\t\t\t\t\t<\/div>\n\t\t\t\t<\/div>\n\t\t<div class=\"elementor-element elementor-element-a22ed6d e-flex e-con-boxed e-con e-parent\" data-id=\"a22ed6d\" data-element_type=\"container\" data-e-type=\"container\">\n\t\t\t\t\t<div class=\"e-con-inner\">\n\t\t\t\t<div class=\"elementor-element elementor-element-5a93ba3 elementor-widget elementor-widget-image\" data-id=\"5a93ba3\" data-element_type=\"widget\" data-e-type=\"widget\" data-widget_type=\"image.default\">\n\t\t\t\t<div class=\"elementor-widget-container\">\n\t\t\t\t\t\t\t\t\t\t\t\t\t\t\t<img fetchpriority=\"high\" decoding=\"async\" width=\"1300\" height=\"530\" src=\"https:\/\/galaspiegade.lv\/wp-content\/uploads\/2024\/05\/web-pavasari.jpg\" class=\"attachment-full size-full wp-image-21753\" alt=\"\" srcset=\"https:\/\/galaspiegade.lv\/wp-content\/uploads\/2024\/05\/web-pavasari.jpg 1300w, https:\/\/galaspiegade.lv\/wp-content\/uploads\/2024\/05\/web-pavasari-300x122.jpg 300w, https:\/\/galaspiegade.lv\/wp-content\/uploads\/2024\/05\/web-pavasari-1024x417.jpg 1024w, https:\/\/galaspiegade.lv\/wp-content\/uploads\/2024\/05\/web-pavasari-768x313.jpg 768w, https:\/\/galaspiegade.lv\/wp-content\/uploads\/2024\/05\/web-pavasari-18x7.jpg 18w, https:\/\/galaspiegade.lv\/wp-content\/uploads\/2024\/05\/web-pavasari-600x245.jpg 600w, https:\/\/galaspiegade.lv\/wp-content\/uploads\/2024\/05\/web-pavasari-150x61.jpg 150w\" sizes=\"(max-width: 1300px) 100vw, 1300px\" \/>\t\t\t\t\t\t\t\t\t\t\t\t\t\t\t<\/div>\n\t\t\t\t<\/div>\n\t\t\t\t<div class=\"elementor-element elementor-element-706379e elementor-widget elementor-widget-heading\" data-id=\"706379e\" data-element_type=\"widget\" data-e-type=\"widget\" data-widget_type=\"heading.default\">\n\t\t\t\t<div class=\"elementor-widget-container\">\n\t\t\t\t\t<h2 class=\"elementor-heading-title elementor-size-default\">SIA Spring RT<\/h2>\t\t\t\t<\/div>\n\t\t\t\t<\/div>\n\t\t\t\t<div class=\"elementor-element elementor-element-4b7aa21 elementor-widget elementor-widget-text-editor\" data-id=\"4b7aa21\" data-element_type=\"widget\" data-e-type=\"widget\" data-widget_type=\"text-editor.default\">\n\t\t\t\t<div class=\"elementor-widget-container\">\n\t\t\t\t\t\t\t\t\t<p>Saimniec\u012bba SIA \u201ePavasari RT\u201d atrodas Broc\u0113nu novad\u0101 Remt\u0113. M\u0113s, Aneta un Ain\u0101rs ar b\u0113rniem pirms pieciem gadiem izl\u0113m\u0101m savu dz\u012bvi dz\u012bvot laukos skaist\u0101 lauku \u012bpa\u0161um\u0101 \u201ePavasaros\u201d. V\u0113lamies saviem b\u0113rniem iem\u0101c\u012bt darba tikumu un m\u012blest\u012bbu pret dabu un zemi, kur dz\u012bvojam.<br \/>Saprotot, ka v\u0113rt\u012bg\u0101s p\u013cavas ir k\u0101 j\u0101apsaimnieko, bet skaidri apzinoties, ka to v\u0113lamies dar\u012bt dabai un videi draudz\u012bgi, mekl\u0113j\u0101m risin\u0101jumus ko dar\u012bt. Ieguvu lauksaimniec\u012bbas izgl\u012bt\u012bbu un pirms gada nopirk\u0101m pirmos ga\u013cas liellopus, skaistas herefordas teles, kur\u0101m nu jau ir pirmie mazie. Pa\u0161laik notiek lopu novietnes un m\u0113slu kr\u0101tuves celtniec\u012bba, lai ar\u012b ziemas period\u0101 lopi dz\u012bvotu atbilsto\u0161i vis\u0101m labtur\u012bbas pras\u012bb\u0101m. Esam ies\u0101c\u0113ji, bet ar lielu ener\u0123iju un v\u0113lmi apg\u016bt ko jaunu. Regul\u0101ri m\u0101cos da\u017e\u0101dos kursos un apm\u0101c\u012bb\u0101s, k\u0101 ar\u012b saimniec\u012bba ir \u201eGa\u013cas liellopu audz\u0113t\u0101ju biedr\u012bbas\u201d un \u201eZemnieku saeimas\u201d biedrs. M\u016bsu v\u0113rt\u012bbas ir saimniekot ilgtsp\u0113j\u012bgi un videi draudz\u012bgi. V\u0113lamies, lai m\u016bsu saimniec\u012bb\u0101 izaudz\u0113tie lopi non\u0101k pie Latvijas pat\u0113r\u0113t\u0101ja. Mums ir svar\u012bgi izgl\u012btot pirc\u0113ju par to, ka kvalitat\u012bvi nobarota liellopa ga\u013ca ir v\u0113rt\u012bga vi\u0146u vesel\u012bbai, k\u0101 ar\u012b izgl\u012btot par t\u0101s pareizu pagatavo\u0161anu. T\u0101p\u0113c mums ir liels prieks b\u016bt kooperat\u012bv\u0101 \u201eLatvijas liellops\u201d un str\u0101d\u0101t kop\u0101 ar jau pieredz\u0113ju\u0161iem un zino\u0161iem lauksaimniekiem, no kuriem varam daudz m\u0101c\u012bties un kop\u012bgi virz\u012bties uz nosprausto m\u0113r\u0137i. Saimniec\u012bb\u0101, pa\u0161laik, ir 15 herefordas \u0161\u0137irnes govis. Gan\u0101mpulku papla\u0161in\u0101m l\u0113n\u0101m ar kvalitat\u012bv\u0101m tel\u0113m. Lopi vasaras sezon\u0101 gan\u0101s gan\u012bb\u0101s, bet ziemas period\u0101 atrodas novietn\u0113 un tiek baroti ar rupjo z\u0101les lopbar\u012bbu. Dotaj\u0101 moment\u0101, saimniec\u012bba ir uzs\u0101kusi biolo\u0123isko sertifik\u0101ciju. Mums v\u0113l ir daudz darba un daudz j\u0101m\u0101c\u0101s. Saprotam, ka kop\u0101 ir sp\u0113ks un iesp\u0113ja dar\u012bt lietas lab\u0101k, t\u0101p\u0113c pa\u0161i sev un saviem kooperat\u012bva biedriem nov\u0113lam izdo\u0161anos un tiek\u0161anos uz nosprausto m\u0113r\u0137u sasnieg\u0161anu.<\/p><p>Ar cie\u0146u,<br \/>Aneta Rulle<br \/>SIA \u201ePavasari RT\u201d<br \/>saimniece<\/p>\t\t\t\t\t\t\t\t<\/div>\n\t\t\t\t<\/div>\n\t\t\t\t\t<\/div>\n\t\t\t\t<\/div>\n\t\t\t\t<\/div>","protected":false},"excerpt":{"rendered":"<p>Atpaka\u013c SIA Pavasari RT Saimniec\u012bba SIA \u201ePavasari RT\u201d atrodas Broc\u0113nu novad\u0101 Remt\u0113. M\u0113s, Aneta un Ain\u0101rs ar b\u0113rniem pirms pieciem gadiem izl\u0113m\u0101m savu dz\u012bvi dz\u012bvot laukos skaist\u0101 lauku \u012bpa\u0161um\u0101 \u201ePavasaros\u201d. V\u0113lamies saviem b\u0113rniem iem\u0101c\u012bt darba tikumu un m\u012blest\u012bbu pret dabu un zemi, kur dz\u012bvojam.Saprotot, ka v\u0113rt\u012bg\u0101s p\u013cavas ir k\u0101 j\u0101apsaimnieko, bet skaidri apzinoties, ka to v\u0113lamies dar\u012bt dabai un videi draudz\u012bgi, mekl\u0113j\u0101m risin\u0101jumus ko dar\u012bt. Ieguvu lauksaimniec\u012bbas izgl\u012bt\u012bbu un pirms gada nopirk\u0101m pirmos ga\u013cas liellopus, skaistas herefordas teles, kur\u0101m nu jau ir pirmie mazie. Pa\u0161laik notiek lopu novietnes un m\u0113slu kr\u0101tuves celtniec\u012bba, lai ar\u012b ziemas period\u0101 lopi dz\u012bvotu atbilsto\u0161i vis\u0101m labtur\u012bbas pras\u012bb\u0101m. Esam ies\u0101c\u0113ji, bet ar lielu ener\u0123iju un v\u0113lmi apg\u016bt ko jaunu. Regul\u0101ri m\u0101cos da\u017e\u0101dos kursos un apm\u0101c\u012bb\u0101s, k\u0101 ar\u012b saimniec\u012bba ir \u201eGa\u013cas liellopu audz\u0113t\u0101ju biedr\u012bbas\u201d un \u201eZemnieku saeimas\u201d biedrs. M\u016bsu v\u0113rt\u012bbas ir saimniekot ilgtsp\u0113j\u012bgi un videi draudz\u012bgi. V\u0113lamies, lai m\u016bsu saimniec\u012bb\u0101 izaudz\u0113tie lopi non\u0101k pie Latvijas pat\u0113r\u0113t\u0101ja. Mums ir svar\u012bgi izgl\u012btot pirc\u0113ju par to, ka kvalitat\u012bvi nobarota liellopa ga\u013ca ir v\u0113rt\u012bga vi\u0146u vesel\u012bbai, k\u0101 ar\u012b izgl\u012btot par t\u0101s pareizu pagatavo\u0161anu. T\u0101p\u0113c mums ir liels prieks b\u016bt kooperat\u012bv\u0101 \u201eLatvijas liellops\u201d un str\u0101d\u0101t kop\u0101 ar jau pieredz\u0113ju\u0161iem un zino\u0161iem lauksaimniekiem, no kuriem varam daudz m\u0101c\u012bties un kop\u012bgi virz\u012bties uz nosprausto m\u0113r\u0137i. Saimniec\u012bb\u0101, pa\u0161laik, ir 15 herefordas \u0161\u0137irnes govis. Gan\u0101mpulku papla\u0161in\u0101m l\u0113n\u0101m ar kvalitat\u012bv\u0101m tel\u0113m. Lopi vasaras sezon\u0101 gan\u0101s gan\u012bb\u0101s, bet ziemas period\u0101 atrodas novietn\u0113 un tiek baroti ar rupjo z\u0101les lopbar\u012bbu. Dotaj\u0101 moment\u0101, saimniec\u012bba ir uzs\u0101kusi biolo\u0123isko sertifik\u0101ciju. Mums v\u0113l ir daudz darba un daudz j\u0101m\u0101c\u0101s. Saprotam, ka kop\u0101 ir sp\u0113ks un iesp\u0113ja dar\u012bt lietas lab\u0101k, t\u0101p\u0113c pa\u0161i sev un saviem kooperat\u012bva biedriem nov\u0113lam izdo\u0161anos un tiek\u0161anos uz nosprausto m\u0113r\u0137u sasnieg\u0161anu. Ar cie\u0146u,Aneta RulleSIA \u201ePavasari RT\u201dsaimniece<\/p>","protected":false},"author":563,"featured_media":0,"parent":0,"menu_order":0,"comment_status":"closed","ping_status":"open","template":"","meta":{"footnotes":""},"class_list":["post-17961","page","type-page","status-publish","hentry","post-no-thumbnail"],"jetpack_sharing_enabled":true,"_links":{"self":[{"href":"https:\/\/galaspiegade.lv\/en\/wp-json\/wp\/v2\/pages\/17961","targetHints":{"allow":["GET"]}}],"collection":[{"href":"https:\/\/galaspiegade.lv\/en\/wp-json\/wp\/v2\/pages"}],"about":[{"href":"https:\/\/galaspiegade.lv\/en\/wp-json\/wp\/v2\/types\/page"}],"author":[{"embeddable":true,"href":"https:\/\/galaspiegade.lv\/en\/wp-json\/wp\/v2\/users\/563"}],"replies":[{"embeddable":true,"href":"https:\/\/galaspiegade.lv\/en\/wp-json\/wp\/v2\/comments?post=17961"}],"version-history":[{"count":10,"href":"https:\/\/galaspiegade.lv\/en\/wp-json\/wp\/v2\/pages\/17961\/revisions"}],"predecessor-version":[{"id":22252,"href":"https:\/\/galaspiegade.lv\/en\/wp-json\/wp\/v2\/pages\/17961\/revisions\/22252"}],"wp:attachment":[{"href":"https:\/\/galaspiegade.lv\/en\/wp-json\/wp\/v2\/media?parent=17961"}],"curies":[{"name":"wp","href":"https:\/\/api.w.org\/{rel}","templated":true}]}}