{"id":21886,"date":"2024-05-04T15:59:08","date_gmt":"2024-05-04T12:59:08","guid":{"rendered":"https:\/\/galaspiegade.lv\/?page_id=21886"},"modified":"2025-08-02T11:11:02","modified_gmt":"2025-08-02T08:11:02","slug":"profesionaliem","status":"publish","type":"page","link":"https:\/\/galaspiegade.lv\/en\/profesionaliem\/","title":{"rendered":"For professionals"},"content":{"rendered":"<div data-elementor-type=\"wp-page\" data-elementor-id=\"21886\" class=\"elementor elementor-21886\" data-elementor-post-type=\"page\">\n\t\t\t\t<div class=\"elementor-element elementor-element-9f22e01 e-flex e-con-boxed e-con e-parent\" data-id=\"9f22e01\" data-element_type=\"container\" data-e-type=\"container\">\n\t\t\t\t\t<div class=\"e-con-inner\">\n\t\t\t\t<div class=\"elementor-element elementor-element-89ddc29 fluent-form-widget-step-header-yes fluent-form-widget-step-progressbar-yes fluentform-widget-submit-button-custom elementor-widget elementor-widget-fluent-form-widget\" data-id=\"89ddc29\" data-element_type=\"widget\" data-e-type=\"widget\" data-widget_type=\"fluent-form-widget.default\">\n\t\t\t\t<div class=\"elementor-widget-container\">\n\t\t\t\t\t\n            <div class=\"fluentform-widget-wrapper fluentform-widget-align-default\">\n\n            \n            <div class='fluentform ff-default fluentform_wrapper_4 ffs_default_wrap'><form data-form_id=\"4\" id=\"fluentform_4\" class=\"frm-fluent-form fluent_form_4 ff-el-form-top ff_form_instance_4_1 ff-form-loading ffs_default\" data-form_instance=\"ff_form_instance_4_1\" method=\"POST\" action=\"\" ><fieldset  style=\"border: none!important;margin: 0!important;padding: 0!important;background-color: transparent!important;box-shadow: none!important;outline: none!important; min-inline-size: 100%;\">\n                    <legend class=\"ff_screen_reader_title\" style=\"display: block; margin: 0!important;padding: 0!important;height: 0!important;text-indent: -999999px;width: 0!important;overflow:hidden;\">Order Form<\/legend><input type='hidden' name='__fluent_form_embded_post_id' value='21886' \/><input type=\"hidden\" id=\"_fluentform_4_fluentformnonce\" name=\"_fluentform_4_fluentformnonce\" value=\"a309ba1765\" \/><input type=\"hidden\" name=\"_wp_http_referer\" value=\"\/en\/wp-json\/wp\/v2\/pages\/21886\" \/><div class='ff-el-group'><div class=\"ff-el-input--label ff-el-is-required asterisk-right\"><label for='ff_4_input_text' id='label_ff_4_input_text' aria-label=\"Business name:\">Business name:<\/label><\/div><div class='ff-el-input--content'><input type=\"text\" name=\"input_text\" class=\"ff-el-form-control\" data-name=\"input_text\" id=\"ff_4_input_text\"  aria-invalid=\"false\" aria-required=\"true\"><\/div><\/div><div class='ff-el-group'><div class=\"ff-el-input--label ff-el-is-required asterisk-right\"><label for='ff_4_numeric-field' id='label_ff_4_numeric-field' aria-label=\"TAX nr.\">TAX nr.<\/label><\/div><div class='ff-el-input--content'><input type=\"number\" name=\"numeric-field\" id=\"ff_4_numeric-field\" class=\"ff-el-form-control\" data-name=\"numeric-field\" inputmode=\"numeric\" step=\"any\"  aria-invalid=\"false\" aria-required=\"true\"><\/div><\/div><div class='ff-el-group'><div class=\"ff-el-input--label ff-el-is-required asterisk-right\"><label for='ff_4_input_text_2' id='label_ff_4_input_text_2' aria-label=\"Business address:\">Business address:<\/label><\/div><div class='ff-el-input--content'><input type=\"text\" name=\"input_text_2\" class=\"ff-el-form-control\" data-name=\"input_text_2\" id=\"ff_4_input_text_2\"  aria-invalid=\"false\" aria-required=\"true\"><\/div><\/div><div class='ff-el-group'><div class=\"ff-el-input--label ff-el-is-required asterisk-right\"><label for='ff_4_input_text_3' id='label_ff_4_input_text_3' aria-label=\"Delivery address:\">Delivery address:<\/label><\/div><div class='ff-el-input--content'><input type=\"text\" name=\"input_text_3\" class=\"ff-el-form-control\" data-name=\"input_text_3\" id=\"ff_4_input_text_3\"  aria-invalid=\"false\" aria-required=\"true\"><\/div><\/div><div class='ff-el-group'><div class=\"ff-el-input--label ff-el-is-required asterisk-right\"><label for='ff_4_input_text_4' id='label_ff_4_input_text_4' aria-label=\"Type of business:\">Type of business:<\/label><\/div><div class='ff-el-input--content'><input type=\"text\" name=\"input_text_4\" class=\"ff-el-form-control\" data-name=\"input_text_4\" id=\"ff_4_input_text_4\"  aria-invalid=\"false\" aria-required=\"true\"><\/div><\/div><div class='ff-el-group'><div class=\"ff-el-input--label ff-el-is-required asterisk-right\"><label for='ff_4_input_text_5' id='label_ff_4_input_text_5' aria-label=\"Cut of beef required:\">Cut of beef required:<\/label><\/div><div class='ff-el-input--content'><input type=\"text\" name=\"input_text_5\" class=\"ff-el-form-control\" data-name=\"input_text_5\" id=\"ff_4_input_text_5\"  aria-invalid=\"false\" aria-required=\"true\"><\/div><\/div><div class='ff-el-group'><div class=\"ff-el-input--label ff-el-is-required asterisk-right\"><label for='ff_4_input_text_6' id='label_ff_4_input_text_6' aria-label=\"Amount needed:\">Amount needed:<\/label><\/div><div class='ff-el-input--content'><input type=\"text\" name=\"input_text_6\" class=\"ff-el-form-control\" data-name=\"input_text_6\" id=\"ff_4_input_text_6\"  aria-invalid=\"false\" aria-required=\"true\"><\/div><\/div><div class='ff-el-group'><div class=\"ff-el-input--label asterisk-right\"><label for='ff_4_input_text_7' id='label_ff_4_input_text_7' aria-label=\"Frequency of delivery:\">Frequency of delivery:<\/label><\/div><div class='ff-el-input--content'><input type=\"text\" name=\"input_text_7\" class=\"ff-el-form-control\" data-name=\"input_text_7\" id=\"ff_4_input_text_7\"  aria-invalid=\"false\" aria-required=\"false\"><\/div><\/div><div class='ff-el-group'><div class=\"ff-el-input--label ff-el-is-required asterisk-right\"><label for='ff_4_description' id='label_ff_4_description' aria-label=\"Comment (nor mandatory)\">Comment (nor mandatory)<\/label><\/div><div class='ff-el-input--content'><textarea aria-required=\"true\" aria-labelledby=\"label_ff_4_description\" name=\"description\" id=\"ff_4_description\" class=\"ff-el-form-control\" rows=\"15\" cols=\"2\" data-name=\"description\" ><\/textarea><\/div><\/div><div class='ff-el-group'><div class=\"ff-el-input--label ff-el-is-required asterisk-right\"><label for='ff_4_email' id='label_ff_4_email' aria-label=\"E-mail:\">E-mail:<\/label><\/div><div class='ff-el-input--content'><input type=\"email\" name=\"email\" id=\"ff_4_email\" class=\"ff-el-form-control\" placeholder=\"Email Address\" data-name=\"email\"  aria-invalid=\"false\" aria-required=\"true\"><\/div><\/div><div class='ff-el-group'><div class=\"ff-el-input--label ff-el-is-required asterisk-right\"><label for='ff_4_Telefons' id='label_ff_4_Telefons' aria-label=\"Phone:\">Phone:<\/label><\/div><div class='ff-el-input--content'><input name=\"Telefons\" class=\"ff-el-form-control ff-el-phone ff_el_with_extended_validation\" type=\"tel\" placeholder=\"Mobile Number\" data-name=\"Telefons\" id=\"ff_4_Telefons\" inputmode=\"tel\"  aria-invalid='false' aria-required=\"true\"><\/div><\/div><div class='ff-el-group ff-text-left ff_submit_btn_wrapper'><button type=\"submit\" class=\"ff-btn ff-btn-submit ff-btn-md ff_btn_style wpf_has_custom_css\"  aria-label=\"Submit\">Submit<\/button><\/div><\/fieldset><input type=\"hidden\" name=\"trp-form-language\" value=\"en\"\/><\/form><div id='fluentform_4_errors' class='ff-errors-in-stack ff_form_instance_4_1 ff-form-loading_errors ff_form_instance_4_1_errors'><\/div><\/div>            <script type=\"text\/javascript\">\n                window.fluent_form_ff_form_instance_4_1 = {\"id\":\"4\",\"settings\":{\"layout\":{\"labelPlacement\":\"top\",\"helpMessagePlacement\":\"with_label\",\"errorMessagePlacement\":\"inline\",\"cssClassName\":\"\",\"asteriskPlacement\":\"asterisk-right\"},\"restrictions\":{\"denyEmptySubmission\":{\"enabled\":false}}},\"form_instance\":\"ff_form_instance_4_1\",\"form_id_selector\":\"fluentform_4\",\"rules\":{\"input_text\":{\"required\":{\"value\":true,\"message\":\"This field is required\",\"global_message\":\"This field is required\",\"global\":true}},\"numeric-field\":{\"required\":{\"value\":true,\"message\":\"This field is required\",\"global_message\":\"This field is required\",\"global\":true},\"numeric\":{\"value\":true,\"message\":\"This field must contain numeric value\",\"global_message\":\"This field must contain numeric value\",\"global\":true},\"min\":{\"value\":\"\",\"message\":\"Validation fails for minimum value\",\"global_message\":\"Validation fails for minimum value\",\"global\":true},\"max\":{\"value\":\"\",\"message\":\"Validation fails for maximum value\",\"global_message\":\"Validation fails for maximum value\",\"global\":true},\"digits\":{\"value\":\"\",\"message\":\"Validation fails for limited digits\",\"global_message\":\"Validation fails for limited digits\",\"global\":true}},\"input_text_2\":{\"required\":{\"value\":true,\"message\":\"This field is required\",\"global_message\":\"This field is required\",\"global\":true}},\"input_text_3\":{\"required\":{\"value\":true,\"message\":\"This field is required\",\"global_message\":\"This field is required\",\"global\":true}},\"input_text_4\":{\"required\":{\"value\":true,\"message\":\"This field is required\",\"global_message\":\"This field is required\",\"global\":true}},\"input_text_5\":{\"required\":{\"value\":true,\"message\":\"This field is required\",\"global_message\":\"This field is required\",\"global\":true}},\"input_text_6\":{\"required\":{\"value\":true,\"message\":\"This field is required\",\"global_message\":\"This field is required\",\"global\":true}},\"input_text_7\":{\"required\":{\"value\":false,\"message\":\"This field is required\",\"global_message\":\"This field is required\",\"global\":true}},\"description\":{\"required\":{\"value\":true,\"message\":\"This field is required\",\"global_message\":\"This field is required\",\"global\":true}},\"email\":{\"required\":{\"value\":true,\"message\":\"This field is required\",\"global_message\":\"This field is required\",\"global\":true},\"email\":{\"value\":true,\"message\":\"This field must contain a valid email\",\"global_message\":\"This field must contain a valid email\",\"global\":true}},\"Telefons\":{\"required\":{\"value\":true,\"global\":true,\"message\":\"This field is required\",\"global_message\":\"This field is required\"},\"valid_phone_number\":{\"value\":true,\"global\":true,\"message\":\"Phone number is not valid\",\"global_message\":\"Phone number is not valid\"}}},\"debounce_time\":300};\n                            <\/script>\n                        <\/div>\n\n            \t\t\t\t<\/div>\n\t\t\t\t<\/div>\n\t\t\t\t<div class=\"elementor-element elementor-element-8a8a592 elementor-widget elementor-widget-text-editor\" data-id=\"8a8a592\" data-element_type=\"widget\" data-e-type=\"widget\" data-widget_type=\"text-editor.default\">\n\t\t\t\t<div class=\"elementor-widget-container\">\n\t\t\t\t\t\t\t\t\t<p>After receiving the application, a KS LATVIJAS LIELLOPS representative will contact you to inform you about our offer and delivery options.<\/p><p><span style=\"color: #222200;\"><a style=\"color: #222200;\" href=\"https:\/\/galaspiegade.lv\/en\/\">www.galaspiegade.lv<\/a><\/span><br \/><a href=\"mailto:latvijasliellops@gmail.com\" target=\"_blank\" rel=\"noopener\"><span style=\"color: #000000;\"><span style=\"color: #222200;\">latvijasliellops@gmail.com<\/span> <\/span><\/a>, tel. 28321668<\/p>\t\t\t\t\t\t\t\t<\/div>\n\t\t\t\t<\/div>\n\t\t\t\t\t<\/div>\n\t\t\t\t<\/div>\n\t\t\t\t<\/div>","protected":false},"excerpt":{"rendered":"<p>Order Form Uz\u0146\u0113muma nosaukums:Re\u0123.nr:Juridisk\u0101 Adrese:Pieg\u0101des adrese:Darb\u012bbas veids:Vajadz\u012bgais liellopa ga\u013cas griezums:Vajadz\u012bgais daudzums:Pieg\u0101des bie\u017eums:Koment\u0101ri: (p\u0113c izv\u0113les)E-pasta adreseTelefons: (p\u0113c izv\u0113les)Nos\u016bt\u012bt P\u0113c pieteikuma sa\u0146em\u0161anas, ar Jums sazin\u0101sies KS LATVIJAS LIELLOPS p\u0101rst\u0101vis, lai inform\u0113tu par m\u016bsu pied\u0101v\u0101jumu un pieg\u0101des iesp\u0113j\u0101m. www.galaspiegade.lvlatvijasliellops@gmail.com , tel. 28321668<\/p>","protected":false},"author":563,"featured_media":0,"parent":0,"menu_order":0,"comment_status":"closed","ping_status":"closed","template":"","meta":{"footnotes":""},"class_list":["post-21886","page","type-page","status-publish","hentry","post-no-thumbnail"],"jetpack_sharing_enabled":true,"_links":{"self":[{"href":"https:\/\/galaspiegade.lv\/en\/wp-json\/wp\/v2\/pages\/21886","targetHints":{"allow":["GET"]}}],"collection":[{"href":"https:\/\/galaspiegade.lv\/en\/wp-json\/wp\/v2\/pages"}],"about":[{"href":"https:\/\/galaspiegade.lv\/en\/wp-json\/wp\/v2\/types\/page"}],"author":[{"embeddable":true,"href":"https:\/\/galaspiegade.lv\/en\/wp-json\/wp\/v2\/users\/563"}],"replies":[{"embeddable":true,"href":"https:\/\/galaspiegade.lv\/en\/wp-json\/wp\/v2\/comments?post=21886"}],"version-history":[{"count":26,"href":"https:\/\/galaspiegade.lv\/en\/wp-json\/wp\/v2\/pages\/21886\/revisions"}],"predecessor-version":[{"id":24031,"href":"https:\/\/galaspiegade.lv\/en\/wp-json\/wp\/v2\/pages\/21886\/revisions\/24031"}],"wp:attachment":[{"href":"https:\/\/galaspiegade.lv\/en\/wp-json\/wp\/v2\/media?parent=21886"}],"curies":[{"name":"wp","href":"https:\/\/api.w.org\/{rel}","templated":true}]}}