{"id":22328,"date":"2024-05-07T14:12:08","date_gmt":"2024-05-07T11:12:08","guid":{"rendered":"https:\/\/galaspiegade.lv\/?page_id=22328"},"modified":"2024-05-07T15:37:18","modified_gmt":"2024-05-07T12:37:18","slug":"zs-upmalas-no-mezvidu-pagasta","status":"publish","type":"page","link":"https:\/\/galaspiegade.lv\/en\/zs-upmalas-no-mezvidu-pagasta\/","title":{"rendered":"ZS Upmalas from Mezvidu parish"},"content":{"rendered":"<div data-elementor-type=\"wp-page\" data-elementor-id=\"22328\" class=\"elementor elementor-22328\" data-elementor-post-type=\"page\">\n\t\t\t\t<div class=\"elementor-element elementor-element-4c80713 e-flex e-con-boxed e-con e-parent\" data-id=\"4c80713\" data-element_type=\"container\" data-e-type=\"container\">\n\t\t\t\t\t<div class=\"e-con-inner\">\n\t\t\t\t<div class=\"elementor-element elementor-element-78be673 elementor-widget elementor-widget-image\" data-id=\"78be673\" data-element_type=\"widget\" data-e-type=\"widget\" data-widget_type=\"image.default\">\n\t\t\t\t<div class=\"elementor-widget-container\">\n\t\t\t\t\t\t\t\t\t\t\t\t\t\t\t<img fetchpriority=\"high\" decoding=\"async\" width=\"1000\" height=\"750\" src=\"https:\/\/galaspiegade.lv\/wp-content\/uploads\/2024\/05\/ZS-Upmalas-20.jpg\" class=\"attachment-full size-full wp-image-22423\" alt=\"\" srcset=\"https:\/\/galaspiegade.lv\/wp-content\/uploads\/2024\/05\/ZS-Upmalas-20.jpg 1000w, https:\/\/galaspiegade.lv\/wp-content\/uploads\/2024\/05\/ZS-Upmalas-20-300x225.jpg 300w, https:\/\/galaspiegade.lv\/wp-content\/uploads\/2024\/05\/ZS-Upmalas-20-768x576.jpg 768w, https:\/\/galaspiegade.lv\/wp-content\/uploads\/2024\/05\/ZS-Upmalas-20-16x12.jpg 16w, https:\/\/galaspiegade.lv\/wp-content\/uploads\/2024\/05\/ZS-Upmalas-20-600x450.jpg 600w, https:\/\/galaspiegade.lv\/wp-content\/uploads\/2024\/05\/ZS-Upmalas-20-150x113.jpg 150w\" sizes=\"(max-width: 1000px) 100vw, 1000px\" \/>\t\t\t\t\t\t\t\t\t\t\t\t\t\t\t<\/div>\n\t\t\t\t<\/div>\n\t\t\t\t<div class=\"elementor-element elementor-element-986bb86 elementor-widget elementor-widget-heading\" data-id=\"986bb86\" data-element_type=\"widget\" data-e-type=\"widget\" data-widget_type=\"heading.default\">\n\t\t\t\t<div class=\"elementor-widget-container\">\n\t\t\t\t\t<h2 class=\"elementor-heading-title elementor-size-default\">ZS Upmalas from Mezvidu parish<\/h2>\t\t\t\t<\/div>\n\t\t\t\t<\/div>\n\t\t\t\t<div class=\"elementor-element elementor-element-9bb6656 elementor-widget elementor-widget-text-editor\" data-id=\"9bb6656\" data-element_type=\"widget\" data-e-type=\"widget\" data-widget_type=\"text-editor.default\">\n\t\t\t\t<div class=\"elementor-widget-container\">\n\t\t\t\t\t\t\t\t\t<p>ZS \u201cUpmalas\u201d atrodas skaist\u0101 viet\u0101 Ludzas novada, Me\u017evidu pagast\u0101 jau no 1992. gada. <br \/>320 ha liel\u0101 plat\u012bb\u0101 savu lauku dz\u012bvi bauda un apkopj 90 ga\u013cas liellopu gan\u0101mpulku Alvis Mik\u0101ns ar \u0123imeni. Vasar\u0101s 150 hekt\u0101ru liel\u0101s kvalitat\u012bv\u0101s gan\u012bb\u0101s nesteidz\u012bgi gan\u0101s, klaus\u012bdamies putnu dziesm\u0101s, da\u017e\u0101du ga\u013cas \u0161\u0137ir\u0146u krustojumu liellopi. Dom\u0101jams, ka n\u0101kotn\u0113 \u0161\u0101dus priekus izbaud\u012bs tikai Angus \u0161\u0137irnes ga\u013cas liellopi. Ziem\u0101 goti\u0146as un vi\u0146u nu jau paaugu\u0161ies p\u0113cn\u0101c\u0113ji ne tik priec\u012bg\u0101s noska\u0146\u0101s dz\u012bvo novietn\u0113 un dienas pavada \u0113dot saimniec\u012bb\u0101 sara\u017eoto bar\u012bbu.<\/p>\t\t\t\t\t\t\t\t<\/div>\n\t\t\t\t<\/div>\n\t\t\t\t\t<\/div>\n\t\t\t\t<\/div>\n\t\t\t\t<\/div>","protected":false},"excerpt":{"rendered":"<p>ZS Upmalas no Me\u017evidu pagasta ZS \u201cUpmalas\u201d atrodas skaist\u0101 viet\u0101 Ludzas novada, Me\u017evidu pagast\u0101 jau no 1992. gada. 320 ha liel\u0101 plat\u012bb\u0101 savu lauku dz\u012bvi bauda un apkopj 90 ga\u013cas liellopu gan\u0101mpulku Alvis Mik\u0101ns ar \u0123imeni. Vasar\u0101s 150 hekt\u0101ru liel\u0101s kvalitat\u012bv\u0101s gan\u012bb\u0101s nesteidz\u012bgi gan\u0101s, klaus\u012bdamies putnu dziesm\u0101s, da\u017e\u0101du ga\u013cas \u0161\u0137ir\u0146u krustojumu liellopi. Dom\u0101jams, ka n\u0101kotn\u0113 \u0161\u0101dus priekus izbaud\u012bs tikai Angus \u0161\u0137irnes ga\u013cas liellopi. Ziem\u0101 goti\u0146as un vi\u0146u nu jau paaugu\u0161ies p\u0113cn\u0101c\u0113ji ne tik priec\u012bg\u0101s noska\u0146\u0101s dz\u012bvo novietn\u0113 un dienas pavada \u0113dot saimniec\u012bb\u0101 sara\u017eoto bar\u012bbu.<\/p>","protected":false},"author":563,"featured_media":0,"parent":0,"menu_order":0,"comment_status":"closed","ping_status":"closed","template":"","meta":{"footnotes":""},"class_list":["post-22328","page","type-page","status-publish","hentry","post-no-thumbnail"],"jetpack_sharing_enabled":true,"_links":{"self":[{"href":"https:\/\/galaspiegade.lv\/en\/wp-json\/wp\/v2\/pages\/22328","targetHints":{"allow":["GET"]}}],"collection":[{"href":"https:\/\/galaspiegade.lv\/en\/wp-json\/wp\/v2\/pages"}],"about":[{"href":"https:\/\/galaspiegade.lv\/en\/wp-json\/wp\/v2\/types\/page"}],"author":[{"embeddable":true,"href":"https:\/\/galaspiegade.lv\/en\/wp-json\/wp\/v2\/users\/563"}],"replies":[{"embeddable":true,"href":"https:\/\/galaspiegade.lv\/en\/wp-json\/wp\/v2\/comments?post=22328"}],"version-history":[{"count":16,"href":"https:\/\/galaspiegade.lv\/en\/wp-json\/wp\/v2\/pages\/22328\/revisions"}],"predecessor-version":[{"id":22429,"href":"https:\/\/galaspiegade.lv\/en\/wp-json\/wp\/v2\/pages\/22328\/revisions\/22429"}],"wp:attachment":[{"href":"https:\/\/galaspiegade.lv\/en\/wp-json\/wp\/v2\/media?parent=22328"}],"curies":[{"name":"wp","href":"https:\/\/api.w.org\/{rel}","templated":true}]}}