{"id":22388,"date":"2024-05-07T15:22:10","date_gmt":"2024-05-07T12:22:10","guid":{"rendered":"https:\/\/galaspiegade.lv\/?page_id=22388"},"modified":"2024-05-07T16:17:15","modified_gmt":"2024-05-07T13:17:15","slug":"ka-klut-par-biedru","status":"publish","type":"page","link":"https:\/\/galaspiegade.lv\/en\/ka-klut-par-biedru\/","title":{"rendered":"How to become a member"},"content":{"rendered":"<div data-elementor-type=\"wp-page\" data-elementor-id=\"22388\" class=\"elementor elementor-22388\" data-elementor-post-type=\"page\">\n\t\t\t\t<div class=\"elementor-element elementor-element-e3cce70 e-flex e-con-boxed e-con e-parent\" data-id=\"e3cce70\" data-element_type=\"container\" data-e-type=\"container\">\n\t\t\t\t\t<div class=\"e-con-inner\">\n\t\t\t\t<div class=\"elementor-element elementor-element-b7da0c6 elementor-widget elementor-widget-heading\" data-id=\"b7da0c6\" data-element_type=\"widget\" data-e-type=\"widget\" data-widget_type=\"heading.default\">\n\t\t\t\t<div class=\"elementor-widget-container\">\n\t\t\t\t\t<h2 class=\"elementor-heading-title elementor-size-default\">How to become a member<\/h2>\t\t\t\t<\/div>\n\t\t\t\t<\/div>\n\t\t\t\t<div class=\"elementor-element elementor-element-980f364 elementor-widget elementor-widget-text-editor\" data-id=\"980f364\" data-element_type=\"widget\" data-e-type=\"widget\" data-widget_type=\"text-editor.default\">\n\t\t\t\t<div class=\"elementor-widget-container\">\n\t\t\t\t\t\t\t\t\t<p>If you are a beef cattle farmer and you want to offer quality beef from your own farm to carnivores, and you see long-term strength in cooperation - join our team!<\/p><p>Weekly deliveries of produce to the local market. We sell Angus and Hereford cattle or cross-bred Angus and Hereford cattle fattened to 16-30 months of age.\u00a0<\/p><p>Markets for other breeds of cattle are sought and realised in exports.<\/p><p>You can read the statutes of our cooperative society <span style=\"text-decoration: underline;\"><a href=\"https:\/\/galaspiegade.lv\/en\/kooperativa-statuti\/\">HERE<\/a><\/span><\/p>\t\t\t\t\t\t\t\t<\/div>\n\t\t\t\t<\/div>\n\t\t\t\t\t<\/div>\n\t\t\t\t<\/div>\n\t\t\t\t<\/div>","protected":false},"excerpt":{"rendered":"<p>K\u0101 k\u013c\u016bt par biedru Ja Tu esi ga\u013cas liellopu audz\u0113t\u0101js, un v\u0113lies pied\u0101v\u0101t ga\u013c\u0113d\u0101jiem sav\u0101 saimniec\u012bb\u0101 izaudz\u0113tu, kvalitat\u012bvu liellopa ga\u013cu, un saskati ilgtermi\u0146a sp\u0113ku kooper\u0101cij\u0101, \u00a0&#8211; pievienojies m\u016bsu komandai! Ikned\u0113\u013cas produkcijas pieg\u0101d\u0113s viet\u0113jam tirgum. M\u0113s realiz\u0113jam Angus un Herefordas \u0161\u0137ir\u0146u vai to krustojumu liellopus, kas nobaroti l\u012bdz 16-30 m\u0113ne\u0161u vecumam.\u00a0 Citu \u0161\u0137ir\u0146u liellopu realiz\u0101cijas tirgi tiek mekl\u0113ti un \u012bsteni eksportos. Ar m\u016bsu kooperat\u012bv\u0101s sabiedr\u012bbas stat\u016btiem vari iepaz\u012bties \u0160EIT<\/p>","protected":false},"author":563,"featured_media":0,"parent":0,"menu_order":0,"comment_status":"closed","ping_status":"closed","template":"","meta":{"footnotes":""},"class_list":["post-22388","page","type-page","status-publish","hentry","post-no-thumbnail"],"jetpack_sharing_enabled":true,"_links":{"self":[{"href":"https:\/\/galaspiegade.lv\/en\/wp-json\/wp\/v2\/pages\/22388","targetHints":{"allow":["GET"]}}],"collection":[{"href":"https:\/\/galaspiegade.lv\/en\/wp-json\/wp\/v2\/pages"}],"about":[{"href":"https:\/\/galaspiegade.lv\/en\/wp-json\/wp\/v2\/types\/page"}],"author":[{"embeddable":true,"href":"https:\/\/galaspiegade.lv\/en\/wp-json\/wp\/v2\/users\/563"}],"replies":[{"embeddable":true,"href":"https:\/\/galaspiegade.lv\/en\/wp-json\/wp\/v2\/comments?post=22388"}],"version-history":[{"count":16,"href":"https:\/\/galaspiegade.lv\/en\/wp-json\/wp\/v2\/pages\/22388\/revisions"}],"predecessor-version":[{"id":22456,"href":"https:\/\/galaspiegade.lv\/en\/wp-json\/wp\/v2\/pages\/22388\/revisions\/22456"}],"wp:attachment":[{"href":"https:\/\/galaspiegade.lv\/en\/wp-json\/wp\/v2\/media?parent=22388"}],"curies":[{"name":"wp","href":"https:\/\/api.w.org\/{rel}","templated":true}]}}