{"id":3,"date":"2020-04-07T23:44:20","date_gmt":"2020-04-07T23:44:20","guid":{"rendered":"https:\/\/galaspiegade.lv\/?page_id=3"},"modified":"2024-05-06T17:38:17","modified_gmt":"2024-05-06T14:38:17","slug":"privatuma-politika","status":"publish","type":"page","link":"https:\/\/galaspiegade.lv\/en\/privatuma-politika\/","title":{"rendered":"Privacy Policy"},"content":{"rendered":"<h3>1. PRIV\u0100TUMA POLITIKA<\/h3>\n<p>\u0160\u012b\u00a0<b>&#8220;Konfidencialit\u0101tes politika&#8221;<\/b>\u00a0(turpm\u0101k &#8220;Politika&#8221;) attiecas uz visiem <b>kooperat\u012bv\u0101s sabiedr\u012bbas &#8220;LATVIJAS LIELLOPS&#8221;<\/b> (turpm\u0101k &#8220;M\u0113s&#8221;, &#8220;Mums&#8221;, &#8220;M\u016bs&#8221;)\u00a0<b>&#8220;Vietnes&#8221;<\/b>\u00a0(turpm\u0101k &#8220;Vietne&#8221;)\u00a0<b>&#8220;Lietot\u0101jiem&#8221;<\/b> (t\u0101l\u0101k tekst\u0101 &#8211; &#8220;J\u016bs&#8221;, &#8220;Jums&#8221;, &#8220;J\u016bsu&#8221;).<\/p>\n<p>Pirms pas\u016bt\u012bjuma veik\u0161anas uzman\u012bgi izlasiet Politiku. Laika gait\u0101 m\u0113s varam ieviest izmai\u0146as politik\u0101, l\u016bdzu, p\u0101rlasiet to pirms atk\u0101rtotas pirkumu veik\u0161anas.<\/p>\n<p>Saska\u0146\u0101 ar visp\u0101r\u0113jiem datu aizsardz\u012bbas noteikumiem, personas dati ir jebk\u0101da inform\u0101cija, ko var izmantot, lai identific\u0113tu personu, k\u0101 ar\u012b jebk\u0101da inform\u0101cija par personu, kura jau ir identific\u0113ta. Izmantojot m\u016bsu vietnes pakalpojumus, J\u016bs sniedzat mums savus personas datus, ties\u012bbas apstr\u0101d\u0101t un izmantot tos saska\u0146\u0101 ar noteikumiem, kas izkl\u0101st\u012bti Konfidencialit\u0101tes politik\u0101 un <b>&#8220;Lieto\u0161anas noteikumos&#8221;<\/b>\u00a0(turpm\u0101k &#8220;Noteikumi&#8221;).<\/p>\n<p>M\u0113s ap\u0146emamies aizsarg\u0101t m\u016bsu klientu un vietnes apekl\u0113t\u0101ju, tostarp J\u016bsu, priv\u0101tumu un dro\u0161\u012bbu.<\/p>\n<p>Izmantojot m\u016bsu vietnes pakalpojumus J\u016bs izr\u0101diet mums uztic\u0113\u0161anos. M\u0113s to piln\u012bb\u0101 nov\u0113rt\u0113jam un cien\u0101m J\u016bsu datu priv\u0101tuma un konfidecialit\u0101tes noz\u012bm\u012bgumu.<\/p>\n<p>M\u0113s iev\u0113rojam personas datu minimiz\u0113\u0161anas principu \u2013 m\u0113s nepiepras\u0101m, neapkopojam un neapstr\u0101d\u0101jam personas datus, kas nav nepiecie\u0161ami, lai sasniegtu m\u0113r\u0137i \u2013 ieg\u0101d\u0101ties preces, pakalpojumus vai sa\u0146emt inform\u0101ciju.<\/p>\n<p>M\u0113s cien\u0101m J\u016bsu priv\u0101tumu un daram visu iesp\u0113jamo lai uzglab\u0101tu J\u016bsu personas datus dro\u0161\u012bb\u0101.<br \/>\nM\u0113s nepie\u013caujam nev\u0113lamu v\u0113stu\u013cu nos\u016bt\u012b\u0161anu un nek\u0101d\u0101 gad\u012bjum\u0101 nepie\u013causim jebk\u0101du J\u016bsu person\u012bgo datu (v\u0101rds, adrese, e-pasta adrese utt.) p\u0101rdo\u0161anu, iznom\u0101\u0161anu vai nodo\u0161anu tre\u0161aj\u0101m person\u0101m.<\/p>\n<p>Inform\u0101ciju tre\u0161aj\u0101m person\u0101m var izpaust tikai, pamatojoties uz likum\u012bga piepras\u012bjuma, l\u012bguma vai ar J\u016bsu piekri\u0161anas sa\u0146em\u0161anu, piem\u0113ram, noform\u0113jot pirkumu l\u012bzing\u0101.<\/p>\n<p>J\u016bs esat atbild\u012bgs par inform\u0101cijas patiesumu, veicot pas\u016bt\u012bjumu vai sazinoties ar klientu atbalsta dienestu. J\u016bs apliecin\u0101t, ka\u00a0<b>J\u016bs neesat jaun\u0101ks par 16 gadiem<\/b>, k\u0101 ar\u012b ap\u0146ematies neveikt nek\u0101das darb\u012bbas, kas v\u0113rstas pret vietnes dro\u0161\u012bbu.<\/p>\n<p>M\u0113s neesam atbild\u012bgi par nepareiziem, nepiln\u012bgiem vai k\u013c\u016bdainiem J\u016bsu sniegtajiem datiem.<\/p>\n<p>Izmantojot m\u016bsu t\u012bmek\u013ca vietni un \/ vai ieg\u0101d\u0101joties preces un \/ vai pakalpojumus, J\u016bs apliecin\u0101t, ka J\u016bs saprotat politiku, un J\u016bs piekr\u012btat sekot izmai\u0146\u0101m taj\u0101.<\/p>\n<p class=\"moze-right\">Ja J\u016bs nepiekr\u012btat \u0161ai politikai vai atsevi\u0161\u0137\u0101m taj\u0101 ietvert\u0101m defin\u012bcij\u0101m, l\u016bdzu, neizmantojiet m\u016bsu vietnes pakalpojumus.<\/p>\n<h3>2. K\u0100DUS DATUS M\u0112S APKOPOJAM UN APSTR\u0100D\u0100JAM?<\/h3>\n<p>Veicot pirkumu vai sazinoties ar klientu atbalsta dienestu, J\u016bs sniedzat mums savu person\u012bgo inform\u0101ciju. Veicot pirkumu, personas datu iesnieg\u0161ana ir oblig\u0101ta, jo bez t\u0101 J\u016bs nevar\u0113siet pirkumu veikt.<\/p>\n<p>M\u0113s apkopojam un uzglab\u0101jam \u0161\u0101dus datus:<br \/>\n&#8211; klienta v\u0101rds un uzv\u0101rds;<br \/>\n&#8211; t\u0101lru\u0146a numurs;<br \/>\n&#8211; e-pasta adrese;<br \/>\n&#8211; pre\u010du vai pakalpojumu pieg\u0101des adrese.<\/p>\n<p>Priv\u0101to inform\u0101ciju izmanto tikai, lai nodro\u0161in\u0101tu pilnv\u0113rt\u012bgu pakalpojumu snieg\u0161anu un sazi\u0146ai ar klientiem.<\/p>\n<p>M\u0113s varam sa\u0146emt J\u016bsu person\u012bgo inform\u0101ciju tikai no Jums un tikai tad, ja J\u016bs izmantojat m\u016bsu vietnes pakalojumus, piem\u0113ram: pas\u016bt\u012bjumu re\u0123istr\u0101ciju, sazinaties ar klientu atbalstu, izmantojot atsauksmju veidlapu vai e-pastu.<\/p>\n<h3>3. MAKS\u0100JUMA INFORM\u0100CIJA<\/h3>\n<p>Maks\u0101jot par prec\u0113m un pakalpojumiem, ko sniedz <b>kooperat\u012bv\u0101s sabiedr\u012bbas &#8220;LATVIJAS LIELLOPS&#8221;<\/b> vietne, m\u0113s varam apkopot un apstr\u0101d\u0101t \u0161\u0101du inform\u0101ciju:<\/p>\n<p>&#8211; J\u016bsu bankas konta numurs;<br \/>\n&#8211; bankas iest\u0101des nosaukums;<br \/>\n&#8211; J\u016bsu t\u0101lru\u0146a numurs;<br \/>\n&#8211; e-pasta adrese.<\/p>\n<p>Inform\u0101ciju par J\u016bsu bankas nor\u0113\u0137inu karti m\u0113s nesa\u0146emam un t\u0101 netiek apstr\u0101d\u0101ta.<\/p>\n<h3>4. K\u0100DE\u013b M\u0112S APKOPOJAM J\u016aSU DATUS<\/h3>\n<p>M\u0113s izmantojam inform\u0101ciju, ko apkopojam par Jums, lai:<\/p>\n<p>&#8211; p\u0101rdodu m\u016bsu preces un pakalpojumus;<br \/>\n&#8211; pareizi apstr\u0101d\u0101tu un pieg\u0101d\u0101tu J\u016bsu pas\u016bt\u012bjumu;<br \/>\n&#8211; nodro\u0161in\u0101tu garantijas un p\u0113cgarantijas atbalstu;<br \/>\n&#8211; atbild\u0113tu uz J\u016bsu jaut\u0101jumiem un sniegt Jums inform\u0101ciju;<br \/>\n&#8211; nodro\u0161in\u0101tu Jums personaliz\u0113tu piek\u013cuvi m\u016bsu vietnei;<br \/>\n&#8211; sagatavotu anon\u012bmu statistiku par vietnes izmanto\u0161anu.<\/p>\n<h3>5. CIK ILGI M\u0112S UZGLAB\u0100JAM J\u016aSU DATUS<\/h3>\n<p>Klienta personisko inform\u0101ciju m\u0113s glab\u0101jam 10 gadus:<\/p>\n<p>&#8211; lai nodro\u0161in\u0101tu ieg\u0101d\u0101to preci ar garantijas un p\u0113cgarantijas atbalstu;<br \/>\n&#8211; lai sazin\u0101tos ar Jums par piepras\u012bjumu;<br \/>\n&#8211; gr\u0101matved\u012bbai;<\/p>\n<p>P\u0113c 10 gadu termi\u0146a beig\u0101m, personas dati tiks izn\u012bcin\u0101ti, ja J\u016bs nepiepras\u012bsiet savu datu dz\u0113\u0161anu, izmantojot vietni, vai ar\u012b person\u012bgi ierodoties <b>kooperat\u012bv\u0101s sabiedr\u012bbas &#8220;LATVIJAS LIELLOPS&#8221;<\/b> biroj\u0101 (ar personu apliecino\u0161u dokumentu) \u0161aj\u0101 period\u0101.<\/p>\n<h3>6. DATU NODO\u0160ANA TRE\u0160\u0100J\u0100M PERSON\u0100M<\/h3>\n<p>J\u016bsu datus var tikt nodot tre\u0161ajai personai &#8211; l\u012bzinga sabiedr\u012bbai tikai tajos gad\u012bjumos, ja J\u016bs v\u0113laties izmantot l\u012bzinga sabiedr\u012bbas pakalpojumus, noform\u0113jot pas\u016bt\u012bjumu un aizpildot atbilsto\u0161u veidlapu m\u016bsu vietn\u0113.<\/p>\n<p>Tre\u0161\u0101s personas var b\u016bt ar\u012b datu centri, atbalsta pakalpojumi, pieg\u0101des pakalpojumi, m\u0101ko\u0146u glab\u0101\u0161anas pakalpojumu p\u0101rst\u0101vji utml. person\u012bgo datu apstr\u0101d\u0101t\u0101ji, kas pal\u012bdz mums sniegt Jums pakalpojumus. Jebkur\u0101 gad\u012bjum\u0101, apstr\u0101d\u0101t\u0101jiem tiek nodots tikai t\u0101ds datu apjoms, kas nepiecie\u0161ams konkr\u0113ta uzdevuma izpildei vai konkr\u0113ta pakalpojuma snieg\u0161anai. Ar mums saist\u012bt\u0101s tre\u0161\u0101s personas, var apstr\u0101d\u0101t J\u016bsu personas datus tikai noteiktajiem uzdevumiem un tos nevar izmantot citiem m\u0113r\u0137iem vai nodot cit\u0101m person\u0101m bez m\u016bsu piekri\u0161anas. Apstr\u0101d\u0101t\u0101ji nodro\u0161ina J\u016bsu personas datu aizsardz\u012bbu saska\u0146\u0101 ar sp\u0113k\u0101 eso\u0161ajiem normat\u012bvajiem aktiem un rakstisku vieno\u0161anos ar VS PRO SIA.<\/p>\n<p>Personas dati var tikt nodoti kompetentaj\u0101m valsts varas un p\u0101rvaldes iest\u0101d\u0113m, tostarp ties\u012bbsarg\u0101jo\u0161aj\u0101m iest\u0101d\u0113m, piem\u0113ram, policijai vai cit\u0101m uzraudz\u012bbas iest\u0101d\u0113m, bet tikai nepiecie\u0161am\u012bbas gad\u012bjum\u0101 un saska\u0146\u0101 ar normat\u012bvajos aktos noteikto tiesisko k\u0101rt\u012bbu.<\/p>\n<h3>7. DATU NODO\u0160ANA TRE\u0160\u0100M VALST\u012aM<\/h3>\n<p><b>Kooperat\u012bv\u0101 sabiedr\u012bba &#8220;LATVIJAS LIELLOPS&#8221;<\/b> nenodod person\u012bgo inform\u0101ciju un citus datus tre\u0161\u0101m valst\u012bm. Person\u012bgo un citu lietot\u0101ju datu izsnieg\u0161ana tiek veikta tikai, pamatojoties uz likum\u012bgu piepras\u012bjumu.<\/p>\n<h3>8. LIETOT\u0100JA TIES\u012aBAS<\/h3>\n<p>Normat\u012bvie akti par personas datu aizsardz\u012bbu, tai skait\u0101 Visp\u0101r\u012bg\u0101 datu aizsardz\u012bbas regula dod Jums virkni ties\u012bbu, savuk\u0101rt, mums j\u0101nodro\u0161ina Jums iesp\u0113ju t\u0101s izmantot.<\/p>\n<p>&#8211; Jums ir ties\u012bbas piepras\u012bt J\u016bsu personisk\u0101s inform\u0101cijas kopiju, lai p\u0101rbaud\u012btu uzglab\u0101t\u0101s inform\u0101cijas precizit\u0101ti un \/ vai labotu vai atjaunin\u0101tu \u0161os datus;<br \/>\n&#8211; jebkur\u0101 laik\u0101 J\u016bs varat atteikties sa\u0146emt e-pastus, nos\u016btot pazi\u0146ojumu uz latvijasliellops@gmail.com<br \/>\n&#8211; gad\u012bjumos, kad J\u016bsu dati tiek apstr\u0101d\u0101ti ar J\u016bsu piekri\u0161anu, Jums ir ties\u012bbas jebkur\u0101 br\u012bd\u012b atsaukt savu piekri\u0161anu, kas kalpo par pamatu datu apstr\u0101des izbeig\u0161anai;<br \/>\n&#8211; Jums ir ties\u012bbas sa\u0146emt J\u016bsu datu apstr\u0101des apstiprin\u0101jumu, ties\u012bbas p\u0101rskat\u012bt apstr\u0101d\u0101tos datus, ieg\u016bt inform\u0101ciju par apstr\u0101des m\u0113r\u0137iem, apstr\u0101des periodu, datu sa\u0146em\u0161anas avotiem, to noz\u012bmi un Jums no t\u0101 izrieto\u0161aj\u0101m sek\u0101m;<br \/>\n&#8211; J\u016bs varat piepras\u012bt, lai J\u016bsu personisk\u0101 inform\u0101cija tiktu piln\u012bb\u0101 izdz\u0113sta (ja tas nav pretrun\u0101 ar Latvijas Republikas likumdo\u0161anu).<\/p>\n<p>Lai aizsarg\u0101tu J\u016bsu konfidencialit\u0101ti un dro\u0161\u012bbu, m\u0113s veiksim atbilsto\u0161us pas\u0101kumus, lai p\u0101rbaud\u012btu J\u016bsu identit\u0101ti, pirms sniegt J\u016bsu piepras\u012bto inform\u0101ciju par saviem person\u012bgajiem datiem. \u0160im nol\u016bkam m\u0113s varam l\u016bgt J\u016bs iesniegt personu apliecino\u0161u dokumentu un \/ vai person\u012bgi apmekl\u0113t m\u016bsu biroju. Ja J\u016bs nevarat pier\u0101d\u012bt savu identit\u0101ti, m\u0113s varam noraid\u012bt J\u016bsu pieteikumu.<br \/>\nM\u0113s izmantosim visus komerci\u0101li sapr\u0101t\u012bgos centienus, lai 30 dienu laik\u0101 p\u0113c J\u016bsu piek\u013cuves piepras\u012bjuma sa\u0146em\u0161anas nodro\u0161in\u0101tu likumam atbilsto\u0161u piek\u013cuvi J\u016bsu personiskajai inform\u0101cijai, kuru m\u0113s uzglab\u0101jam.<\/p>\n<p>Jums ir j\u0101saprot un j\u0101pie\u0146em riski, kas saist\u012bti ar J\u016bsu personisko datu dz\u0113\u0161anu, piem\u0113ram:<\/p>\n<p>&#8211; nesp\u0113ja mums identific\u0113t J\u016bs k\u0101 klientu, ja sazin\u0101ties ar klientu dienestu;<br \/>\n&#8211; gr\u016bt\u012bbas vai nesp\u0113ja identific\u0113tu J\u016bsu pirkumu;<br \/>\n&#8211; sare\u017e\u0123\u012bjumi vai piln\u012bga neisp\u0113jam\u012bba atg\u016bt pirkuma dokumentus to pazaud\u0113\u0161anas gad\u012bjum\u0101;<br \/>\n&#8211; un citi riski.<\/p>\n<h3>9. KAS IR ATBILD\u012aGS PAR J\u016aSU DATU APSTR\u0100DI<\/h3>\n<p>Datu p\u0101rvaldnieks un persona, kas atbild\u012bga par person\u012bgo datu apstr\u0101di, ir<b> kooperat\u012bv\u0101 sabiedr\u012bba &#8220;LATVIJAS LIELLOPS&#8221;<\/b>, 40203309736, Sk\u0101r\u0146i, \u0112rg\u013cu pagasts, \u0112rg\u013cu novads, LV-4840.<br \/>\nJa Jums rodas jebk\u0101di jaut\u0101jumi par J\u016bsu person\u012bgo datu apstr\u0101di, varat rakst\u012bt uz e-pastu latvijasliellops@gmail.com<\/p>\n<p>Gad\u012bjum\u0101 ja Jums ir pretenzijas par person\u012bgo datu apstr\u0101di m\u016bsu uz\u0146\u0113mum\u0101, Jums ir ties\u012bbas iesniegt s\u016bdz\u012bbu Valsts datu inspekcij\u0101.<\/p>\n<h3>10. IZMAI\u0145AS POLITIK\u0100<\/h3>\n<p>M\u0113s regul\u0101ri p\u0101rskat\u0101m m\u016bsu konfidencialit\u0101tes politiku. Visas izmai\u0146as tiks public\u0113tas \u0161aj\u0101 lap\u0101.<br \/>\n\u0160\u012b konfidencialit\u0101tes politika st\u0101j\u0101s sp\u0113k\u0101 un p\u0113d\u0113joreiz tika atjaunin\u0101ta 2021. gada 3.j\u016bnij\u0101.<\/p>","protected":false},"excerpt":{"rendered":"<p>1. PRIV\u0100TUMA POLITIKA \u0160\u012b\u00a0&#8220;Konfidencialit\u0101tes politika&#8221;\u00a0(turpm\u0101k &#8220;Politika&#8221;) attiecas uz visiem kooperat\u012bv\u0101s sabiedr\u012bbas &#8220;LATVIJAS LIELLOPS&#8221; (turpm\u0101k &#8220;M\u0113s&#8221;, &#8220;Mums&#8221;, &#8220;M\u016bs&#8221;)\u00a0&#8220;Vietnes&#8221;\u00a0(turpm\u0101k &#8220;Vietne&#8221;)\u00a0&#8220;Lietot\u0101jiem&#8221; (t\u0101l\u0101k tekst\u0101 &#8211; &#8220;J\u016bs&#8221;, &#8220;Jums&#8221;, &#8220;J\u016bsu&#8221;). Pirms pas\u016bt\u012bjuma veik\u0161anas uzman\u012bgi izlasiet Politiku. Laika gait\u0101 m\u0113s varam ieviest izmai\u0146as politik\u0101, l\u016bdzu, p\u0101rlasiet to pirms atk\u0101rtotas pirkumu veik\u0161anas. Saska\u0146\u0101 ar visp\u0101r\u0113jiem datu aizsardz\u012bbas noteikumiem, personas dati ir jebk\u0101da inform\u0101cija, ko var izmantot, lai identific\u0113tu personu, k\u0101 ar\u012b jebk\u0101da inform\u0101cija par personu, kura jau ir identific\u0113ta. Izmantojot m\u016bsu vietnes pakalpojumus, J\u016bs sniedzat mums savus personas datus, ties\u012bbas apstr\u0101d\u0101t un izmantot tos saska\u0146\u0101 ar noteikumiem, kas izkl\u0101st\u012bti Konfidencialit\u0101tes politik\u0101 un &#8220;Lieto\u0161anas noteikumos&#8221;\u00a0(turpm\u0101k &#8220;Noteikumi&#8221;). M\u0113s ap\u0146emamies aizsarg\u0101t m\u016bsu klientu un vietnes apekl\u0113t\u0101ju, tostarp J\u016bsu, priv\u0101tumu un dro\u0161\u012bbu. Izmantojot m\u016bsu vietnes pakalpojumus J\u016bs izr\u0101diet mums uztic\u0113\u0161anos. M\u0113s to piln\u012bb\u0101 nov\u0113rt\u0113jam un cien\u0101m J\u016bsu datu priv\u0101tuma un konfidecialit\u0101tes noz\u012bm\u012bgumu. M\u0113s iev\u0113rojam personas datu minimiz\u0113\u0161anas principu \u2013 m\u0113s nepiepras\u0101m, neapkopojam un neapstr\u0101d\u0101jam personas datus, kas nav nepiecie\u0161ami, lai sasniegtu m\u0113r\u0137i \u2013 ieg\u0101d\u0101ties preces, pakalpojumus vai sa\u0146emt inform\u0101ciju. M\u0113s cien\u0101m J\u016bsu priv\u0101tumu un daram visu iesp\u0113jamo lai uzglab\u0101tu J\u016bsu personas datus dro\u0161\u012bb\u0101. M\u0113s nepie\u013caujam nev\u0113lamu v\u0113stu\u013cu nos\u016bt\u012b\u0161anu un nek\u0101d\u0101 gad\u012bjum\u0101 nepie\u013causim jebk\u0101du J\u016bsu person\u012bgo datu (v\u0101rds, adrese, e-pasta adrese utt.) p\u0101rdo\u0161anu, iznom\u0101\u0161anu vai nodo\u0161anu tre\u0161aj\u0101m person\u0101m. Inform\u0101ciju tre\u0161aj\u0101m person\u0101m var izpaust tikai, pamatojoties uz likum\u012bga piepras\u012bjuma, l\u012bguma vai ar J\u016bsu piekri\u0161anas sa\u0146em\u0161anu, piem\u0113ram, noform\u0113jot pirkumu l\u012bzing\u0101. J\u016bs esat atbild\u012bgs par inform\u0101cijas patiesumu, veicot pas\u016bt\u012bjumu vai sazinoties ar klientu atbalsta dienestu. J\u016bs apliecin\u0101t, ka\u00a0J\u016bs neesat jaun\u0101ks par 16 gadiem, k\u0101 ar\u012b ap\u0146ematies neveikt nek\u0101das darb\u012bbas, kas v\u0113rstas pret vietnes dro\u0161\u012bbu. M\u0113s neesam atbild\u012bgi par nepareiziem, nepiln\u012bgiem vai k\u013c\u016bdainiem J\u016bsu sniegtajiem datiem. Izmantojot m\u016bsu t\u012bmek\u013ca vietni un \/ vai ieg\u0101d\u0101joties preces un \/ vai pakalpojumus, J\u016bs apliecin\u0101t, ka J\u016bs saprotat politiku, un J\u016bs piekr\u012btat sekot izmai\u0146\u0101m taj\u0101. Ja J\u016bs nepiekr\u012btat \u0161ai politikai vai atsevi\u0161\u0137\u0101m taj\u0101 ietvert\u0101m defin\u012bcij\u0101m, l\u016bdzu, neizmantojiet m\u016bsu vietnes pakalpojumus. 2. K\u0100DUS DATUS M\u0112S APKOPOJAM UN APSTR\u0100D\u0100JAM? Veicot pirkumu vai sazinoties ar klientu atbalsta dienestu, J\u016bs sniedzat mums savu person\u012bgo inform\u0101ciju. Veicot pirkumu, personas datu iesnieg\u0161ana ir oblig\u0101ta, jo bez t\u0101 J\u016bs nevar\u0113siet pirkumu veikt. M\u0113s apkopojam un uzglab\u0101jam \u0161\u0101dus datus: &#8211; klienta v\u0101rds un uzv\u0101rds; &#8211; t\u0101lru\u0146a numurs; &#8211; e-pasta adrese; &#8211; pre\u010du vai pakalpojumu pieg\u0101des adrese. Priv\u0101to inform\u0101ciju izmanto tikai, lai nodro\u0161in\u0101tu pilnv\u0113rt\u012bgu pakalpojumu snieg\u0161anu un sazi\u0146ai ar klientiem. M\u0113s varam sa\u0146emt J\u016bsu person\u012bgo inform\u0101ciju tikai no Jums un tikai tad, ja J\u016bs izmantojat m\u016bsu vietnes pakalojumus, piem\u0113ram: pas\u016bt\u012bjumu re\u0123istr\u0101ciju, sazinaties ar klientu atbalstu, izmantojot atsauksmju veidlapu vai e-pastu. 3. MAKS\u0100JUMA INFORM\u0100CIJA Maks\u0101jot par prec\u0113m un pakalpojumiem, ko sniedz kooperat\u012bv\u0101s sabiedr\u012bbas &#8220;LATVIJAS LIELLOPS&#8221; vietne, m\u0113s varam apkopot un apstr\u0101d\u0101t \u0161\u0101du inform\u0101ciju: &#8211; J\u016bsu bankas konta numurs; &#8211; bankas iest\u0101des nosaukums; &#8211; J\u016bsu t\u0101lru\u0146a numurs; &#8211; e-pasta adrese. Inform\u0101ciju par J\u016bsu bankas nor\u0113\u0137inu karti m\u0113s nesa\u0146emam un t\u0101 netiek apstr\u0101d\u0101ta. 4. K\u0100DE\u013b M\u0112S APKOPOJAM J\u016aSU DATUS M\u0113s izmantojam inform\u0101ciju, ko apkopojam par Jums, lai: &#8211; p\u0101rdodu m\u016bsu preces un pakalpojumus; &#8211; pareizi apstr\u0101d\u0101tu un pieg\u0101d\u0101tu J\u016bsu pas\u016bt\u012bjumu; &#8211; nodro\u0161in\u0101tu garantijas un p\u0113cgarantijas atbalstu; &#8211; atbild\u0113tu uz J\u016bsu jaut\u0101jumiem un sniegt Jums inform\u0101ciju; &#8211; nodro\u0161in\u0101tu Jums personaliz\u0113tu piek\u013cuvi m\u016bsu vietnei; &#8211; sagatavotu anon\u012bmu statistiku par vietnes izmanto\u0161anu. 5. CIK ILGI M\u0112S UZGLAB\u0100JAM J\u016aSU DATUS Klienta personisko inform\u0101ciju m\u0113s glab\u0101jam 10 gadus: &#8211; lai nodro\u0161in\u0101tu ieg\u0101d\u0101to preci ar garantijas un p\u0113cgarantijas atbalstu; &#8211; lai sazin\u0101tos ar Jums par piepras\u012bjumu; &#8211; gr\u0101matved\u012bbai; P\u0113c 10 gadu termi\u0146a beig\u0101m, personas dati tiks izn\u012bcin\u0101ti, ja J\u016bs nepiepras\u012bsiet savu datu dz\u0113\u0161anu, izmantojot vietni, vai ar\u012b person\u012bgi ierodoties kooperat\u012bv\u0101s sabiedr\u012bbas &#8220;LATVIJAS LIELLOPS&#8221; biroj\u0101 (ar personu apliecino\u0161u dokumentu) \u0161aj\u0101 period\u0101. 6. DATU NODO\u0160ANA TRE\u0160\u0100J\u0100M PERSON\u0100M J\u016bsu datus var tikt nodot tre\u0161ajai personai &#8211; l\u012bzinga sabiedr\u012bbai tikai tajos gad\u012bjumos, ja J\u016bs v\u0113laties izmantot l\u012bzinga sabiedr\u012bbas pakalpojumus, noform\u0113jot pas\u016bt\u012bjumu un aizpildot atbilsto\u0161u veidlapu m\u016bsu vietn\u0113. Tre\u0161\u0101s personas var b\u016bt ar\u012b datu centri, atbalsta pakalpojumi, pieg\u0101des pakalpojumi, m\u0101ko\u0146u glab\u0101\u0161anas pakalpojumu p\u0101rst\u0101vji utml. person\u012bgo datu apstr\u0101d\u0101t\u0101ji, kas pal\u012bdz mums sniegt Jums pakalpojumus. Jebkur\u0101 gad\u012bjum\u0101, apstr\u0101d\u0101t\u0101jiem tiek nodots tikai t\u0101ds datu apjoms, kas nepiecie\u0161ams konkr\u0113ta uzdevuma izpildei vai konkr\u0113ta pakalpojuma snieg\u0161anai. Ar mums saist\u012bt\u0101s tre\u0161\u0101s personas, var apstr\u0101d\u0101t J\u016bsu personas datus tikai noteiktajiem uzdevumiem un tos nevar izmantot citiem m\u0113r\u0137iem vai nodot cit\u0101m person\u0101m bez m\u016bsu piekri\u0161anas. Apstr\u0101d\u0101t\u0101ji nodro\u0161ina J\u016bsu personas datu aizsardz\u012bbu saska\u0146\u0101 ar sp\u0113k\u0101 eso\u0161ajiem normat\u012bvajiem aktiem un rakstisku vieno\u0161anos ar VS PRO SIA. Personas dati var tikt nodoti kompetentaj\u0101m valsts varas un p\u0101rvaldes iest\u0101d\u0113m, tostarp ties\u012bbsarg\u0101jo\u0161aj\u0101m iest\u0101d\u0113m, piem\u0113ram, policijai vai cit\u0101m uzraudz\u012bbas iest\u0101d\u0113m, bet tikai nepiecie\u0161am\u012bbas gad\u012bjum\u0101 un saska\u0146\u0101 ar normat\u012bvajos aktos noteikto tiesisko k\u0101rt\u012bbu. 7. DATU NODO\u0160ANA TRE\u0160\u0100M VALST\u012aM Kooperat\u012bv\u0101 sabiedr\u012bba &#8220;LATVIJAS LIELLOPS&#8221; nenodod person\u012bgo inform\u0101ciju un citus datus tre\u0161\u0101m valst\u012bm. Person\u012bgo un citu lietot\u0101ju datu izsnieg\u0161ana tiek veikta tikai, pamatojoties uz likum\u012bgu piepras\u012bjumu. 8. LIETOT\u0100JA TIES\u012aBAS Normat\u012bvie akti par personas datu aizsardz\u012bbu, tai skait\u0101 Visp\u0101r\u012bg\u0101 datu aizsardz\u012bbas regula dod Jums virkni ties\u012bbu, savuk\u0101rt, mums j\u0101nodro\u0161ina Jums iesp\u0113ju t\u0101s izmantot. &#8211; Jums ir ties\u012bbas piepras\u012bt J\u016bsu personisk\u0101s inform\u0101cijas kopiju, lai p\u0101rbaud\u012btu uzglab\u0101t\u0101s inform\u0101cijas precizit\u0101ti un \/ vai labotu vai atjaunin\u0101tu \u0161os datus; &#8211; jebkur\u0101 laik\u0101 J\u016bs varat atteikties sa\u0146emt e-pastus, nos\u016btot pazi\u0146ojumu uz latvijasliellops@gmail.com &#8211; gad\u012bjumos, kad J\u016bsu dati tiek apstr\u0101d\u0101ti ar J\u016bsu piekri\u0161anu, Jums ir ties\u012bbas jebkur\u0101 br\u012bd\u012b atsaukt savu piekri\u0161anu, kas kalpo par pamatu datu apstr\u0101des izbeig\u0161anai; &#8211; Jums ir ties\u012bbas sa\u0146emt J\u016bsu datu apstr\u0101des apstiprin\u0101jumu, ties\u012bbas p\u0101rskat\u012bt apstr\u0101d\u0101tos datus, ieg\u016bt inform\u0101ciju par apstr\u0101des m\u0113r\u0137iem, apstr\u0101des periodu, datu sa\u0146em\u0161anas avotiem, to noz\u012bmi un Jums no t\u0101 izrieto\u0161aj\u0101m sek\u0101m; &#8211; J\u016bs varat piepras\u012bt, lai J\u016bsu personisk\u0101 inform\u0101cija tiktu piln\u012bb\u0101 izdz\u0113sta (ja tas nav pretrun\u0101 ar Latvijas Republikas likumdo\u0161anu). Lai aizsarg\u0101tu J\u016bsu konfidencialit\u0101ti un dro\u0161\u012bbu, m\u0113s veiksim atbilsto\u0161us pas\u0101kumus, lai p\u0101rbaud\u012btu J\u016bsu identit\u0101ti, pirms sniegt J\u016bsu piepras\u012bto inform\u0101ciju par saviem person\u012bgajiem datiem. \u0160im nol\u016bkam m\u0113s varam l\u016bgt J\u016bs iesniegt personu apliecino\u0161u dokumentu un \/ vai person\u012bgi apmekl\u0113t m\u016bsu biroju. Ja J\u016bs nevarat pier\u0101d\u012bt savu identit\u0101ti, m\u0113s varam noraid\u012bt J\u016bsu pieteikumu. M\u0113s izmantosim visus komerci\u0101li sapr\u0101t\u012bgos centienus, lai 30 dienu laik\u0101 p\u0113c J\u016bsu piek\u013cuves piepras\u012bjuma sa\u0146em\u0161anas nodro\u0161in\u0101tu likumam atbilsto\u0161u piek\u013cuvi J\u016bsu personiskajai inform\u0101cijai, kuru m\u0113s uzglab\u0101jam. Jums ir j\u0101saprot un j\u0101pie\u0146em riski, kas saist\u012bti ar J\u016bsu personisko datu dz\u0113\u0161anu, piem\u0113ram: &#8211; nesp\u0113ja mums identific\u0113t J\u016bs k\u0101 klientu, ja sazin\u0101ties ar klientu dienestu; &#8211; gr\u016bt\u012bbas vai nesp\u0113ja identific\u0113tu J\u016bsu pirkumu; &#8211; [&hellip;]<\/p>","protected":false},"author":563,"featured_media":0,"parent":0,"menu_order":0,"comment_status":"closed","ping_status":"open","template":"","meta":{"footnotes":""},"class_list":["post-3","page","type-page","status-publish","hentry","post-no-thumbnail"],"jetpack_sharing_enabled":true,"_links":{"self":[{"href":"https:\/\/galaspiegade.lv\/en\/wp-json\/wp\/v2\/pages\/3","targetHints":{"allow":["GET"]}}],"collection":[{"href":"https:\/\/galaspiegade.lv\/en\/wp-json\/wp\/v2\/pages"}],"about":[{"href":"https:\/\/galaspiegade.lv\/en\/wp-json\/wp\/v2\/types\/page"}],"author":[{"embeddable":true,"href":"https:\/\/galaspiegade.lv\/en\/wp-json\/wp\/v2\/users\/563"}],"replies":[{"embeddable":true,"href":"https:\/\/galaspiegade.lv\/en\/wp-json\/wp\/v2\/comments?post=3"}],"version-history":[{"count":7,"href":"https:\/\/galaspiegade.lv\/en\/wp-json\/wp\/v2\/pages\/3\/revisions"}],"predecessor-version":[{"id":22146,"href":"https:\/\/galaspiegade.lv\/en\/wp-json\/wp\/v2\/pages\/3\/revisions\/22146"}],"wp:attachment":[{"href":"https:\/\/galaspiegade.lv\/en\/wp-json\/wp\/v2\/media?parent=3"}],"curies":[{"name":"wp","href":"https:\/\/api.w.org\/{rel}","templated":true}]}}