{"id":8,"date":"2021-11-17T09:36:30","date_gmt":"2021-11-17T09:36:30","guid":{"rendered":"https:\/\/galaspiegade.lv\/cart\/"},"modified":"2024-05-06T18:52:12","modified_gmt":"2024-05-06T15:52:12","slug":"grozs","status":"publish","type":"page","link":"https:\/\/galaspiegade.lv\/en\/grozs\/","title":{"rendered":"Grozs"},"content":{"rendered":"<p>L\u016bdzu, \u0146emiet v\u0113r\u0101, ka p\u0113c pas\u016bt\u012bjuma veik\u0161anas e-past\u0101 J\u016bs sa\u0146emsiet avansa r\u0113\u0137inu. Gala pavadz\u012bmi ar faktiskajiem svariem un gala kopsummu sa\u0146emsiet sav\u0101 e-past\u0101 pirms pieg\u0101des!<\/p>","protected":false},"excerpt":{"rendered":"","protected":false},"author":563,"featured_media":0,"parent":0,"menu_order":0,"comment_status":"closed","ping_status":"closed","template":"","meta":{"footnotes":""},"class_list":["post-8","page","type-page","status-publish","hentry","post-no-thumbnail"],"jetpack_sharing_enabled":true,"_links":{"self":[{"href":"https:\/\/galaspiegade.lv\/en\/wp-json\/wp\/v2\/pages\/8","targetHints":{"allow":["GET"]}}],"collection":[{"href":"https:\/\/galaspiegade.lv\/en\/wp-json\/wp\/v2\/pages"}],"about":[{"href":"https:\/\/galaspiegade.lv\/en\/wp-json\/wp\/v2\/types\/page"}],"author":[{"embeddable":true,"href":"https:\/\/galaspiegade.lv\/en\/wp-json\/wp\/v2\/users\/563"}],"replies":[{"embeddable":true,"href":"https:\/\/galaspiegade.lv\/en\/wp-json\/wp\/v2\/comments?post=8"}],"version-history":[{"count":3,"href":"https:\/\/galaspiegade.lv\/en\/wp-json\/wp\/v2\/pages\/8\/revisions"}],"predecessor-version":[{"id":22272,"href":"https:\/\/galaspiegade.lv\/en\/wp-json\/wp\/v2\/pages\/8\/revisions\/22272"}],"wp:attachment":[{"href":"https:\/\/galaspiegade.lv\/en\/wp-json\/wp\/v2\/media?parent=8"}],"curies":[{"name":"wp","href":"https:\/\/api.w.org\/{rel}","templated":true}]}}