{"id":18028,"date":"2021-05-31T19:58:08","date_gmt":"2021-05-31T16:58:08","guid":{"rendered":"https:\/\/galaspiegade.lv\/?post_type=product&#038;p=18028"},"modified":"2025-01-30T10:30:43","modified_gmt":"2025-01-30T08:30:43","slug":"buljona-kauli","status":"publish","type":"product","link":"https:\/\/galaspiegade.lv\/en\/prece\/buljona-kauli\/","title":{"rendered":"Bouillon bones"},"content":{"rendered":"<p>Buljona kaulus pieg\u0101d\u0101jam sasald\u0113tus, sald\u0113ti \u0161oka sald\u0113tav\u0101, lai saglab\u0101tu to kvalit\u0101ti un gar\u0161as \u012bpa\u0161\u012bbas svaigas.<br \/>\nPied\u0101v\u0101jam buljona v\u0101r\u012b\u0161anai paredz\u0113tu kaulu mix &#8211; loc\u012btavu, ribu, stilba kaulus no Latvijas z\u0101l\u0101jos audz\u0113tiem liellopiem.<\/p>","protected":false},"excerpt":{"rendered":"<p>Buljona kaulus pieg\u0101d\u0101jam sasald\u0113tus, sald\u0113ti \u0161oka sald\u0113tav\u0101, lai saglab\u0101tu to kvalit\u0101ti un gar\u0161as \u012bpa\u0161\u012bbas svaigas. Pied\u0101v\u0101jam buljona v\u0101r\u012b\u0161anai paredz\u0113tu kaulu mix &#8211; loc\u012btavu, ribu, stilba kaulus no Latvijas z\u0101l\u0101jos audz\u0113tiem liellopiem.<\/p>","protected":false},"featured_media":23397,"template":"","meta":[],"product_brand":[],"product_cat":[134],"product_tag":[217,216,260],"class_list":{"0":"post-18028","1":"product","2":"type-product","3":"status-publish","4":"has-post-thumbnail","6":"product_cat-liellopa-gala","7":"product_tag-buljona-kauli","8":"product_tag-buljons","9":"product_tag-pieejamsbio","11":"first","12":"outofstock","13":"taxable","14":"shipping-taxable","15":"product-type-simple"},"jetpack_sharing_enabled":true,"_links":{"self":[{"href":"https:\/\/galaspiegade.lv\/en\/wp-json\/wp\/v2\/product\/18028","targetHints":{"allow":["GET"]}}],"collection":[{"href":"https:\/\/galaspiegade.lv\/en\/wp-json\/wp\/v2\/product"}],"about":[{"href":"https:\/\/galaspiegade.lv\/en\/wp-json\/wp\/v2\/types\/product"}],"version-history":[{"count":5,"href":"https:\/\/galaspiegade.lv\/en\/wp-json\/wp\/v2\/product\/18028\/revisions"}],"predecessor-version":[{"id":23528,"href":"https:\/\/galaspiegade.lv\/en\/wp-json\/wp\/v2\/product\/18028\/revisions\/23528"}],"wp:featuredmedia":[{"embeddable":true,"href":"https:\/\/galaspiegade.lv\/en\/wp-json\/wp\/v2\/media\/23397"}],"wp:attachment":[{"href":"https:\/\/galaspiegade.lv\/en\/wp-json\/wp\/v2\/media?parent=18028"}],"wp:term":[{"taxonomy":"product_brand","embeddable":true,"href":"https:\/\/galaspiegade.lv\/en\/wp-json\/wp\/v2\/product_brand?post=18028"},{"taxonomy":"product_cat","embeddable":true,"href":"https:\/\/galaspiegade.lv\/en\/wp-json\/wp\/v2\/product_cat?post=18028"},{"taxonomy":"product_tag","embeddable":true,"href":"https:\/\/galaspiegade.lv\/en\/wp-json\/wp\/v2\/product_tag?post=18028"}],"curies":[{"name":"wp","href":"https:\/\/api.w.org\/{rel}","templated":true}]}}