{"id":18034,"date":"2021-05-31T20:05:06","date_gmt":"2021-05-31T17:05:06","guid":{"rendered":"https:\/\/galaspiegade.lv\/?post_type=product&#038;p=18034"},"modified":"2025-01-30T10:27:59","modified_gmt":"2025-01-30T08:27:59","slug":"tbone-steiks","status":"publish","type":"product","link":"https:\/\/galaspiegade.lv\/en\/prece\/tbone-steiks\/","title":{"rendered":"Tbone steak"},"content":{"rendered":"<p>Tbone ir nogatavin\u0101ts liellopa ga\u013cas steiks, kas izgriezts no muguras da\u013cas aizmugures. Caur \u0161o gabalu iet \u201cT\u201d burta formas kauls, t\u0101p\u0113c tas, burtiski tulkojot, tiek saukts par T-kaula steiku. Izcili piem\u0113rots gril\u0113\u0161anai d\u0101rz\u0101 vai uz terases.<br \/>\nSteikus nogatavin\u0101m 21 dienu. Tas pie\u0161\u0137ir steikiem \u012bpa\u0161u gar\u0161as bu\u0137eti, sul\u012bgumu un m\u012bkstumu.<\/p>\n<p>Viens T-bone steiks ir ap 0.55 &#8211; 0.80kg smags.<\/p>","protected":false},"excerpt":{"rendered":"<p>Tbone ir nogatavin\u0101ts liellopa ga\u013cas steiks, kas izgriezts no muguras da\u013cas aizmugures. Caur \u0161o gabalu iet \u201cT\u201d burta formas kauls, t\u0101p\u0113c tas, burtiski tulkojot, tiek saukts par T-kaula steiku. Izcili piem\u0113rots gril\u0113\u0161anai d\u0101rz\u0101 vai uz terases. Steikus nogatavin\u0101m 21 dienu. Tas pie\u0161\u0137ir steikiem \u012bpa\u0161u gar\u0161as bu\u0137eti, sul\u012bgumu un m\u012bkstumu. Viens T-bone steiks ir ap 0.55 &#8211; 0.80kg smags.<\/p>","protected":false},"featured_media":20267,"template":"","meta":[],"product_brand":[],"product_cat":[134],"product_tag":[196,172,209,260,207,206,208],"class_list":{"0":"post-18034","1":"product","2":"type-product","3":"status-publish","4":"has-post-thumbnail","6":"product_cat-liellopa-gala","7":"product_tag-latvijas-liellops","8":"product_tag-liellopa-gala","9":"product_tag-nogatavinats-steiks","10":"product_tag-pieejamsbio","11":"product_tag-steak","12":"product_tag-tbone","13":"product_tag-tbone-steiks","15":"first","16":"outofstock","17":"taxable","18":"shipping-taxable","19":"product-type-simple"},"jetpack_sharing_enabled":true,"_links":{"self":[{"href":"https:\/\/galaspiegade.lv\/en\/wp-json\/wp\/v2\/product\/18034","targetHints":{"allow":["GET"]}}],"collection":[{"href":"https:\/\/galaspiegade.lv\/en\/wp-json\/wp\/v2\/product"}],"about":[{"href":"https:\/\/galaspiegade.lv\/en\/wp-json\/wp\/v2\/types\/product"}],"version-history":[{"count":4,"href":"https:\/\/galaspiegade.lv\/en\/wp-json\/wp\/v2\/product\/18034\/revisions"}],"predecessor-version":[{"id":23526,"href":"https:\/\/galaspiegade.lv\/en\/wp-json\/wp\/v2\/product\/18034\/revisions\/23526"}],"wp:featuredmedia":[{"embeddable":true,"href":"https:\/\/galaspiegade.lv\/en\/wp-json\/wp\/v2\/media\/20267"}],"wp:attachment":[{"href":"https:\/\/galaspiegade.lv\/en\/wp-json\/wp\/v2\/media?parent=18034"}],"wp:term":[{"taxonomy":"product_brand","embeddable":true,"href":"https:\/\/galaspiegade.lv\/en\/wp-json\/wp\/v2\/product_brand?post=18034"},{"taxonomy":"product_cat","embeddable":true,"href":"https:\/\/galaspiegade.lv\/en\/wp-json\/wp\/v2\/product_cat?post=18034"},{"taxonomy":"product_tag","embeddable":true,"href":"https:\/\/galaspiegade.lv\/en\/wp-json\/wp\/v2\/product_tag?post=18034"}],"curies":[{"name":"wp","href":"https:\/\/api.w.org\/{rel}","templated":true}]}}