{"id":18036,"date":"2021-05-31T20:07:45","date_gmt":"2021-05-31T17:07:45","guid":{"rendered":"https:\/\/galaspiegade.lv\/?post_type=product&#038;p=18036"},"modified":"2025-01-30T10:27:44","modified_gmt":"2025-01-30T08:27:44","slug":"ribeye-ar-kaulu","status":"publish","type":"product","link":"https:\/\/galaspiegade.lv\/en\/prece\/ribeye-ar-kaulu\/","title":{"rendered":"Tuesday steak"},"content":{"rendered":"<p>Antrekots ir liellopa ga\u013cas steiks, kas izgriezts no priek\u0161\u0113j\u0101s muguras da\u013cas. Paredz\u0113ts cep\u0161anai uz grila. Izcili piem\u0113rots gabals tiem, kuri m\u012bl vid\u0113ji j\u0113lu steiku pagatavo\u0161anas veidu.<\/p>\n<p>\u0160is steika gabals ir nogatavin\u0101ts 21 dienu, kas pie\u0161\u0137ir \u012bpa\u0161u gar\u0161u, sul\u012bgumu un m\u012bkstumu izcilam steikam.<br \/>\nViens antrekot gabals sver ap 0.30 &#8211; 0.45 kg.<\/p>\n<p>\u0160eit vari smelties iedvesmu <a href=\"https:\/\/fb.watch\/8AMtfye1DU\/\">steak sandwich, together with Kristaps from OAK<code>a<\/code>BBQ<\/a><br \/>\nOr here, <a href=\"https:\/\/fb.watch\/8ANAQJu7I_\/\">ribeye steak grilling with OAK<code>a<\/code>BBQ<\/a><\/p>","protected":false},"excerpt":{"rendered":"<p>Antrekots ir liellopa ga\u013cas steiks, kas izgriezts no priek\u0161\u0113j\u0101s muguras da\u013cas. Paredz\u0113ts cep\u0161anai uz grila. Izcili piem\u0113rots gabals tiem, kuri m\u012bl vid\u0113ji j\u0113lu steiku pagatavo\u0161anas veidu. \u0160is steika gabals ir nogatavin\u0101ts 21 dienu, kas pie\u0161\u0137ir \u012bpa\u0161u gar\u0161u, sul\u012bgumu un m\u012bkstumu izcilam steikam. Viens antrekot gabals sver ap 0.30 &#8211; 0.45 kg. \u0160eit vari smelties iedvesmu steika sviestmaizes pagatavo\u0161anai, kop\u0101 ar Kristapu no OAKaBBQ Vai ar\u012b \u0161eit, ribeye steika gril\u0113\u0161ana ar OAKaBBQ<\/p>","protected":false},"featured_media":20277,"template":"","meta":[],"product_brand":[],"product_cat":[134],"product_tag":[140,196,172,260,139,205,193],"class_list":{"0":"post-18036","1":"product","2":"type-product","3":"status-publish","4":"has-post-thumbnail","6":"product_cat-liellopa-gala","7":"product_tag-antrekots","8":"product_tag-latvijas-liellops","9":"product_tag-liellopa-gala","10":"product_tag-pieejamsbio","11":"product_tag-ribeye","12":"product_tag-ribeye-steak","13":"product_tag-steiks","15":"first","16":"outofstock","17":"taxable","18":"shipping-taxable","19":"product-type-simple"},"jetpack_sharing_enabled":true,"_links":{"self":[{"href":"https:\/\/galaspiegade.lv\/en\/wp-json\/wp\/v2\/product\/18036","targetHints":{"allow":["GET"]}}],"collection":[{"href":"https:\/\/galaspiegade.lv\/en\/wp-json\/wp\/v2\/product"}],"about":[{"href":"https:\/\/galaspiegade.lv\/en\/wp-json\/wp\/v2\/types\/product"}],"version-history":[{"count":5,"href":"https:\/\/galaspiegade.lv\/en\/wp-json\/wp\/v2\/product\/18036\/revisions"}],"predecessor-version":[{"id":23525,"href":"https:\/\/galaspiegade.lv\/en\/wp-json\/wp\/v2\/product\/18036\/revisions\/23525"}],"wp:featuredmedia":[{"embeddable":true,"href":"https:\/\/galaspiegade.lv\/en\/wp-json\/wp\/v2\/media\/20277"}],"wp:attachment":[{"href":"https:\/\/galaspiegade.lv\/en\/wp-json\/wp\/v2\/media?parent=18036"}],"wp:term":[{"taxonomy":"product_brand","embeddable":true,"href":"https:\/\/galaspiegade.lv\/en\/wp-json\/wp\/v2\/product_brand?post=18036"},{"taxonomy":"product_cat","embeddable":true,"href":"https:\/\/galaspiegade.lv\/en\/wp-json\/wp\/v2\/product_cat?post=18036"},{"taxonomy":"product_tag","embeddable":true,"href":"https:\/\/galaspiegade.lv\/en\/wp-json\/wp\/v2\/product_tag?post=18036"}],"curies":[{"name":"wp","href":"https:\/\/api.w.org\/{rel}","templated":true}]}}