{"id":18038,"date":"2021-05-31T20:09:44","date_gmt":"2021-05-31T17:09:44","guid":{"rendered":"https:\/\/galaspiegade.lv\/?post_type=product&#038;p=18038"},"modified":"2025-01-30T10:27:30","modified_gmt":"2025-01-30T08:27:30","slug":"picanha-jeb-cullote","status":"publish","type":"product","link":"https:\/\/galaspiegade.lv\/en\/prece\/picanha-jeb-cullote\/","title":{"rendered":"Picanha jeb cullote- sald\u0113ta"},"content":{"rendered":"<p>Picanha ir liellopa ga\u013cas gabals, kuru \u013coti popul\u0101ri izmantot ir Braz\u012blijas virtuves \u0113dienos. Tas tiek izgriezts no liellopa gurna da\u013cas, un tam aug\u0161puse ir kl\u0101ta ar tauku k\u0101rtu, kas padara pikanhu \u012bpa\u0161i sul\u012bgu un gar\u0161\u012bgu. Pikanhu var cept uz grila rest\u0113m, vai uz iesmiem.<\/p>\n<p>Viens vesels picanhas gabals sver ap 1.6 &#8211; 2kg.<\/p>\n<p>Iedvesmu, ar picanhas pagatavo\u0161anas iesp\u0113j\u0101m, vari smelties te: https:\/\/fb.watch\/8AMTt3eWK6\/<\/p>","protected":false},"excerpt":{"rendered":"<p>Picanha ir liellopa ga\u013cas gabals, kuru \u013coti popul\u0101ri izmantot ir Braz\u012blijas virtuves \u0113dienos. Tas tiek izgriezts no liellopa gurna da\u013cas, un tam aug\u0161puse ir kl\u0101ta ar tauku k\u0101rtu, kas padara pikanhu \u012bpa\u0161i sul\u012bgu un gar\u0161\u012bgu. Pikanhu var cept uz grila rest\u0113m, vai uz iesmiem. Viens vesels picanhas gabals sver ap 1.6 &#8211; 2kg. Iedvesmu, ar picanhas pagatavo\u0161anas iesp\u0113j\u0101m, vari smelties te: https:\/\/fb.watch\/8AMTt3eWK6\/<\/p>","protected":false},"featured_media":20274,"template":"","meta":[],"product_brand":[],"product_cat":[134],"product_tag":[204,196,172,203,193],"class_list":{"0":"post-18038","1":"product","2":"type-product","3":"status-publish","4":"has-post-thumbnail","6":"product_cat-liellopa-gala","7":"product_tag-cullote","8":"product_tag-latvijas-liellops","9":"product_tag-liellopa-gala","10":"product_tag-picanha","11":"product_tag-steiks","13":"first","14":"outofstock","15":"taxable","16":"shipping-taxable","17":"product-type-simple"},"jetpack_sharing_enabled":true,"_links":{"self":[{"href":"https:\/\/galaspiegade.lv\/en\/wp-json\/wp\/v2\/product\/18038","targetHints":{"allow":["GET"]}}],"collection":[{"href":"https:\/\/galaspiegade.lv\/en\/wp-json\/wp\/v2\/product"}],"about":[{"href":"https:\/\/galaspiegade.lv\/en\/wp-json\/wp\/v2\/types\/product"}],"version-history":[{"count":5,"href":"https:\/\/galaspiegade.lv\/en\/wp-json\/wp\/v2\/product\/18038\/revisions"}],"predecessor-version":[{"id":23986,"href":"https:\/\/galaspiegade.lv\/en\/wp-json\/wp\/v2\/product\/18038\/revisions\/23986"}],"wp:featuredmedia":[{"embeddable":true,"href":"https:\/\/galaspiegade.lv\/en\/wp-json\/wp\/v2\/media\/20274"}],"wp:attachment":[{"href":"https:\/\/galaspiegade.lv\/en\/wp-json\/wp\/v2\/media?parent=18038"}],"wp:term":[{"taxonomy":"product_brand","embeddable":true,"href":"https:\/\/galaspiegade.lv\/en\/wp-json\/wp\/v2\/product_brand?post=18038"},{"taxonomy":"product_cat","embeddable":true,"href":"https:\/\/galaspiegade.lv\/en\/wp-json\/wp\/v2\/product_cat?post=18038"},{"taxonomy":"product_tag","embeddable":true,"href":"https:\/\/galaspiegade.lv\/en\/wp-json\/wp\/v2\/product_tag?post=18038"}],"curies":[{"name":"wp","href":"https:\/\/api.w.org\/{rel}","templated":true}]}}