{"id":18040,"date":"2021-05-31T20:11:17","date_gmt":"2021-05-31T17:11:17","guid":{"rendered":"https:\/\/galaspiegade.lv\/?post_type=product&#038;p=18040"},"modified":"2025-01-30T10:27:20","modified_gmt":"2025-01-30T08:27:20","slug":"langets","status":"publish","type":"product","link":"https:\/\/galaspiegade.lv\/en\/prece\/langets\/","title":{"rendered":"Langets"},"content":{"rendered":"<p>Liellopa ga\u013cas langets ir liess m\u012bkstums. Langets ga\u013ca ir piem\u0113rota cepetim, gula\u0161am, rostbifam un stroganovam. To var apcept vokpann\u0101 vai pievienot saut\u0113jumiem, cept cepe\u0161kr\u0101sn\u012b<\/p>","protected":false},"excerpt":{"rendered":"<p>Liellopa ga\u013cas langets ir liess m\u012bkstums. Langets ga\u013ca ir piem\u0113rota cepetim, gula\u0161am, rostbifam un stroganovam. To var apcept vokpann\u0101 vai pievienot saut\u0113jumiem, cept cepe\u0161kr\u0101sn\u012b<\/p>","protected":false},"featured_media":23402,"template":"","meta":[],"product_brand":[],"product_cat":[134],"product_tag":[170,202,201,196,260],"class_list":{"0":"post-18040","1":"product","2":"type-product","3":"status-publish","4":"has-post-thumbnail","6":"product_cat-liellopa-gala","7":"product_tag-beef","8":"product_tag-grassfed","9":"product_tag-langets","10":"product_tag-latvijas-liellops","11":"product_tag-pieejamsbio","13":"first","14":"outofstock","15":"taxable","16":"shipping-taxable","17":"product-type-simple"},"jetpack_sharing_enabled":true,"_links":{"self":[{"href":"https:\/\/galaspiegade.lv\/en\/wp-json\/wp\/v2\/product\/18040","targetHints":{"allow":["GET"]}}],"collection":[{"href":"https:\/\/galaspiegade.lv\/en\/wp-json\/wp\/v2\/product"}],"about":[{"href":"https:\/\/galaspiegade.lv\/en\/wp-json\/wp\/v2\/types\/product"}],"version-history":[{"count":5,"href":"https:\/\/galaspiegade.lv\/en\/wp-json\/wp\/v2\/product\/18040\/revisions"}],"predecessor-version":[{"id":23522,"href":"https:\/\/galaspiegade.lv\/en\/wp-json\/wp\/v2\/product\/18040\/revisions\/23522"}],"wp:featuredmedia":[{"embeddable":true,"href":"https:\/\/galaspiegade.lv\/en\/wp-json\/wp\/v2\/media\/23402"}],"wp:attachment":[{"href":"https:\/\/galaspiegade.lv\/en\/wp-json\/wp\/v2\/media?parent=18040"}],"wp:term":[{"taxonomy":"product_brand","embeddable":true,"href":"https:\/\/galaspiegade.lv\/en\/wp-json\/wp\/v2\/product_brand?post=18040"},{"taxonomy":"product_cat","embeddable":true,"href":"https:\/\/galaspiegade.lv\/en\/wp-json\/wp\/v2\/product_cat?post=18040"},{"taxonomy":"product_tag","embeddable":true,"href":"https:\/\/galaspiegade.lv\/en\/wp-json\/wp\/v2\/product_tag?post=18040"}],"curies":[{"name":"wp","href":"https:\/\/api.w.org\/{rel}","templated":true}]}}