{"id":18042,"date":"2021-05-31T20:12:39","date_gmt":"2021-05-31T17:12:39","guid":{"rendered":"https:\/\/galaspiegade.lv\/?post_type=product&#038;p=18042"},"modified":"2025-01-30T10:27:08","modified_gmt":"2025-01-30T08:27:08","slug":"kakla-karbonade","status":"publish","type":"product","link":"https:\/\/galaspiegade.lv\/en\/prece\/kakla-karbonade\/","title":{"rendered":"Neck chop"},"content":{"rendered":"<p>Liellopa kakla karbon\u0101di ieg\u016bst no liellopa kakla da\u013cas. Tas ir m\u012bksts, augstv\u0113rt\u012bgs ga\u013ca gabals, kas piem\u0113rots steikiem, cepe\u0161iem, k\u0101 ar\u012b pild\u012bjumiem un cep\u0161anai cepe\u0161kr\u0101sn\u012b. Ide\u0101li piem\u0113rots gabals ar\u012b \u0161a\u0161\u013ciku marin\u0113\u0161anai!<\/p>","protected":false},"excerpt":{"rendered":"<p>Liellopa kakla karbon\u0101di ieg\u016bst no liellopa kakla da\u013cas. Tas ir m\u012bksts, augstv\u0113rt\u012bgs ga\u013ca gabals, kas piem\u0113rots steikiem, cepe\u0161iem, k\u0101 ar\u012b pild\u012bjumiem un cep\u0161anai cepe\u0161kr\u0101sn\u012b. Ide\u0101li piem\u0113rots gabals ar\u012b \u0161a\u0161\u013ciku marin\u0113\u0161anai!<\/p>","protected":false},"featured_media":20270,"template":"","meta":[],"product_brand":[],"product_cat":[134],"product_tag":[199,200,198,196,172,260],"class_list":{"0":"post-18042","1":"product","2":"type-product","3":"status-publish","4":"has-post-thumbnail","6":"product_cat-liellopa-gala","7":"product_tag-chuck","8":"product_tag-chuck-roll","9":"product_tag-kakla-karbonade","10":"product_tag-latvijas-liellops","11":"product_tag-liellopa-gala","12":"product_tag-pieejamsbio","14":"first","15":"outofstock","16":"taxable","17":"shipping-taxable","18":"product-type-simple"},"jetpack_sharing_enabled":true,"_links":{"self":[{"href":"https:\/\/galaspiegade.lv\/en\/wp-json\/wp\/v2\/product\/18042","targetHints":{"allow":["GET"]}}],"collection":[{"href":"https:\/\/galaspiegade.lv\/en\/wp-json\/wp\/v2\/product"}],"about":[{"href":"https:\/\/galaspiegade.lv\/en\/wp-json\/wp\/v2\/types\/product"}],"version-history":[{"count":3,"href":"https:\/\/galaspiegade.lv\/en\/wp-json\/wp\/v2\/product\/18042\/revisions"}],"predecessor-version":[{"id":23521,"href":"https:\/\/galaspiegade.lv\/en\/wp-json\/wp\/v2\/product\/18042\/revisions\/23521"}],"wp:featuredmedia":[{"embeddable":true,"href":"https:\/\/galaspiegade.lv\/en\/wp-json\/wp\/v2\/media\/20270"}],"wp:attachment":[{"href":"https:\/\/galaspiegade.lv\/en\/wp-json\/wp\/v2\/media?parent=18042"}],"wp:term":[{"taxonomy":"product_brand","embeddable":true,"href":"https:\/\/galaspiegade.lv\/en\/wp-json\/wp\/v2\/product_brand?post=18042"},{"taxonomy":"product_cat","embeddable":true,"href":"https:\/\/galaspiegade.lv\/en\/wp-json\/wp\/v2\/product_cat?post=18042"},{"taxonomy":"product_tag","embeddable":true,"href":"https:\/\/galaspiegade.lv\/en\/wp-json\/wp\/v2\/product_tag?post=18042"}],"curies":[{"name":"wp","href":"https:\/\/api.w.org\/{rel}","templated":true}]}}