{"id":18050,"date":"2021-05-31T20:20:09","date_gmt":"2021-05-31T17:20:09","guid":{"rendered":"https:\/\/galaspiegade.lv\/?post_type=product&#038;p=18050"},"modified":"2025-01-30T10:26:04","modified_gmt":"2025-01-30T08:26:04","slug":"brisket-krutina","status":"publish","type":"product","link":"https:\/\/galaspiegade.lv\/en\/prece\/brisket-krutina\/","title":{"rendered":"Brisket"},"content":{"rendered":"<p>Liellopa briskete jeb kr\u016bti\u0146a ir liellopa kr\u016b\u0161u da\u013cas muskulis, kas gatavojams l\u0113ni &#8211; k\u016bpinot vai saut\u0113jot. Kr\u016b\u0161u da\u013cas ga\u013cu veido divi da\u017e\u0101di musku\u013ci, kas savienoti ar tauku sl\u0101ni, t\u0101d\u0113\u013c pagatavot\u0101 ga\u013ca ieg\u016bst neticami sul\u012bgu un pies\u0101tin\u0101tu gar\u0161u.<\/p>\n<p>Iedvesmu brisket jeb kr\u016bti\u0146as k\u016bpin\u0101\u0161anai vari smelties te: https:\/\/fb.watch\/8AMjmUafgb\/<\/p>","protected":false},"excerpt":{"rendered":"<p>Liellopa briskete jeb kr\u016bti\u0146a ir liellopa kr\u016b\u0161u da\u013cas muskulis, kas gatavojams l\u0113ni &#8211; k\u016bpinot vai saut\u0113jot. Kr\u016b\u0161u da\u013cas ga\u013cu veido divi da\u017e\u0101di musku\u013ci, kas savienoti ar tauku sl\u0101ni, t\u0101d\u0113\u013c pagatavot\u0101 ga\u013ca ieg\u016bst neticami sul\u012bgu un pies\u0101tin\u0101tu gar\u0161u. Iedvesmu brisket jeb kr\u016bti\u0146as k\u016bpin\u0101\u0161anai vari smelties te: https:\/\/fb.watch\/8AMjmUafgb\/<\/p>","protected":false},"featured_media":23396,"template":"","meta":[],"product_brand":[],"product_cat":[134],"product_tag":[170,165,163,164,260,169],"class_list":{"0":"post-18050","1":"product","2":"type-product","3":"status-publish","4":"has-post-thumbnail","6":"product_cat-liellopa-gala","7":"product_tag-beef","8":"product_tag-beef-brisket","9":"product_tag-brisket","10":"product_tag-krutina","11":"product_tag-pieejamsbio","12":"product_tag-smoked-brisket","14":"first","15":"outofstock","16":"taxable","17":"shipping-taxable","18":"product-type-simple"},"jetpack_sharing_enabled":true,"_links":{"self":[{"href":"https:\/\/galaspiegade.lv\/en\/wp-json\/wp\/v2\/product\/18050","targetHints":{"allow":["GET"]}}],"collection":[{"href":"https:\/\/galaspiegade.lv\/en\/wp-json\/wp\/v2\/product"}],"about":[{"href":"https:\/\/galaspiegade.lv\/en\/wp-json\/wp\/v2\/types\/product"}],"version-history":[{"count":6,"href":"https:\/\/galaspiegade.lv\/en\/wp-json\/wp\/v2\/product\/18050\/revisions"}],"predecessor-version":[{"id":23517,"href":"https:\/\/galaspiegade.lv\/en\/wp-json\/wp\/v2\/product\/18050\/revisions\/23517"}],"wp:featuredmedia":[{"embeddable":true,"href":"https:\/\/galaspiegade.lv\/en\/wp-json\/wp\/v2\/media\/23396"}],"wp:attachment":[{"href":"https:\/\/galaspiegade.lv\/en\/wp-json\/wp\/v2\/media?parent=18050"}],"wp:term":[{"taxonomy":"product_brand","embeddable":true,"href":"https:\/\/galaspiegade.lv\/en\/wp-json\/wp\/v2\/product_brand?post=18050"},{"taxonomy":"product_cat","embeddable":true,"href":"https:\/\/galaspiegade.lv\/en\/wp-json\/wp\/v2\/product_cat?post=18050"},{"taxonomy":"product_tag","embeddable":true,"href":"https:\/\/galaspiegade.lv\/en\/wp-json\/wp\/v2\/product_tag?post=18050"}],"curies":[{"name":"wp","href":"https:\/\/api.w.org\/{rel}","templated":true}]}}