{"id":18054,"date":"2021-05-31T20:23:30","date_gmt":"2021-05-31T17:23:30","guid":{"rendered":"https:\/\/galaspiegade.lv\/?post_type=product&#038;p=18054"},"modified":"2025-01-30T10:25:49","modified_gmt":"2025-01-30T08:25:49","slug":"saldetas-liellopa-ribas","status":"publish","type":"product","link":"https:\/\/galaspiegade.lv\/en\/prece\/saldetas-liellopa-ribas\/","title":{"rendered":"Beef ribs"},"content":{"rendered":"<p>The ribs are located on the upper back of the cattle, closer to the shoulder girdle.<br \/>\nRibs are designed for slow cooking by grilling, smoking or braising.<\/p>\n<p>You can see an idea for preparing them here: https:\/\/fb.watch\/8AM4HUJsZR\/<\/p>","protected":false},"excerpt":{"rendered":"<p>Liellopa ribas atrodas liellopa muguras aug\u0161\u0113j\u0101 da\u013c\u0101, tuv\u0101k plecu joslai. Ribi\u0146as ir paredz\u0113tas l\u0113nai gatavo\u0161anai gril\u0113jot, k\u016bpinot, vai saut\u0113jot. Ideja to pagatavo\u0161anai skat\u0101ma \u0161eit: https:\/\/fb.watch\/8AM4HUJsZR\/<\/p>","protected":false},"featured_media":23405,"template":"","meta":[],"product_brand":[],"product_cat":[134],"product_tag":[183,260,185,184],"class_list":{"0":"post-18054","1":"product","2":"type-product","3":"status-publish","4":"has-post-thumbnail","6":"product_cat-liellopa-gala","7":"product_tag-liellopa-ribas","8":"product_tag-pieejamsbio","9":"product_tag-ribas","10":"product_tag-ribs","12":"first","13":"outofstock","14":"taxable","15":"shipping-taxable","16":"product-type-simple"},"jetpack_sharing_enabled":true,"_links":{"self":[{"href":"https:\/\/galaspiegade.lv\/en\/wp-json\/wp\/v2\/product\/18054","targetHints":{"allow":["GET"]}}],"collection":[{"href":"https:\/\/galaspiegade.lv\/en\/wp-json\/wp\/v2\/product"}],"about":[{"href":"https:\/\/galaspiegade.lv\/en\/wp-json\/wp\/v2\/types\/product"}],"version-history":[{"count":4,"href":"https:\/\/galaspiegade.lv\/en\/wp-json\/wp\/v2\/product\/18054\/revisions"}],"predecessor-version":[{"id":23514,"href":"https:\/\/galaspiegade.lv\/en\/wp-json\/wp\/v2\/product\/18054\/revisions\/23514"}],"wp:featuredmedia":[{"embeddable":true,"href":"https:\/\/galaspiegade.lv\/en\/wp-json\/wp\/v2\/media\/23405"}],"wp:attachment":[{"href":"https:\/\/galaspiegade.lv\/en\/wp-json\/wp\/v2\/media?parent=18054"}],"wp:term":[{"taxonomy":"product_brand","embeddable":true,"href":"https:\/\/galaspiegade.lv\/en\/wp-json\/wp\/v2\/product_brand?post=18054"},{"taxonomy":"product_cat","embeddable":true,"href":"https:\/\/galaspiegade.lv\/en\/wp-json\/wp\/v2\/product_cat?post=18054"},{"taxonomy":"product_tag","embeddable":true,"href":"https:\/\/galaspiegade.lv\/en\/wp-json\/wp\/v2\/product_tag?post=18054"}],"curies":[{"name":"wp","href":"https:\/\/api.w.org\/{rel}","templated":true}]}}