{"id":18126,"date":"2021-06-07T22:44:33","date_gmt":"2021-06-07T19:44:33","guid":{"rendered":"https:\/\/galaspiegade.lv\/?post_type=product&#038;p=18126"},"modified":"2025-01-30T10:24:40","modified_gmt":"2025-01-30T08:24:40","slug":"vaigi","status":"publish","type":"product","link":"https:\/\/galaspiegade.lv\/en\/prece\/vaigi\/","title":{"rendered":"Cheeks"},"content":{"rendered":"<p>Beef cheeks are frozen using shock freezing.<\/p>\n<p>The cheeks are designed for long cooking over low heat. Here you can get inspiration for tacos made from beef cheeks: https:\/\/fb.watch\/8AMLyn0cxv\/<br \/>\nor here: <a href=\"https:\/\/www.santa.lv\/raksts\/ievasreceptes\/receptes\/maltisu-veidi\/pusdienas\/vina-sauteti-liellopa-vaigi-17858\/?fbclid=IwAR2oy1_FDLJLW_147jGZ5QZQRpzlZ9gdkv2pJhpQHCv9YvJpEHeNYwBh6mg\">Beef cheeks braised in wine<\/a><\/p>","protected":false},"excerpt":{"rendered":"<p>Liellopa vaigus pied\u0101v\u0101jam sald\u0113tu, izmantojot \u0161oka sald\u0113\u0161anu. Vaigi paredz\u0113ti ilgai gatavo\u0161anai uz l\u0113nas uguns. Te vari smelties iedvesmu, tacos pagatavo\u0161anai no liellopu vaigiem: https:\/\/fb.watch\/8AMLyn0cxv\/ vai ar\u012b \u0161eit: V\u012bn\u0101 saut\u0113ti liellopa vaigi<\/p>","protected":false},"featured_media":18144,"template":"","meta":[],"product_brand":[],"product_cat":[167],"product_tag":[146,145,144],"class_list":{"0":"post-18126","1":"product","2":"type-product","3":"status-publish","4":"has-post-thumbnail","6":"product_cat-subprodukti","7":"product_tag-cheeks","8":"product_tag-liellopa-vaigi","9":"product_tag-vaigi","11":"first","12":"outofstock","13":"taxable","14":"shipping-taxable","15":"product-type-simple"},"jetpack_sharing_enabled":true,"_links":{"self":[{"href":"https:\/\/galaspiegade.lv\/en\/wp-json\/wp\/v2\/product\/18126","targetHints":{"allow":["GET"]}}],"collection":[{"href":"https:\/\/galaspiegade.lv\/en\/wp-json\/wp\/v2\/product"}],"about":[{"href":"https:\/\/galaspiegade.lv\/en\/wp-json\/wp\/v2\/types\/product"}],"version-history":[{"count":3,"href":"https:\/\/galaspiegade.lv\/en\/wp-json\/wp\/v2\/product\/18126\/revisions"}],"predecessor-version":[{"id":23511,"href":"https:\/\/galaspiegade.lv\/en\/wp-json\/wp\/v2\/product\/18126\/revisions\/23511"}],"wp:featuredmedia":[{"embeddable":true,"href":"https:\/\/galaspiegade.lv\/en\/wp-json\/wp\/v2\/media\/18144"}],"wp:attachment":[{"href":"https:\/\/galaspiegade.lv\/en\/wp-json\/wp\/v2\/media?parent=18126"}],"wp:term":[{"taxonomy":"product_brand","embeddable":true,"href":"https:\/\/galaspiegade.lv\/en\/wp-json\/wp\/v2\/product_brand?post=18126"},{"taxonomy":"product_cat","embeddable":true,"href":"https:\/\/galaspiegade.lv\/en\/wp-json\/wp\/v2\/product_cat?post=18126"},{"taxonomy":"product_tag","embeddable":true,"href":"https:\/\/galaspiegade.lv\/en\/wp-json\/wp\/v2\/product_tag?post=18126"}],"curies":[{"name":"wp","href":"https:\/\/api.w.org\/{rel}","templated":true}]}}