{"id":18132,"date":"2021-06-07T22:47:49","date_gmt":"2021-06-07T19:47:49","guid":{"rendered":"https:\/\/galaspiegade.lv\/?post_type=product&#038;p=18132"},"modified":"2025-01-30T10:24:18","modified_gmt":"2025-01-30T08:24:18","slug":"aknas","status":"publish","type":"product","link":"https:\/\/galaspiegade.lv\/en\/prece\/aknas\/","title":{"rendered":"Liver"},"content":{"rendered":"<p>Liellopa aknas ir iepriek\u0161 sald\u0113tas \u0161oka sald\u0113tav\u0101.<\/p>\n<p>Sagrieztas un fas\u0113tas pa 0.5 &#8211; 1.5kg.<\/p>","protected":false},"excerpt":{"rendered":"<p>Liellopa aknas ir iepriek\u0161 sald\u0113tas \u0161oka sald\u0113tav\u0101. Sagrieztas un fas\u0113tas pa 0.5 &#8211; 1.5kg.<\/p>","protected":false},"featured_media":18142,"template":"","meta":[],"product_brand":[],"product_cat":[167],"product_tag":[137,138],"class_list":{"0":"post-18132","1":"product","2":"type-product","3":"status-publish","4":"has-post-thumbnail","6":"product_cat-subprodukti","7":"product_tag-aknas","8":"product_tag-liellopa-aknas","10":"first","11":"outofstock","12":"taxable","13":"shipping-taxable","14":"product-type-simple"},"jetpack_sharing_enabled":true,"_links":{"self":[{"href":"https:\/\/galaspiegade.lv\/en\/wp-json\/wp\/v2\/product\/18132","targetHints":{"allow":["GET"]}}],"collection":[{"href":"https:\/\/galaspiegade.lv\/en\/wp-json\/wp\/v2\/product"}],"about":[{"href":"https:\/\/galaspiegade.lv\/en\/wp-json\/wp\/v2\/types\/product"}],"version-history":[{"count":4,"href":"https:\/\/galaspiegade.lv\/en\/wp-json\/wp\/v2\/product\/18132\/revisions"}],"predecessor-version":[{"id":23508,"href":"https:\/\/galaspiegade.lv\/en\/wp-json\/wp\/v2\/product\/18132\/revisions\/23508"}],"wp:featuredmedia":[{"embeddable":true,"href":"https:\/\/galaspiegade.lv\/en\/wp-json\/wp\/v2\/media\/18142"}],"wp:attachment":[{"href":"https:\/\/galaspiegade.lv\/en\/wp-json\/wp\/v2\/media?parent=18132"}],"wp:term":[{"taxonomy":"product_brand","embeddable":true,"href":"https:\/\/galaspiegade.lv\/en\/wp-json\/wp\/v2\/product_brand?post=18132"},{"taxonomy":"product_cat","embeddable":true,"href":"https:\/\/galaspiegade.lv\/en\/wp-json\/wp\/v2\/product_cat?post=18132"},{"taxonomy":"product_tag","embeddable":true,"href":"https:\/\/galaspiegade.lv\/en\/wp-json\/wp\/v2\/product_tag?post=18132"}],"curies":[{"name":"wp","href":"https:\/\/api.w.org\/{rel}","templated":true}]}}