{"id":18196,"date":"2021-06-13T16:47:00","date_gmt":"2021-06-13T13:47:00","guid":{"rendered":"https:\/\/galaspiegade.lv\/?post_type=product&#038;p=18196"},"modified":"2025-01-30T10:23:15","modified_gmt":"2025-01-30T08:23:15","slug":"liellopa-galas-pelmeni","status":"publish","type":"product","link":"https:\/\/galaspiegade.lv\/en\/prece\/liellopa-galas-pelmeni\/","title":{"rendered":"Beef dumplings"},"content":{"rendered":"<p>Storage temperature -18\u00b0C.<\/p>\n<p><strong>Ingredients:<\/strong>:<br \/>\nStuffing 55% (beef 90% (Latvia), pork fat, onion, carrot, breadcrumbs (WHEAT flour, water, salt, yeast), parsley, salt, garlic, dill, pepper.<br \/>\nDough 45% (WHEAT flour, water, OIL, rapeseed oil, salt, sugar).<\/p>\n<p><strong>Energy value<\/strong>: 940kJ\/225 kcal, 100g contains: fat 7.4g, saturates 1.7g, carbohydrates 24g, sugars 0.5g, protein 15g, salt 1.2g.<\/p>\n<p><strong>Manufacturer:<\/strong>: SIA Piebalgas K\u016bpin\u0101tava, \u201cLauras\u201d, Taurene.<\/p>\n<p>Made for KS \"LATVIJAS LIELLOPS\".<\/p>\n<p>Delicious, filling, real beef dumplings!<br \/>\nPerfect both fried and boiled!<\/p>\n<p>Packed by 0.5 kg.<\/p>","protected":false},"excerpt":{"rendered":"<p>Uzglab\u0101\u0161anas temperat\u016bra -18\u00b0C. Sast\u0101vda\u013cas: Pild\u012bjums 55% (liellopu ga\u013ca 90%(Latvija), c\u016bkga\u013cas spe\u0137is, s\u012bpoli, burk\u0101ni, r\u012bvmaize(KVIE\u0160U milti, \u016bdens, s\u0101ls, raugs), p\u0113ters\u012b\u013ci, s\u0101ls, \u0137iploki, dilles, pipari. M\u012bkla 45%(KVIE\u0160U milti, \u016bdens, OLAS, rap\u0161u e\u013c\u013ca, s\u0101ls, cukurs). Ener\u0123\u0113tisk\u0101 v\u0113rt\u012bba: 940kJ\/225 kcal, 100g produkta satur: tauki 7.4g, to starp pies\u0101tin\u0101t\u0101s tauksk\u0101bes 1.7g, og\u013chidr\u0101ti 24g, to starp cukuri 0.5g,\u00a0 olbaltumvielas 15g, s\u0101ls 1.2g. Ra\u017eot\u0101js: SIA Piebalgas K\u016bpin\u0101tava, &#8220;Lauras&#8221;, Taurene. Ra\u017eots p\u0113c KS &#8220;LATVIJAS LIELLOPS&#8221; pas\u016bt\u012bjuma. Gardi, s\u0101t\u012bgi, \u012bsti liellopa ga\u013cas pelme\u0146i! Ide\u0101li gan cepti, gan v\u0101r\u012bti! Fas\u0113ti pa 0.5kg.<\/p>","protected":false},"featured_media":20266,"template":"","meta":[],"product_brand":[],"product_cat":[174,168],"product_tag":[173,172,171],"class_list":{"0":"post-18196","1":"product","2":"type-product","3":"status-publish","4":"has-post-thumbnail","6":"product_cat-jaunumi","7":"product_cat-izstradajumi","8":"product_tag-izstradajumi","9":"product_tag-liellopa-gala","10":"product_tag-pelmeni","12":"first","13":"outofstock","14":"taxable","15":"shipping-taxable","16":"product-type-simple"},"jetpack_sharing_enabled":true,"_links":{"self":[{"href":"https:\/\/galaspiegade.lv\/en\/wp-json\/wp\/v2\/product\/18196","targetHints":{"allow":["GET"]}}],"collection":[{"href":"https:\/\/galaspiegade.lv\/en\/wp-json\/wp\/v2\/product"}],"about":[{"href":"https:\/\/galaspiegade.lv\/en\/wp-json\/wp\/v2\/types\/product"}],"version-history":[{"count":5,"href":"https:\/\/galaspiegade.lv\/en\/wp-json\/wp\/v2\/product\/18196\/revisions"}],"predecessor-version":[{"id":23503,"href":"https:\/\/galaspiegade.lv\/en\/wp-json\/wp\/v2\/product\/18196\/revisions\/23503"}],"wp:featuredmedia":[{"embeddable":true,"href":"https:\/\/galaspiegade.lv\/en\/wp-json\/wp\/v2\/media\/20266"}],"wp:attachment":[{"href":"https:\/\/galaspiegade.lv\/en\/wp-json\/wp\/v2\/media?parent=18196"}],"wp:term":[{"taxonomy":"product_brand","embeddable":true,"href":"https:\/\/galaspiegade.lv\/en\/wp-json\/wp\/v2\/product_brand?post=18196"},{"taxonomy":"product_cat","embeddable":true,"href":"https:\/\/galaspiegade.lv\/en\/wp-json\/wp\/v2\/product_cat?post=18196"},{"taxonomy":"product_tag","embeddable":true,"href":"https:\/\/galaspiegade.lv\/en\/wp-json\/wp\/v2\/product_tag?post=18196"}],"curies":[{"name":"wp","href":"https:\/\/api.w.org\/{rel}","templated":true}]}}