{"id":18201,"date":"2021-06-13T17:09:06","date_gmt":"2021-06-13T14:09:06","guid":{"rendered":"https:\/\/galaspiegade.lv\/?post_type=product&#038;p=18201"},"modified":"2025-01-30T10:23:06","modified_gmt":"2025-01-30T08:23:06","slug":"liellopa-galas-burgerisi","status":"publish","type":"product","link":"https:\/\/galaspiegade.lv\/en\/prece\/liellopa-galas-burgerisi\/","title":{"rendered":"Beef burger patties"},"content":{"rendered":"<p>Storage temperature -18\u00b0C.<\/p>\n<p><strong>Ingredients:<\/strong>Beef (98%), sea salt, natural flavouring. Contains: SULFITES AND SULFITES.<\/p>\n<p>Nutrition value per 100g product - Energy 538Kj; kJ\/128KCal; kcal; Fat: 4.9g; Protein: 21g; Salt: 0.98g;<\/p>\n<p class=\"m_-7485327054402748404MsoListParagraph\">Country of origin of the basic raw material: Latvia.<\/p>\n<p><strong>Manufacturer:<\/strong>SIA \u201cMG Fabrika\u201d, Valgales iela 4, R\u012bga, LV-1029.<\/p>\n<p>Made for KS \"LATVIJAS LIELLOPS\".<\/p>\n<p>Grill-ready beef burgers made with the perfect ratio of beef, fat, salt and pepper. The burgers are shock-frozen to ensure they retain their excellent flavour and shape until delivery.<\/p>\n<p>4 burgers per pack. The weight of one burger is 150 grams. Package weight 0,60 - 0,65 kg.<\/p>\n<p><img fetchpriority=\"high\" decoding=\"async\" class=\"alignnone size-medium wp-image-19394\" src=\"https:\/\/galaspiegade.lv\/wp-content\/uploads\/2022\/09\/IMG-81091-225x300.jpg\" alt=\"\" width=\"225\" height=\"300\" \/><\/p>\n<p>&nbsp;<\/p>","protected":false},"excerpt":{"rendered":"<p>Uzglab\u0101\u0161anas temperat\u016bra -18\u00b0C. Sast\u0101vda\u013cas: liellopu ga\u013ca (98%), j\u016bras s\u0101ls, dab\u012bgais aromatiz\u0113t\u0101js. Satur: S\u0112RA DIOKS\u012aDU UN SULF\u012aTUS. Uzturv\u0113rt\u012bba 100g produkta \u2013 Ener\u0123\u0113tisk\u0101 v\u0113rt\u012bba 538Kj; kJ\/128KCal; kcal; Tauki: 4.9g; Olbaltumvielas: 21g; S\u0101ls: 0.98g; Pamatizejvielas izcelsmes valsts: Latvija. Ra\u017eot\u0101js: SIA &#8220;MG Fabrika&#8221;, Valgales iela 4, R\u012bga, LV-1029. Ra\u017eots p\u0113c KS &#8220;LATVIJAS LIELLOPS&#8221; pas\u016bt\u012bjuma. Gril\u0113\u0161anai gatavi liellopa ga\u013cas burger\u012b\u0161i, kas pagatavoti, izmantojot perfektu liellopa ga\u013cas, tauku, s\u0101ls un piparu attiec\u012bbu. Burger\u012b\u0161i sald\u0113ti \u0161oka sald\u0113tav\u0101, lai tie saglab\u0101tu savas izcil\u0101s gar\u0161as \u012bpa\u0161\u012bbas un formu l\u012bdz pat pieg\u0101des br\u012bdim. Vien\u0101 iepakojum\u0101 ir 4 burger\u012b\u0161i. Viena burgera svars ir 150 grami. Iepakojuma svars 0.60 &#8211; 0.65 kg. &nbsp;<\/p>","protected":false},"featured_media":18329,"template":"","meta":[],"product_brand":[],"product_cat":[168],"product_tag":[],"class_list":{"0":"post-18201","1":"product","2":"type-product","3":"status-publish","4":"has-post-thumbnail","6":"product_cat-izstradajumi","8":"first","9":"outofstock","10":"taxable","11":"shipping-taxable","12":"product-type-simple"},"jetpack_sharing_enabled":true,"_links":{"self":[{"href":"https:\/\/galaspiegade.lv\/en\/wp-json\/wp\/v2\/product\/18201","targetHints":{"allow":["GET"]}}],"collection":[{"href":"https:\/\/galaspiegade.lv\/en\/wp-json\/wp\/v2\/product"}],"about":[{"href":"https:\/\/galaspiegade.lv\/en\/wp-json\/wp\/v2\/types\/product"}],"version-history":[{"count":4,"href":"https:\/\/galaspiegade.lv\/en\/wp-json\/wp\/v2\/product\/18201\/revisions"}],"predecessor-version":[{"id":23501,"href":"https:\/\/galaspiegade.lv\/en\/wp-json\/wp\/v2\/product\/18201\/revisions\/23501"}],"wp:featuredmedia":[{"embeddable":true,"href":"https:\/\/galaspiegade.lv\/en\/wp-json\/wp\/v2\/media\/18329"}],"wp:attachment":[{"href":"https:\/\/galaspiegade.lv\/en\/wp-json\/wp\/v2\/media?parent=18201"}],"wp:term":[{"taxonomy":"product_brand","embeddable":true,"href":"https:\/\/galaspiegade.lv\/en\/wp-json\/wp\/v2\/product_brand?post=18201"},{"taxonomy":"product_cat","embeddable":true,"href":"https:\/\/galaspiegade.lv\/en\/wp-json\/wp\/v2\/product_cat?post=18201"},{"taxonomy":"product_tag","embeddable":true,"href":"https:\/\/galaspiegade.lv\/en\/wp-json\/wp\/v2\/product_tag?post=18201"}],"curies":[{"name":"wp","href":"https:\/\/api.w.org\/{rel}","templated":true}]}}