{"id":18208,"date":"2021-06-13T19:16:23","date_gmt":"2021-06-13T16:16:23","guid":{"rendered":"https:\/\/galaspiegade.lv\/?post_type=product&#038;p=18208"},"modified":"2025-01-30T10:22:44","modified_gmt":"2025-01-30T08:22:44","slug":"liellopa-stobra-kauli","status":"publish","type":"product","link":"https:\/\/galaspiegade.lv\/en\/prece\/liellopa-stobra-kauli\/","title":{"rendered":"Liellopa stobra kauli"},"content":{"rendered":"<p>Ar \u0161iem stobra kauliem ir viegli rad\u012bt restor\u0101na cien\u012bgu malt\u012bti sav\u0101s m\u0101j\u0101s. \u0160ie smadze\u0146u stobra kauli tiek izgriezti no liellopa aug\u0161stilba, kas ir liel\u0101kais kauls dz\u012bvnieka \u0137ermen\u012b.<\/p>\n<p>Iedvesmu to pagatavo\u0161anai vari smelties no OAK<code>A<\/code>BBQ Kristapa: https:\/\/fb.watch\/8ALZG8xQMO\/<\/p>","protected":false},"excerpt":{"rendered":"<p>Ar \u0161iem stobra kauliem ir viegli rad\u012bt restor\u0101na cien\u012bgu malt\u012bti sav\u0101s m\u0101j\u0101s. \u0160ie smadze\u0146u stobra kauli tiek izgriezti no liellopa aug\u0161stilba, kas ir liel\u0101kais kauls dz\u012bvnieka \u0137ermen\u012b. Iedvesmu to pagatavo\u0161anai vari smelties no OAKABBQ Kristapa: https:\/\/fb.watch\/8ALZG8xQMO\/<\/p>","protected":false},"featured_media":23408,"template":"","meta":[],"product_brand":[],"product_cat":[134,167],"product_tag":[216,228,227,196,229,225,226],"class_list":{"0":"post-18208","1":"product","2":"type-product","3":"status-publish","4":"has-post-thumbnail","6":"product_cat-liellopa-gala","7":"product_cat-subprodukti","8":"product_tag-buljons","9":"product_tag-delikatese","10":"product_tag-kaula-smadzenes","11":"product_tag-latvijas-liellops","12":"product_tag-liellops","13":"product_tag-stobra-kauli","14":"product_tag-stobra-laivinas","16":"first","17":"outofstock","18":"taxable","19":"shipping-taxable","20":"product-type-simple"},"jetpack_sharing_enabled":true,"_links":{"self":[{"href":"https:\/\/galaspiegade.lv\/en\/wp-json\/wp\/v2\/product\/18208","targetHints":{"allow":["GET"]}}],"collection":[{"href":"https:\/\/galaspiegade.lv\/en\/wp-json\/wp\/v2\/product"}],"about":[{"href":"https:\/\/galaspiegade.lv\/en\/wp-json\/wp\/v2\/types\/product"}],"version-history":[{"count":5,"href":"https:\/\/galaspiegade.lv\/en\/wp-json\/wp\/v2\/product\/18208\/revisions"}],"predecessor-version":[{"id":23499,"href":"https:\/\/galaspiegade.lv\/en\/wp-json\/wp\/v2\/product\/18208\/revisions\/23499"}],"wp:featuredmedia":[{"embeddable":true,"href":"https:\/\/galaspiegade.lv\/en\/wp-json\/wp\/v2\/media\/23408"}],"wp:attachment":[{"href":"https:\/\/galaspiegade.lv\/en\/wp-json\/wp\/v2\/media?parent=18208"}],"wp:term":[{"taxonomy":"product_brand","embeddable":true,"href":"https:\/\/galaspiegade.lv\/en\/wp-json\/wp\/v2\/product_brand?post=18208"},{"taxonomy":"product_cat","embeddable":true,"href":"https:\/\/galaspiegade.lv\/en\/wp-json\/wp\/v2\/product_cat?post=18208"},{"taxonomy":"product_tag","embeddable":true,"href":"https:\/\/galaspiegade.lv\/en\/wp-json\/wp\/v2\/product_tag?post=18208"}],"curies":[{"name":"wp","href":"https:\/\/api.w.org\/{rel}","templated":true}]}}