{"id":18211,"date":"2021-06-13T23:48:46","date_gmt":"2021-06-13T20:48:46","guid":{"rendered":"https:\/\/galaspiegade.lv\/?post_type=product&#038;p=18211"},"modified":"2025-01-30T10:22:36","modified_gmt":"2025-01-30T08:22:36","slug":"liellopa-short-ribs","status":"publish","type":"product","link":"https:\/\/galaspiegade.lv\/en\/prece\/liellopa-short-ribs\/","title":{"rendered":"Beef short ribs"},"content":{"rendered":"<p>We are delighted to present you Texas Style Short Ribs. This is the best and meatiest part of beef short ribs. Texas Short Ribs are the perfect combination of fat and meat for any BBQ enthusiast.<\/p>\n<p>You can get inspiration for ribs preparation from Kristaps from OAK<code>a<\/code>BBQ: https:\/\/fb.watch\/8AM4HUJsZR\/<\/p>","protected":false},"excerpt":{"rendered":"<p>M\u0113s ar prieku Jums pied\u0101v\u0101jam Teksasas stila Short Ribs. \u0160\u012b ir lab\u0101k\u0101 un ga\u013c\u012bg\u0101k\u0101 liellopa ribi\u0146u da\u013ca. Teksasas ribi\u0146as, &#8211; t\u0101 ir lieliska tauku un ga\u013cas attiec\u012bbu kombin\u0101cija, kas piem\u0113rota ikvienam BBQ entuziastam. Iedvesmu ribi\u0146u pagatavo\u0161anai vari smelties pie Kristapa no OAKaBBQ: https:\/\/fb.watch\/8AM4HUJsZR\/<\/p>","protected":false},"featured_media":23406,"template":"","meta":[],"product_brand":[],"product_cat":[134],"product_tag":[183,185,184,230],"class_list":{"0":"post-18211","1":"product","2":"type-product","3":"status-publish","4":"has-post-thumbnail","6":"product_cat-liellopa-gala","7":"product_tag-liellopa-ribas","8":"product_tag-ribas","9":"product_tag-ribs","10":"product_tag-short-ribs","12":"first","13":"outofstock","14":"taxable","15":"shipping-taxable","16":"product-type-simple"},"jetpack_sharing_enabled":true,"_links":{"self":[{"href":"https:\/\/galaspiegade.lv\/en\/wp-json\/wp\/v2\/product\/18211","targetHints":{"allow":["GET"]}}],"collection":[{"href":"https:\/\/galaspiegade.lv\/en\/wp-json\/wp\/v2\/product"}],"about":[{"href":"https:\/\/galaspiegade.lv\/en\/wp-json\/wp\/v2\/types\/product"}],"version-history":[{"count":5,"href":"https:\/\/galaspiegade.lv\/en\/wp-json\/wp\/v2\/product\/18211\/revisions"}],"predecessor-version":[{"id":23502,"href":"https:\/\/galaspiegade.lv\/en\/wp-json\/wp\/v2\/product\/18211\/revisions\/23502"}],"wp:featuredmedia":[{"embeddable":true,"href":"https:\/\/galaspiegade.lv\/en\/wp-json\/wp\/v2\/media\/23406"}],"wp:attachment":[{"href":"https:\/\/galaspiegade.lv\/en\/wp-json\/wp\/v2\/media?parent=18211"}],"wp:term":[{"taxonomy":"product_brand","embeddable":true,"href":"https:\/\/galaspiegade.lv\/en\/wp-json\/wp\/v2\/product_brand?post=18211"},{"taxonomy":"product_cat","embeddable":true,"href":"https:\/\/galaspiegade.lv\/en\/wp-json\/wp\/v2\/product_cat?post=18211"},{"taxonomy":"product_tag","embeddable":true,"href":"https:\/\/galaspiegade.lv\/en\/wp-json\/wp\/v2\/product_tag?post=18211"}],"curies":[{"name":"wp","href":"https:\/\/api.w.org\/{rel}","templated":true}]}}