{"id":18331,"date":"2021-06-18T08:18:00","date_gmt":"2021-06-18T05:18:00","guid":{"rendered":"https:\/\/galaspiegade.lv\/?post_type=product&#038;p=18331"},"modified":"2025-01-30T10:22:28","modified_gmt":"2025-01-30T08:22:28","slug":"liellopa-seklinieki","status":"publish","type":"product","link":"https:\/\/galaspiegade.lv\/en\/prece\/liellopa-seklinieki\/","title":{"rendered":"Bovine testicles"},"content":{"rendered":"<p>Pieg\u0101d\u0101jam sald\u0113tu, sald\u0113jam \u0161oka sald\u0113tav\u0101.<\/p>","protected":false},"excerpt":{"rendered":"<p>Pieg\u0101d\u0101jam sald\u0113tu, sald\u0113jam \u0161oka sald\u0113tav\u0101.<\/p>","protected":false},"featured_media":18332,"template":"","meta":[],"product_brand":[],"product_cat":[167],"product_tag":[],"class_list":{"0":"post-18331","1":"product","2":"type-product","3":"status-publish","4":"has-post-thumbnail","6":"product_cat-subprodukti","8":"first","9":"outofstock","10":"taxable","11":"shipping-taxable","12":"product-type-simple"},"jetpack_sharing_enabled":true,"_links":{"self":[{"href":"https:\/\/galaspiegade.lv\/en\/wp-json\/wp\/v2\/product\/18331","targetHints":{"allow":["GET"]}}],"collection":[{"href":"https:\/\/galaspiegade.lv\/en\/wp-json\/wp\/v2\/product"}],"about":[{"href":"https:\/\/galaspiegade.lv\/en\/wp-json\/wp\/v2\/types\/product"}],"version-history":[{"count":3,"href":"https:\/\/galaspiegade.lv\/en\/wp-json\/wp\/v2\/product\/18331\/revisions"}],"predecessor-version":[{"id":23497,"href":"https:\/\/galaspiegade.lv\/en\/wp-json\/wp\/v2\/product\/18331\/revisions\/23497"}],"wp:featuredmedia":[{"embeddable":true,"href":"https:\/\/galaspiegade.lv\/en\/wp-json\/wp\/v2\/media\/18332"}],"wp:attachment":[{"href":"https:\/\/galaspiegade.lv\/en\/wp-json\/wp\/v2\/media?parent=18331"}],"wp:term":[{"taxonomy":"product_brand","embeddable":true,"href":"https:\/\/galaspiegade.lv\/en\/wp-json\/wp\/v2\/product_brand?post=18331"},{"taxonomy":"product_cat","embeddable":true,"href":"https:\/\/galaspiegade.lv\/en\/wp-json\/wp\/v2\/product_cat?post=18331"},{"taxonomy":"product_tag","embeddable":true,"href":"https:\/\/galaspiegade.lv\/en\/wp-json\/wp\/v2\/product_tag?post=18331"}],"curies":[{"name":"wp","href":"https:\/\/api.w.org\/{rel}","templated":true}]}}