{"id":18465,"date":"2021-07-20T11:10:29","date_gmt":"2021-07-20T08:10:29","guid":{"rendered":"https:\/\/galaspiegade.lv\/?post_type=product&#038;p=18465"},"modified":"2025-01-30T10:22:10","modified_gmt":"2025-01-30T08:22:10","slug":"liellopa-galas-kupati","status":"publish","type":"product","link":"https:\/\/galaspiegade.lv\/en\/prece\/liellopa-galas-kupati\/","title":{"rendered":"Beef coupes"},"content":{"rendered":"<p>T\u0101s ir kup\u0101tdesi\u0146as ar klasisku, baud\u0101mu kup\u0101tu gar\u0161u.<\/p>\n<p>M\u0113s p\u0101rliecin\u0101mies, lai kup\u0101tos tiktu sajaukta perfekta liellopa ga\u013cas un c\u016bkga\u013cas spe\u0137a mais\u012bjuma attiec\u012bba, kas \u013cauj mums katr\u0101 reiz\u0113 ieg\u016bt gar\u0161as pies\u0101tin\u0101tu kup\u0101tdesi\u0146u.<\/p>\n<p>Pieg\u0101d\u0101jam sasald\u0113tu, sald\u0113ts \u0161oka sald\u0113tav\u0101.<\/p>\n<p>Iepakojum\u0101 3-4 kup\u0101tdesi\u0146as, iepakojuma svars apm\u0113ram 600 g.<\/p>\n<p>Sast\u0101vda\u013cas: liellopu ga\u013ca (73%), c\u016bkga\u013cas spe\u0137is (18.36%), \u016bdens, j\u016bras s\u0101ls, dab\u012bgais aromatiz\u0113t\u0101js, melnie pipari malti, \u0137imenes, dab\u012bgs citronu aromatiz\u0113t\u0101js, muskata zieds malts, kardamons, ingvers malts. C\u016bku zarna. Satur: S\u0112RA DIOKS\u012aDU UN SULF\u012aTUS. Uzturv\u0113rt\u012bba 100g produkta \u2013 Ener\u0123\u0113tisk\u0101 v\u0113rt\u012bba 965Kj; kJ\/232KCal; kcal; Tauki: 18g; Tostarp pies\u0101tin\u0101t\u0101s tauksk\u0101bes: 7.25g; Og\u013chidr\u0101ti: 0.6g; Tostarp cukuri: 0.12g; Olbaltumvielas: 16g; S\u0101ls: 1.6g; <u><\/u><u><\/u><\/p>\n<p class=\"m_-7485327054402748404MsoListParagraph\">Country of origin of the basic raw material: Latvia.<\/p>","protected":false},"excerpt":{"rendered":"<p>T\u0101s ir kup\u0101tdesi\u0146as ar klasisku, baud\u0101mu kup\u0101tu gar\u0161u. M\u0113s p\u0101rliecin\u0101mies, lai kup\u0101tos tiktu sajaukta perfekta liellopa ga\u013cas un c\u016bkga\u013cas spe\u0137a mais\u012bjuma attiec\u012bba, kas \u013cauj mums katr\u0101 reiz\u0113 ieg\u016bt gar\u0161as pies\u0101tin\u0101tu kup\u0101tdesi\u0146u. Pieg\u0101d\u0101jam sasald\u0113tu, sald\u0113ts \u0161oka sald\u0113tav\u0101. Iepakojum\u0101 3-4 kup\u0101tdesi\u0146as, iepakojuma svars apm\u0113ram 600 g. Sast\u0101vda\u013cas: liellopu ga\u013ca (73%), c\u016bkga\u013cas spe\u0137is (18.36%), \u016bdens, j\u016bras s\u0101ls, dab\u012bgais aromatiz\u0113t\u0101js, melnie pipari malti, \u0137imenes, dab\u012bgs citronu aromatiz\u0113t\u0101js, muskata zieds malts, kardamons, ingvers malts. C\u016bku zarna. Satur: S\u0112RA DIOKS\u012aDU UN SULF\u012aTUS. Uzturv\u0113rt\u012bba 100g produkta \u2013 Ener\u0123\u0113tisk\u0101 v\u0113rt\u012bba 965Kj; kJ\/232KCal; kcal; Tauki: 18g; Tostarp pies\u0101tin\u0101t\u0101s tauksk\u0101bes: 7.25g; Og\u013chidr\u0101ti: 0.6g; Tostarp cukuri: 0.12g; Olbaltumvielas: 16g; S\u0101ls: 1.6g; Pamatizejvielas izcelsmes valsts: Latvija.<\/p>","protected":false},"featured_media":18466,"template":"","meta":[],"product_brand":[],"product_cat":[168],"product_tag":[],"class_list":{"0":"post-18465","1":"product","2":"type-product","3":"status-publish","4":"has-post-thumbnail","6":"product_cat-izstradajumi","8":"first","9":"outofstock","10":"taxable","11":"shipping-taxable","12":"product-type-simple"},"jetpack_sharing_enabled":true,"_links":{"self":[{"href":"https:\/\/galaspiegade.lv\/en\/wp-json\/wp\/v2\/product\/18465","targetHints":{"allow":["GET"]}}],"collection":[{"href":"https:\/\/galaspiegade.lv\/en\/wp-json\/wp\/v2\/product"}],"about":[{"href":"https:\/\/galaspiegade.lv\/en\/wp-json\/wp\/v2\/types\/product"}],"version-history":[{"count":5,"href":"https:\/\/galaspiegade.lv\/en\/wp-json\/wp\/v2\/product\/18465\/revisions"}],"predecessor-version":[{"id":23495,"href":"https:\/\/galaspiegade.lv\/en\/wp-json\/wp\/v2\/product\/18465\/revisions\/23495"}],"wp:featuredmedia":[{"embeddable":true,"href":"https:\/\/galaspiegade.lv\/en\/wp-json\/wp\/v2\/media\/18466"}],"wp:attachment":[{"href":"https:\/\/galaspiegade.lv\/en\/wp-json\/wp\/v2\/media?parent=18465"}],"wp:term":[{"taxonomy":"product_brand","embeddable":true,"href":"https:\/\/galaspiegade.lv\/en\/wp-json\/wp\/v2\/product_brand?post=18465"},{"taxonomy":"product_cat","embeddable":true,"href":"https:\/\/galaspiegade.lv\/en\/wp-json\/wp\/v2\/product_cat?post=18465"},{"taxonomy":"product_tag","embeddable":true,"href":"https:\/\/galaspiegade.lv\/en\/wp-json\/wp\/v2\/product_tag?post=18465"}],"curies":[{"name":"wp","href":"https:\/\/api.w.org\/{rel}","templated":true}]}}