{"id":18684,"date":"2021-10-07T07:25:44","date_gmt":"2021-10-07T04:25:44","guid":{"rendered":"https:\/\/galaspiegade.lv\/?post_type=product&#038;p=18684"},"modified":"2025-01-30T10:21:59","modified_gmt":"2025-01-30T08:21:59","slug":"gimenes-paka","status":"publish","type":"product","link":"https:\/\/galaspiegade.lv\/en\/prece\/gimenes-paka\/","title":{"rendered":"Family pack"},"content":{"rendered":"<p>Lai neb\u016btu ilgi j\u0101pr\u0101to, ko tie\u0161i no liellopa ga\u013cas pied\u0101v\u0101juma likt gald\u0101 savai \u0123imenei, m\u0113s esam sagatavoju\u0161i divus \u0122imenes pakas veidus &#8211; jau sakomplekt\u0113tas pakas, ikdienas malt\u012bt\u0113m.<br \/>\nParastaj\u0101 \u0122imenes pak\u0101 nokomplekt\u0113jam &#8211; 1.5kg liellopa malt\u0101 ga\u013ca, 2kg gula\u0161a gabali\u0146i, 1kg osso buco \u0161\u0137\u0113les, 1.2 kg kakla karbon\u0101de.<\/p>\n<p>Liellopa maltaj\u0101 ga\u013cai izmanto\u0161anas iesp\u0113jas ir neierobe\u017eotas &#8211; m\u0113rces, kotletes, burgeri, pild\u012bti d\u0101rze\u0146i, tacos, lazanjas un v\u0113l un v\u0113l.<br \/>\nNo gula\u0161a gabali\u0146iem iesak\u0101m pagatavot gula\u0161u, strogonovu vai v\u0101r\u012bt gula\u0161a zupas.<br \/>\nAr osso buco \u0161\u0137\u0113l\u0113m iesak\u0101m izmantot k\u0101du no it\u0101\u013cu recept\u0113m, kur\u0101s osso buco tiek saut\u0113ti v\u012bn\u0101, kop\u0101 ar d\u0101rze\u0146iem. M\u0113li var nor\u012bt!<br \/>\nKakla karbon\u0101di var gan griezt steika \u0161\u0137\u0113l\u0113s un grill\u0113t vai cept uz pannas, gan saut\u0113t cepet\u012b, gan marin\u0113t \u0161a\u0161lik\u0101.<\/p>\n<p>Lai labi gar\u0161o! \ud83d\ude42<\/p>","protected":false},"excerpt":{"rendered":"<p>Lai neb\u016btu ilgi j\u0101pr\u0101to, ko tie\u0161i no liellopa ga\u013cas pied\u0101v\u0101juma likt gald\u0101 savai \u0123imenei, m\u0113s esam sagatavoju\u0161i divus \u0122imenes pakas veidus &#8211; jau sakomplekt\u0113tas pakas, ikdienas malt\u012bt\u0113m. Parastaj\u0101 \u0122imenes pak\u0101 nokomplekt\u0113jam &#8211; 1.5kg liellopa malt\u0101 ga\u013ca, 2kg gula\u0161a gabali\u0146i, 1kg osso buco \u0161\u0137\u0113les, 1.2 kg kakla karbon\u0101de. Liellopa maltaj\u0101 ga\u013cai izmanto\u0161anas iesp\u0113jas ir neierobe\u017eotas &#8211; m\u0113rces, kotletes, burgeri, pild\u012bti d\u0101rze\u0146i, tacos, lazanjas un v\u0113l un v\u0113l. No gula\u0161a gabali\u0146iem iesak\u0101m pagatavot gula\u0161u, strogonovu vai v\u0101r\u012bt gula\u0161a zupas. Ar osso buco \u0161\u0137\u0113l\u0113m iesak\u0101m izmantot k\u0101du no it\u0101\u013cu recept\u0113m, kur\u0101s osso buco tiek saut\u0113ti v\u012bn\u0101, kop\u0101 ar d\u0101rze\u0146iem. M\u0113li var nor\u012bt! Kakla karbon\u0101di var gan griezt steika \u0161\u0137\u0113l\u0113s un grill\u0113t vai cept uz pannas, gan saut\u0113t cepet\u012b, gan marin\u0113t \u0161a\u0161lik\u0101. Lai labi gar\u0161o! \ud83d\ude42<\/p>","protected":false},"featured_media":22528,"template":"","meta":[],"product_brand":[],"product_cat":[495,174],"product_tag":[],"class_list":{"0":"post-18684","1":"product","2":"type-product","3":"status-publish","4":"has-post-thumbnail","6":"product_cat-ipasie-piedavajumi","7":"product_cat-jaunumi","9":"first","10":"outofstock","11":"taxable","12":"shipping-taxable","13":"product-type-simple"},"jetpack_sharing_enabled":true,"_links":{"self":[{"href":"https:\/\/galaspiegade.lv\/en\/wp-json\/wp\/v2\/product\/18684","targetHints":{"allow":["GET"]}}],"collection":[{"href":"https:\/\/galaspiegade.lv\/en\/wp-json\/wp\/v2\/product"}],"about":[{"href":"https:\/\/galaspiegade.lv\/en\/wp-json\/wp\/v2\/types\/product"}],"version-history":[{"count":3,"href":"https:\/\/galaspiegade.lv\/en\/wp-json\/wp\/v2\/product\/18684\/revisions"}],"predecessor-version":[{"id":23494,"href":"https:\/\/galaspiegade.lv\/en\/wp-json\/wp\/v2\/product\/18684\/revisions\/23494"}],"wp:featuredmedia":[{"embeddable":true,"href":"https:\/\/galaspiegade.lv\/en\/wp-json\/wp\/v2\/media\/22528"}],"wp:attachment":[{"href":"https:\/\/galaspiegade.lv\/en\/wp-json\/wp\/v2\/media?parent=18684"}],"wp:term":[{"taxonomy":"product_brand","embeddable":true,"href":"https:\/\/galaspiegade.lv\/en\/wp-json\/wp\/v2\/product_brand?post=18684"},{"taxonomy":"product_cat","embeddable":true,"href":"https:\/\/galaspiegade.lv\/en\/wp-json\/wp\/v2\/product_cat?post=18684"},{"taxonomy":"product_tag","embeddable":true,"href":"https:\/\/galaspiegade.lv\/en\/wp-json\/wp\/v2\/product_tag?post=18684"}],"curies":[{"name":"wp","href":"https:\/\/api.w.org\/{rel}","templated":true}]}}