{"id":18686,"date":"2021-10-07T07:35:07","date_gmt":"2021-10-07T04:35:07","guid":{"rendered":"https:\/\/galaspiegade.lv\/?post_type=product&#038;p=18686"},"modified":"2025-01-30T10:21:53","modified_gmt":"2025-01-30T08:21:53","slug":"gimenes-paka-xl","status":"publish","type":"product","link":"https:\/\/galaspiegade.lv\/en\/prece\/gimenes-paka-xl\/","title":{"rendered":"Family Pack XL"},"content":{"rendered":"<p>Lai neb\u016btu ilgi j\u0101pr\u0101to, ko tie\u0161i no liellopa ga\u013cas pied\u0101v\u0101juma likt gald\u0101 savai \u0123imenei, m\u0113s esam sagatavoju\u0161i divas \u0122imenes pakas veidus &#8211; jau sakomplekt\u0113tas pakas ikdienas malt\u012bt\u0113m.<br \/>\n\u0122imenes paka XL pied\u0101v\u0101jam &#8211; 2kg liellopa malt\u0101 ga\u013ca, 2kg liellopa ribas, 1.5kg nogatavin\u0101ts \u0161\u0137i\u0146\u0137is, un 1.5kg steiks (ribeye vai tbone).<\/p>\n<p>&nbsp;<\/p>","protected":false},"excerpt":{"rendered":"<p>Lai neb\u016btu ilgi j\u0101pr\u0101to, ko tie\u0161i no liellopa ga\u013cas pied\u0101v\u0101juma likt gald\u0101 savai \u0123imenei, m\u0113s esam sagatavoju\u0161i divas \u0122imenes pakas veidus &#8211; jau sakomplekt\u0113tas pakas ikdienas malt\u012bt\u0113m. \u0122imenes paka XL pied\u0101v\u0101jam &#8211; 2kg liellopa malt\u0101 ga\u013ca, 2kg liellopa ribas, 1.5kg nogatavin\u0101ts \u0161\u0137i\u0146\u0137is, un 1.5kg steiks (ribeye vai tbone). &nbsp;<\/p>","protected":false},"featured_media":22528,"template":"","meta":[],"product_brand":[],"product_cat":[495,174],"product_tag":[],"class_list":{"0":"post-18686","1":"product","2":"type-product","3":"status-publish","4":"has-post-thumbnail","6":"product_cat-ipasie-piedavajumi","7":"product_cat-jaunumi","9":"first","10":"outofstock","11":"taxable","12":"shipping-taxable","13":"product-type-simple"},"jetpack_sharing_enabled":true,"_links":{"self":[{"href":"https:\/\/galaspiegade.lv\/en\/wp-json\/wp\/v2\/product\/18686","targetHints":{"allow":["GET"]}}],"collection":[{"href":"https:\/\/galaspiegade.lv\/en\/wp-json\/wp\/v2\/product"}],"about":[{"href":"https:\/\/galaspiegade.lv\/en\/wp-json\/wp\/v2\/types\/product"}],"version-history":[{"count":4,"href":"https:\/\/galaspiegade.lv\/en\/wp-json\/wp\/v2\/product\/18686\/revisions"}],"predecessor-version":[{"id":23493,"href":"https:\/\/galaspiegade.lv\/en\/wp-json\/wp\/v2\/product\/18686\/revisions\/23493"}],"wp:featuredmedia":[{"embeddable":true,"href":"https:\/\/galaspiegade.lv\/en\/wp-json\/wp\/v2\/media\/22528"}],"wp:attachment":[{"href":"https:\/\/galaspiegade.lv\/en\/wp-json\/wp\/v2\/media?parent=18686"}],"wp:term":[{"taxonomy":"product_brand","embeddable":true,"href":"https:\/\/galaspiegade.lv\/en\/wp-json\/wp\/v2\/product_brand?post=18686"},{"taxonomy":"product_cat","embeddable":true,"href":"https:\/\/galaspiegade.lv\/en\/wp-json\/wp\/v2\/product_cat?post=18686"},{"taxonomy":"product_tag","embeddable":true,"href":"https:\/\/galaspiegade.lv\/en\/wp-json\/wp\/v2\/product_tag?post=18686"}],"curies":[{"name":"wp","href":"https:\/\/api.w.org\/{rel}","templated":true}]}}