{"id":18720,"date":"2021-11-02T05:27:31","date_gmt":"2021-11-02T03:27:31","guid":{"rendered":"https:\/\/galaspiegade.lv\/?post_type=product&#038;p=18720"},"modified":"2025-01-30T10:21:44","modified_gmt":"2025-01-30T08:21:44","slug":"cietzaveta-desa","status":"publish","type":"product","link":"https:\/\/galaspiegade.lv\/en\/prece\/cietzaveta-desa\/","title":{"rendered":"Cured sausage"},"content":{"rendered":"<p>Apvalks nav paredz\u0113ts lieto\u0161anai uztur\u0101.<br \/>\nUzglab\u0101t no 0C l\u012bdz +6C.<br \/>\nP\u0113c atv\u0113r\u0161anas v\u0113lams izlietot 72h laik\u0101.<br \/>\n<strong><br \/>\nIngredients:<\/strong>: liellopu ga\u013ca 96%, nitr\u012bts\u0101ls(s\u0101ls, konservants E250), gar\u0161vielas(koriandrs, baltie pipari), gar\u0161augi, gar\u0161vielu ekstrakti, dekstroze, gar\u0161as pastiprin\u0101t\u0101ji E635, E621, sk\u0101buma regul\u0113t\u0101js E575, stabiliz\u0113t\u0101js E451, antioksidanti E316, E300, kr\u0101sviela E120, desu apvalks kolag\u0113ns.<\/p>\n<p><strong>Energy value<\/strong>: 1267kJ\/304 kcal, 100g produkta satur: tauki 19.62g to starp pies\u0101tin\u0101t\u0101s tauksk\u0101bes 8,22g, og\u013chidr\u0101ti 1.80g, to starp cukuri 1.12g, \u0161\u0137iedrvielas 0.11g, olbaltumvielas 30.01g, s\u0101ls 2.71g, PRODUKTS VAR SATUR\u0112T ALERG\u0112NUS.<\/p>\n<p>Vienas desas svars 0.24-0.28kg.<\/p>\n<p><strong>Manufacturer:<\/strong>: &#8220;PIEBALGAS K\u016aPIN\u0100TAVA&#8221;, Lauras, Taurene, Taurenes pag., C\u0113su novads<\/p>\n<p>Made for KS \"LATVIJAS LIELLOPS\".<\/p>","protected":false},"excerpt":{"rendered":"<p>Apvalks nav paredz\u0113ts lieto\u0161anai uztur\u0101. Uzglab\u0101t no 0C l\u012bdz +6C. P\u0113c atv\u0113r\u0161anas v\u0113lams izlietot 72h laik\u0101. Sast\u0101vda\u013cas: liellopu ga\u013ca 96%, nitr\u012bts\u0101ls(s\u0101ls, konservants E250), gar\u0161vielas(koriandrs, baltie pipari), gar\u0161augi, gar\u0161vielu ekstrakti, dekstroze, gar\u0161as pastiprin\u0101t\u0101ji E635, E621, sk\u0101buma regul\u0113t\u0101js E575, stabiliz\u0113t\u0101js E451, antioksidanti E316, E300, kr\u0101sviela E120, desu apvalks kolag\u0113ns. Ener\u0123\u0113tisk\u0101 v\u0113rt\u012bba: 1267kJ\/304 kcal, 100g produkta satur: tauki 19.62g to starp pies\u0101tin\u0101t\u0101s tauksk\u0101bes 8,22g, og\u013chidr\u0101ti 1.80g, to starp cukuri 1.12g, \u0161\u0137iedrvielas 0.11g, olbaltumvielas 30.01g, s\u0101ls 2.71g, PRODUKTS VAR SATUR\u0112T ALERG\u0112NUS. Vienas desas svars 0.24-0.28kg. Ra\u017eot\u0101js: &#8220;PIEBALGAS K\u016aPIN\u0100TAVA&#8221;, Lauras, Taurene, Taurenes pag., C\u0113su novads Ra\u017eots p\u0113c KS &#8220;LATVIJAS LIELLOPS&#8221; pas\u016bt\u012bjuma.<\/p>","protected":false},"featured_media":18721,"template":"","meta":[],"product_brand":[],"product_cat":[174,168],"product_tag":[],"class_list":{"0":"post-18720","1":"product","2":"type-product","3":"status-publish","4":"has-post-thumbnail","6":"product_cat-jaunumi","7":"product_cat-izstradajumi","9":"first","10":"outofstock","11":"taxable","12":"shipping-taxable","13":"product-type-simple"},"jetpack_sharing_enabled":true,"_links":{"self":[{"href":"https:\/\/galaspiegade.lv\/en\/wp-json\/wp\/v2\/product\/18720","targetHints":{"allow":["GET"]}}],"collection":[{"href":"https:\/\/galaspiegade.lv\/en\/wp-json\/wp\/v2\/product"}],"about":[{"href":"https:\/\/galaspiegade.lv\/en\/wp-json\/wp\/v2\/types\/product"}],"version-history":[{"count":6,"href":"https:\/\/galaspiegade.lv\/en\/wp-json\/wp\/v2\/product\/18720\/revisions"}],"predecessor-version":[{"id":23811,"href":"https:\/\/galaspiegade.lv\/en\/wp-json\/wp\/v2\/product\/18720\/revisions\/23811"}],"wp:featuredmedia":[{"embeddable":true,"href":"https:\/\/galaspiegade.lv\/en\/wp-json\/wp\/v2\/media\/18721"}],"wp:attachment":[{"href":"https:\/\/galaspiegade.lv\/en\/wp-json\/wp\/v2\/media?parent=18720"}],"wp:term":[{"taxonomy":"product_brand","embeddable":true,"href":"https:\/\/galaspiegade.lv\/en\/wp-json\/wp\/v2\/product_brand?post=18720"},{"taxonomy":"product_cat","embeddable":true,"href":"https:\/\/galaspiegade.lv\/en\/wp-json\/wp\/v2\/product_cat?post=18720"},{"taxonomy":"product_tag","embeddable":true,"href":"https:\/\/galaspiegade.lv\/en\/wp-json\/wp\/v2\/product_tag?post=18720"}],"curies":[{"name":"wp","href":"https:\/\/api.w.org\/{rel}","templated":true}]}}