{"id":18750,"date":"2021-11-28T07:40:20","date_gmt":"2021-11-28T05:40:20","guid":{"rendered":"https:\/\/galaspiegade.lv\/?post_type=product&#038;p=18750"},"modified":"2025-01-30T10:21:33","modified_gmt":"2025-01-30T08:21:33","slug":"kauli-suniem","status":"publish","type":"product","link":"https:\/\/galaspiegade.lv\/en\/prece\/kauli-suniem\/","title":{"rendered":"Bones in dogs"},"content":{"rendered":"<p>Ik ned\u0113\u013cu pied\u0101v\u0101jam ar\u012b kaulus, kas paredz\u0113ti su\u0146iem. Tie pieejami ierobe\u017eot\u0101 daudzum\u0101. To minim\u0101lais pas\u016bt\u012bjums ir 5 kg, lai m\u0113s var\u0113tu nodro\u0161in\u0101t pieg\u0101di.<\/p>\n<p><img fetchpriority=\"high\" decoding=\"async\" class=\"alignnone size-medium wp-image-18751\" src=\"https:\/\/galaspiegade.lv\/wp-content\/uploads\/2021\/11\/unnamed-225x300.jpg\" alt=\"\" width=\"225\" height=\"300\" \/><\/p>","protected":false},"excerpt":{"rendered":"<p>Ik ned\u0113\u013cu pied\u0101v\u0101jam ar\u012b kaulus, kas paredz\u0113ti su\u0146iem. Tie pieejami ierobe\u017eot\u0101 daudzum\u0101. To minim\u0101lais pas\u016bt\u012bjums ir 5 kg, lai m\u0113s var\u0113tu nodro\u0161in\u0101t pieg\u0101di.<\/p>","protected":false},"featured_media":23400,"template":"","meta":[],"product_brand":[],"product_cat":[134,167],"product_tag":[],"class_list":{"0":"post-18750","1":"product","2":"type-product","3":"status-publish","4":"has-post-thumbnail","6":"product_cat-liellopa-gala","7":"product_cat-subprodukti","9":"first","10":"outofstock","11":"taxable","12":"shipping-taxable","13":"product-type-simple"},"jetpack_sharing_enabled":true,"_links":{"self":[{"href":"https:\/\/galaspiegade.lv\/en\/wp-json\/wp\/v2\/product\/18750","targetHints":{"allow":["GET"]}}],"collection":[{"href":"https:\/\/galaspiegade.lv\/en\/wp-json\/wp\/v2\/product"}],"about":[{"href":"https:\/\/galaspiegade.lv\/en\/wp-json\/wp\/v2\/types\/product"}],"version-history":[{"count":6,"href":"https:\/\/galaspiegade.lv\/en\/wp-json\/wp\/v2\/product\/18750\/revisions"}],"predecessor-version":[{"id":23491,"href":"https:\/\/galaspiegade.lv\/en\/wp-json\/wp\/v2\/product\/18750\/revisions\/23491"}],"wp:featuredmedia":[{"embeddable":true,"href":"https:\/\/galaspiegade.lv\/en\/wp-json\/wp\/v2\/media\/23400"}],"wp:attachment":[{"href":"https:\/\/galaspiegade.lv\/en\/wp-json\/wp\/v2\/media?parent=18750"}],"wp:term":[{"taxonomy":"product_brand","embeddable":true,"href":"https:\/\/galaspiegade.lv\/en\/wp-json\/wp\/v2\/product_brand?post=18750"},{"taxonomy":"product_cat","embeddable":true,"href":"https:\/\/galaspiegade.lv\/en\/wp-json\/wp\/v2\/product_cat?post=18750"},{"taxonomy":"product_tag","embeddable":true,"href":"https:\/\/galaspiegade.lv\/en\/wp-json\/wp\/v2\/product_tag?post=18750"}],"curies":[{"name":"wp","href":"https:\/\/api.w.org\/{rel}","templated":true}]}}