{"id":18877,"date":"2022-01-31T12:08:21","date_gmt":"2022-01-31T10:08:21","guid":{"rendered":"https:\/\/galaspiegade.lv\/?post_type=product&#038;p=18877"},"modified":"2025-01-30T10:20:51","modified_gmt":"2025-01-30T08:20:51","slug":"liellopa-galas-konservi","status":"publish","type":"product","link":"https:\/\/galaspiegade.lv\/en\/prece\/liellopa-galas-konservi\/","title":{"rendered":"Preserved beef"},"content":{"rendered":"<p>Kvalitat\u012bvi liellopa ga\u013cas konservi, kas fas\u0113ti 320g bund\u017e\u0101s. Konservu sast\u0101v\u0101 ir 90% liellopa ga\u013cas, dzeramais \u016bdens, nitr\u012bts\u0101ls, malti melnie pipari, kalt\u0113ti s\u012bpoli un \u0137iploki. Produktam neesam pievienoju\u0161u c\u016bkga\u013cu vai c\u016bku taukus.<\/p>","protected":false},"excerpt":{"rendered":"<p>Kvalitat\u012bvi liellopa ga\u013cas konservi, kas fas\u0113ti 320g bund\u017e\u0101s. Konservu sast\u0101v\u0101 ir 90% liellopa ga\u013cas, dzeramais \u016bdens, nitr\u012bts\u0101ls, malti melnie pipari, kalt\u0113ti s\u012bpoli un \u0137iploki. Produktam neesam pievienoju\u0161u c\u016bkga\u013cu vai c\u016bku taukus.<\/p>","protected":false},"featured_media":20272,"template":"","meta":[],"product_brand":[],"product_cat":[174,168],"product_tag":[],"class_list":{"0":"post-18877","1":"product","2":"type-product","3":"status-publish","4":"has-post-thumbnail","6":"product_cat-jaunumi","7":"product_cat-izstradajumi","9":"first","10":"outofstock","11":"taxable","12":"shipping-taxable","13":"product-type-simple"},"jetpack_sharing_enabled":true,"_links":{"self":[{"href":"https:\/\/galaspiegade.lv\/en\/wp-json\/wp\/v2\/product\/18877","targetHints":{"allow":["GET"]}}],"collection":[{"href":"https:\/\/galaspiegade.lv\/en\/wp-json\/wp\/v2\/product"}],"about":[{"href":"https:\/\/galaspiegade.lv\/en\/wp-json\/wp\/v2\/types\/product"}],"version-history":[{"count":3,"href":"https:\/\/galaspiegade.lv\/en\/wp-json\/wp\/v2\/product\/18877\/revisions"}],"predecessor-version":[{"id":23489,"href":"https:\/\/galaspiegade.lv\/en\/wp-json\/wp\/v2\/product\/18877\/revisions\/23489"}],"wp:featuredmedia":[{"embeddable":true,"href":"https:\/\/galaspiegade.lv\/en\/wp-json\/wp\/v2\/media\/20272"}],"wp:attachment":[{"href":"https:\/\/galaspiegade.lv\/en\/wp-json\/wp\/v2\/media?parent=18877"}],"wp:term":[{"taxonomy":"product_brand","embeddable":true,"href":"https:\/\/galaspiegade.lv\/en\/wp-json\/wp\/v2\/product_brand?post=18877"},{"taxonomy":"product_cat","embeddable":true,"href":"https:\/\/galaspiegade.lv\/en\/wp-json\/wp\/v2\/product_cat?post=18877"},{"taxonomy":"product_tag","embeddable":true,"href":"https:\/\/galaspiegade.lv\/en\/wp-json\/wp\/v2\/product_tag?post=18877"}],"curies":[{"name":"wp","href":"https:\/\/api.w.org\/{rel}","templated":true}]}}