{"id":19188,"date":"2022-05-14T17:55:50","date_gmt":"2022-05-14T14:55:50","guid":{"rendered":"https:\/\/galaspiegade.lv\/?post_type=product&#038;p=19188"},"modified":"2025-01-30T10:20:41","modified_gmt":"2025-01-30T08:20:41","slug":"saldets-osso-buco-stilbs-ar-kaulu","status":"publish","type":"product","link":"https:\/\/galaspiegade.lv\/en\/prece\/saldets-osso-buco-stilbs-ar-kaulu\/","title":{"rendered":"Frozen Osso buco (bone-in drumstick)"},"content":{"rendered":"<p>Osso buco gabali\u0146i no m\u016bsu sald\u0113tavas noliktavas, ar 10% atlaidi no svaigu osso buco gabali\u0146u cenas!<\/p>\n<p>Osso buco, or shank on the bone, is a slow-braised piece of beef cooked over a low flame.<\/p>\n<p>We recommend braising in wine or pomegranate juice with the vegetables!<\/p>\n<hr \/>\n<p>Recipes for osso buco can be found here: <strong><span style=\"color: #339966;\"><a style=\"color: #339966;\" href=\"https:\/\/galaspiegade.lv\/en\/liellopa-galas-sautejums\/\">Beef stew<\/a><\/span><\/strong> or <strong><span style=\"color: #339966;\"><a style=\"color: #339966;\" href=\"https:\/\/www.facebook.com\/Galaspiegade\/posts\/406397981049775?__xts__[0]=68.ARDLNzx3jJC0aD7KFRdwnmJNyh7ixtK5sTyKR0QyjmH-qafa8hQ4EJigmy-45FPcS9rwfLzr8wo7rNSqoKQVexPwdh5-31BM0mIFZpY0SEWuBPpdPvFjvp1kq4qBn4rjQ137zA7PZY1wOoYaPFOD_FHtPVUfy_e_odx6wQ44zTGsWeJRhct98SwuTnSAPDbVTYJ4mTlzNURa5OOaGFIwx90DDhl6AeQeJGtaAAyhsb-leYCFC6TBmyv-CohaPwO-Yn__WECIND2cIuPtvncFVaCvPyZgS5WMKpBUZCiOHgoMv6zgphq6LYQ3gAEXskF3gzfCH7tQYbOyuYjcXKqs75S8x-8PD9hZTEfYw5HgMKjcalRVes8uci7jewwbyo07y5Escg\">Osso buco recipe\u00a0<\/a><\/span><\/strong><\/p>","protected":false},"excerpt":{"rendered":"<p>Osso buco gabali\u0146i no m\u016bsu sald\u0113tavas noliktavas, ar 10% atlaidi no svaigu osso buco gabali\u0146u cenas! Osso buco gabali\u0146i jeb stilbs ar kaulu ir l\u0113ni saut\u0113jams liellopa ga\u013cas gabals uz zemas intensit\u0101tes liesmas. Iesak\u0101m saut\u0113t v\u012bn\u0101 vai gran\u0101t\u0101bolu sul\u0101, kop\u0101 ar d\u0101rze\u0146iem! Receptes, k\u0101 pagatavot osso buco, vari skat\u012bt \u0161eit: Liellopa ga\u013cas saut\u0113jums vai Osso buco recepte\u00a0<\/p>","protected":false},"featured_media":23404,"template":"","meta":[],"product_brand":[],"product_cat":[134,499],"product_tag":[189,186,260,188],"class_list":{"0":"post-19188","1":"product","2":"type-product","3":"status-publish","4":"has-post-thumbnail","6":"product_cat-liellopa-gala","7":"product_cat-saldeti-produkti","8":"product_tag-liellopa-stilbs","9":"product_tag-osso-buco","10":"product_tag-pieejamsbio","11":"product_tag-stilbs-ar-kaulu","13":"first","14":"outofstock","15":"taxable","16":"shipping-taxable","17":"product-type-simple"},"jetpack_sharing_enabled":true,"_links":{"self":[{"href":"https:\/\/galaspiegade.lv\/en\/wp-json\/wp\/v2\/product\/19188","targetHints":{"allow":["GET"]}}],"collection":[{"href":"https:\/\/galaspiegade.lv\/en\/wp-json\/wp\/v2\/product"}],"about":[{"href":"https:\/\/galaspiegade.lv\/en\/wp-json\/wp\/v2\/types\/product"}],"version-history":[{"count":4,"href":"https:\/\/galaspiegade.lv\/en\/wp-json\/wp\/v2\/product\/19188\/revisions"}],"predecessor-version":[{"id":23487,"href":"https:\/\/galaspiegade.lv\/en\/wp-json\/wp\/v2\/product\/19188\/revisions\/23487"}],"wp:featuredmedia":[{"embeddable":true,"href":"https:\/\/galaspiegade.lv\/en\/wp-json\/wp\/v2\/media\/23404"}],"wp:attachment":[{"href":"https:\/\/galaspiegade.lv\/en\/wp-json\/wp\/v2\/media?parent=19188"}],"wp:term":[{"taxonomy":"product_brand","embeddable":true,"href":"https:\/\/galaspiegade.lv\/en\/wp-json\/wp\/v2\/product_brand?post=19188"},{"taxonomy":"product_cat","embeddable":true,"href":"https:\/\/galaspiegade.lv\/en\/wp-json\/wp\/v2\/product_cat?post=19188"},{"taxonomy":"product_tag","embeddable":true,"href":"https:\/\/galaspiegade.lv\/en\/wp-json\/wp\/v2\/product_tag?post=19188"}],"curies":[{"name":"wp","href":"https:\/\/api.w.org\/{rel}","templated":true}]}}