{"id":19439,"date":"2022-11-24T11:02:10","date_gmt":"2022-11-24T09:02:10","guid":{"rendered":"https:\/\/galaspiegade.lv\/?post_type=product&#038;p=19439"},"modified":"2025-01-30T10:20:12","modified_gmt":"2025-01-30T08:20:12","slug":"gulasa-gabalini-saldeti","status":"publish","type":"product","link":"https:\/\/galaspiegade.lv\/en\/prece\/gulasa-gabalini-saldeti\/","title":{"rendered":"Goulash pieces - frozen"},"content":{"rendered":"<p>Choosing beef goulash pieces will allow you to get down to the business of making the perfect goulash or stroganoff.<\/p>\n<hr \/>\n<p>Garda recepte gula\u0161a gabali\u0146u pagatavo\u0161anai pieejama te &#8211; <strong><span style=\"color: #339966;\"><a style=\"color: #339966;\" href=\"https:\/\/galaspiegade.lv\/en\/leni-gatavota-liellopa-gala\/\">Slow-cooked beef<\/a><\/span><\/strong>.<\/p>","protected":false},"excerpt":{"rendered":"<p>Izv\u0113loties liellopa gula\u0161a gabali\u0146us, J\u016bs var\u0113siet veikli \u0137erties pie izcila gula\u0161a vai stroganova pagatavo\u0161anas. Garda recepte gula\u0161a gabali\u0146u pagatavo\u0161anai pieejama te &#8211; L\u0113ni gatavota liellopa ga\u013ca.<\/p>","protected":false},"featured_media":20271,"template":"","meta":[],"product_brand":[],"product_cat":[134],"product_tag":[260],"class_list":{"0":"post-19439","1":"product","2":"type-product","3":"status-publish","4":"has-post-thumbnail","6":"product_cat-liellopa-gala","7":"product_tag-pieejamsbio","9":"first","10":"outofstock","11":"taxable","12":"shipping-taxable","13":"product-type-simple"},"jetpack_sharing_enabled":true,"_links":{"self":[{"href":"https:\/\/galaspiegade.lv\/en\/wp-json\/wp\/v2\/product\/19439","targetHints":{"allow":["GET"]}}],"collection":[{"href":"https:\/\/galaspiegade.lv\/en\/wp-json\/wp\/v2\/product"}],"about":[{"href":"https:\/\/galaspiegade.lv\/en\/wp-json\/wp\/v2\/types\/product"}],"version-history":[{"count":3,"href":"https:\/\/galaspiegade.lv\/en\/wp-json\/wp\/v2\/product\/19439\/revisions"}],"predecessor-version":[{"id":23483,"href":"https:\/\/galaspiegade.lv\/en\/wp-json\/wp\/v2\/product\/19439\/revisions\/23483"}],"wp:featuredmedia":[{"embeddable":true,"href":"https:\/\/galaspiegade.lv\/en\/wp-json\/wp\/v2\/media\/20271"}],"wp:attachment":[{"href":"https:\/\/galaspiegade.lv\/en\/wp-json\/wp\/v2\/media?parent=19439"}],"wp:term":[{"taxonomy":"product_brand","embeddable":true,"href":"https:\/\/galaspiegade.lv\/en\/wp-json\/wp\/v2\/product_brand?post=19439"},{"taxonomy":"product_cat","embeddable":true,"href":"https:\/\/galaspiegade.lv\/en\/wp-json\/wp\/v2\/product_cat?post=19439"},{"taxonomy":"product_tag","embeddable":true,"href":"https:\/\/galaspiegade.lv\/en\/wp-json\/wp\/v2\/product_tag?post=19439"}],"curies":[{"name":"wp","href":"https:\/\/api.w.org\/{rel}","templated":true}]}}