{"id":19442,"date":"2022-11-24T11:05:59","date_gmt":"2022-11-24T09:05:59","guid":{"rendered":"https:\/\/galaspiegade.lv\/?post_type=product&#038;p=19442"},"modified":"2025-01-30T10:19:23","modified_gmt":"2025-01-30T08:19:23","slug":"minutes-steiki-saldeti","status":"publish","type":"product","link":"https:\/\/galaspiegade.lv\/en\/prece\/minutes-steiki-saldeti\/","title":{"rendered":"Min\u016btes steiki &#8211; sald\u0113ti"},"content":{"rendered":"<p>Min\u016btes steiks ir no liellopa \u0161\u0137i\u0146\u0137a da\u013cas izgriezts steika gabals, kura pagatavo\u0161anai nepiecie\u0161ama tikai viena min\u016bte, cepot no katras puses. Pirms tam iesak\u0101m apb\u0113rt ar pipariem! \u0100tri un vienk\u0101r\u0161i! Iepakojum\u0101 4gb. Svars <i><span class=\"gmail-Apple-converted-space_25ea635aef532b5fc02c832eff3c34a6\">~ <\/span><\/i>500g. Cena 16 eur\/kg.<\/p>","protected":false},"excerpt":{"rendered":"<p>Min\u016btes steiks ir no liellopa \u0161\u0137i\u0146\u0137a da\u013cas izgriezts steika gabals, kura pagatavo\u0161anai nepiecie\u0161ama tikai viena min\u016bte, cepot no katras puses. Pirms tam iesak\u0101m apb\u0113rt ar pipariem! \u0100tri un vienk\u0101r\u0161i! Iepakojum\u0101 4gb. Svars ~ 500g. Cena 16 eur\/kg.<\/p>","protected":false},"featured_media":23403,"template":"","meta":[],"product_brand":[],"product_cat":[499],"product_tag":[197,196,194,192,260,193],"class_list":{"0":"post-19442","1":"product","2":"type-product","3":"status-publish","4":"has-post-thumbnail","6":"product_cat-saldeti-produkti","7":"product_tag-latvian-beef","8":"product_tag-latvijas-liellops","9":"product_tag-minute-steak","10":"product_tag-minutes-steiks","11":"product_tag-pieejamsbio","12":"product_tag-steiks","14":"first","15":"outofstock","16":"taxable","17":"shipping-taxable","18":"product-type-simple"},"jetpack_sharing_enabled":true,"_links":{"self":[{"href":"https:\/\/galaspiegade.lv\/en\/wp-json\/wp\/v2\/product\/19442","targetHints":{"allow":["GET"]}}],"collection":[{"href":"https:\/\/galaspiegade.lv\/en\/wp-json\/wp\/v2\/product"}],"about":[{"href":"https:\/\/galaspiegade.lv\/en\/wp-json\/wp\/v2\/types\/product"}],"version-history":[{"count":5,"href":"https:\/\/galaspiegade.lv\/en\/wp-json\/wp\/v2\/product\/19442\/revisions"}],"predecessor-version":[{"id":23481,"href":"https:\/\/galaspiegade.lv\/en\/wp-json\/wp\/v2\/product\/19442\/revisions\/23481"}],"wp:featuredmedia":[{"embeddable":true,"href":"https:\/\/galaspiegade.lv\/en\/wp-json\/wp\/v2\/media\/23403"}],"wp:attachment":[{"href":"https:\/\/galaspiegade.lv\/en\/wp-json\/wp\/v2\/media?parent=19442"}],"wp:term":[{"taxonomy":"product_brand","embeddable":true,"href":"https:\/\/galaspiegade.lv\/en\/wp-json\/wp\/v2\/product_brand?post=19442"},{"taxonomy":"product_cat","embeddable":true,"href":"https:\/\/galaspiegade.lv\/en\/wp-json\/wp\/v2\/product_cat?post=19442"},{"taxonomy":"product_tag","embeddable":true,"href":"https:\/\/galaspiegade.lv\/en\/wp-json\/wp\/v2\/product_tag?post=19442"}],"curies":[{"name":"wp","href":"https:\/\/api.w.org\/{rel}","templated":true}]}}