{"id":19444,"date":"2022-11-24T11:08:15","date_gmt":"2022-11-24T09:08:15","guid":{"rendered":"https:\/\/galaspiegade.lv\/?post_type=product&#038;p=19444"},"modified":"2025-01-30T10:19:04","modified_gmt":"2025-01-30T08:19:04","slug":"liellopa-kauli-zupai-saldeti","status":"publish","type":"product","link":"https:\/\/galaspiegade.lv\/en\/prece\/liellopa-kauli-zupai-saldeti\/","title":{"rendered":"Liellopa kauli zupai &#8211; sald\u0113ti"},"content":{"rendered":"<p>Zupu izlasei esam atlas\u012bju\u0161i ga\u013c\u012bgus, zupas v\u0101r\u012b\u0161anai piem\u0113rotus kauli\u0146us.<\/p>\n<p>Pieg\u0101d\u0101jam tos iepriek\u0161 sald\u0113tus, sald\u0113ti \u0161oka sald\u0113tav\u0101, lai saglab\u0101tu kvalit\u0101ti un izcil\u0101s gar\u0161as \u012bpa\u0161\u012bbas.<\/p>","protected":false},"excerpt":{"rendered":"<p>Zupu izlasei esam atlas\u012bju\u0161i ga\u013c\u012bgus, zupas v\u0101r\u012b\u0161anai piem\u0113rotus kauli\u0146us. Pieg\u0101d\u0101jam tos iepriek\u0161 sald\u0113tus, sald\u0113ti \u0161oka sald\u0113tav\u0101, lai saglab\u0101tu kvalit\u0101ti un izcil\u0101s gar\u0161as \u012bpa\u0161\u012bbas.<\/p>","protected":false},"featured_media":23409,"template":"","meta":[],"product_brand":[],"product_cat":[499],"product_tag":[220,219,260,221],"class_list":{"0":"post-19444","1":"product","2":"type-product","3":"status-publish","4":"has-post-thumbnail","6":"product_cat-saldeti-produkti","7":"product_tag-kauli-zupai","8":"product_tag-liellopa-galas-zupa","9":"product_tag-pieejamsbio","10":"product_tag-zupas-izlase","12":"first","13":"outofstock","14":"taxable","15":"shipping-taxable","16":"product-type-simple"},"jetpack_sharing_enabled":true,"_links":{"self":[{"href":"https:\/\/galaspiegade.lv\/en\/wp-json\/wp\/v2\/product\/19444","targetHints":{"allow":["GET"]}}],"collection":[{"href":"https:\/\/galaspiegade.lv\/en\/wp-json\/wp\/v2\/product"}],"about":[{"href":"https:\/\/galaspiegade.lv\/en\/wp-json\/wp\/v2\/types\/product"}],"version-history":[{"count":5,"href":"https:\/\/galaspiegade.lv\/en\/wp-json\/wp\/v2\/product\/19444\/revisions"}],"predecessor-version":[{"id":23476,"href":"https:\/\/galaspiegade.lv\/en\/wp-json\/wp\/v2\/product\/19444\/revisions\/23476"}],"wp:featuredmedia":[{"embeddable":true,"href":"https:\/\/galaspiegade.lv\/en\/wp-json\/wp\/v2\/media\/23409"}],"wp:attachment":[{"href":"https:\/\/galaspiegade.lv\/en\/wp-json\/wp\/v2\/media?parent=19444"}],"wp:term":[{"taxonomy":"product_brand","embeddable":true,"href":"https:\/\/galaspiegade.lv\/en\/wp-json\/wp\/v2\/product_brand?post=19444"},{"taxonomy":"product_cat","embeddable":true,"href":"https:\/\/galaspiegade.lv\/en\/wp-json\/wp\/v2\/product_cat?post=19444"},{"taxonomy":"product_tag","embeddable":true,"href":"https:\/\/galaspiegade.lv\/en\/wp-json\/wp\/v2\/product_tag?post=19444"}],"curies":[{"name":"wp","href":"https:\/\/api.w.org\/{rel}","templated":true}]}}