{"id":19448,"date":"2022-11-24T11:10:49","date_gmt":"2022-11-24T09:10:49","guid":{"rendered":"https:\/\/galaspiegade.lv\/?post_type=product&#038;p=19448"},"modified":"2025-01-30T10:18:46","modified_gmt":"2025-01-30T08:18:46","slug":"langets-saldets","status":"publish","type":"product","link":"https:\/\/galaspiegade.lv\/en\/prece\/langets-saldets\/","title":{"rendered":"Langets &#8211; sald\u0113ts"},"content":{"rendered":"<p>Liellopa ga\u013cas langets ir liess m\u012bkstums. Langets ga\u013ca ir piem\u0113rota cepetim, gula\u0161am, rostbifam un stroganovam. To var apcept vokpann\u0101 vai pievienot saut\u0113jumiem, cept cepe\u0161kr\u0101sn\u012b<\/p>","protected":false},"excerpt":{"rendered":"<p>Liellopa ga\u013cas langets ir liess m\u012bkstums. Langets ga\u013ca ir piem\u0113rota cepetim, gula\u0161am, rostbifam un stroganovam. To var apcept vokpann\u0101 vai pievienot saut\u0113jumiem, cept cepe\u0161kr\u0101sn\u012b<\/p>","protected":false},"featured_media":23402,"template":"","meta":[],"product_brand":[],"product_cat":[499],"product_tag":[170,202,201,196,260],"class_list":{"0":"post-19448","1":"product","2":"type-product","3":"status-publish","4":"has-post-thumbnail","6":"product_cat-saldeti-produkti","7":"product_tag-beef","8":"product_tag-grassfed","9":"product_tag-langets","10":"product_tag-latvijas-liellops","11":"product_tag-pieejamsbio","13":"first","14":"outofstock","15":"taxable","16":"shipping-taxable","17":"product-type-simple"},"jetpack_sharing_enabled":true,"_links":{"self":[{"href":"https:\/\/galaspiegade.lv\/en\/wp-json\/wp\/v2\/product\/19448","targetHints":{"allow":["GET"]}}],"collection":[{"href":"https:\/\/galaspiegade.lv\/en\/wp-json\/wp\/v2\/product"}],"about":[{"href":"https:\/\/galaspiegade.lv\/en\/wp-json\/wp\/v2\/types\/product"}],"version-history":[{"count":4,"href":"https:\/\/galaspiegade.lv\/en\/wp-json\/wp\/v2\/product\/19448\/revisions"}],"predecessor-version":[{"id":23474,"href":"https:\/\/galaspiegade.lv\/en\/wp-json\/wp\/v2\/product\/19448\/revisions\/23474"}],"wp:featuredmedia":[{"embeddable":true,"href":"https:\/\/galaspiegade.lv\/en\/wp-json\/wp\/v2\/media\/23402"}],"wp:attachment":[{"href":"https:\/\/galaspiegade.lv\/en\/wp-json\/wp\/v2\/media?parent=19448"}],"wp:term":[{"taxonomy":"product_brand","embeddable":true,"href":"https:\/\/galaspiegade.lv\/en\/wp-json\/wp\/v2\/product_brand?post=19448"},{"taxonomy":"product_cat","embeddable":true,"href":"https:\/\/galaspiegade.lv\/en\/wp-json\/wp\/v2\/product_cat?post=19448"},{"taxonomy":"product_tag","embeddable":true,"href":"https:\/\/galaspiegade.lv\/en\/wp-json\/wp\/v2\/product_tag?post=19448"}],"curies":[{"name":"wp","href":"https:\/\/api.w.org\/{rel}","templated":true}]}}