{"id":19536,"date":"2023-02-11T21:34:11","date_gmt":"2023-02-11T19:34:11","guid":{"rendered":"https:\/\/galaspiegade.lv\/?post_type=product&#038;p=19536"},"modified":"2025-01-30T10:18:24","modified_gmt":"2025-01-30T08:18:24","slug":"brieza-galas-medniecini","status":"publish","type":"product","link":"https:\/\/galaspiegade.lv\/en\/prece\/brieza-galas-medniecini\/","title":{"rendered":"Venison sausages"},"content":{"rendered":"<p>Sausages packed in 1kg vacuum packs.<\/p>\n<p>Ingredients: 80% venison, pig fat, 15% water, nitrite salt, spices, stabilisers E450\/E451, dextrose, herbs (contains lactose, milk protein), antioxidants E316, E315.<\/p>\n<p>Stuffed in a natural sheep intestine casing that is edible.<\/p>\n<p>Storage temperature +2...+6 C<\/p>\n<p>Nutrition 904kJ\/ 218kcal.100g contains: fat 17.2g, including saturates- 6.9g; carbohydrate 0.1g, including sugars 0.1g; protein 15.6g, salt 1.27g, sodium 0.51g.<br \/>\nAfter opening, use within 72h.<\/p>\n<p>Izlietot l\u012bdz 08.03.2023. Partijas nr. 1\/6.<\/p>\n<p>Made by TER\u016aNA Ltd., for KS LATVIJAS LIELLOPS.<\/p>","protected":false},"excerpt":{"rendered":"<p>Medniekdesi\u0146as fas\u0113tas 1kg iepakojum\u0101, vakuum\u0101. Sast\u0101vda\u013cas: 80% brie\u017ea ga\u013ca, c\u016bkas spe\u0137is, 15% \u016bdens, nitr\u012bts\u0101ls, gar\u0161vielas, stabiliz\u0113t\u0101ji E450\/E451, dekstroze, gar\u0161augi (satur laktozi, piena olbaltumvielas), antioksidanti E316, E315. Pild\u012bts dab\u012bgaj\u0101 aitas zarnas apvalk\u0101, kas ir lietojams uztur\u0101. Uzglab\u0101\u0161anas temperat\u016bra +2&#8230;+6 C Uzturv\u0113rt\u012bba 904kJ\/ 218kcal. 100g produkta satur: tauki 17.2g, tostarp pies\u0101tin\u0101t\u0101s tauksk\u0101bes- 6.9g; og\u013chidr\u0101ti 0.1g, tostarp cukuri 0.1g; olbaltumvielas 15.6g, s\u0101ls 1.27g, n\u0101trijs 0.51g. P\u0113c iepakojuma atv\u0113r\u0161anas, izlietot 72h laik\u0101. Izlietot l\u012bdz 08.03.2023. Partijas nr. 1\/6. Ra\u017eots SIA TER\u016aNA, p\u0113c KS LATVIJAS LIELLOPS pas\u016bt\u012bjuma.<\/p>","protected":false},"featured_media":19537,"template":"","meta":[],"product_brand":[],"product_cat":[503],"product_tag":[],"class_list":{"0":"post-19536","1":"product","2":"type-product","3":"status-publish","4":"has-post-thumbnail","6":"product_cat-brieza-gala","8":"first","9":"outofstock","10":"taxable","11":"shipping-taxable","12":"product-type-simple"},"jetpack_sharing_enabled":true,"_links":{"self":[{"href":"https:\/\/galaspiegade.lv\/en\/wp-json\/wp\/v2\/product\/19536","targetHints":{"allow":["GET"]}}],"collection":[{"href":"https:\/\/galaspiegade.lv\/en\/wp-json\/wp\/v2\/product"}],"about":[{"href":"https:\/\/galaspiegade.lv\/en\/wp-json\/wp\/v2\/types\/product"}],"version-history":[{"count":4,"href":"https:\/\/galaspiegade.lv\/en\/wp-json\/wp\/v2\/product\/19536\/revisions"}],"predecessor-version":[{"id":23472,"href":"https:\/\/galaspiegade.lv\/en\/wp-json\/wp\/v2\/product\/19536\/revisions\/23472"}],"wp:featuredmedia":[{"embeddable":true,"href":"https:\/\/galaspiegade.lv\/en\/wp-json\/wp\/v2\/media\/19537"}],"wp:attachment":[{"href":"https:\/\/galaspiegade.lv\/en\/wp-json\/wp\/v2\/media?parent=19536"}],"wp:term":[{"taxonomy":"product_brand","embeddable":true,"href":"https:\/\/galaspiegade.lv\/en\/wp-json\/wp\/v2\/product_brand?post=19536"},{"taxonomy":"product_cat","embeddable":true,"href":"https:\/\/galaspiegade.lv\/en\/wp-json\/wp\/v2\/product_cat?post=19536"},{"taxonomy":"product_tag","embeddable":true,"href":"https:\/\/galaspiegade.lv\/en\/wp-json\/wp\/v2\/product_tag?post=19536"}],"curies":[{"name":"wp","href":"https:\/\/api.w.org\/{rel}","templated":true}]}}