{"id":19690,"date":"2023-05-23T11:12:08","date_gmt":"2023-05-23T08:12:08","guid":{"rendered":"https:\/\/galaspiegade.lv\/?post_type=product&#038;p=19690"},"modified":"2025-01-30T10:18:10","modified_gmt":"2025-01-30T08:18:10","slug":"liellopa-galas-kebabi","status":"publish","type":"product","link":"https:\/\/galaspiegade.lv\/en\/prece\/liellopa-galas-kebabi\/","title":{"rendered":"Beef KEBABI"},"content":{"rendered":"<p>Pied\u0101v\u0101jam ieg\u0101d\u0101ties \u013bu\u013cas kebabus, kas fas\u0113ti pa 0.3kg paci\u0146\u0101s (\u010detri kebabi uz koka iesmi\u0146a), gatavi gril\u0113\u0161anai.<\/p>\n<p>Sast\u0101vda\u013cas: liellopa ga\u013ca, c\u016bkga\u013cas spe\u0137is, dzeramais \u016bdens, s\u0101ls, gar\u0161vielu mais\u012bjums, antioksidanti E316, E315, stabiliz\u0113t\u0101js difosf\u0101ts, konservants Na nitr\u012bts.<br \/>\n100g produkta uzturv\u0113rt\u012bba: ener\u0123\u0113tisk\u0101 v\u0113rt\u012bba 1206kJ\/291kcal, tauki 24.7g, tostarp pies\u0101tin\u0101t\u0101s tauksk\u0101bes 7.9g, og\u013chidr\u0101ti 0,53g, tostarp cukuri 0,25g, olbaltumvielas 16,4g, s\u0101ls 0.96g.<\/p>\n<p>Izlietot l\u012bdz: 30.04.2024. Produkts ir sald\u0113ts. Uzglab\u0101t -18C.<\/p>","protected":false},"excerpt":{"rendered":"<p>Pied\u0101v\u0101jam ieg\u0101d\u0101ties \u013bu\u013cas kebabus, kas fas\u0113ti pa 0.3kg paci\u0146\u0101s (\u010detri kebabi uz koka iesmi\u0146a), gatavi gril\u0113\u0161anai. Sast\u0101vda\u013cas: liellopa ga\u013ca, c\u016bkga\u013cas spe\u0137is, dzeramais \u016bdens, s\u0101ls, gar\u0161vielu mais\u012bjums, antioksidanti E316, E315, stabiliz\u0113t\u0101js difosf\u0101ts, konservants Na nitr\u012bts. 100g produkta uzturv\u0113rt\u012bba: ener\u0123\u0113tisk\u0101 v\u0113rt\u012bba 1206kJ\/291kcal, tauki 24.7g, tostarp pies\u0101tin\u0101t\u0101s tauksk\u0101bes 7.9g, og\u013chidr\u0101ti 0,53g, tostarp cukuri 0,25g, olbaltumvielas 16,4g, s\u0101ls 0.96g. Izlietot l\u012bdz: 30.04.2024. Produkts ir sald\u0113ts. Uzglab\u0101t -18C.<\/p>","protected":false},"featured_media":19693,"template":"","meta":[],"product_brand":[],"product_cat":[168,499],"product_tag":[],"class_list":{"0":"post-19690","1":"product","2":"type-product","3":"status-publish","4":"has-post-thumbnail","6":"product_cat-izstradajumi","7":"product_cat-saldeti-produkti","9":"first","10":"outofstock","11":"taxable","12":"shipping-taxable","13":"product-type-simple"},"jetpack_sharing_enabled":true,"_links":{"self":[{"href":"https:\/\/galaspiegade.lv\/en\/wp-json\/wp\/v2\/product\/19690","targetHints":{"allow":["GET"]}}],"collection":[{"href":"https:\/\/galaspiegade.lv\/en\/wp-json\/wp\/v2\/product"}],"about":[{"href":"https:\/\/galaspiegade.lv\/en\/wp-json\/wp\/v2\/types\/product"}],"version-history":[{"count":3,"href":"https:\/\/galaspiegade.lv\/en\/wp-json\/wp\/v2\/product\/19690\/revisions"}],"predecessor-version":[{"id":23470,"href":"https:\/\/galaspiegade.lv\/en\/wp-json\/wp\/v2\/product\/19690\/revisions\/23470"}],"wp:featuredmedia":[{"embeddable":true,"href":"https:\/\/galaspiegade.lv\/en\/wp-json\/wp\/v2\/media\/19693"}],"wp:attachment":[{"href":"https:\/\/galaspiegade.lv\/en\/wp-json\/wp\/v2\/media?parent=19690"}],"wp:term":[{"taxonomy":"product_brand","embeddable":true,"href":"https:\/\/galaspiegade.lv\/en\/wp-json\/wp\/v2\/product_brand?post=19690"},{"taxonomy":"product_cat","embeddable":true,"href":"https:\/\/galaspiegade.lv\/en\/wp-json\/wp\/v2\/product_cat?post=19690"},{"taxonomy":"product_tag","embeddable":true,"href":"https:\/\/galaspiegade.lv\/en\/wp-json\/wp\/v2\/product_tag?post=19690"}],"curies":[{"name":"wp","href":"https:\/\/api.w.org\/{rel}","templated":true}]}}