{"id":19695,"date":"2023-05-23T11:18:47","date_gmt":"2023-05-23T08:18:47","guid":{"rendered":"https:\/\/galaspiegade.lv\/?post_type=product&#038;p=19695"},"modified":"2025-01-30T10:15:57","modified_gmt":"2025-01-30T08:15:57","slug":"uzkodu-desinas-vitinatas","status":"publish","type":"product","link":"https:\/\/galaspiegade.lv\/en\/prece\/uzkodu-desinas-vitinatas\/","title":{"rendered":"Snack sausages - twisted"},"content":{"rendered":"<p>Pied\u0101v\u0101jam ieg\u0101d\u0101ties izcili gardas uzkodu desi\u0146as. Fas\u0113tas pa 0.5kg iepakojumos.<\/p>\n<p>Sast\u0101vda\u013cas: liellopu ga\u013ca (66%), liellopu tauki (31%), s\u0101ls, gar\u0161vielas, dekstroze, maltodesktr\u012bns, granul\u0113ts buljons, aromatiz\u0113t\u0101ji, rauga ekstrakts, antioksidants, E301, d\u016bmu aromatiz\u0113t\u0101js, raugs, gar\u0161vielu ekstrakts, konservants: n\u0101trija nitr\u012bts. Apvalks aitu zarna.<br \/>\nUzturv\u0113rt\u012bba: 100g produkta ener\u0123\u0113tisk\u0101 v\u0113rt\u012bba 1607Kj, 388kcal; tauki 35g, tostarp pies\u0101tin\u0101t\u0101s tauksk\u0101bes 14,2g, og\u013chidr\u0101ti 0.9g, tostarp cukuri 0,88g, olbaltumvielas 17g, s\u0101ls 2,1g.<\/p>\n<p>Country of origin of the basic raw material: Latvia.<\/p>\n<p>Uzglab\u0101\u0161anas temperat\u016bra +2&#8230;+20C. Izlietot l\u012bdz: 08.04.2024<\/p>","protected":false},"excerpt":{"rendered":"<p>Pied\u0101v\u0101jam ieg\u0101d\u0101ties izcili gardas uzkodu desi\u0146as. Fas\u0113tas pa 0.5kg iepakojumos. Sast\u0101vda\u013cas: liellopu ga\u013ca (66%), liellopu tauki (31%), s\u0101ls, gar\u0161vielas, dekstroze, maltodesktr\u012bns, granul\u0113ts buljons, aromatiz\u0113t\u0101ji, rauga ekstrakts, antioksidants, E301, d\u016bmu aromatiz\u0113t\u0101js, raugs, gar\u0161vielu ekstrakts, konservants: n\u0101trija nitr\u012bts. Apvalks aitu zarna. Uzturv\u0113rt\u012bba: 100g produkta ener\u0123\u0113tisk\u0101 v\u0113rt\u012bba 1607Kj, 388kcal; tauki 35g, tostarp pies\u0101tin\u0101t\u0101s tauksk\u0101bes 14,2g, og\u013chidr\u0101ti 0.9g, tostarp cukuri 0,88g, olbaltumvielas 17g, s\u0101ls 2,1g. Pamatizejvielas izcelsmes valsts: Latvija. Uzglab\u0101\u0161anas temperat\u016bra +2&#8230;+20C. Izlietot l\u012bdz: 08.04.2024<\/p>","protected":false},"featured_media":19696,"template":"","meta":[],"product_brand":[],"product_cat":[168],"product_tag":[],"class_list":{"0":"post-19695","1":"product","2":"type-product","3":"status-publish","4":"has-post-thumbnail","6":"product_cat-izstradajumi","8":"first","9":"outofstock","10":"taxable","11":"shipping-taxable","12":"product-type-simple"},"jetpack_sharing_enabled":true,"_links":{"self":[{"href":"https:\/\/galaspiegade.lv\/en\/wp-json\/wp\/v2\/product\/19695","targetHints":{"allow":["GET"]}}],"collection":[{"href":"https:\/\/galaspiegade.lv\/en\/wp-json\/wp\/v2\/product"}],"about":[{"href":"https:\/\/galaspiegade.lv\/en\/wp-json\/wp\/v2\/types\/product"}],"version-history":[{"count":3,"href":"https:\/\/galaspiegade.lv\/en\/wp-json\/wp\/v2\/product\/19695\/revisions"}],"predecessor-version":[{"id":23469,"href":"https:\/\/galaspiegade.lv\/en\/wp-json\/wp\/v2\/product\/19695\/revisions\/23469"}],"wp:featuredmedia":[{"embeddable":true,"href":"https:\/\/galaspiegade.lv\/en\/wp-json\/wp\/v2\/media\/19696"}],"wp:attachment":[{"href":"https:\/\/galaspiegade.lv\/en\/wp-json\/wp\/v2\/media?parent=19695"}],"wp:term":[{"taxonomy":"product_brand","embeddable":true,"href":"https:\/\/galaspiegade.lv\/en\/wp-json\/wp\/v2\/product_brand?post=19695"},{"taxonomy":"product_cat","embeddable":true,"href":"https:\/\/galaspiegade.lv\/en\/wp-json\/wp\/v2\/product_cat?post=19695"},{"taxonomy":"product_tag","embeddable":true,"href":"https:\/\/galaspiegade.lv\/en\/wp-json\/wp\/v2\/product_tag?post=19695"}],"curies":[{"name":"wp","href":"https:\/\/api.w.org\/{rel}","templated":true}]}}