{"id":20072,"date":"2024-02-03T20:21:25","date_gmt":"2024-02-03T18:21:25","guid":{"rendered":"https:\/\/galaspiegade.lv\/?post_type=product&#038;p=20072"},"modified":"2025-01-30T10:15:32","modified_gmt":"2025-01-30T08:15:32","slug":"liellopa-galas-medniekdesinas","status":"publish","type":"product","link":"https:\/\/galaspiegade.lv\/en\/prece\/liellopa-galas-medniekdesinas\/","title":{"rendered":"BEEF HUNTERS"},"content":{"rendered":"<p>Liellopa ga\u013cas mednieci\u0146i (pus\u017e\u0101v\u0113ti).<br \/>\nSast\u0101vda\u013cas: liellopa ga\u013ca 67%, c\u016bkga\u013cas spe\u0137is, dzeramais \u016bdens, s\u0101ls, c\u016bkga\u013cas olbaltumv., kartupe\u013cu ciete, gar\u0161vielu mais\u012bjums (gar\u0161vielas, gar\u0161vielu ekstrakti, stabiliz. E450, E451, dekstroze, gar\u0161augi). Konservants NA nitr\u012bts. Aitu zarnas apvalks.<br \/>\n100g produkta satur: ener\u0123\u0113tisk\u0101 v\u0113rt\u012bba 1610 kJ\/ 388kcal, tauki 32g, t.sk. pies\u0101tin\u0101t\u0101s tauksk\u0101bes 14g, og\u013chidr\u0101ti.<\/p>\n<p>Fas\u0113ti 500g iepakojumos.<br \/>\nIzlietot l\u012bdz: 09.10.2024<br \/>\nUzglab\u0101\u0161anas temperat\u016bra +2&#8230;+6<br \/>\nRa\u017eot\u0101js: SIA Piebalgas k\u016bpin\u0101tava, p\u0113c KS LATVIJAS LIELLOPS pas\u016bt\u012bjuma.<\/p>","protected":false},"excerpt":{"rendered":"<p>Liellopa ga\u013cas mednieci\u0146i (pus\u017e\u0101v\u0113ti). Sast\u0101vda\u013cas: liellopa ga\u013ca 67%, c\u016bkga\u013cas spe\u0137is, dzeramais \u016bdens, s\u0101ls, c\u016bkga\u013cas olbaltumv., kartupe\u013cu ciete, gar\u0161vielu mais\u012bjums (gar\u0161vielas, gar\u0161vielu ekstrakti, stabiliz. E450, E451, dekstroze, gar\u0161augi). Konservants NA nitr\u012bts. Aitu zarnas apvalks. 100g produkta satur: ener\u0123\u0113tisk\u0101 v\u0113rt\u012bba 1610 kJ\/ 388kcal, tauki 32g, t.sk. pies\u0101tin\u0101t\u0101s tauksk\u0101bes 14g, og\u013chidr\u0101ti. Fas\u0113ti 500g iepakojumos. Izlietot l\u012bdz: 09.10.2024 Uzglab\u0101\u0161anas temperat\u016bra +2&#8230;+6 Ra\u017eot\u0101js: SIA Piebalgas k\u016bpin\u0101tava, p\u0113c KS LATVIJAS LIELLOPS pas\u016bt\u012bjuma.<\/p>","protected":false},"featured_media":20073,"template":"","meta":[],"product_brand":[],"product_cat":[174,168],"product_tag":[],"class_list":{"0":"post-20072","1":"product","2":"type-product","3":"status-publish","4":"has-post-thumbnail","6":"product_cat-jaunumi","7":"product_cat-izstradajumi","9":"first","10":"outofstock","11":"taxable","12":"shipping-taxable","13":"product-type-simple"},"jetpack_sharing_enabled":true,"_links":{"self":[{"href":"https:\/\/galaspiegade.lv\/en\/wp-json\/wp\/v2\/product\/20072","targetHints":{"allow":["GET"]}}],"collection":[{"href":"https:\/\/galaspiegade.lv\/en\/wp-json\/wp\/v2\/product"}],"about":[{"href":"https:\/\/galaspiegade.lv\/en\/wp-json\/wp\/v2\/types\/product"}],"version-history":[{"count":4,"href":"https:\/\/galaspiegade.lv\/en\/wp-json\/wp\/v2\/product\/20072\/revisions"}],"predecessor-version":[{"id":23672,"href":"https:\/\/galaspiegade.lv\/en\/wp-json\/wp\/v2\/product\/20072\/revisions\/23672"}],"wp:featuredmedia":[{"embeddable":true,"href":"https:\/\/galaspiegade.lv\/en\/wp-json\/wp\/v2\/media\/20073"}],"wp:attachment":[{"href":"https:\/\/galaspiegade.lv\/en\/wp-json\/wp\/v2\/media?parent=20072"}],"wp:term":[{"taxonomy":"product_brand","embeddable":true,"href":"https:\/\/galaspiegade.lv\/en\/wp-json\/wp\/v2\/product_brand?post=20072"},{"taxonomy":"product_cat","embeddable":true,"href":"https:\/\/galaspiegade.lv\/en\/wp-json\/wp\/v2\/product_cat?post=20072"},{"taxonomy":"product_tag","embeddable":true,"href":"https:\/\/galaspiegade.lv\/en\/wp-json\/wp\/v2\/product_tag?post=20072"}],"curies":[{"name":"wp","href":"https:\/\/api.w.org\/{rel}","templated":true}]}}