{"id":20102,"date":"2024-02-20T08:29:42","date_gmt":"2024-02-20T06:29:42","guid":{"rendered":"https:\/\/galaspiegade.lv\/?post_type=product&#038;p=20102"},"modified":"2025-01-30T10:15:21","modified_gmt":"2025-01-30T08:15:21","slug":"beef-jerky-vitinatas-galas-uzkodas","status":"publish","type":"product","link":"https:\/\/galaspiegade.lv\/en\/prece\/beef-jerky-vitinatas-galas-uzkodas\/","title":{"rendered":"BEEF JERKY - jerky snacks"},"content":{"rendered":"<p>A convenient, healthy snack made from Latvian beef! Packed in 75g packs.<br \/>\nIngredients: beef 98%, salt, water, soya beans, sugar, wheat flour, alcohol vinegar, molasses, malt vinegar, tamarind, onion, garlic, spices, pepper blend, preservative E250.<br \/>\nNutritional value per 100g: energy 1126,00 kJ \/ 266,00 kcal; fat 2.70g, including saturates 1.2; carbohydrate 30, including sugars 30g; protein 29g; salt 4.7g.<br \/>\nIzlietot l\u012bdz: 04.04.2024<br \/>\nStorage temperature +2..+18.<\/p>\n<p>Produced by Piebalgas k\u016bpin\u0101tava Ltd for KS LATVIJAS LIELLOPS.<\/p>","protected":false},"excerpt":{"rendered":"<p>\u0112rta, vesel\u012bga uzkoda no Latvijas liellopa ga\u013cas! Fas\u0113ts 75g iepakojumos. Sast\u0101vda\u013cas: Liellopa ga\u013ca 98%, s\u0101ls, \u016bdens, sojas pupi\u0146as, cukurs, kvie\u0161u milti, spirta eti\u0137is, melase, iesala eti\u0137is, tamarinds, s\u012bpoli, \u0137iploki, gar\u0161vielas, piparu mais\u012bjums, konservants E250. 100g produkta uzturv\u0113rt\u012bba: ener\u0123.v\u0113rt\u012bba 1126,00 kJ \/ 266,00 kcal; tauki 2.70g, tostarp pies\u0101tin\u0101t\u0101s tauksk\u0101bes 1,2; og\u013chidr\u0101ti 30, tostarp cukuri 30g; olbaltumvielas 29g; s\u0101ls 4.7g. Izlietot l\u012bdz: 04.04.2024 Uzglab\u0101\u0161anas temperat\u016bra +2..+18. Ra\u017eot\u0101js: SIA Piebalgas k\u016bpin\u0101tava, ra\u017eots p\u0113c KS LATVIJAS LIELLOPS pas\u016bt\u012bjuma.<\/p>","protected":false},"featured_media":23395,"template":"","meta":[],"product_brand":[],"product_cat":[168],"product_tag":[],"class_list":{"0":"post-20102","1":"product","2":"type-product","3":"status-publish","4":"has-post-thumbnail","6":"product_cat-izstradajumi","8":"first","9":"outofstock","10":"taxable","11":"shipping-taxable","12":"product-type-simple"},"jetpack_sharing_enabled":true,"_links":{"self":[{"href":"https:\/\/galaspiegade.lv\/en\/wp-json\/wp\/v2\/product\/20102","targetHints":{"allow":["GET"]}}],"collection":[{"href":"https:\/\/galaspiegade.lv\/en\/wp-json\/wp\/v2\/product"}],"about":[{"href":"https:\/\/galaspiegade.lv\/en\/wp-json\/wp\/v2\/types\/product"}],"version-history":[{"count":7,"href":"https:\/\/galaspiegade.lv\/en\/wp-json\/wp\/v2\/product\/20102\/revisions"}],"predecessor-version":[{"id":23467,"href":"https:\/\/galaspiegade.lv\/en\/wp-json\/wp\/v2\/product\/20102\/revisions\/23467"}],"wp:featuredmedia":[{"embeddable":true,"href":"https:\/\/galaspiegade.lv\/en\/wp-json\/wp\/v2\/media\/23395"}],"wp:attachment":[{"href":"https:\/\/galaspiegade.lv\/en\/wp-json\/wp\/v2\/media?parent=20102"}],"wp:term":[{"taxonomy":"product_brand","embeddable":true,"href":"https:\/\/galaspiegade.lv\/en\/wp-json\/wp\/v2\/product_brand?post=20102"},{"taxonomy":"product_cat","embeddable":true,"href":"https:\/\/galaspiegade.lv\/en\/wp-json\/wp\/v2\/product_cat?post=20102"},{"taxonomy":"product_tag","embeddable":true,"href":"https:\/\/galaspiegade.lv\/en\/wp-json\/wp\/v2\/product_tag?post=20102"}],"curies":[{"name":"wp","href":"https:\/\/api.w.org\/{rel}","templated":true}]}}