{"id":23813,"date":"2024-11-28T22:03:29","date_gmt":"2024-11-28T20:03:29","guid":{"rendered":"https:\/\/galaspiegade.lv\/?post_type=product&#038;p=23813"},"modified":"2025-01-30T10:15:08","modified_gmt":"2025-01-30T08:15:08","slug":"latvijas-liellops-uzkodu-cigari","status":"publish","type":"product","link":"https:\/\/galaspiegade.lv\/en\/prece\/latvijas-liellops-uzkodu-cigari\/","title":{"rendered":"LATVIJAS LIELLOPS uzkodu cig\u0101ri"},"content":{"rendered":"<p>Sast\u0101vda\u013cas: Liellopa ga\u013ca 75%, liellopa tauki 13%, s\u0101ls, gar\u0161vielu mais\u012bjums, gar\u0161augi (satur laktozi, piena olbaltumvielas), antioksidanti E316, E315, stabiliz\u0113t\u0101js difost\u0101ts, vidusj\u016bras gar\u0161vielu un gar\u0161augu mais\u012bjums, aitu zarnas, konservants Na nitr\u012bts<\/p>\n<p>100g produkta uzturv\u0113rt\u012bba: ener\u0123\u0113tisk\u0101 v\u0113rt\u012bba 1162kJ\/279 kcal, tauki 23g, tostarp pies\u0101tin\u0101t\u0101s tauksk\u0101bes 7.5g, og\u013chidr\u0101ti 0.3g, tostarp cukuri 0.2g, olbaltumvielas 16g, s\u0101ls 1g.<br \/>\nIzlietot l\u012bdz 19.12.2024<\/p>\n<p>Viena iepakojuma svars 0.15 &#8211; 0.16kg.<br \/>\nUzglab\u0101\u0161anas temperat\u016bra: 0..+4C<\/p>\n<p>Ra\u017eots: SIA PIEBALGAS K\u016aPIN\u0100TAVA, Lauras, Taurenes pag., C\u0113su novads, p\u0113c KS LATVIJAS LIELLOPS pas\u016bt\u012bjuma.<\/p>\n<p>&nbsp;<\/p>","protected":false},"excerpt":{"rendered":"<p>Sast\u0101vda\u013cas: Liellopa ga\u013ca 75%, liellopa tauki 13%, s\u0101ls, gar\u0161vielu mais\u012bjums, gar\u0161augi (satur laktozi, piena olbaltumvielas), antioksidanti E316, E315, stabiliz\u0113t\u0101js difost\u0101ts, vidusj\u016bras gar\u0161vielu un gar\u0161augu mais\u012bjums, aitu zarnas, konservants Na nitr\u012bts 100g produkta uzturv\u0113rt\u012bba: ener\u0123\u0113tisk\u0101 v\u0113rt\u012bba 1162kJ\/279 kcal, tauki 23g, tostarp pies\u0101tin\u0101t\u0101s tauksk\u0101bes 7.5g, og\u013chidr\u0101ti 0.3g, tostarp cukuri 0.2g, olbaltumvielas 16g, s\u0101ls 1g. Izlietot l\u012bdz 19.12.2024 Viena iepakojuma svars 0.15 &#8211; 0.16kg. Uzglab\u0101\u0161anas temperat\u016bra: 0..+4C Ra\u017eots: SIA PIEBALGAS K\u016aPIN\u0100TAVA, Lauras, Taurenes pag., C\u0113su novads, p\u0113c KS LATVIJAS LIELLOPS pas\u016bt\u012bjuma. &nbsp;<\/p>","protected":false},"featured_media":23815,"template":"","meta":[],"product_brand":[],"product_cat":[174,168],"product_tag":[],"class_list":{"0":"post-23813","1":"product","2":"type-product","3":"status-publish","4":"has-post-thumbnail","6":"product_cat-jaunumi","7":"product_cat-izstradajumi","9":"first","10":"outofstock","11":"taxable","12":"shipping-taxable","13":"product-type-simple"},"jetpack_sharing_enabled":true,"_links":{"self":[{"href":"https:\/\/galaspiegade.lv\/en\/wp-json\/wp\/v2\/product\/23813","targetHints":{"allow":["GET"]}}],"collection":[{"href":"https:\/\/galaspiegade.lv\/en\/wp-json\/wp\/v2\/product"}],"about":[{"href":"https:\/\/galaspiegade.lv\/en\/wp-json\/wp\/v2\/types\/product"}],"version-history":[{"count":1,"href":"https:\/\/galaspiegade.lv\/en\/wp-json\/wp\/v2\/product\/23813\/revisions"}],"predecessor-version":[{"id":23814,"href":"https:\/\/galaspiegade.lv\/en\/wp-json\/wp\/v2\/product\/23813\/revisions\/23814"}],"wp:featuredmedia":[{"embeddable":true,"href":"https:\/\/galaspiegade.lv\/en\/wp-json\/wp\/v2\/media\/23815"}],"wp:attachment":[{"href":"https:\/\/galaspiegade.lv\/en\/wp-json\/wp\/v2\/media?parent=23813"}],"wp:term":[{"taxonomy":"product_brand","embeddable":true,"href":"https:\/\/galaspiegade.lv\/en\/wp-json\/wp\/v2\/product_brand?post=23813"},{"taxonomy":"product_cat","embeddable":true,"href":"https:\/\/galaspiegade.lv\/en\/wp-json\/wp\/v2\/product_cat?post=23813"},{"taxonomy":"product_tag","embeddable":true,"href":"https:\/\/galaspiegade.lv\/en\/wp-json\/wp\/v2\/product_tag?post=23813"}],"curies":[{"name":"wp","href":"https:\/\/api.w.org\/{rel}","templated":true}]}}