{"id":23840,"date":"2024-12-03T09:50:21","date_gmt":"2024-12-03T07:50:21","guid":{"rendered":"https:\/\/galaspiegade.lv\/?post_type=product&#038;p=23840"},"modified":"2025-01-30T10:14:57","modified_gmt":"2025-01-30T08:14:57","slug":"ziepes-no-liellopu-taukiem","status":"publish","type":"product","link":"https:\/\/galaspiegade.lv\/en\/prece\/ziepes-no-liellopu-taukiem\/","title":{"rendered":"ZIEPES no liellopu taukiem"},"content":{"rendered":"<p>Ziepes, kas ra\u017eotas no liellopu taukiem, un reprezent\u0113 m\u016bsu Latvijas gan\u012bbas un p\u013cavas, kur\u0101s gan\u0101s m\u016bsu liellopi.<br \/>\nSast\u0101v\u0101: Sodium Tallowate, Olea Europaea (olive) oil, Aqua. Sodium Cocoate, Sodium Hydroxide, Essential Oil (Pinus sylvestris, Citrus limonum, Eucalyptus globulus), MICA, Titanium Dioxide.<br \/>\nNETO MASA: 95g (+\/- 5g)<br \/>\nIeteicams l\u012bdz: 12.2025 beig\u0101m.<br \/>\nUzglab\u0101t saus\u0101, tum\u0161\u0101, b\u0113rniem nepieejam\u0101 viet\u0101.<\/p>\n<p>Ra\u017eots p\u0113c KS LATVIJAS LIELLOPS pas\u016bt\u012bjuma no Latvijas p\u013cav\u0101s gan\u012btu liellopu taukiem.<\/p>\n<p>Ra\u017eot\u0101js: Dace Vilci\u0146a, DA`ZIEPE. Ievkalni, Skujenes pag., C\u0113su novads.<\/p>","protected":false},"excerpt":{"rendered":"<p>Ziepes, kas ra\u017eotas no liellopu taukiem, un reprezent\u0113 m\u016bsu Latvijas gan\u012bbas un p\u013cavas, kur\u0101s gan\u0101s m\u016bsu liellopi. Sast\u0101v\u0101: Sodium Tallowate, Olea Europaea (olive) oil, Aqua. Sodium Cocoate, Sodium Hydroxide, Essential Oil (Pinus sylvestris, Citrus limonum, Eucalyptus globulus), MICA, Titanium Dioxide. NETO MASA: 95g (+\/- 5g) Ieteicams l\u012bdz: 12.2025 beig\u0101m. Uzglab\u0101t saus\u0101, tum\u0161\u0101, b\u0113rniem nepieejam\u0101 viet\u0101. Ra\u017eots p\u0113c KS LATVIJAS LIELLOPS pas\u016bt\u012bjuma no Latvijas p\u013cav\u0101s gan\u012btu liellopu taukiem. Ra\u017eot\u0101js: Dace Vilci\u0146a, DA`ZIEPE. Ievkalni, Skujenes pag., C\u0113su novads.<\/p>","protected":false},"featured_media":23841,"template":"","meta":[],"product_brand":[],"product_cat":[495,174],"product_tag":[],"class_list":{"0":"post-23840","1":"product","2":"type-product","3":"status-publish","4":"has-post-thumbnail","6":"product_cat-ipasie-piedavajumi","7":"product_cat-jaunumi","9":"first","10":"outofstock","11":"taxable","12":"shipping-taxable","13":"product-type-simple"},"jetpack_sharing_enabled":true,"_links":{"self":[{"href":"https:\/\/galaspiegade.lv\/en\/wp-json\/wp\/v2\/product\/23840","targetHints":{"allow":["GET"]}}],"collection":[{"href":"https:\/\/galaspiegade.lv\/en\/wp-json\/wp\/v2\/product"}],"about":[{"href":"https:\/\/galaspiegade.lv\/en\/wp-json\/wp\/v2\/types\/product"}],"version-history":[{"count":1,"href":"https:\/\/galaspiegade.lv\/en\/wp-json\/wp\/v2\/product\/23840\/revisions"}],"predecessor-version":[{"id":23843,"href":"https:\/\/galaspiegade.lv\/en\/wp-json\/wp\/v2\/product\/23840\/revisions\/23843"}],"wp:featuredmedia":[{"embeddable":true,"href":"https:\/\/galaspiegade.lv\/en\/wp-json\/wp\/v2\/media\/23841"}],"wp:attachment":[{"href":"https:\/\/galaspiegade.lv\/en\/wp-json\/wp\/v2\/media?parent=23840"}],"wp:term":[{"taxonomy":"product_brand","embeddable":true,"href":"https:\/\/galaspiegade.lv\/en\/wp-json\/wp\/v2\/product_brand?post=23840"},{"taxonomy":"product_cat","embeddable":true,"href":"https:\/\/galaspiegade.lv\/en\/wp-json\/wp\/v2\/product_cat?post=23840"},{"taxonomy":"product_tag","embeddable":true,"href":"https:\/\/galaspiegade.lv\/en\/wp-json\/wp\/v2\/product_tag?post=23840"}],"curies":[{"name":"wp","href":"https:\/\/api.w.org\/{rel}","templated":true}]}}