{"id":17159,"date":"2020-04-24T15:12:00","date_gmt":"2020-04-24T15:12:00","guid":{"rendered":"https:\/\/galaspiegade.lv\/?page_id=17159"},"modified":"2025-08-03T19:16:19","modified_gmt":"2025-08-03T16:16:19","slug":"atgriesanas-nosacijumi","status":"publish","type":"page","link":"https:\/\/galaspiegade.lv\/ru\/atgriesanas-nosacijumi\/","title":{"rendered":"\u0423\u0441\u043b\u043e\u0432\u0438\u044f \u0432\u043e\u0437\u0432\u0440\u0430\u0442\u0430"},"content":{"rendered":"<p style=\"text-align: center;\">\u0415\u0441\u043b\u0438 \u0432\u044b \u043d\u0435 \u0443\u0434\u043e\u0432\u043b\u0435\u0442\u0432\u043e\u0440\u0435\u043d\u044b \u043a\u0430\u0447\u0435\u0441\u0442\u0432\u043e\u043c \u0434\u043e\u0441\u0442\u0430\u0432\u043b\u0435\u043d\u043d\u043e\u0433\u043e \u0432\u0430\u043c \u0442\u043e\u0432\u0430\u0440\u0430, \u0432\u044b \u043c\u043e\u0436\u0435\u0442\u0435 \u0432\u0435\u0440\u043d\u0443\u0442\u044c \u0435\u0433\u043e \u043a\u0443\u0440\u044c\u0435\u0440\u0443 \u043f\u0440\u0438 \u0434\u043e\u0441\u0442\u0430\u0432\u043a\u0435.<\/p>\n<p style=\"text-align: center;\">Ja J\u016bs paman\u0101t neatbilst\u012bbu vai probl\u0113mas ar produktu kvalit\u0101ti, kad kurjers jau ir aizg\u0101jis, l\u016bdzu, inform\u0113jiet par to 24 stundu laik\u0101 p\u0113c pas\u016bt\u012bjuma sa\u0146em\u0161anas, rakstot e-pastu uz latvijasliellops@gmail.com vai zvaniet pa t\u0101lr.: +371 28 321 668<\/p>\n<p style=\"text-align: center;\">\u0414\u0435\u043d\u044c\u0433\u0438 \u0437\u0430 \u0432\u043e\u0437\u0432\u0440\u0430\u0449\u0435\u043d\u043d\u044b\u0439 \u0442\u043e\u0432\u0430\u0440 \u0431\u0443\u0434\u0443\u0442 \u043f\u0435\u0440\u0435\u0447\u0438\u0441\u043b\u0435\u043d\u044b \u043d\u0430 \u0432\u0430\u0448 \u0431\u0430\u043d\u043a\u043e\u0432\u0441\u043a\u0438\u0439 \u0441\u0447\u0435\u0442, \u0441 \u043a\u043e\u0442\u043e\u0440\u043e\u0433\u043e \u0431\u044b\u043b \u0441\u0434\u0435\u043b\u0430\u043d \u0437\u0430\u043a\u0430\u0437, \u0432 \u0442\u0435\u0447\u0435\u043d\u0438\u0435 5 (\u043f\u044f\u0442\u0438) \u0440\u0430\u0431\u043e\u0447\u0438\u0445 \u0434\u043d\u0435\u0439 \u0441 \u0434\u0430\u0442\u044b \u0432\u043e\u0437\u0432\u0440\u0430\u0442\u0430.<\/p>\n<p style=\"text-align: center;\">\u0412 \u0441\u043b\u0443\u0447\u0430\u0435 \u0432\u043e\u0437\u0432\u0440\u0430\u0442\u0430 \u0438\u043b\u0438 \u043e\u0431\u043c\u0435\u043d\u0430 \u0441\u0442\u043e\u0438\u043c\u043e\u0441\u0442\u044c \u0434\u043e\u0441\u0442\u0430\u0432\u043a\u0438 \u0437\u0430\u043a\u0430\u0437\u0430 \u043d\u0435 \u0432\u043e\u0437\u0432\u0440\u0430\u0449\u0430\u0435\u0442\u0441\u044f \u0438 \u043d\u0435 \u043a\u043e\u043c\u043f\u0435\u043d\u0441\u0438\u0440\u0443\u0435\u0442\u0441\u044f.<\/p>\n<p style=\"text-align: center;\">\u0415\u0441\u043b\u0438 \u0432\u044b \u043f\u043e\u043b\u0443\u0447\u0438\u043b\u0438 \u0442\u043e\u0432\u0430\u0440 \u043f\u043e \u0431\u043e\u043b\u0435\u0435 \u043d\u0438\u0437\u043a\u043e\u0439 \u0446\u0435\u043d\u0435, \u0447\u0435\u043c \u0432\u044b \u0437\u0430\u043f\u043b\u0430\u0442\u0438\u043b\u0438, \u043c\u044b \u043f\u0435\u0440\u0435\u0432\u0435\u0434\u0435\u043c \u043f\u0435\u0440\u0435\u043f\u043b\u0430\u0447\u0435\u043d\u043d\u0443\u044e \u0441\u0443\u043c\u043c\u0443 \u043d\u0430 \u0432\u0430\u0448 \u0431\u0430\u043d\u043a\u043e\u0432\u0441\u043a\u0438\u0439 \u0441\u0447\u0435\u0442 \u0432 \u0442\u0435\u0447\u0435\u043d\u0438\u0435 5 (\u043f\u044f\u0442\u0438) \u0440\u0430\u0431\u043e\u0447\u0438\u0445 \u0434\u043d\u0435\u0439 \u0441 \u043c\u043e\u043c\u0435\u043d\u0442\u0430 \u043e\u043f\u043b\u0430\u0442\u044b \u0437\u0430\u043a\u0430\u0437\u0430.<\/p>","protected":false},"excerpt":{"rendered":"<p>Ja neesat apmierin\u0101ts ar Jums pieg\u0101d\u0101to pre\u010du kvalit\u0101ti, J\u016bs varat t\u0101s nodot kurjeram pieg\u0101des br\u012bd\u012b. Ja J\u016bs paman\u0101t neatbilst\u012bbu vai probl\u0113mas ar produktu kvalit\u0101ti, kad kurjers jau ir aizg\u0101jis, l\u016bdzu, inform\u0113jiet par to 24 stundu laik\u0101 p\u0113c pas\u016bt\u012bjuma sa\u0146em\u0161anas, rakstot e-pastu uz latvijasliellops@gmail.com vai zvaniet pa t\u0101lr.: +371 28 321 668 Nauda par atgrieztajiem produktiem tiks p\u0101rskait\u012bta uz J\u016bsu bankas kontu, no kura tika veikts pas\u016bt\u012bjums 5 (piecu) darba dienu laik\u0101 p\u0113c produkta atgrie\u0161anas datuma. Pre\u010du atgrie\u0161anas vai apmai\u0146as gad\u012bjum\u0101 pieg\u0101des maksa par pas\u016bt\u012bjumu netiek atmaks\u0101ta vai atl\u012bdzin\u0101ta. Ja esat sa\u0146\u0113mis produktus par zem\u0101ku cenu, nek\u0101 esat samaks\u0101jis, m\u0113s p\u0101rskait\u012bsim p\u0101rmaks\u0101to summu uz J\u016bsu bankas kontu 5 (piecu) darba dienu laik\u0101 no dienas, kad esat apmaks\u0101jis pas\u016bt\u012bjumu.<\/p>","protected":false},"author":563,"featured_media":0,"parent":0,"menu_order":0,"comment_status":"closed","ping_status":"closed","template":"","meta":{"footnotes":""},"class_list":["post-17159","page","type-page","status-publish","hentry","post-no-thumbnail"],"jetpack_sharing_enabled":true,"_links":{"self":[{"href":"https:\/\/galaspiegade.lv\/ru\/wp-json\/wp\/v2\/pages\/17159","targetHints":{"allow":["GET"]}}],"collection":[{"href":"https:\/\/galaspiegade.lv\/ru\/wp-json\/wp\/v2\/pages"}],"about":[{"href":"https:\/\/galaspiegade.lv\/ru\/wp-json\/wp\/v2\/types\/page"}],"author":[{"embeddable":true,"href":"https:\/\/galaspiegade.lv\/ru\/wp-json\/wp\/v2\/users\/563"}],"replies":[{"embeddable":true,"href":"https:\/\/galaspiegade.lv\/ru\/wp-json\/wp\/v2\/comments?post=17159"}],"version-history":[{"count":6,"href":"https:\/\/galaspiegade.lv\/ru\/wp-json\/wp\/v2\/pages\/17159\/revisions"}],"predecessor-version":[{"id":24048,"href":"https:\/\/galaspiegade.lv\/ru\/wp-json\/wp\/v2\/pages\/17159\/revisions\/24048"}],"wp:attachment":[{"href":"https:\/\/galaspiegade.lv\/ru\/wp-json\/wp\/v2\/media?parent=17159"}],"curies":[{"name":"wp","href":"https:\/\/api.w.org\/{rel}","templated":true}]}}