{"id":17940,"date":"2021-05-18T21:38:18","date_gmt":"2021-05-18T21:38:18","guid":{"rendered":"https:\/\/galaspiegade.lv\/?page_id=17940"},"modified":"2024-05-06T18:27:39","modified_gmt":"2024-05-06T15:27:39","slug":"saimnieciba-bruzilu-liellops","status":"publish","type":"page","link":"https:\/\/galaspiegade.lv\/ru\/saimnieciba-bruzilu-liellops\/","title":{"rendered":"\u0424\u0435\u0440\u043c\u0430 Br\u016bzilu Liellops"},"content":{"rendered":"<div data-elementor-type=\"wp-page\" data-elementor-id=\"17940\" class=\"elementor elementor-17940\" data-elementor-post-type=\"page\">\n\t\t\t\t<div class=\"elementor-element elementor-element-b232145 e-flex e-con-boxed e-con e-parent\" data-id=\"b232145\" data-element_type=\"container\" data-e-type=\"container\">\n\t\t\t\t\t<div class=\"e-con-inner\">\n\t\t\t\t<div class=\"elementor-element elementor-element-4679fe1 elementor-widget elementor-widget-tm-button\" data-id=\"4679fe1\" data-element_type=\"widget\" data-e-type=\"widget\" data-widget_type=\"tm-button.default\">\n\t\t\t\t<div class=\"elementor-widget-container\">\n\t\t\t\t\t\t\t<a href=\"https:\/\/galaspiegade.lv\/ru\/par-mums\/\" class=\"tm-button-link tm-button style-text tm-button-nm icon-left\" role=\"button\">\n\n\t\t\t\t\t<div class=\"button-content-wrapper\">\n\t\t\t\t\t\t\t<div class=\"button-icon\">\n\t\t\t\t\t\t\t<div class=\"minimog-icon icon minimog-solid-icon\">\n\t\t\t<svg aria-hidden=\"true\" class=\"e-font-icon-svg e-fas-backward\" viewbox=\"0 0 512 512\" xmlns=\"http:\/\/www.w3.org\/2000\/svg\"><path d=\"M11.5 280.6l192 160c20.6 17.2 52.5 2.8 52.5-24.6V96c0-27.4-31.9-41.8-52.5-24.6l-192 160c-15.3 12.8-15.3 36.4 0 49.2zm256 0l192 160c20.6 17.2 52.5 2.8 52.5-24.6V96c0-27.4-31.9-41.8-52.5-24.6l-192 160c-15.3 12.8-15.3 36.4 0 49.2z\"><\/path><\/svg>\t\t<\/div>\n\t\t\t\t\t\t<\/div>\n\t\t\t\n\t\t\t\t\t<div class=\"button-text\">\n\t\t\t\n\t\t\t \u041d\u0430\u0437\u0430\u0434\n\t\t\t\n\t\t\t\t\t<\/div>\n\t\t\n\t\t\t\t\t<\/div>\n\t\t\n\t\t\t\t\t<\/a>\n\t\t\t\t\t\t<\/div>\n\t\t\t\t<\/div>\n\t\t\t\t\t<\/div>\n\t\t\t\t<\/div>\n\t\t<div class=\"elementor-element elementor-element-02ec616 e-flex e-con-boxed e-con e-parent\" data-id=\"02ec616\" data-element_type=\"container\" data-e-type=\"container\">\n\t\t\t\t\t<div class=\"e-con-inner\">\n\t\t\t\t<div class=\"elementor-element elementor-element-7cabf3f elementor-widget elementor-widget-image\" data-id=\"7cabf3f\" data-element_type=\"widget\" data-e-type=\"widget\" data-widget_type=\"image.default\">\n\t\t\t\t<div class=\"elementor-widget-container\">\n\t\t\t\t\t\t\t\t\t\t\t\t\t\t\t<img fetchpriority=\"high\" decoding=\"async\" width=\"1300\" height=\"530\" src=\"https:\/\/galaspiegade.lv\/wp-content\/uploads\/2021\/06\/web-bruzil.jpg\" class=\"attachment-full size-full wp-image-18089\" alt=\"\" srcset=\"https:\/\/galaspiegade.lv\/wp-content\/uploads\/2021\/06\/web-bruzil.jpg 1300w, https:\/\/galaspiegade.lv\/wp-content\/uploads\/2021\/06\/web-bruzil-150x61.jpg 150w, https:\/\/galaspiegade.lv\/wp-content\/uploads\/2021\/06\/web-bruzil-600x245.jpg 600w, https:\/\/galaspiegade.lv\/wp-content\/uploads\/2021\/06\/web-bruzil-18x7.jpg 18w, https:\/\/galaspiegade.lv\/wp-content\/uploads\/2021\/06\/web-bruzil-300x122.jpg 300w, https:\/\/galaspiegade.lv\/wp-content\/uploads\/2021\/06\/web-bruzil-768x313.jpg 768w, https:\/\/galaspiegade.lv\/wp-content\/uploads\/2021\/06\/web-bruzil-1024x417.jpg 1024w, https:\/\/galaspiegade.lv\/wp-content\/uploads\/2021\/06\/web-bruzil-800x326.jpg 800w\" sizes=\"(max-width: 1300px) 100vw, 1300px\" \/>\t\t\t\t\t\t\t\t\t\t\t\t\t\t\t<\/div>\n\t\t\t\t<\/div>\n\t\t\t\t<div class=\"elementor-element elementor-element-47aebb6 elementor-widget elementor-widget-heading\" data-id=\"47aebb6\" data-element_type=\"widget\" data-e-type=\"widget\" data-widget_type=\"heading.default\">\n\t\t\t\t<div class=\"elementor-widget-container\">\n\t\t\t\t\t<h1 class=\"elementor-heading-title elementor-size-default\">\u0424\u0435\u0440\u043c\u0430 Br\u016bzilu Liellops<\/h1>\t\t\t\t<\/div>\n\t\t\t\t<\/div>\n\t\t\t\t<div class=\"elementor-element elementor-element-8b01162 elementor-widget elementor-widget-text-editor\" data-id=\"8b01162\" data-element_type=\"widget\" data-e-type=\"widget\" data-widget_type=\"text-editor.default\">\n\t\t\t\t<div class=\"elementor-widget-container\">\n\t\t\t\t\t\t\t\t\t<p>\u0412 1992 \u0433\u043e\u0434\u0443 \u0432 \u041a\u0443\u0440\u0441\u0438\u0448\u0441\u043a\u043e\u0439 \u0432\u043e\u043b\u043e\u0441\u0442\u0438 \u0421\u0430\u043b\u0434\u0443\u0441\u0441\u043a\u043e\u0433\u043e \u043c\u0443\u043d\u0438\u0446\u0438\u043f\u0430\u043b\u0438\u0442\u0435\u0442\u0430 \u0431\u044b\u043b\u043e \u043e\u0441\u043d\u043e\u0432\u0430\u043d\u043e \u0445\u043e\u0437\u044f\u0439\u0441\u0442\u0432\u043e \"\u0411\u0440\u0443\u0437\u0438\u043b\u0430\u0441\", \u043a\u043e\u0442\u043e\u0440\u043e\u0435 \u043f\u0440\u0435\u0432\u0440\u0430\u0442\u0438\u043b\u043e\u0441\u044c \u0432 \u041e\u041e\u041e \"\u0411\u0440\u0443\u0437\u0438\u043b\u0430\u0441 \u0410\u0412\" \u0441 400 \u043c\u043e\u043b\u043e\u0447\u043d\u044b\u043c\u0438 \u043a\u043e\u0440\u043e\u0432\u0430\u043c\u0438 \u0438 \u0442\u0430\u043a\u0438\u043c \u0436\u0435 \u043a\u043e\u043b\u0438\u0447\u0435\u0441\u0442\u0432\u043e\u043c \u043c\u043e\u043b\u043e\u0434\u043d\u044f\u043a\u0430 \u043a\u0440\u0443\u043f\u043d\u043e\u0433\u043e \u0440\u043e\u0433\u0430\u0442\u043e\u0433\u043e \u0441\u043a\u043e\u0442\u0430. \u0414\u0440\u0443\u0433\u0430\u044f \u043e\u0442\u0440\u0430\u0441\u043b\u044c \u0434\u0435\u044f\u0442\u0435\u043b\u044c\u043d\u043e\u0441\u0442\u0438 - \u0437\u0435\u0440\u043d\u043e\u0432\u043e\u0435 \u0445\u043e\u0437\u044f\u0439\u0441\u0442\u0432\u043e. \u0412 2015 \u0433\u043e\u0434\u0443 \u043e\u043d\u0438 \u0437\u0430\u043d\u044f\u043b\u0438\u0441\u044c \u0440\u0430\u0437\u0432\u0435\u0434\u0435\u043d\u0438\u0435\u043c \u043c\u044f\u0441\u043d\u043e\u0433\u043e \u0441\u043a\u043e\u0442\u0430 \u0438 \u043e\u0441\u043d\u043e\u0432\u0430\u043b\u0438 \u043a\u043e\u043c\u043f\u0430\u043d\u0438\u044e Airene Ltd. \u0412\u043b\u0430\u0434\u0435\u043b\u044c\u0446\u0430\u043c\u0438 \u043e\u0431\u043e\u0438\u0445 \u0445\u043e\u0437\u044f\u0439\u0441\u0442\u0432 \u044f\u0432\u043b\u044f\u044e\u0442\u0441\u044f \u0412\u0438\u043b\u043d\u0438\u0441 \u0428\u0442\u0435\u043d\u0446\u0435\u043b\u0438\u0441 \u0438 \u0410\u0433\u043d\u0435\u0441\u0435 \u0410\u0440\u043d\u0435-\u0428\u0442\u0435\u043d\u0446\u0435\u043b\u0435. \u0412 2019 \u0433\u043e\u0434\u0443 \u0431\u044b\u043b \u0441\u043e\u0437\u0434\u0430\u043d \u0431\u0440\u0435\u043d\u0434 \"Br\u016bzilu liellops\", \u043f\u0440\u0435\u0434\u043b\u0430\u0433\u0430\u044e\u0449\u0438\u0439 \u0441\u0432\u0435\u0436\u0443\u044e \u0438 \u0437\u0440\u0435\u043b\u0443\u044e \u0433\u043e\u0432\u044f\u0434\u0438\u043d\u0443, \u0430 \u0441 2021 \u0433\u043e\u0434\u0430 - \u0442\u0430\u043a\u0436\u0435 \u0434\u0435\u0442\u0441\u043a\u0443\u044e \u0433\u043e\u0432\u044f\u0434\u0438\u043d\u0443 \u0438 \u0448\u0438\u0440\u043e\u043a\u0438\u0439 \u0430\u0441\u0441\u043e\u0440\u0442\u0438\u043c\u0435\u043d\u0442 \u0437\u0430\u043c\u043e\u0440\u043e\u0436\u0435\u043d\u043d\u044b\u0445 \u043f\u0440\u043e\u0434\u0443\u043a\u0442\u043e\u0432.<\/p><p>\u0421\u043e\u0437\u0434\u0430\u043d\u0438\u0435 \u0444\u0435\u0440\u043c\u044b \u043f\u043e \u0440\u0430\u0437\u0432\u0435\u0434\u0435\u043d\u0438\u044e \u043c\u044f\u0441\u043d\u043e\u0433\u043e \u0441\u043a\u043e\u0442\u0430 \u0412 2015 \u0433\u043e\u0434\u0443 \u0431\u044b\u043b \u043f\u0440\u0438\u043e\u0431\u0440\u0435\u0442\u0435\u043d \u0441\u043a\u043e\u0442 \u043f\u043e\u0440\u043e\u0434\u044b \u0448\u0430\u0440\u043e\u043b\u0435, \u0430 \u0432 2018 \u0433\u043e\u0434\u0443 - \u0441\u043a\u043e\u0442 \u043f\u043e\u0440\u043e\u0434 \u0430\u043d\u0433\u0443\u0441 \u0438 \u0441\u0438\u043c\u043c\u0435\u043d\u0442\u0430\u043b. \u0412 2020 \u0433\u043e\u0434\u0443 \u043c\u044b \u043f\u0440\u0438\u043e\u0431\u0440\u0435\u043b\u0438 \u0431\u044b\u043a\u0430 \u043b\u0438\u043c\u0443\u0437\u0438\u043d\u0441\u043a\u043e\u0439 \u043f\u043e\u0440\u043e\u0434\u044b, \u0430 \u0442\u0430\u043a\u0436\u0435 \u043d\u0435\u0442\u0435\u043b\u0435\u0439 \u0434\u043b\u044f \u0441\u043e\u0437\u0434\u0430\u043d\u0438\u044f \u043f\u043e\u043c\u0435\u0441\u043d\u043e\u0433\u043e \u043c\u044f\u0441\u043d\u043e\u0433\u043e \u0441\u043a\u043e\u0442\u0430 \u043b\u0438\u043c\u0443\u0437\u0438\u043d\u0441\u043a\u043e\u0439 \u043f\u043e\u0440\u043e\u0434\u044b. \u0412 2021 \u0433\u043e\u0434\u0443 \u043d\u0430 \u0430\u0443\u043a\u0446\u0438\u043e\u043d\u0435 \u0432 \u0413\u0435\u0440\u043c\u0430\u043d\u0438\u0438 \u0431\u044b\u043b \u043f\u0440\u0438\u043e\u0431\u0440\u0435\u0442\u0435\u043d \u0432\u044b\u0434\u0430\u044e\u0449\u0438\u0439\u0441\u044f \u043f\u043b\u0435\u043c\u0435\u043d\u043d\u043e\u0439 \u0431\u044b\u043a \u0430\u043d\u0433\u0443\u0441\u0441\u043a\u043e\u0439 \u043f\u043e\u0440\u043e\u0434\u044b, \u043a\u043e\u0442\u043e\u0440\u044b\u0439 \u0431\u0443\u0434\u0435\u0442 \u043f\u0440\u0435\u0434\u0441\u0442\u0430\u0432\u043b\u044f\u0442\u044c \u0430\u043d\u0433\u0443\u0441\u0441\u043a\u0443\u044e \u043f\u043e\u0440\u043e\u0434\u0443, \u043a\u0430\u043a \u0447\u0438\u0441\u0442\u043e\u043f\u043e\u0440\u043e\u0434\u043d\u0443\u044e, \u0442\u0430\u043a \u0438 \u043c\u044f\u0441\u043d\u043e\u0435 \u0441\u043a\u0440\u0435\u0449\u0438\u0432\u0430\u043d\u0438\u0435. \u0412 \u043d\u0430\u0441\u0442\u043e\u044f\u0449\u0435\u0435 \u0432\u0440\u0435\u043c\u044f \u043a\u043e\u043c\u043f\u0430\u043d\u0438\u044f Airene Ltd \u0441\u043e\u0434\u0435\u0440\u0436\u0438\u0442 132 \u043a\u043e\u0440\u043e\u0432\u044b-\u0442\u0435\u043b\u043a\u0438, 118 \u043f\u043b\u0435\u043c\u0435\u043d\u043d\u044b\u0445 \u043d\u0435\u0442\u0435\u043b\u0435\u0439, 6 \u043f\u043b\u0435\u043c\u0435\u043d\u043d\u044b\u0445 \u0431\u044b\u043a\u043e\u0432 \u0438 72 \u0431\u044b\u043a\u0430 \u043d\u0430 \u043e\u0442\u043a\u043e\u0440\u043c\u0435. \u0412  \"\u0411\u0440\u0443\u0437\u0438\u043b\u0430\u0441 \u0410\u0412\" \u0432 \u043d\u0430\u0441\u0442\u043e\u044f\u0449\u0435\u0435 \u0432\u0440\u0435\u043c\u044f \u0441\u043e\u0434\u0435\u0440\u0436\u0438\u0442\u0441\u044f 489 \u043c\u043e\u043b\u043e\u0447\u043d\u044b\u0445 \u043a\u043e\u0440\u043e\u0432, 3 \u043a\u043e\u0440\u043e\u0432\u044b-\u0442\u0435\u043b\u043a\u0438, 428 \u043f\u043b\u0435\u043c\u0435\u043d\u043d\u044b\u0445 \u0442\u0435\u043b\u043e\u043a \u0438 43 \u0431\u044b\u043a\u0430-\u043e\u0442\u043a\u043e\u0440\u043c\u043e\u0447\u043d\u0438\u043a\u0430. \u041e\u0431\u0435 \u0444\u0435\u0440\u043c\u044b \u0432\u043c\u0435\u0441\u0442\u0435 \u0443\u043f\u0440\u0430\u0432\u043b\u044f\u044e\u0442 \u043e\u043a\u043e\u043b\u043e 1600 \u0433\u0430 \u041e\u0410\u0410.<\/p><p>\u0412\u0441\u0435 \u043b\u0435\u0442\u043e \u0441\u043a\u043e\u0442 \u043f\u0430\u0441\u0435\u0442\u0441\u044f \u043d\u0430 \u043f\u0430\u0441\u0442\u0431\u0438\u0449\u0435, \u0430 \u0437\u0438\u043c\u043e\u0439 \u0435\u0433\u043e \u0440\u0430\u0437\u043c\u0435\u0449\u0430\u044e\u0442 \u0432 \u043f\u043e\u043c\u0435\u0449\u0435\u043d\u0438\u0438, \u0433\u0434\u0435 \u043a\u043e\u0440\u043c\u044f\u0442 \u0442\u0440\u0430\u0432\u044f\u043d\u044b\u043c \u0441\u0438\u043b\u043e\u0441\u043e\u043c. \u0414\u043b\u044f \u0443\u0441\u043f\u0435\u0448\u043d\u043e\u0433\u043e \u0441\u043e\u0434\u0435\u0440\u0436\u0430\u043d\u0438\u044f \u043a\u043e\u0440\u043e\u0432-\u0442\u0435\u043b\u043e\u043a \u043d\u0435\u043e\u0431\u0445\u043e\u0434\u0438\u043c\u044b \u0445\u043e\u0440\u043e\u0448\u0438\u0435 \u0443\u0441\u043b\u043e\u0432\u0438\u044f \u0441\u043e\u0434\u0435\u0440\u0436\u0430\u043d\u0438\u044f. \u041f\u0430\u0441\u0442\u0431\u0438\u0449\u0430 \u0432\u043e\u0441\u0441\u0442\u0430\u043d\u0430\u0432\u043b\u0438\u0432\u0430\u044e\u0442\u0441\u044f, \u0430 \u0443\u0447\u0430\u0441\u0442\u043a\u0438, \u0437\u0430\u0440\u043e\u0441\u0448\u0438\u0435 \u043a\u0443\u0441\u0442\u0430\u0440\u043d\u0438\u043a\u043e\u043c, \u0440\u0430\u0441\u0447\u0438\u0449\u0430\u044e\u0442\u0441\u044f. \u041c\u044f\u0441\u043d\u043e\u0439 \u0441\u043a\u043e\u0442, \u043f\u0440\u0435\u0434\u043d\u0430\u0437\u043d\u0430\u0447\u0435\u043d\u043d\u044b\u0439 \u0434\u043b\u044f \u043f\u0440\u043e\u0438\u0437\u0432\u043e\u0434\u0441\u0442\u0432\u0430 \u043c\u044f\u0441\u0430, \u043f\u0435\u0440\u0435\u0434 \u0443\u0431\u043e\u0435\u043c \u0434\u043e\u043f\u043e\u043b\u043d\u0438\u0442\u0435\u043b\u044c\u043d\u043e \u043a\u043e\u0440\u043c\u044f\u0442 \u0437\u0435\u0440\u043d\u043e\u0432\u043e\u0439 \u043c\u0443\u043a\u043e\u0439 \u0438\u043b\u0438 \u043f\u043b\u044e\u0449\u0435\u043d\u044b\u043c \u0437\u0435\u0440\u043d\u043e\u043c, \u0447\u0442\u043e\u0431\u044b \u043f\u043e\u043b\u0443\u0447\u0438\u0442\u044c \u043b\u0443\u0447\u0448\u0438\u0439 \u043a\u043b\u0430\u0441\u0441 \u0436\u0438\u0440\u0430, \u043a\u043e\u0442\u043e\u0440\u044b\u0439 \u043d\u0435\u043e\u0431\u0445\u043e\u0434\u0438\u043c \u0434\u043b\u044f \u0441\u043e\u0437\u0440\u0435\u0432\u0430\u043d\u0438\u044f \u0438 \u043f\u043e\u043b\u0443\u0447\u0435\u043d\u0438\u044f \u0445\u043e\u0440\u043e\u0448\u0435\u0433\u043e \u0441\u0442\u0435\u0439\u043a\u0430.<\/p><p>\u041a\u0440\u043e\u043c\u0435 \u0442\u043e\u0433\u043e, \u043f\u0440\u0435\u0434\u043b\u0430\u0433\u0430\u044e\u0442\u0441\u044f \u044d\u043a\u0441\u043a\u0443\u0440\u0441\u0438\u0438, \u0447\u0442\u043e\u0431\u044b \u0443\u0432\u0438\u0434\u0435\u0442\u044c, \u043a\u0430\u043a \u043e\u0440\u0433\u0430\u043d\u0438\u0437\u043e\u0432\u0430\u043d\u043e \u0436\u0438\u0432\u043e\u0442\u043d\u043e\u0432\u043e\u0434\u0441\u0442\u0432\u043e \u043a\u0430\u043a \u0434\u043b\u044f \u043c\u043e\u043b\u043e\u0447\u043d\u043e\u0433\u043e, \u0442\u0430\u043a \u0438 \u0434\u043b\u044f \u043c\u044f\u0441\u043d\u043e\u0433\u043e \u0441\u043a\u043e\u0442\u0430. \u0413\u043e\u0441\u0442\u0435\u0439 \u0432\u043e\u0434\u044f\u0442 \u043d\u0430 \u043f\u0430\u0441\u0442\u0431\u0438\u0449\u0430, \u0430 \u0442\u0430\u043a\u0436\u0435 \u0432 \u0436\u0438\u0432\u043e\u0442\u043d\u043e\u0432\u043e\u0434\u0447\u0435\u0441\u043a\u0438\u0435 \u043f\u043e\u043c\u0435\u0449\u0435\u043d\u0438\u044f. \u0423\u0432\u0438\u0434\u0435\u0442\u044c \u043c\u0430\u043b\u0435\u043d\u044c\u043a\u0438\u0445 \u0442\u0435\u043b\u044f\u0442 \u0438\u043b\u0438 \u043f\u043e\u0441\u043c\u043e\u0442\u0440\u0435\u0442\u044c, \u043a\u0430\u043a \u0434\u043e\u044f\u0442 \u043a\u043e\u0440\u043e\u0432, \u0441\u0435\u0433\u043e\u0434\u043d\u044f \u044f\u0432\u043b\u044f\u0435\u0442\u0441\u044f \u044d\u043a\u0441\u043a\u043b\u044e\u0437\u0438\u0432\u043d\u044b\u043c \u0437\u0430\u043d\u044f\u0442\u0438\u0435\u043c \u043a\u0430\u043a \u0434\u043b\u044f \u0434\u0435\u0442\u0435\u0439, \u0442\u0430\u043a \u0438 \u0434\u043b\u044f \u0432\u0437\u0440\u043e\u0441\u043b\u044b\u0445. \u0412 \u0441\u043e\u0442\u0440\u0443\u0434\u043d\u0438\u0447\u0435\u0441\u0442\u0432\u0435 \u0441 \u043c\u0435\u0441\u0442\u043d\u044b\u043c \u0440\u0435\u0441\u0442\u043e\u0440\u0430\u043d\u043e\u043c \u0438 \u041a\u043b\u0443\u0431\u043e\u043c \u0433\u0443\u0440\u043c\u0430\u043d\u043e\u0432 \u0433\u0440\u0443\u043f\u043f\u044b \u0433\u0443\u0440\u043c\u0430\u043d\u043e\u0432 \u0437\u043d\u0430\u043a\u043e\u043c\u044f\u0442\u0441\u044f \u0441 \u0440\u0430\u0437\u043d\u043e\u043e\u0431\u0440\u0430\u0437\u0438\u0435\u043c \u0441\u0442\u0435\u0439\u043a\u043e\u0432 \u0438 \u0434\u0440\u0443\u0433\u0438\u043c\u0438 \u0441\u043f\u043e\u0441\u043e\u0431\u0430\u043c\u0438 \u043f\u0440\u0438\u0433\u043e\u0442\u043e\u0432\u043b\u0435\u043d\u0438\u044f \u0433\u043e\u0432\u044f\u0434\u0438\u043d\u044b. \u041d\u0430\u0448\u0438 \u043f\u0440\u043e\u0434\u0443\u043a\u0442\u044b \u0438\u0437 \u0433\u043e\u0432\u044f\u0434\u0438\u043d\u044b \u0442\u0430\u043a\u0436\u0435 \u043f\u0440\u0438\u0441\u0443\u0442\u0441\u0442\u0432\u0443\u044e\u0442 \u0432 \u043c\u0435\u043d\u044e \u0440\u0438\u0436\u0441\u043a\u0438\u0445 \u0440\u0435\u0441\u0442\u043e\u0440\u0430\u043d\u043e\u0432. \u041c\u044b \u043f\u0440\u043e\u0434\u043e\u043b\u0436\u0430\u0435\u043c \u0438\u0437\u0443\u0447\u0430\u0442\u044c \u0433\u043e\u0432\u044f\u0434\u0438\u043d\u0443 \u0438 \u0431\u0443\u0434\u0435\u043c \u043f\u0440\u043e\u0434\u043e\u043b\u0436\u0430\u0442\u044c \u043e\u0440\u0433\u0430\u043d\u0438\u0437\u043e\u0432\u044b\u0432\u0430\u0442\u044c \u043c\u0435\u0440\u043e\u043f\u0440\u0438\u044f\u0442\u0438\u044f \u0434\u043b\u044f \u0433\u0443\u0440\u043c\u0430\u043d\u043e\u0432.<\/p><p>\u041d\u0430 \u0444\u0435\u0440\u043c\u0435 \u043f\u0440\u043e\u0432\u043e\u0434\u044f\u0442\u0441\u044f \"\u0414\u043d\u0438 \u0441\u0438\u043b\u043e\u0441\u043e\u0432\u0430\u043d\u0438\u044f\", \u043e\u0440\u0433\u0430\u043d\u0438\u0437\u043e\u0432\u0430\u043d\u043d\u044b\u0435 LACF.  \u0421 2000 \u0433\u043e\u0434\u0430 \u0444\u0435\u0440\u043c\u0430 \u0442\u0430\u043a\u0436\u0435 \u0437\u0430\u043d\u0438\u043c\u0430\u0435\u0442 \u043f\u0440\u0438\u0437\u043e\u0432\u044b\u0435 \u043c\u0435\u0441\u0442\u0430 \u043d\u0430 \u0441\u043e\u0440\u0435\u0432\u043d\u043e\u0432\u0430\u043d\u0438\u044f\u0445 \u043f\u043e \u0441\u0438\u043b\u043e\u0441\u043e\u0432\u0430\u043d\u0438\u044e. \u0424\u0435\u0440\u043c\u0435\u0440\u043e\u0432 \u043f\u0440\u0438\u043d\u0438\u043c\u0430\u044e\u0442 \u043d\u0430 \u0441\u0435\u043c\u0438\u043d\u0430\u0440\u0430\u0445 \u043f\u043e \u043e\u0431\u043c\u0435\u043d\u0443 \u043e\u043f\u044b\u0442\u043e\u043c. \u041c\u044b \u0442\u0430\u043a\u0436\u0435 \u0435\u0437\u0434\u0438\u043c \u0432 \u043f\u043e\u0435\u0437\u0434\u043a\u0438 \u043f\u043e \u043e\u0431\u043c\u0435\u043d\u0443 \u043e\u043f\u044b\u0442\u043e\u043c \u0432 \u0435\u0432\u0440\u043e\u043f\u0435\u0439\u0441\u043a\u0438\u0435 \u0441\u0442\u0440\u0430\u043d\u044b.<\/p><p>\u041e \u0444\u0435\u0440\u043c\u0430\u0445 \u043f\u0438\u0448\u0443\u0442 \u0432 \u043c\u0435\u0441\u0442\u043d\u044b\u0445 \u0433\u0430\u0437\u0435\u0442\u0430\u0445 \u0438 \u0444\u0435\u0440\u043c\u0435\u0440\u0441\u043a\u0438\u0445 \u0436\u0443\u0440\u043d\u0430\u043b\u0430\u0445. \u041f\u043e\u0441\u043b\u0435\u0434\u043d\u044f\u044f \u043f\u0443\u0431\u043b\u0438\u043a\u0430\u0446\u0438\u044f \u043e \u043c\u0430\u0440\u043a\u0435\u0442\u0438\u043d\u0433\u0435 \u0433\u043e\u0432\u044f\u0434\u0438\u043d\u044b \u0431\u044b\u043b\u0430 \u0432 \u0436\u0443\u0440\u043d\u0430\u043b\u0435 Zemnieku Saeima.<\/p><p>Par visu s\u012bk\u0101k\u00a0<a href=\"https:\/\/bruziluliellops.lv\/\">bruziluliellops.lv<\/a>\u00a0\u0438\u043b\u0438 \u0432 FB bruziluliellops.lv.<\/p>\t\t\t\t\t\t\t\t<\/div>\n\t\t\t\t<\/div>\n\t\t\t\t\t<\/div>\n\t\t\t\t<\/div>\n\t\t\t\t<\/div>","protected":false},"excerpt":{"rendered":"<p>Atpaka\u013c Saimniec\u012bba Br\u016bzilu Liellops 1992. gad\u0101 tika nodibin\u0101ta zemnieku saimniec\u012bbu \u201cBr\u016bzilas\u201d, Saldus novada Kurs\u012b\u0161u pagast\u0101, kas izaugusi par SIA Br\u016bzilas AV ar 400 slaucam\u0101m gov\u012bm un tikpat jaunlopiem. Otra darb\u012bbas nozare ir graudkop\u012bba. Saimniekiem mekl\u0113jot izaugsmes iesp\u0113jas, s\u0101ka2015. gad\u0101 s\u0101ka audz\u0113t ga\u013cas \u0161\u0137ir\u0146u liellopus un tika nodibin\u0101ts uz\u0146\u0113mums SIA \u201cAirene\u201d. Ab\u0101s saimniec\u012bbas saimnieki ir Vilnis \u0160tencelis un Agnese Arne \u2013 \u0160tencele. SIA Airene ieguvusi t\u012br\u0161\u0137irnes saimniec\u012bbas statusu un no 2020. gada ar\u012b biolo\u0123isko statusu. 2019. gad\u0101 izveidots z\u012bmols \u201cBr\u016bzilu liellops\u201d, kas pied\u0101v\u0101 ieg\u0101d\u0101ties svaigu un nogatavin\u0101tu liellopu ga\u013cu, no 2021. gada \u2013 ar\u012b jaunlopu ga\u013cu un pla\u0161u kl\u0101stu ar sald\u0113to produkciju. Ga\u013cas lopu saimniec\u012bbas izveide 2015. gad\u0101 tika ieg\u0101d\u0101ti \u0160arol\u0113 lopi, 2018. gad\u0101 \u2013 Angus un Siment\u0101les lopi. 2020. gad\u0101 ieg\u0101d\u0101j\u0101mies Limuz\u012bnas \u0161\u0137irnes bulli, k\u0101 ar\u012b teles, lai veidotu Limuz\u012bnu ga\u013cas krustojumu lopus. 2021. gad\u0101 V\u0101cij\u0101 izsol\u0113 tika ieg\u0101d\u0101ts izcils Angus \u0161\u0137irnes vaislas bullis, kas ievies\u012bs Angus \u0161\u0137irni\u00a0 \u2013 gan t\u012br\u0161\u0137irni, gan ga\u013cas krustojumus. Uz doto br\u012bdi uz\u0146\u0113mum\u0101 SIA Airene ir 132 z\u012bd\u012bt\u0101jgovis, 118 audz\u0113jam\u0101s teles, 6 vaislas bu\u013c\u013ci un 72 nobarojamie bu\u013c\u013ci. SIA Br\u016bzilas AV \u0161obr\u012bd ir 489 slaucamas govis, 3 z\u012bd\u012bt\u0101jgovis, 428 audz\u0113jam\u0101s teles un 43 nobarojamie bu\u013c\u013ci. Pa ab\u0101m saimniec\u012bb\u0101m kop\u0101 apsaimnieko ap 1600 ha LIZ. Lopi visu vasaru gan\u0101s gan\u012bb\u0101s, ziemas sezon\u0101 ir m\u012btn\u0113s, kur tiek baroti ar z\u0101les sk\u0101bbar\u012bbu. Lai veiksm\u012bgi apsaimniekotu z\u012bd\u012bt\u0101jgovis, b\u016btiski ir nodro\u0161in\u0101t dz\u012bvniekiem labus tur\u0113\u0161anas apst\u0101k\u013cus.\u00a0Gan\u012bbas tiek atjaunotas, un tiek apg\u016btas ar kr\u016bmiem aizaugu\u0161\u0101s plat\u012bbas, kuras p\u0113c att\u012br\u012b\u0161anas tiek iekoptas. Ga\u013cas lopi, kas paredz\u0113ti ga\u013cas produkcijai, papildus pirms nokau\u0161anas tiek piebaroti ar graudu miltiem vai placin\u0101tiem graudiem, lai ieg\u016btu lab\u0101ku tauku klasi, kas \u013coti nepiecie\u0161ama nogatavin\u0101\u0161anai un laba steika ieg\u016b\u0161anai. Papildus tiek pied\u0101v\u0101tas ekskursijas, kur\u0101s var v\u0113rot, k\u0101 tiek organiz\u0113ta lopkop\u012bba gan piena, gan ga\u013cas lopiem. Viesi tiek vesti uz gan\u012bb\u0101m un ar\u012b uz lopu m\u012btn\u0113m. Mazu teli\u0146u apl\u016bko\u0161ana vai govju slauk\u0161anas procesa v\u0113ro\u0161ana m\u016bsdien\u0101s ir ekskluz\u012bvs pas\u0101kums gan b\u0113rniem, gan pieaugu\u0161ajiem. Ir uz\u0146emtas Gard\u0113\u017eu grupas, lai iepaz\u012btos ar steiku daudzveid\u012bbu, k\u0101 ar\u012b apg\u016btu citus liellopu ga\u013cas pagatavo\u0161anas veidus, sadarb\u012bb\u0101 ar viet\u0113jo restor\u0101nu un Gard\u0113\u017eu klubu. M\u016bsu liellopu ga\u013cas produkcija iek\u013cauta ar\u012b R\u012bgas restor\u0101nu \u0113dienkart\u0113s. Joproj\u0101m esam izaugsmes proces\u0101, apg\u016bstot liellopu ga\u013cas pagatavo\u0161anas iesp\u0113jas, un Gard\u0113\u017eu pas\u0101kumus r\u012bkosim ar\u012b turpm\u0101k. Saimniec\u012bb\u0101 notiku\u0161as LLKC r\u012bkot\u0101s \u201cSk\u0101bbar\u012bbas dienas\u201d.\u00a0 T\u0101pat jau no 2000. gada ieg\u016btas godalgotas vietas Sk\u0101bbar\u012bbas konkursos. Tiek uz\u0146emti lauksaimnieki pieredzes apmai\u0146as semin\u0101ros. Un t\u0101pat pa\u0161i braucam pa Eiropas valst\u012bm pieredzes apmai\u0146as braucienos. Par saimniec\u012bb\u0101m ir publik\u0101cijas gan viet\u0113jos laikrakstos, gan lauksaimnieku \u017eurn\u0101los. Par liellopu ga\u013cas realiz\u0101ciju \u2013 p\u0113d\u0113j\u0101 publik\u0101cija bija Zemnieku Saeimas \u017eurn\u0101l\u0101. Par visu s\u012bk\u0101k\u00a0bruziluliellops.lv\u00a0vai FB bruziluliellops.lv.<\/p>","protected":false},"author":563,"featured_media":0,"parent":0,"menu_order":0,"comment_status":"closed","ping_status":"open","template":"","meta":{"footnotes":""},"class_list":["post-17940","page","type-page","status-publish","hentry","post-no-thumbnail"],"jetpack_sharing_enabled":true,"_links":{"self":[{"href":"https:\/\/galaspiegade.lv\/ru\/wp-json\/wp\/v2\/pages\/17940","targetHints":{"allow":["GET"]}}],"collection":[{"href":"https:\/\/galaspiegade.lv\/ru\/wp-json\/wp\/v2\/pages"}],"about":[{"href":"https:\/\/galaspiegade.lv\/ru\/wp-json\/wp\/v2\/types\/page"}],"author":[{"embeddable":true,"href":"https:\/\/galaspiegade.lv\/ru\/wp-json\/wp\/v2\/users\/563"}],"replies":[{"embeddable":true,"href":"https:\/\/galaspiegade.lv\/ru\/wp-json\/wp\/v2\/comments?post=17940"}],"version-history":[{"count":30,"href":"https:\/\/galaspiegade.lv\/ru\/wp-json\/wp\/v2\/pages\/17940\/revisions"}],"predecessor-version":[{"id":22231,"href":"https:\/\/galaspiegade.lv\/ru\/wp-json\/wp\/v2\/pages\/17940\/revisions\/22231"}],"wp:attachment":[{"href":"https:\/\/galaspiegade.lv\/ru\/wp-json\/wp\/v2\/media?parent=17940"}],"curies":[{"name":"wp","href":"https:\/\/api.w.org\/{rel}","templated":true}]}}