{"id":17952,"date":"2021-05-18T22:02:27","date_gmt":"2021-05-18T22:02:27","guid":{"rendered":"https:\/\/galaspiegade.lv\/?page_id=17952"},"modified":"2024-05-06T18:32:50","modified_gmt":"2024-05-06T15:32:50","slug":"sia-lizagro","status":"publish","type":"page","link":"https:\/\/galaspiegade.lv\/ru\/sia-lizagro\/","title":{"rendered":"SIA LIZAGRO"},"content":{"rendered":"<div data-elementor-type=\"wp-page\" data-elementor-id=\"17952\" class=\"elementor elementor-17952\" data-elementor-post-type=\"page\">\n\t\t\t\t<div class=\"elementor-element elementor-element-b493c08 e-flex e-con-boxed e-con e-parent\" data-id=\"b493c08\" data-element_type=\"container\" data-e-type=\"container\">\n\t\t\t\t\t<div class=\"e-con-inner\">\n\t\t\t\t<div class=\"elementor-element elementor-element-7e2ef7b elementor-widget elementor-widget-tm-button\" data-id=\"7e2ef7b\" data-element_type=\"widget\" data-e-type=\"widget\" data-widget_type=\"tm-button.default\">\n\t\t\t\t<div class=\"elementor-widget-container\">\n\t\t\t\t\t\t\t<a href=\"https:\/\/galaspiegade.lv\/ru\/par-mums\/\" class=\"tm-button-link tm-button style-text tm-button-nm icon-left\" role=\"button\">\n\n\t\t\t\t\t<div class=\"button-content-wrapper\">\n\t\t\t\t\t\t\t<div class=\"button-icon\">\n\t\t\t\t\t\t\t<div class=\"minimog-icon icon minimog-solid-icon\">\n\t\t\t<svg aria-hidden=\"true\" class=\"e-font-icon-svg e-fas-backward\" viewbox=\"0 0 512 512\" xmlns=\"http:\/\/www.w3.org\/2000\/svg\"><path d=\"M11.5 280.6l192 160c20.6 17.2 52.5 2.8 52.5-24.6V96c0-27.4-31.9-41.8-52.5-24.6l-192 160c-15.3 12.8-15.3 36.4 0 49.2zm256 0l192 160c20.6 17.2 52.5 2.8 52.5-24.6V96c0-27.4-31.9-41.8-52.5-24.6l-192 160c-15.3 12.8-15.3 36.4 0 49.2z\"><\/path><\/svg>\t\t<\/div>\n\t\t\t\t\t\t<\/div>\n\t\t\t\n\t\t\t\t\t<div class=\"button-text\">\n\t\t\t\n\t\t\t \u041d\u0430\u0437\u0430\u0434\n\t\t\t\n\t\t\t\t\t<\/div>\n\t\t\n\t\t\t\t\t<\/div>\n\t\t\n\t\t\t\t\t<\/a>\n\t\t\t\t\t\t<\/div>\n\t\t\t\t<\/div>\n\t\t\t\t\t<\/div>\n\t\t\t\t<\/div>\n\t\t<div class=\"elementor-element elementor-element-114c1bc e-flex e-con-boxed e-con e-parent\" data-id=\"114c1bc\" data-element_type=\"container\" data-e-type=\"container\">\n\t\t\t\t\t<div class=\"e-con-inner\">\n\t\t\t\t<div class=\"elementor-element elementor-element-35af3fe elementor-widget elementor-widget-image\" data-id=\"35af3fe\" data-element_type=\"widget\" data-e-type=\"widget\" data-widget_type=\"image.default\">\n\t\t\t\t<div class=\"elementor-widget-container\">\n\t\t\t\t\t\t\t\t\t\t\t\t\t\t\t<img fetchpriority=\"high\" decoding=\"async\" width=\"2560\" height=\"1707\" src=\"https:\/\/galaspiegade.lv\/wp-content\/uploads\/2021\/06\/536A3193r-scaled.jpg\" class=\"attachment-full size-full wp-image-18217\" alt=\"\" srcset=\"https:\/\/galaspiegade.lv\/wp-content\/uploads\/2021\/06\/536A3193r-scaled.jpg 2560w, https:\/\/galaspiegade.lv\/wp-content\/uploads\/2021\/06\/536A3193r-scaled-150x100.jpg 150w, https:\/\/galaspiegade.lv\/wp-content\/uploads\/2021\/06\/536A3193r-scaled-600x400.jpg 600w, https:\/\/galaspiegade.lv\/wp-content\/uploads\/2021\/06\/536A3193r-scaled-300x200.jpg 300w, https:\/\/galaspiegade.lv\/wp-content\/uploads\/2021\/06\/536A3193r-scaled-1024x683.jpg 1024w, https:\/\/galaspiegade.lv\/wp-content\/uploads\/2021\/06\/536A3193r-scaled-768x512.jpg 768w, https:\/\/galaspiegade.lv\/wp-content\/uploads\/2021\/06\/536A3193r-scaled-1536x1024.jpg 1536w, https:\/\/galaspiegade.lv\/wp-content\/uploads\/2021\/06\/536A3193r-scaled-2048x1366.jpg 2048w, https:\/\/galaspiegade.lv\/wp-content\/uploads\/2021\/06\/536A3193r-scaled-18x12.jpg 18w, https:\/\/galaspiegade.lv\/wp-content\/uploads\/2021\/06\/536A3193r-800x533.jpg 800w\" sizes=\"(max-width: 2560px) 100vw, 2560px\" \/>\t\t\t\t\t\t\t\t\t\t\t\t\t\t\t<\/div>\n\t\t\t\t<\/div>\n\t\t\t\t<div class=\"elementor-element elementor-element-56d00c1 elementor-widget elementor-widget-heading\" data-id=\"56d00c1\" data-element_type=\"widget\" data-e-type=\"widget\" data-widget_type=\"heading.default\">\n\t\t\t\t<div class=\"elementor-widget-container\">\n\t\t\t\t\t<h2 class=\"elementor-heading-title elementor-size-default\">SIA LIZAGRO<\/h2>\t\t\t\t<\/div>\n\t\t\t\t<\/div>\n\t\t\t\t<div class=\"elementor-element elementor-element-65a8e51 elementor-widget elementor-widget-text-editor\" data-id=\"65a8e51\" data-element_type=\"widget\" data-e-type=\"widget\" data-widget_type=\"text-editor.default\">\n\t\t\t\t<div class=\"elementor-widget-container\">\n\t\t\t\t\t\t\t\t\t<p>\u0425\u043e\u0437\u044f\u0439\u0441\u0442\u0432\u043e \u0431\u044b\u043b\u043e \u043e\u0441\u043d\u043e\u0432\u0430\u043d\u043e \u0432 2014 \u0433\u043e\u0434\u0443.  \u0425\u043e\u0437\u044f\u0439\u0441\u0442\u0432\u043e \u0440\u0430\u0441\u043f\u043e\u043b\u043e\u0436\u0435\u043d\u043e \u0432 \u041b\u0438\u0437\u0434\u0435\u043d\u0435, \u0411\u0443\u0440\u0442\u043d\u0438\u0435\u043a\u0443 \u043d\u043e\u0432, \u0432\u043e\u043b\u043e\u0441\u0442\u044c \u0420\u0435\u043d\u0447\u0435\u043d\u0443. \u0412 \u043d\u0430\u0441\u0442\u043e\u044f\u0449\u0435\u0435 \u0432\u0440\u0435\u043c\u044f \u0441\u0442\u0430\u0434\u043e \u0432\u044b\u0440\u043e\u0441\u043b\u043e \u0434\u043e 85 \u0433\u043e\u043b\u043e\u0432. \u042f \u043a\u043e\u0440\u043c\u043b\u044e \u0441\u043a\u043e\u0442 \u043a\u043e\u0440\u043c\u0430\u043c\u0438, \u043f\u0440\u043e\u0438\u0437\u0432\u0435\u0434\u0435\u043d\u043d\u044b\u043c\u0438 \u043d\u0430 \u0444\u0435\u0440\u043c\u0435. \u0412 \u043f\u0430\u0441\u0442\u0431\u0438\u0449\u043d\u044b\u0439 \u0441\u0435\u0437\u043e\u043d \u043a\u043e\u0440\u043e\u0432\u044b \u0438 \u0442\u0435\u043b\u044f\u0442\u0430 \u043f\u0430\u0441\u0443\u0442\u0441\u044f \u043d\u0430 \u0432\u044b\u0441\u043e\u043a\u043e\u043a\u0430\u0447\u0435\u0441\u0442\u0432\u0435\u043d\u043d\u044b\u0445 \u043f\u0430\u0441\u0442\u0431\u0438\u0449\u0430\u0445, \u0430 \u0432 \u043e\u0441\u0442\u0430\u043b\u044c\u043d\u043e\u0435 \u0432\u0440\u0435\u043c\u044f \u0441\u043a\u043e\u0442 \u0441\u043e\u0434\u0435\u0440\u0436\u0438\u0442\u0441\u044f \u0432 \u0441\u0430\u0440\u0430\u0435, \u0433\u0434\u0435 \u0435\u0441\u0442\u044c \u0432\u0441\u0435 \u043d\u0435\u043e\u0431\u0445\u043e\u0434\u0438\u043c\u043e\u0435 \u0434\u043b\u044f \u043e\u0431\u0435\u0441\u043f\u0435\u0447\u0435\u043d\u0438\u044f \u0435\u0433\u043e \u0431\u043b\u0430\u0433\u043e\u043f\u043e\u043b\u0443\u0447\u0438\u044f. \u041e\u0442\u043a\u043e\u0440\u043c\u043e\u0447\u043d\u044b\u0439 \u0441\u043a\u043e\u0442 \u0441\u043e\u0434\u0435\u0440\u0436\u0438\u0442\u0441\u044f \u0432 \u0431\u043e\u043b\u044c\u0448\u043e\u043c \u0441\u0430\u0440\u0430\u0435, \u0438 \u0441 \u043c\u0430\u044f \u043f\u043e \u0441\u0435\u043d\u0442\u044f\u0431\u0440\u044c \u0442\u0443\u0434\u0430 \u0434\u043e\u0441\u0442\u0430\u0432\u043b\u044f\u0435\u0442\u0441\u044f \u0441\u0432\u0435\u0436\u0438\u0439 \u0437\u0435\u043b\u0435\u043d\u044b\u0439 \u043a\u043e\u0440\u043c \u0434\u043b\u044f \u043a\u043e\u0440\u043c\u043b\u0435\u043d\u0438\u044f \u0441\u043a\u043e\u0442\u0430. \u041a\u0440\u043e\u043c\u0435 \u0442\u043e\u0433\u043e, \u043c\u043e\u043b\u043e\u0434\u043d\u044f\u043a \u043a\u043e\u0440\u043c\u044f\u0442 \u0437\u0435\u0440\u043d\u043e\u043c, \u0432\u044b\u0440\u0430\u0449\u0435\u043d\u043d\u044b\u043c \u043d\u0430 \u0444\u0435\u0440\u043c\u0435.<\/p><p>\u0424\u0435\u0440\u043c\u0430 \u0440\u0430\u0431\u043e\u0442\u0430\u0435\u0442 \u0441 \u0438\u0441\u043f\u043e\u043b\u044c\u0437\u043e\u0432\u0430\u043d\u0438\u0435\u043c \u044d\u043a\u043e\u043b\u043e\u0433\u0438\u0447\u0435\u0441\u043a\u0438 \u0447\u0438\u0441\u0442\u044b\u0445 \u043c\u0435\u0442\u043e\u0434\u043e\u0432. \u0413\u043b\u0430\u0432\u043d\u0430\u044f \u0437\u0430\u0434\u0430\u0447\u0430 \u0444\u0435\u0440\u043c\u0435\u0440\u0430 - \u0441\u0434\u0435\u043b\u0430\u0442\u044c \u0442\u0430\u043a, \u0447\u0442\u043e\u0431\u044b \u0441\u043a\u043e\u0442 \u0447\u0443\u0432\u0441\u0442\u0432\u043e\u0432\u0430\u043b \u0441\u0435\u0431\u044f \u0445\u043e\u0440\u043e\u0448\u043e.<\/p><p>\u0412\u043b\u0430\u0434\u0435\u043b\u0435\u0446 \u0410\u043b\u0434\u0438\u0441 \u0422\u0440\u0435\u0437\u0438\u043d\u044c\u0448. \u0412 \u043d\u0430\u0441\u0442\u043e\u044f\u0449\u0435\u0435 \u0432\u0440\u0435\u043c\u044f \u044f \u0440\u0430\u0431\u043e\u0442\u0430\u044e \u043d\u0430 \u0444\u0435\u0440\u043c\u0435 \u043e\u0434\u0438\u043d. \u0414\u043b\u044f \u0441\u0435\u0437\u043e\u043d\u043d\u044b\u0445 \u0440\u0430\u0431\u043e\u0442, \u0441\u0442\u0440\u043e\u0438\u0442\u0435\u043b\u044c\u0441\u0442\u0432\u0430, \u043f\u043e\u043b\u044c\u0437\u0443\u044e\u0441\u044c \u0443\u0441\u043b\u0443\u0433\u0430\u043c\u0438. \u042f\u0432\u043b\u044f\u044e\u0441\u044c \u043f\u0440\u0435\u0434\u0441\u0435\u0434\u0430\u0442\u0435\u043b\u0435\u043c \u043f\u0440\u0430\u0432\u043b\u0435\u043d\u0438\u044f MMB (\u043e\u0431\u0449\u0435\u0441\u0442\u0432\u0430 \u043e\u0445\u043e\u0442\u043d\u0438\u043a\u043e\u0432 \u0438 \u0440\u044b\u0431\u043e\u043b\u043e\u0432\u043e\u0432) Lizd\u0113ni. \u042f\u0432\u043b\u044f\u044e\u0441\u044c \u0447\u043b\u0435\u043d\u043e\u043c \u0434\u043e\u0431\u0440\u043e\u0432\u043e\u043b\u044c\u0447\u0435\u0441\u043a\u043e\u0439 \u043f\u043e\u0436\u0430\u0440\u043d\u043e\u0439 \u043a\u043e\u043c\u0430\u043d\u0434\u044b Renc\u0113ni. \u0412 2016 \u0433\u043e\u0434\u0443 \u0444\u0435\u0440\u043c\u0430 \u043f\u043e\u043b\u0443\u0447\u0438\u043b\u0430 \u0435\u0436\u0435\u0433\u043e\u0434\u043d\u0443\u044e \u043d\u0430\u0433\u0440\u0430\u0434\u0443 \u0411\u0443\u0440\u0442\u043d\u0438\u0435\u043a\u043e\u0433\u043e \u0443\u0435\u0437\u0434\u0430 \u0432 \u043d\u043e\u043c\u0438\u043d\u0430\u0446\u0438\u0438 \"\u041d\u043e\u0432\u043e\u0435 \u043f\u0440\u0435\u0434\u043f\u0440\u0438\u044f\u0442\u0438\u0435 \u0433\u043e\u0434\u0430\". \u041e\u043d\u043e \u0431\u044b\u043b\u043e \u043f\u0440\u0438\u0437\u043d\u0430\u043d\u043e \"\u041f\u0440\u0435\u0434\u043f\u0440\u0438\u044f\u0442\u0438\u0435\u043c \u0433\u043e\u0434\u0430 2020\" \u0432 \u0441\u0430\u043c\u043e\u0443\u043f\u0440\u0430\u0432\u043b\u0435\u043d\u0438\u0438 \u0411\u0443\u0440\u0442\u043d\u0438\u0435\u043a\u0438.<\/p><p>\u00a0<\/p><p>\u0412\u0438\u0434\u0435\u043e :\u00a0<span style=\"color: #800000;\"><a style=\"color: #800000;\" href=\"https:\/\/fb.watch\/5hNyzFW4UT\/\">https:\/\/fb.watch\/5hNyzFW4UT\/<\/a><\/span><\/p>\t\t\t\t\t\t\t\t<\/div>\n\t\t\t\t<\/div>\n\t\t\t\t\t<\/div>\n\t\t\t\t<\/div>\n\t\t\t\t<\/div>","protected":false},"excerpt":{"rendered":"<p>Atpaka\u013c SIA LIZAGRO Saimniec\u012bba dibin\u0101ta 2014. gad\u0101.\u00a0 Saimniec\u012bbas b\u0101zes vieta ir Lizd\u0113nos, Burtnieku nov, Renc\u0113nu pagast\u0101. Pa\u0161laik gan\u0101mpulks ir izaudzis l\u012bdz 85 liellopiem. Liellopu \u0113din\u0101\u0161an\u0101 izmantoju saimniec\u012bb\u0101 sara\u017eoto lopbar\u012bbu. Gan\u012bbu sezon\u0101 z\u012bd\u012bt\u0101jgovis ar te\u013ciem gan\u0101s kvalitat\u012bvos z\u0101l\u0101jos, p\u0101r\u0113j\u0101 laik\u0101 lopi atrodas novietn\u0113, kur ir viss nepiecie\u0161amais labtur\u012bbas nodro\u0161in\u0101\u0161anai. Nobarojamie liellopi atrodas pla\u0161\u0101 novietn\u0113, no maija l\u012bdz septembrim uz novietni tiek vesta svaiga za\u013cbar\u012bba\u00a0 lopu\u00a0 baro\u0161anai. Papildus jaunlopi tiek baroti ar saimniec\u012bb\u0101 izaudz\u0113tajiem graudiem. Saimniec\u012bba darbojas ar dabai draudz\u012bg\u0101m metod\u0113m. Saimnieka galvenais uzdevums lai gan\u0101mpulks justos labi. Saimnieks Aldis Tr\u0113zi\u0146\u0161. Pa\u0161laik str\u0101d\u0101ju saimniec\u012bb\u0101 viens. Sezonas darbiem, b\u016bvniec\u012bbai izmantoju pakalpojumu. Esmu MMB (mednieku un\u00a0 mak\u0161\u0137ernieku biedr\u012bba) Lizd\u0113ni valdes priek\u0161s\u0113d\u0113t\u0101js. Renc\u0113nu br\u012bvpr\u0101t\u012bgo ugunsdz\u0113s\u0113ju komand\u0101. 2016.gad\u0101 saimniec\u012bba ieguva Burtnieku nov. gada balvu nomin\u0101cij\u0101 gada jaunais uz\u0146\u0113mums. Tika atz\u012bts par 2020. gada uz\u0146\u0113mumu Burtnieku novad\u0101. \u00a0 Video :\u00a0https:\/\/fb.watch\/5hNyzFW4UT\/<\/p>","protected":false},"author":563,"featured_media":0,"parent":0,"menu_order":0,"comment_status":"closed","ping_status":"open","template":"","meta":{"footnotes":""},"class_list":["post-17952","page","type-page","status-publish","hentry","post-no-thumbnail"],"jetpack_sharing_enabled":true,"_links":{"self":[{"href":"https:\/\/galaspiegade.lv\/ru\/wp-json\/wp\/v2\/pages\/17952","targetHints":{"allow":["GET"]}}],"collection":[{"href":"https:\/\/galaspiegade.lv\/ru\/wp-json\/wp\/v2\/pages"}],"about":[{"href":"https:\/\/galaspiegade.lv\/ru\/wp-json\/wp\/v2\/types\/page"}],"author":[{"embeddable":true,"href":"https:\/\/galaspiegade.lv\/ru\/wp-json\/wp\/v2\/users\/563"}],"replies":[{"embeddable":true,"href":"https:\/\/galaspiegade.lv\/ru\/wp-json\/wp\/v2\/comments?post=17952"}],"version-history":[{"count":19,"href":"https:\/\/galaspiegade.lv\/ru\/wp-json\/wp\/v2\/pages\/17952\/revisions"}],"predecessor-version":[{"id":22243,"href":"https:\/\/galaspiegade.lv\/ru\/wp-json\/wp\/v2\/pages\/17952\/revisions\/22243"}],"wp:attachment":[{"href":"https:\/\/galaspiegade.lv\/ru\/wp-json\/wp\/v2\/media?parent=17952"}],"curies":[{"name":"wp","href":"https:\/\/api.w.org\/{rel}","templated":true}]}}