{"id":17964,"date":"2021-05-18T22:20:04","date_gmt":"2021-05-18T22:20:04","guid":{"rendered":"https:\/\/galaspiegade.lv\/?page_id=17964"},"modified":"2024-05-06T18:33:19","modified_gmt":"2024-05-06T15:33:19","slug":"sia-sita-nature-park","status":"publish","type":"page","link":"https:\/\/galaspiegade.lv\/ru\/sia-sita-nature-park\/","title":{"rendered":"SIA SITA NATURE PARK"},"content":{"rendered":"<div data-elementor-type=\"wp-page\" data-elementor-id=\"17964\" class=\"elementor elementor-17964\" data-elementor-post-type=\"page\">\n\t\t\t\t<div class=\"elementor-element elementor-element-d74824c e-flex e-con-boxed e-con e-parent\" data-id=\"d74824c\" data-element_type=\"container\" data-e-type=\"container\">\n\t\t\t\t\t<div class=\"e-con-inner\">\n\t\t\t\t<div class=\"elementor-element elementor-element-81ffa67 elementor-widget elementor-widget-tm-button\" data-id=\"81ffa67\" data-element_type=\"widget\" data-e-type=\"widget\" data-widget_type=\"tm-button.default\">\n\t\t\t\t<div class=\"elementor-widget-container\">\n\t\t\t\t\t\t\t<a href=\"https:\/\/galaspiegade.lv\/ru\/par-mums\/\" class=\"tm-button-link tm-button style-text tm-button-nm icon-left\" role=\"button\">\n\n\t\t\t\t\t<div class=\"button-content-wrapper\">\n\t\t\t\t\t\t\t<div class=\"button-icon\">\n\t\t\t\t\t\t\t<div class=\"minimog-icon icon minimog-solid-icon\">\n\t\t\t<svg aria-hidden=\"true\" class=\"e-font-icon-svg e-fas-backward\" viewbox=\"0 0 512 512\" xmlns=\"http:\/\/www.w3.org\/2000\/svg\"><path d=\"M11.5 280.6l192 160c20.6 17.2 52.5 2.8 52.5-24.6V96c0-27.4-31.9-41.8-52.5-24.6l-192 160c-15.3 12.8-15.3 36.4 0 49.2zm256 0l192 160c20.6 17.2 52.5 2.8 52.5-24.6V96c0-27.4-31.9-41.8-52.5-24.6l-192 160c-15.3 12.8-15.3 36.4 0 49.2z\"><\/path><\/svg>\t\t<\/div>\n\t\t\t\t\t\t<\/div>\n\t\t\t\n\t\t\t\t\t<div class=\"button-text\">\n\t\t\t\n\t\t\t \u041d\u0430\u0437\u0430\u0434\n\t\t\t\n\t\t\t\t\t<\/div>\n\t\t\n\t\t\t\t\t<\/div>\n\t\t\n\t\t\t\t\t<\/a>\n\t\t\t\t\t\t<\/div>\n\t\t\t\t<\/div>\n\t\t\t\t\t<\/div>\n\t\t\t\t<\/div>\n\t\t<div class=\"elementor-element elementor-element-33f93fd e-flex e-con-boxed e-con e-parent\" data-id=\"33f93fd\" data-element_type=\"container\" data-e-type=\"container\">\n\t\t\t\t\t<div class=\"e-con-inner\">\n\t\t\t\t<div class=\"elementor-element elementor-element-8a07bfe elementor-widget elementor-widget-image\" data-id=\"8a07bfe\" data-element_type=\"widget\" data-e-type=\"widget\" data-widget_type=\"image.default\">\n\t\t\t\t<div class=\"elementor-widget-container\">\n\t\t\t\t\t\t\t\t\t\t\t\t\t\t\t<img fetchpriority=\"high\" decoding=\"async\" width=\"1300\" height=\"530\" src=\"https:\/\/galaspiegade.lv\/wp-content\/uploads\/2024\/05\/web-nature-park.jpg\" class=\"attachment-full size-full wp-image-21756\" alt=\"\" srcset=\"https:\/\/galaspiegade.lv\/wp-content\/uploads\/2024\/05\/web-nature-park.jpg 1300w, https:\/\/galaspiegade.lv\/wp-content\/uploads\/2024\/05\/web-nature-park-300x122.jpg 300w, https:\/\/galaspiegade.lv\/wp-content\/uploads\/2024\/05\/web-nature-park-1024x417.jpg 1024w, https:\/\/galaspiegade.lv\/wp-content\/uploads\/2024\/05\/web-nature-park-768x313.jpg 768w, https:\/\/galaspiegade.lv\/wp-content\/uploads\/2024\/05\/web-nature-park-18x7.jpg 18w, https:\/\/galaspiegade.lv\/wp-content\/uploads\/2024\/05\/web-nature-park-600x245.jpg 600w, https:\/\/galaspiegade.lv\/wp-content\/uploads\/2024\/05\/web-nature-park-150x61.jpg 150w\" sizes=\"(max-width: 1300px) 100vw, 1300px\" \/>\t\t\t\t\t\t\t\t\t\t\t\t\t\t\t<\/div>\n\t\t\t\t<\/div>\n\t\t\t\t<div class=\"elementor-element elementor-element-a6b29ff elementor-widget elementor-widget-heading\" data-id=\"a6b29ff\" data-element_type=\"widget\" data-e-type=\"widget\" data-widget_type=\"heading.default\">\n\t\t\t\t<div class=\"elementor-widget-container\">\n\t\t\t\t\t<h2 class=\"elementor-heading-title elementor-size-default\">SIA SITA NATURE PARK<\/h2>\t\t\t\t<\/div>\n\t\t\t\t<\/div>\n\t\t\t\t<div class=\"elementor-element elementor-element-f615179 elementor-widget elementor-widget-text-editor\" data-id=\"f615179\" data-element_type=\"widget\" data-e-type=\"widget\" data-widget_type=\"text-editor.default\">\n\t\t\t\t<div class=\"elementor-widget-container\">\n\t\t\t\t\t\t\t\t\t<p>Sita Nature Park SIA \u0443\u043f\u0440\u0430\u0432\u043b\u044f\u0435\u0442 \u0442\u0435\u0440\u0440\u0438\u0442\u043e\u0440\u0438\u0435\u0439 \u043f\u0440\u0438\u0440\u043e\u0434\u043d\u043e\u0433\u043e \u0437\u0430\u043f\u043e\u0432\u0435\u0434\u043d\u0438\u043a\u0430 \u0421\u0438\u0442\u0430 \u041f\u0435\u0434\u0435\u0434\u0437\u0435 \u0432 \u0433\u043c\u0438\u043d\u0435 \u041b\u0438\u0442\u0435\u043d\u0435. \u042d\u0442\u043e \u0431\u043e\u043b\u044c\u0448\u0430\u044f \u0442\u0435\u0440\u0440\u0438\u0442\u043e\u0440\u0438\u044f \u0435\u0441\u0442\u0435\u0441\u0442\u0432\u0435\u043d\u043d\u044b\u0445 \u043b\u0443\u0433\u043e\u0432, \u0431\u0438\u043e\u043b\u043e\u0433\u0438\u0447\u0435\u0441\u043a\u0438 \u0446\u0435\u043d\u043d\u044b\u0445 \u043b\u0443\u0433\u043e\u0432, \u043b\u0443\u0433\u043e\u0432 \u043f\u0430\u0440\u043a\u043e\u0432\u043e\u0433\u043e \u0442\u0438\u043f\u0430 \u043d\u0430 \u0431\u0435\u0440\u0435\u0433\u0443 \u0440\u0435\u043a\u0438 \u041f\u0435\u0434\u0435\u0434\u0437\u0435 \u0438 \u0434\u0440\u0443\u0433\u0438\u0445 \u0440\u0435\u0434\u043a\u0438\u0445 \u0431\u0438\u043e\u0442\u043e\u043f\u043e\u0432 \u0438 \u043f\u0442\u0438\u0447\u044c\u0438\u0445 \u0437\u0430\u043f\u043e\u0432\u0435\u0434\u043d\u0438\u043a\u043e\u0432. \u041b\u0443\u0433\u0430 \u0441\u0443\u0449\u0435\u0441\u0442\u0432\u0443\u044e\u0442 \u0437\u0434\u0435\u0441\u044c \u0443\u0436\u0435 \u0441\u043e\u0442\u043d\u0438 \u043b\u0435\u0442. \u041b\u0443\u0433\u0430, \u043a\u043e\u0442\u043e\u0440\u044b\u0435 \u043d\u0438\u043a\u043e\u0433\u0434\u0430 \u043d\u0435 \u0432\u0438\u0434\u0435\u043b\u0438 \u0445\u0438\u043c\u0438\u0447\u0435\u0441\u043a\u0438\u0445 \u0443\u0434\u043e\u0431\u0440\u0435\u043d\u0438\u0439, \u043f\u043e\u0442\u043e\u043c\u0443 \u0447\u0442\u043e \u0437\u0434\u0435\u0441\u044c \u043f\u0440\u0430\u0432\u044f\u0442 \u0437\u0430\u043a\u043e\u043d\u044b \u043f\u0440\u0438\u0440\u043e\u0434\u044b, \u0438 \u043c\u044b \u0436\u0438\u0432\u0435\u043c \u043f\u043e \u044d\u0442\u0438\u043c \u0437\u0430\u043a\u043e\u043d\u0430\u043c, \u0437\u0430\u043d\u0438\u043c\u0430\u044f\u0441\u044c \u0441\u0435\u043b\u044c\u0441\u043a\u0438\u043c \u0445\u043e\u0437\u044f\u0439\u0441\u0442\u0432\u043e\u043c. \u0412\u0441\u0435, \u0447\u0442\u043e \u043c\u044b \u0434\u0435\u043b\u0430\u0435\u043c \u043d\u0430 \u043d\u0430\u0448\u0435\u0439 \u0444\u0435\u0440\u043c\u0435, \u043d\u0430\u043f\u0440\u0430\u0432\u043b\u0435\u043d\u043e \u043d\u0430 \u0441\u043e\u0445\u0440\u0430\u043d\u0435\u043d\u0438\u0435 \u044d\u0442\u0438\u0445 \u043f\u0440\u0438\u0440\u043e\u0434\u043d\u044b\u0445 \u0446\u0435\u043d\u043d\u043e\u0441\u0442\u0435\u0439 \u0434\u043b\u044f \u0441\u043b\u0435\u0434\u0443\u044e\u0449\u0435\u0433\u043e \u043f\u043e\u043a\u043e\u043b\u0435\u043d\u0438\u044f, \u043f\u043e\u044d\u0442\u043e\u043c\u0443 4 \u0433\u043e\u0434\u0430 \u043d\u0430\u0437\u0430\u0434 \u043c\u044b \u043d\u0430\u0447\u0430\u043b\u0438 \u0440\u0430\u0437\u0432\u043e\u0434\u0438\u0442\u044c \u043c\u044f\u0441\u043d\u043e\u0439 \u0441\u043a\u043e\u0442 \u043d\u0430 \u043d\u0430\u0448\u0435\u0439 \u0444\u0435\u0440\u043c\u0435. \u0414\u043e \u0441\u0438\u0445 \u043f\u043e\u0440 \u043c\u044b \u0437\u0430\u043d\u0438\u043c\u0430\u043b\u0438\u0441\u044c \u0440\u0430\u0437\u0432\u0435\u0434\u0435\u043d\u0438\u0435\u043c \u043e\u043b\u0435\u043d\u0435\u0439. \u041d\u0430 \u043e\u0433\u043e\u0440\u043e\u0436\u0435\u043d\u043d\u043e\u0439 \u0442\u0435\u0440\u0440\u0438\u0442\u043e\u0440\u0438\u0438 \u043f\u043b\u043e\u0449\u0430\u0434\u044c\u044e \u0431\u043e\u043b\u0435\u0435 100 \u0433\u0435\u043a\u0442\u0430\u0440\u043e\u0432 \u043e\u0431\u0438\u0442\u0430\u0435\u0442 \u0431\u043e\u043b\u0435\u0435 200 \u043e\u043b\u0435\u043d\u0435\u0439 \u0438 80 \u043b\u0430\u043d\u0435\u0439. \u0411\u043b\u0430\u0433\u043e\u0434\u0430\u0440\u044f \u043f\u0440\u043e\u0435\u043a\u0442\u0430\u043c Grass Life \u0437\u0430 4 \u0433\u043e\u0434\u0430 \u043c\u044b \u0443\u0432\u0435\u043b\u0438\u0447\u0438\u043b\u0438 \u043d\u0430\u0448\u0435 \u0441\u0442\u0430\u0434\u043e \u0434\u043e \u0431\u043e\u043b\u0435\u0435 \u0447\u0435\u043c 120 \u0433\u043e\u043b\u043e\u0432. \u041c\u044b \u0440\u0430\u0437\u0432\u043e\u0434\u0438\u043c \u0433\u0435\u0440\u0435\u0444\u043e\u0440\u0434\u0441\u043a\u0438\u0439 \u043c\u044f\u0441\u043d\u043e\u0439 \u0441\u043a\u043e\u0442, \u043f\u043e\u0441\u043a\u043e\u043b\u044c\u043a\u0443 \u0441\u0447\u0438\u0442\u0430\u0435\u043c, \u0447\u0442\u043e \u044d\u0442\u0430 \u043f\u043e\u0440\u043e\u0434\u0430 \u043b\u0443\u0447\u0448\u0435 \u0432\u0441\u0435\u0433\u043e \u043f\u043e\u0434\u0445\u043e\u0434\u0438\u0442 \u0434\u043b\u044f \u0435\u0441\u0442\u0435\u0441\u0442\u0432\u0435\u043d\u043d\u044b\u0445 \u043f\u0430\u0441\u0442\u0431\u0438\u0449. \u0411\u043e\u043b\u044c\u0448\u0443\u044e \u0447\u0430\u0441\u0442\u044c \u0432\u0440\u0435\u043c\u0435\u043d\u0438 \u0441\u043a\u043e\u0442 \u043f\u0430\u0441\u0435\u0442\u0441\u044f \u043d\u0430 \u043e\u0440\u0433\u0430\u043d\u0438\u0447\u0435\u0441\u043a\u0438\u0445 \u043f\u0430\u0441\u0442\u0431\u0438\u0449\u0430\u0445, \u0430 \u0437\u0438\u043c\u043e\u0439 \u043c\u044b \u043a\u043e\u0440\u043c\u0438\u043c \u0435\u0433\u043e \u0442\u0435\u043c \u0436\u0435 \u043e\u0440\u0433\u0430\u043d\u0438\u0447\u0435\u0441\u043a\u0438\u043c \u043f\u0430\u0441\u0442\u0431\u0438\u0449\u0435\u043c \u0432 \u043a\u0430\u0447\u0435\u0441\u0442\u0432\u0435 \u043e\u0441\u043d\u043e\u0432\u043d\u043e\u0433\u043e \u043a\u043e\u0440\u043c\u0430.  \u0421\u0430\u043c\u044b\u0439 \u0431\u043e\u043b\u044c\u0448\u043e\u0439 \u0432\u044b\u0437\u043e\u0432 \u0434\u043b\u044f \u0444\u0435\u0440\u043c\u044b - \u0436\u0438\u0442\u044c \u0438 \u043f\u043e\u043d\u0438\u043c\u0430\u0442\u044c \u0434\u0438\u043a\u0443\u044e \u0438 \u043d\u0435\u0442\u0440\u043e\u043d\u0443\u0442\u0443\u044e \u043f\u0440\u0438\u0440\u043e\u0434\u0443 \u0437\u0430\u043f\u043e\u0432\u0435\u0434\u043d\u0438\u043a\u0430 \u0421\u0438\u0442\u0430 \u041f\u0435\u0434\u0435\u0434\u0437\u0435.<\/p>\t\t\t\t\t\t\t\t<\/div>\n\t\t\t\t<\/div>\n\t\t\t\t\t<\/div>\n\t\t\t\t<\/div>\n\t\t\t\t<\/div>","protected":false},"excerpt":{"rendered":"<p>Atpaka\u013c SIA SITA NATURE PARK Sita Nature Park SIA Litenes pagast\u0101 apsaimnieko Sitas Pededzes dabas lieguma teritoriju. T\u0101 ir pla\u0161a dab\u012bgo p\u013cavu, biolo\u0123iski v\u0113rt\u012bgu z\u0101l\u0101ju, parkveida p\u013cavas Pededzes upes krastos un citu retu biotopu, putnu aizsarg\u0101jama teritorija. P\u013cavas \u0161eit ir biju\u0161as simtiem gadu. P\u013cavas, kuras nekad nav redz\u0113ju\u0161as \u0137\u012bmiskos m\u0113slojumus, jo te valda dabas likumi un m\u0113s, saimniekojot \u0161eit, dz\u012bvojam p\u0113c \u0161iem likumiem. Visa m\u016bsu saimniec\u012bbas darb\u012bba ir pak\u0101rtota, lai saglab\u0101tu \u0161\u012bs dabas v\u0113rt\u012bbas m\u016bsu n\u0101ko\u0161ai paaudzei, t\u0101p\u0113c 4 gadus atpaka\u013c uzs\u0101k\u0101m ga\u013cas liellopu audz\u0113\u0161anu sav\u0101 saimniec\u012bb\u0101. L\u012bdz \u0161im audz\u0113j\u0101m brie\u017eus. Vair\u0101k nek\u0101 simts hekt\u0101ru lielaj\u0101, ie\u017eogotaj\u0101 teritorij\u0101 mitin\u0101s vair\u0101k nek\u0101 200 brie\u017ei un 80 dambrie\u017ei. Realiz\u0113jot Grass Life programmas projektus, 4 gadu laik\u0101 esam savu gan\u0101mpulku palielin\u0101jusi l\u012bdz nu jau vair\u0101k par 120 liellopiem. Audz\u0113jam hereforda \u0161\u0137irnes ga\u013cas liellopus, jo uzskat\u0101m, ka dab\u012bgo p\u013cavu z\u0101l\u0101jiem \u0161\u012b \u0161\u0137irne ir vispiem\u0113rot\u0101k\u0101. Liel\u0101ko laiku lopi pavada gan\u012bbas biolo\u0123iski v\u0113rt\u012bgajos z\u0101l\u0101jos, bet ziem\u0101 baro\u0161anai izmantojam to pa\u0161u biolo\u0123iski v\u0113rt\u012bgo z\u0101l\u0101ju k\u0101 pamatbar\u012bbu.\u00a0 Liel\u0101kais saimniec\u012bbas izaicin\u0101jums ir sadz\u012bvot un izprast to me\u017eon\u012bgo un neskarto dabu, kas valda Sitas Pededzes dabas liegum\u0101.<\/p>","protected":false},"author":563,"featured_media":0,"parent":0,"menu_order":0,"comment_status":"closed","ping_status":"open","template":"","meta":{"footnotes":""},"class_list":["post-17964","page","type-page","status-publish","hentry","post-no-thumbnail"],"jetpack_sharing_enabled":true,"_links":{"self":[{"href":"https:\/\/galaspiegade.lv\/ru\/wp-json\/wp\/v2\/pages\/17964","targetHints":{"allow":["GET"]}}],"collection":[{"href":"https:\/\/galaspiegade.lv\/ru\/wp-json\/wp\/v2\/pages"}],"about":[{"href":"https:\/\/galaspiegade.lv\/ru\/wp-json\/wp\/v2\/types\/page"}],"author":[{"embeddable":true,"href":"https:\/\/galaspiegade.lv\/ru\/wp-json\/wp\/v2\/users\/563"}],"replies":[{"embeddable":true,"href":"https:\/\/galaspiegade.lv\/ru\/wp-json\/wp\/v2\/comments?post=17964"}],"version-history":[{"count":13,"href":"https:\/\/galaspiegade.lv\/ru\/wp-json\/wp\/v2\/pages\/17964\/revisions"}],"predecessor-version":[{"id":22246,"href":"https:\/\/galaspiegade.lv\/ru\/wp-json\/wp\/v2\/pages\/17964\/revisions\/22246"}],"wp:attachment":[{"href":"https:\/\/galaspiegade.lv\/ru\/wp-json\/wp\/v2\/media?parent=17964"}],"curies":[{"name":"wp","href":"https:\/\/api.w.org\/{rel}","templated":true}]}}