{"id":17974,"date":"2021-05-18T22:30:14","date_gmt":"2021-05-18T22:30:14","guid":{"rendered":"https:\/\/galaspiegade.lv\/?page_id=17974"},"modified":"2024-05-06T18:24:19","modified_gmt":"2024-05-06T15:24:19","slug":"saimnieciba-sia-tauri","status":"publish","type":"page","link":"https:\/\/galaspiegade.lv\/ru\/saimnieciba-sia-tauri\/","title":{"rendered":"\u0424\u0435\u0440\u043c\u0430 SIA Tauri"},"content":{"rendered":"<div data-elementor-type=\"wp-page\" data-elementor-id=\"17974\" class=\"elementor elementor-17974\" data-elementor-post-type=\"page\">\n\t\t\t\t<div class=\"elementor-element elementor-element-2fc4075 e-flex e-con-boxed e-con e-parent\" data-id=\"2fc4075\" data-element_type=\"container\" data-e-type=\"container\">\n\t\t\t\t\t<div class=\"e-con-inner\">\n\t\t\t\t<div class=\"elementor-element elementor-element-406f8ad elementor-widget elementor-widget-tm-button\" data-id=\"406f8ad\" data-element_type=\"widget\" data-e-type=\"widget\" data-widget_type=\"tm-button.default\">\n\t\t\t\t<div class=\"elementor-widget-container\">\n\t\t\t\t\t\t\t<a href=\"https:\/\/galaspiegade.lv\/ru\/par-mums\/\" class=\"tm-button-link tm-button style-text tm-button-nm icon-left\" role=\"button\">\n\n\t\t\t\t\t<div class=\"button-content-wrapper\">\n\t\t\t\t\t\t\t<div class=\"button-icon\">\n\t\t\t\t\t\t\t<div class=\"minimog-icon icon minimog-solid-icon\">\n\t\t\t<svg aria-hidden=\"true\" class=\"e-font-icon-svg e-fas-backward\" viewbox=\"0 0 512 512\" xmlns=\"http:\/\/www.w3.org\/2000\/svg\"><path d=\"M11.5 280.6l192 160c20.6 17.2 52.5 2.8 52.5-24.6V96c0-27.4-31.9-41.8-52.5-24.6l-192 160c-15.3 12.8-15.3 36.4 0 49.2zm256 0l192 160c20.6 17.2 52.5 2.8 52.5-24.6V96c0-27.4-31.9-41.8-52.5-24.6l-192 160c-15.3 12.8-15.3 36.4 0 49.2z\"><\/path><\/svg>\t\t<\/div>\n\t\t\t\t\t\t<\/div>\n\t\t\t\n\t\t\t\t\t<div class=\"button-text\">\n\t\t\t\n\t\t\t \u041d\u0430\u0437\u0430\u0434\n\t\t\t\n\t\t\t\t\t<\/div>\n\t\t\n\t\t\t\t\t<\/div>\n\t\t\n\t\t\t\t\t<\/a>\n\t\t\t\t\t\t<\/div>\n\t\t\t\t<\/div>\n\t\t\t\t\t<\/div>\n\t\t\t\t<\/div>\n\t\t<div class=\"elementor-element elementor-element-249ba0d7 e-flex e-con-boxed e-con e-parent\" data-id=\"249ba0d7\" data-element_type=\"container\" data-e-type=\"container\">\n\t\t\t\t\t<div class=\"e-con-inner\">\n\t\t\t\t<div class=\"elementor-element elementor-element-bd25afb elementor-widget elementor-widget-heading\" data-id=\"bd25afb\" data-element_type=\"widget\" data-e-type=\"widget\" data-widget_type=\"heading.default\">\n\t\t\t\t<div class=\"elementor-widget-container\">\n\t\t\t\t\t<h2 class=\"elementor-heading-title elementor-size-default\">\u0424\u0435\u0440\u043c\u0430 SIA Tauri<\/h2>\t\t\t\t<\/div>\n\t\t\t\t<\/div>\n\t\t\t\t<div class=\"elementor-element elementor-element-bbd8ca1 elementor-widget elementor-widget-text-editor\" data-id=\"bbd8ca1\" data-element_type=\"widget\" data-e-type=\"widget\" data-widget_type=\"text-editor.default\">\n\t\t\t\t<div class=\"elementor-widget-container\">\n\t\t\t\t\t\t\t\t\t<div class=\"vc_row wpb_row vc_row-fluid vc_column-gap-30 ts-row-wide\" data-vc-full-width=\"true\" data-vc-full-width-init=\"true\"><div class=\"wpb_column vc_column_container vc_col-sm-12\"><div class=\"wpb_wrapper\"><div class=\"wpb_text_column wpb_content_element\"><div class=\"wpb_wrapper\"><p>\u042d\u043a\u043e\u0444\u0435\u0440\u043c\u0430 \u201cTauri\u201d \u0440\u0430\u0441\u043f\u043e\u043b\u043e\u0436\u0435\u043d\u0430 \u0432 \u0436\u0438\u0432\u043e\u043f\u0438\u0441\u043d\u043e\u043c \u043c\u0435\u0441\u0442\u0435 - \u043f\u0440\u0438\u0440\u043e\u0434\u043d\u043e\u043c \u043f\u0430\u0440\u043a\u0435 \"\u0414\u043e\u043b\u0438\u043d\u0430 \u041b\u044e\u0434\u043e\u0435\u0434\u043e\u0432\". \u041e\u0441\u043d\u043e\u0432\u0430\u043d\u043d\u0430\u044f \u0431\u0440\u0430\u0442\u044c\u044f\u043c\u0438 \u0413\u0443\u043d\u0430\u0440\u043e\u043c \u0438 \u0410\u0440\u0442\u0443\u0440\u043e\u043c \u0412\u0438\u0433\u0430\u043d\u0442\u0438, \u0444\u0435\u0440\u043c\u0430 \u044f\u0432\u043b\u044f\u0435\u0442\u0441\u044f \u0446\u0435\u043d\u0442\u0440\u043e\u043c \u0437\u0434\u043e\u0440\u043e\u0432\u043e\u0433\u043e \u043e\u0431\u0440\u0430\u0437\u0430 \u0436\u0438\u0437\u043d\u0438. \u0411\u0440\u0430\u0442\u044c\u044f \u0440\u0430\u0437\u0434\u0435\u043b\u044f\u044e\u0442 \"\u0437\u0435\u043b\u0435\u043d\u043e\u0435 \u043c\u044b\u0448\u043b\u0435\u043d\u0438\u0435\" \u0438 \u043e\u0434\u0438\u043d\u0430\u043a\u043e\u0432\u043e \u0443\u0431\u0435\u0436\u0434\u0435\u043d\u044b \u0432 \u043d\u0435\u043e\u0431\u0445\u043e\u0434\u0438\u043c\u043e\u0441\u0442\u0438 \u0443\u043f\u043e\u0442\u0440\u0435\u0431\u043b\u044f\u0442\u044c \u0432 \u043f\u0438\u0449\u0443 \u043e\u0440\u0433\u0430\u043d\u0438\u0447\u0435\u0441\u043a\u0438 \u0432\u044b\u0440\u0430\u0449\u0435\u043d\u043d\u044b\u0435 \u0438 \u043f\u043e\u043b\u0443\u0447\u0435\u043d\u043d\u044b\u0435 \u043f\u0440\u043e\u0434\u0443\u043a\u0442\u044b, \u0447\u0442\u043e \u043e\u043d\u0438 \u0441 \u0443\u0441\u043f\u0435\u0445\u043e\u043c \u0438 \u0434\u0435\u043b\u0430\u044e\u0442, \u0432\u044b\u0440\u0430\u0449\u0438\u0432\u0430\u044f \u043e\u0440\u0433\u0430\u043d\u0438\u0447\u0435\u0441\u043a\u0438\u0439 \u043c\u044f\u0441\u043d\u043e\u0439 \u0441\u043a\u043e\u0442 \u043d\u0430 \u0441\u0432\u043e\u0438\u0445 \u0441\u0435\u043c\u0435\u0439\u043d\u044b\u0445 \u043f\u043e\u0441\u0442\u0440\u043e\u0439\u043a\u0430\u0445 \u0438 \u043b\u0443\u0433\u0430\u0445.<\/p><div><div>\u041e\u043d\u043b\u0430\u0439\u043d-\u043c\u0430\u0433\u0430\u0437\u0438\u043d \u043d\u0430\u0447\u043d\u0435\u0442 \u0440\u0430\u0431\u043e\u0442\u0443 \u0432 2019 \u0433\u043e\u0434\u0443\u00a0<a href=\"http:\/\/www.negantigardi.lv\/\" target=\"_blank\" rel=\"noopener noreferrer\" data-saferedirecturl=\"https:\/\/www.google.com\/url?q=http:\/\/www.negantigardi.lv&amp;source=gmail&amp;ust=1621459480229000&amp;usg=AFQjCNFWiMS1zsbVOWXQnATW509WYCTyEw\">www.negantigardi.lv<\/a>, \u0447\u0442\u043e\u0431\u044b \u0441\u0434\u0435\u043b\u0430\u0442\u044c \u043c\u044f\u0441\u043e, \u0432\u044b\u0440\u0430\u0449\u0435\u043d\u043d\u043e\u0435 \u043d\u0430 \u0444\u0435\u0440\u043c\u0435, \u0434\u043e\u0441\u0442\u0443\u043f\u043d\u044b\u043c \u043f\u043e \u0432\u0441\u0435\u0439 \u0441\u0442\u0440\u0430\u043d\u0435, \u043e\u0431\u0435\u0441\u043f\u0435\u0447\u0438\u0432 \u043f\u043e\u043a\u0443\u043f\u0430\u0442\u0435\u043b\u044f\u043c \u0431\u044b\u0441\u0442\u0440\u0443\u044e \u0434\u043e\u0441\u0442\u0430\u0432\u043a\u0443 \u0434\u043e \u0434\u0432\u0435\u0440\u0438. \u041c\u044f\u0441\u043e, \u043f\u0440\u0435\u0434\u043b\u0430\u0433\u0430\u0435\u043c\u043e\u0435 \u0444\u0435\u0440\u043c\u043e\u0439, \u043f\u0440\u043e\u0438\u0437\u0432\u043e\u0434\u0438\u0442\u0441\u044f \u043d\u0430 \u0421\u0415\u041c\u0415\u0419\u041d\u041e\u041c \u043f\u0440\u0435\u0434\u043f\u0440\u0438\u044f\u0442\u0438\u0438 \u043f\u043e\u043b\u043d\u043e\u0433\u043e \u0446\u0438\u043a\u043b\u0430, \u0432\u0441\u0435 \u0440\u0430\u0431\u043e\u0442\u044b \u0432\u044b\u043f\u043e\u043b\u043d\u044f\u044e\u0442\u0441\u044f \u0441\u043e\u0431\u0441\u0442\u0432\u0435\u043d\u043d\u044b\u043c\u0438 \u0441\u043e\u0442\u0440\u0443\u0434\u043d\u0438\u043a\u0430\u043c\u0438 \u0444\u0435\u0440\u043c\u044b, \u0432 \u043f\u043e\u043b\u043d\u043e\u0441\u0442\u044c\u044e \u043a\u043e\u043d\u0442\u0440\u043e\u043b\u0438\u0440\u0443\u0435\u043c\u043e\u043c \u0446\u0438\u043a\u043b\u0435, \u0447\u0442\u043e \u044f\u0432\u043b\u044f\u0435\u0442\u0441\u044f \u0433\u0430\u0440\u0430\u043d\u0442\u0438\u0435\u0439 \u0432\u044b\u0441\u043e\u043a\u043e\u0433\u043e \u043a\u0430\u0447\u0435\u0441\u0442\u0432\u0430.<\/div><\/div><\/div><\/div><\/div><\/div><\/div><div class=\"vc_row-full-width\">\u00a0<\/div><div class=\"vc_row wpb_row vc_row-fluid vc_column-gap-default ts-row-wide\" data-vc-full-width=\"true\" data-vc-full-width-init=\"true\"><div class=\"wpb_column vc_column_container vc_col-sm-12 vc_hidden-md vc_hidden-sm vc_hidden-xs\"><div class=\"wpb_wrapper\">\u00a0<\/div><\/div><\/div>\t\t\t\t\t\t\t\t<\/div>\n\t\t\t\t<\/div>\n\t\t\t\t\t<\/div>\n\t\t\t\t<\/div>\n\t\t\t\t<\/div>","protected":false},"excerpt":{"rendered":"<p>Atpaka\u013c Saimniec\u012bba SIA Tauri Biolo\u0123isk\u0101 saimniec\u012bba \u201cTauri\u201d atrodas gleznain\u0101 viet\u0101 \u2013 Ogres ielejas dabas park\u0101. T\u0101 l\u012bdzdibin\u0101t\u0101ji ir br\u0101\u013ci Gun\u0101rs un Art\u016brs V\u012bganti \u2013 vesel\u012bga dz\u012bvesveida piekrit\u0113ji. Br\u0101\u013cus vieno \u201cza\u013c\u0101 dom\u0101\u0161ana\u201d, un abi ir vienl\u012bdz p\u0101rliecin\u0101ti, ka uztur\u0101 j\u0101lieto biolo\u0123iski audz\u0113ta un ieg\u016bta p\u0101rtika, ko abi ar\u012b veiksm\u012bgi \u012bsteno, audz\u0113jot biolo\u0123iskos ga\u013cas liellopus savas dzimtas \u0113k\u0101s un p\u013cav\u0101s. 2019. gad\u0101 tika izveidots tie\u0161saistes internetveikals\u00a0www.negantigardi.lv, lai padar\u012btu saimniec\u012bb\u0101 izaudz\u0113to ga\u013cu pieejamu vis\u0101 valst\u012b, nodro\u0161inot pas\u016bt\u012bt\u0101jus ar operat\u012bvu produktu pieg\u0101di l\u012bdz namdurv\u012bm. Saimniec\u012bbas pied\u0101v\u0101t\u0101 ga\u013ca ir ra\u017eota pilna cikla \u0122IMENES uz\u0146\u0113mum\u0101, visus darbus veic pa\u0161u saimniec\u012bb\u0101 nodarbin\u0101tie, viss cikls tiek piln\u012bba kontrol\u0113ts, un t\u0101 ir garantija augstajai kvalit\u0101tei.\u00a0\u00a0<\/p>","protected":false},"author":563,"featured_media":0,"parent":0,"menu_order":0,"comment_status":"closed","ping_status":"open","template":"","meta":{"footnotes":""},"class_list":["post-17974","page","type-page","status-publish","hentry","post-no-thumbnail"],"jetpack_sharing_enabled":true,"_links":{"self":[{"href":"https:\/\/galaspiegade.lv\/ru\/wp-json\/wp\/v2\/pages\/17974","targetHints":{"allow":["GET"]}}],"collection":[{"href":"https:\/\/galaspiegade.lv\/ru\/wp-json\/wp\/v2\/pages"}],"about":[{"href":"https:\/\/galaspiegade.lv\/ru\/wp-json\/wp\/v2\/types\/page"}],"author":[{"embeddable":true,"href":"https:\/\/galaspiegade.lv\/ru\/wp-json\/wp\/v2\/users\/563"}],"replies":[{"embeddable":true,"href":"https:\/\/galaspiegade.lv\/ru\/wp-json\/wp\/v2\/comments?post=17974"}],"version-history":[{"count":20,"href":"https:\/\/galaspiegade.lv\/ru\/wp-json\/wp\/v2\/pages\/17974\/revisions"}],"predecessor-version":[{"id":22222,"href":"https:\/\/galaspiegade.lv\/ru\/wp-json\/wp\/v2\/pages\/17974\/revisions\/22222"}],"wp:attachment":[{"href":"https:\/\/galaspiegade.lv\/ru\/wp-json\/wp\/v2\/media?parent=17974"}],"curies":[{"name":"wp","href":"https:\/\/api.w.org\/{rel}","templated":true}]}}