{"id":22330,"date":"2024-05-07T14:12:42","date_gmt":"2024-05-07T11:12:42","guid":{"rendered":"https:\/\/galaspiegade.lv\/?page_id=22330"},"modified":"2024-05-07T14:28:34","modified_gmt":"2024-05-07T11:28:34","slug":"sia-eglona-no-dunavas-pagasta","status":"publish","type":"page","link":"https:\/\/galaspiegade.lv\/ru\/sia-eglona-no-dunavas-pagasta\/","title":{"rendered":"SIA Eglona \u0438\u0437 \u043f\u0432\u043e\u043b\u043e\u0441\u0442\u0438 \u0414\u0443\u043d\u0430\u0432\u0430\u0441"},"content":{"rendered":"<div data-elementor-type=\"wp-page\" data-elementor-id=\"22330\" class=\"elementor elementor-22330\" data-elementor-post-type=\"page\">\n\t\t\t\t<div class=\"elementor-element elementor-element-82b5f30 e-flex e-con-boxed e-con e-parent\" data-id=\"82b5f30\" data-element_type=\"container\" data-e-type=\"container\">\n\t\t\t\t\t<div class=\"e-con-inner\">\n\t\t\t\t<div class=\"elementor-element elementor-element-5580be9 elementor-widget elementor-widget-image\" data-id=\"5580be9\" data-element_type=\"widget\" data-e-type=\"widget\" data-widget_type=\"image.default\">\n\t\t\t\t<div class=\"elementor-widget-container\">\n\t\t\t\t\t\t\t\t\t\t\t\t\t\t\t<img fetchpriority=\"high\" decoding=\"async\" width=\"1600\" height=\"1200\" src=\"https:\/\/galaspiegade.lv\/wp-content\/uploads\/2024\/05\/SIA-Eglona-2-1-1.jpeg\" class=\"attachment-full size-full wp-image-22359\" alt=\"\" srcset=\"https:\/\/galaspiegade.lv\/wp-content\/uploads\/2024\/05\/SIA-Eglona-2-1-1.jpeg 1600w, https:\/\/galaspiegade.lv\/wp-content\/uploads\/2024\/05\/SIA-Eglona-2-1-1-300x225.jpeg 300w, https:\/\/galaspiegade.lv\/wp-content\/uploads\/2024\/05\/SIA-Eglona-2-1-1-1024x768.jpeg 1024w, https:\/\/galaspiegade.lv\/wp-content\/uploads\/2024\/05\/SIA-Eglona-2-1-1-768x576.jpeg 768w, https:\/\/galaspiegade.lv\/wp-content\/uploads\/2024\/05\/SIA-Eglona-2-1-1-1536x1152.jpeg 1536w, https:\/\/galaspiegade.lv\/wp-content\/uploads\/2024\/05\/SIA-Eglona-2-1-1-16x12.jpeg 16w, https:\/\/galaspiegade.lv\/wp-content\/uploads\/2024\/05\/SIA-Eglona-2-1-1-600x450.jpeg 600w, https:\/\/galaspiegade.lv\/wp-content\/uploads\/2024\/05\/SIA-Eglona-2-1-1-150x113.jpeg 150w\" sizes=\"(max-width: 1600px) 100vw, 1600px\" \/>\t\t\t\t\t\t\t\t\t\t\t\t\t\t\t<\/div>\n\t\t\t\t<\/div>\n\t\t\t\t<div class=\"elementor-element elementor-element-a053fce elementor-widget elementor-widget-heading\" data-id=\"a053fce\" data-element_type=\"widget\" data-e-type=\"widget\" data-widget_type=\"heading.default\">\n\t\t\t\t<div class=\"elementor-widget-container\">\n\t\t\t\t\t<h2 class=\"elementor-heading-title elementor-size-default\">SIA EGLONA no Dunavas pagasta<\/h2>\t\t\t\t<\/div>\n\t\t\t\t<\/div>\n\t\t\t\t<div class=\"elementor-element elementor-element-a9266ca elementor-widget elementor-widget-text-editor\" data-id=\"a9266ca\" data-element_type=\"widget\" data-e-type=\"widget\" data-widget_type=\"text-editor.default\">\n\t\t\t\t<div class=\"elementor-widget-container\">\n\t\t\t\t\t\t\t\t\t<p>Eglona SIA  \u0431\u044b\u043b\u043e \u043e\u0441\u043d\u043e\u0432\u0430\u043d\u043e \u0432 1992 \u0433\u043e\u0434\u0443, \u043e\u0441\u043d\u043e\u0432\u043d\u044b\u043c \u0432\u0438\u0434\u043e\u043c \u0434\u0435\u044f\u0442\u0435\u043b\u044c\u043d\u043e\u0441\u0442\u0438 \u0431\u044b\u043b\u0430 \u043f\u0440\u0435\u0434\u0432\u0430\u0440\u0438\u0442\u0435\u043b\u044c\u043d\u0430\u044f \u043e\u0431\u0440\u0430\u0431\u043e\u0442\u043a\u0430 \u0437\u0435\u0440\u043d\u0430 \u0438 \u043b\u0435\u0441\u043e\u0437\u0430\u0433\u043e\u0442\u043e\u0432\u0438\u0442\u0435\u043b\u044c\u043d\u044b\u0435 \u0443\u0441\u043b\u0443\u0433\u0438. \u0412 2016 \u0433\u043e\u0434\u0443 \u0420\u0435\u0439\u043d\u0438\u0441 \u043f\u0440\u0438\u043d\u044f\u043b \u0444\u0435\u0440\u043c\u0443 \u043e\u0442 \u0441\u0432\u043e\u0435\u0439 \u043c\u0430\u0442\u0435\u0440\u0438 \u0438 \u043d\u0430\u0447\u0430\u043b \u0432\u044b\u0440\u0430\u0449\u0438\u0432\u0430\u0442\u044c \u043c\u044f\u0441\u043d\u043e\u0439 \u0441\u043a\u043e\u0442 \u0432 \u0440\u0430\u043c\u043a\u0430\u0445 \u043f\u0440\u043e\u0435\u043a\u0442\u0430 \"\u041c\u043e\u043b\u043e\u0434\u044b\u0435 \u0444\u0435\u0440\u043c\u0435\u0440\u044b\". \u0412\u0441\u0435 \u043d\u0430\u0447\u0430\u043b\u043e\u0441\u044c \u0441 22 \u0447\u0438\u0441\u0442\u043e\u043a\u0440\u043e\u0432\u043d\u044b\u0445 \u0448\u0430\u0440\u043e\u043b\u0435 \u0438 \u043e\u0434\u043d\u043e\u0433\u043e \u0431\u044b\u043a\u0430. \u041a\u0440\u0443\u043f\u043d\u044b\u0439 \u0440\u043e\u0433\u0430\u0442\u044b\u0439 \u0441\u043a\u043e\u0442 \u0441\u0442\u0430\u043b \u0434\u043e\u043f\u043e\u043b\u043d\u0438\u0442\u0435\u043b\u044c\u043d\u044b\u043c \u0441\u0440\u0435\u0434\u0441\u0442\u0432\u043e\u043c \u0434\u043b\u044f \u043e\u0431\u0440\u0430\u0431\u043e\u0442\u043a\u0438 \u0443\u0447\u0430\u0441\u0442\u043a\u043e\u0432, \u043d\u0435 \u043f\u0440\u0438\u0433\u043e\u0434\u043d\u044b\u0445 \u0434\u043b\u044f \u0432\u044b\u0440\u0430\u0449\u0438\u0432\u0430\u043d\u0438\u044f \u0437\u0435\u0440\u043d\u043e\u0432\u044b\u0445, - \u0437\u0430\u043b\u0438\u0432\u043d\u044b\u0445 \u043b\u0443\u0433\u043e\u0432, \u0431\u0438\u043e\u043b\u043e\u0433\u0438\u0447\u0435\u0441\u043a\u0438 \u0446\u0435\u043d\u043d\u044b\u0445 \u043f\u0430\u0441\u0442\u0431\u0438\u0449 \u0438 \u043b\u0435\u0441\u043d\u044b\u0445 \u043f\u043e\u043b\u044f\u043d. \u0418\u0437\u043d\u0430\u0447\u0430\u043b\u044c\u043d\u043e \u0436\u0438\u0432\u043e\u0442\u043d\u043e\u0432\u043e\u0434\u0441\u0442\u0432\u043e \u043e\u0441\u0442\u0430\u0432\u0430\u043b\u043e\u0441\u044c \u043f\u043e\u0431\u043e\u0447\u043d\u044b\u043c \u0445\u043e\u0431\u0431\u0438 \u0438 \u043d\u0435 \u043f\u043e\u043b\u0443\u0447\u0438\u043b\u043e \u0431\u043e\u043b\u044c\u0448\u043e\u0433\u043e \u0440\u0430\u0437\u0432\u0438\u0442\u0438\u044f - \u043e\u0442\u043d\u044f\u0442\u044b\u0445 \u0436\u0438\u0432\u043e\u0442\u043d\u044b\u0445 \u043f\u0440\u043e\u0434\u0430\u0432\u0430\u043b\u0438, \u043e\u0441\u0442\u0430\u0432\u043b\u044f\u044f \u043b\u0443\u0447\u0448\u0438\u0445 \u0442\u0435\u043b\u043e\u043a \u0434\u043b\u044f \u0443\u0432\u0435\u043b\u0438\u0447\u0435\u043d\u0438\u044f \u0441\u0442\u0430\u0434\u0430 - \u0432\u0441\u0435 \u044d\u0442\u043e \u0431\u044b\u043b\u043e \u0434\u043e\u0432\u043e\u043b\u044c\u043d\u043e \u044d\u043a\u0441\u0442\u0435\u043d\u0441\u0438\u0432\u043d\u043e.<br \/>\u0412 2021 \u0433\u043e\u0434\u0443 \u043d\u0443\u0436\u043d\u043e \u0431\u044b\u043b\u043e \u0441\u0434\u0435\u043b\u0430\u0442\u044c \u0432\u044b\u0431\u043e\u0440: \u043f\u0440\u043e\u0434\u043e\u043b\u0436\u0430\u0442\u044c \u0438\u043b\u0438 \u0440\u0430\u0441\u0448\u0438\u0440\u044f\u0442\u044c \u0441\u0435\u043a\u0442\u043e\u0440.\u0411\u044b\u043b\u043e \u043f\u0440\u0438\u043d\u044f\u0442\u043e \u0440\u0435\u0448\u0435\u043d\u0438\u0435 \u043e \u0440\u0430\u0441\u0448\u0438\u0440\u0435\u043d\u0438\u0438 \u0438 \u0438\u0437\u043c\u0435\u043d\u0435\u043d\u0438\u0438 \u043c\u043e\u0434\u0435\u043b\u0438 \u0432\u0435\u0434\u0435\u043d\u0438\u044f \u0445\u043e\u0437\u044f\u0439\u0441\u0442\u0432\u0430.\u00a0<br \/>\u041f\u043e\u0447\u0432\u0430 \u043d\u0435 \u043c\u043e\u0436\u0435\u0442 \u0431\u044b\u0442\u044c \u0437\u0434\u043e\u0440\u043e\u0432\u043e\u0439 \u0431\u0435\u0437 \u0436\u0438\u0432\u043e\u0442\u043d\u043e\u0433\u043e \u043d\u0430 \u043d\u0435\u0439; \u0436\u0438\u0432\u043e\u0442\u043d\u043e\u0435 \u0438 \u043f\u043e\u0447\u0432\u0430 - \u044d\u0442\u043e \u043a\u0430\u043a \u043f\u0435\u0440\u0447\u0430\u0442\u043a\u0430 \u0441 \u0440\u0443\u043a\u043e\u0439.\u042d\u0442\u0430 \u0444\u0438\u043b\u043e\u0441\u043e\u0444\u0438\u044f \u0442\u0430\u043a\u0436\u0435 \u0438\u0437\u043c\u0435\u043d\u0438\u043b\u0430 \u043d\u0430\u0448 \u0432\u0437\u0433\u043b\u044f\u0434 \u043d\u0430 \u0440\u043e\u043b\u044c \u0436\u0438\u0432\u043e\u0442\u043d\u043e\u0432\u043e\u0434\u0441\u0442\u0432\u0430. \u0422\u0435\u043f\u0435\u0440\u044c \u0433\u043b\u0430\u0432\u043d\u0430\u044f \u0446\u0435\u043b\u044c - \u0434\u0438\u0432\u0435\u0440\u0441\u0438\u0444\u0438\u0446\u0438\u0440\u043e\u0432\u0430\u0442\u044c \u0441\u0435\u043b\u044c\u0441\u043a\u043e\u0445\u043e\u0437\u044f\u0439\u0441\u0442\u0432\u0435\u043d\u043d\u044b\u0435 \u043a\u0443\u043b\u044c\u0442\u0443\u0440\u044b \u0432 \u0441\u0442\u043e\u0440\u043e\u043d\u0443 \u0437\u0435\u0440\u043d\u043e\u0432\u044b\u0445 \u0441 \u043f\u043e\u043c\u043e\u0449\u044c\u044e \u0436\u0438\u0432\u043e\u0442\u043d\u043e\u0432\u043e\u0434\u0441\u0442\u0432\u0430. \u0412 \u0441\u0435\u0432\u043e\u043e\u0431\u043e\u0440\u043e\u0442\u0435 \u043f\u043e\u044f\u0432\u043b\u044f\u044e\u0442\u0441\u044f \u0442\u0440\u0430\u0432\u044b, \u0447\u0442\u043e\u0431\u044b \u0434\u0430\u0442\u044c \u043f\u043e\u0447\u0432\u0435 \u043e\u0442\u0434\u043e\u0445\u043d\u0443\u0442\u044c \u0438 \u0432\u043f\u043e\u0441\u043b\u0435\u0434\u0441\u0442\u0432\u0438\u0438 \u043f\u043e\u043b\u0443\u0447\u0438\u0442\u044c \u0431\u043e\u043b\u0435\u0435 \u0432\u044b\u0441\u043e\u043a\u0438\u0435 \u0443\u0440\u043e\u0436\u0430\u0438 \u0437\u0435\u0440\u043d\u043e\u0432\u044b\u0445, \u0430 \u043d\u0430\u0432\u043e\u0437 \u043f\u043e\u043c\u043e\u0433\u0430\u0435\u0442 \u0435\u0441\u0442\u0435\u0441\u0442\u0432\u0435\u043d\u043d\u044b\u043c \u043e\u0431\u0440\u0430\u0437\u043e\u043c \u043f\u043e\u0432\u044b\u0441\u0438\u0442\u044c \u043f\u043b\u043e\u0434\u043e\u0440\u043e\u0434\u0438\u0435 \u043f\u043e\u0447\u0432\u044b. \u0421\u0435\u043b\u044c\u0441\u043a\u043e\u0445\u043e\u0437\u044f\u0439\u0441\u0442\u0432\u0435\u043d\u043d\u044b\u0435 \u0443\u0433\u043e\u0434\u044c\u044f \u043f\u0440\u0438\u0445\u043e\u0434\u0430 \u0442\u0430\u043a\u0436\u0435 \u0441\u0442\u0430\u043b\u0438 \u0431\u043e\u043b\u0435\u0435 \u043f\u0440\u0438\u044f\u0442\u043d\u044b\u043c\u0438 \u043d\u0430 \u0432\u0438\u0434, \u0441 \u0431\u043e\u043b\u044c\u0448\u0438\u043c \u0440\u0430\u0437\u043d\u043e\u043e\u0431\u0440\u0430\u0437\u0438\u0435\u043c \u043a\u0443\u043b\u044c\u0442\u0443\u0440.<br \/>\u0421 \u0438\u0437\u043c\u0435\u043d\u0435\u043d\u0438\u0435\u043c \u0432\u0437\u0433\u043b\u044f\u0434\u0430 \u043d\u0430 \u043e\u0442\u0440\u0430\u0441\u043b\u044c \u0438\u0437\u043c\u0435\u043d\u0438\u043b\u043e\u0441\u044c \u0438 \u043d\u0430\u043f\u0440\u0430\u0432\u043b\u0435\u043d\u0438\u0435, \u043c\u044b \u0441\u0442\u0430\u043b\u0438 \u0431\u043e\u043b\u044c\u0448\u0435 \u0432\u043d\u0438\u043c\u0430\u043d\u0438\u044f \u0443\u0434\u0435\u043b\u044f\u0442\u044c \u043e\u0442\u043a\u043e\u0440\u043c\u0443 \u0434\u043b\u044f \u0440\u0430\u0437\u0432\u0435\u0434\u0435\u043d\u0438\u044f, \u0447\u0442\u043e\u0431\u044b \u043e\u0431\u0435\u0441\u043f\u0435\u0447\u0438\u0442\u044c \u043a\u043e\u043d\u0435\u0447\u043d\u044b\u0439 \u043f\u0440\u043e\u0434\u0443\u043a\u0442, \u0432\u044b\u0440\u0430\u0449\u0435\u043d\u043d\u044b\u0439 \u043f\u0440\u044f\u043c\u043e \u0437\u0434\u0435\u0441\u044c, \u0432 \u041b\u0430\u0442\u0432\u0438\u0438.\u00a0<br \/>\u041a\u0430\u043a \u0430\u0433\u0440\u043e\u043d\u043e\u043c, \u044f \u043e\u0447\u0435\u043d\u044c \u0437\u0430\u0438\u043d\u0442\u0435\u0440\u0435\u0441\u043e\u0432\u0430\u043d \u0432 \u0442\u043e\u043c, \u0447\u0442\u043e\u0431\u044b \u043e\u0431\u044a\u0435\u0434\u0438\u043d\u0438\u0442\u044c \u044d\u0442\u0438 \u0434\u0432\u0430 \u0441\u0435\u043a\u0442\u043e\u0440\u0430 \u0438 \u043f\u0440\u0438\u043d\u0435\u0441\u0442\u0438 \u043f\u043e\u043b\u044c\u0437\u0443 \u043f\u043e\u043b\u044f\u043c \u043d\u0430 \u043d\u0430\u0448\u0435\u0439 \u0444\u0435\u0440\u043c\u0435. \u042d\u0442\u043e \u0431\u043e\u043b\u044c\u0448\u0430\u044f \u0440\u0430\u0431\u043e\u0442\u0430 \u0432 \u0434\u043e\u043b\u0433\u043e\u0441\u0440\u043e\u0447\u043d\u043e\u0439 \u043f\u0435\u0440\u0441\u043f\u0435\u043a\u0442\u0438\u0432\u0435. \u041a\u0440\u043e\u043c\u0435 \u0442\u043e\u0433\u043e, \u043c\u044b \u0438\u0437\u0443\u0447\u0430\u0435\u043c \u043d\u044e\u0430\u043d\u0441\u044b \u0436\u0438\u0432\u043e\u0442\u043d\u043e\u0432\u043e\u0434\u0441\u0442\u0432\u0430 - \u0447\u0442\u043e \u0438 \u043a\u0430\u043a \u0434\u0435\u043b\u0430\u0442\u044c \u043b\u0443\u0447\u0448\u0435, \u0430 \u0447\u0435\u0433\u043e \u0434\u0435\u043b\u0430\u0442\u044c \u043d\u0435 \u0441\u0442\u043e\u0438\u0442. \u041c\u044b \u0441 \u0440\u043e\u0434\u0438\u0442\u0435\u043b\u044f\u043c\u0438 \u0440\u0430\u0431\u043e\u0442\u0430\u0435\u043c \u043d\u0430 \u0444\u0435\u0440\u043c\u0435. \u042f \u0440\u0430\u0434, \u0447\u0442\u043e \u043c\u043e\u0438 \u0434\u0435\u0442\u0438 \u0442\u0435\u043f\u0435\u0440\u044c \u0442\u043e\u0436\u0435 \u0443\u0447\u0430\u0441\u0442\u0432\u0443\u044e\u0442 \u0432 \u044d\u0442\u043e\u043c \u043f\u0440\u043e\u0446\u0435\u0441\u0441\u0435 \u0438 \u0441 \u0443\u0434\u043e\u0432\u043e\u043b\u044c\u0441\u0442\u0432\u0438\u0435\u043c \u0445\u043e\u0434\u044f\u0442 \u0441 \u043e\u0442\u0446\u043e\u043c \u0437\u0430 \u043a\u043e\u0440\u043c\u043e\u043c \u0438\u043b\u0438 \u043a\u043e\u0440\u043c\u044f\u0442 \u043a\u0443\u0440. \u0416\u0438\u0432\u043e\u0442\u043d\u043e\u0432\u043e\u0434\u0441\u0442\u0432\u043e \u043f\u0440\u0438\u0443\u0447\u0430\u0435\u0442 \u043a \u0434\u0438\u0441\u0446\u0438\u043f\u043b\u0438\u043d\u0435 \u0438 \u043e\u0442\u0432\u0435\u0442\u0441\u0442\u0432\u0435\u043d\u043d\u043e\u0441\u0442\u0438 - \u0432\u0435\u0434\u044c \u0432\u044b \u043e\u0442\u0432\u0435\u0447\u0430\u0435\u0442\u0435 \u0437\u0430 \u0442\u043e, \u0447\u0442\u043e \u043e\u0434\u043e\u043c\u0430\u0448\u043d\u0438\u043b\u0438.<\/p><p><br \/>\u0418\u0441\u043a\u0440\u0435\u043d\u043d\u0435, R. Balodis, \u043f\u0440\u0435\u0434\u0441\u0435\u0434\u0430\u0442\u0435\u043b\u044c \u043f\u0440\u0430\u0432\u043b\u0435\u043d\u0438\u044f SIA Eglona.<\/p>\t\t\t\t\t\t\t\t<\/div>\n\t\t\t\t<\/div>\n\t\t\t\t\t<\/div>\n\t\t\t\t<\/div>\n\t\t\t\t<\/div>","protected":false},"excerpt":{"rendered":"<p>SIA EGLONA no Dunavas pagasta Eglona SIA dibin\u0101ta 1992. gad\u0101, par pamatnodarbo\u0161anos tolaik bija graudu pirmsapstr\u0101de un me\u017eizstr\u0101des pakalpojumi. Saimniec\u012bbai att\u012bstoties, par\u0101dij\u0101s da\u017e\u0101das papildus nozares, auga graudu plat\u012bbas. 2016. gad\u0101 \u012bstenojot Jauno lauksaimnieku projektu saimniec\u012bbu no savas mammas p\u0101r\u0146\u0113ma Reinis un uzs\u0101ka ga\u013cas liellopu audz\u0113\u0161anu. Viss s\u0101k\u0101s ar 22 \u0160arol\u0113 t\u012br\u0161\u0137irnes goti\u0146\u0101m un vienu bulli. Liellopi bija k\u0101 papildus l\u012bdzeklis plat\u012bbu apsaimnieko\u0161anai, kas nav piem\u0113rotas graudkop\u012bbai &#8211; palienu p\u013cavas, biolo\u0123iski v\u0113rt\u012bgie z\u0101l\u0101ji un me\u017ea p\u013cavas. S\u0101kotn\u0113ji lopkop\u012bba palika hobija blakus nozar\u0113 un liela t\u0101s att\u012bst\u012bba nenotika &#8211; realiz\u0113ti tika at\u0161\u0137irtie dz\u012bvnieki, lab\u0101k\u0101s tel\u012btes atst\u0101jot gan\u0101mpulka papla\u0161in\u0101\u0161anai &#8211; viss diezgan ektens\u012bvi.2021. gad\u0101 bija j\u0101iz\u0161\u0137iras &#8211; vai \u0161o nozari turpin\u0101t vai papla\u0161in\u0101t. Tika pie\u0146emts l\u0113mums papla\u0161in\u0101t un main\u012bts saimnieko\u0161anas modelis.\u00a0Augsne nevar b\u016bt vesel\u012bga bez dz\u012bvnieka uz t\u0101s, dz\u012bvnieks un augsne ir k\u0101 cimds ar roku. Pieturoties pie \u0161\u012bs filozofijas ari tika main\u012bts skats uz lopkop\u012bbas noz\u012bmi saimniec\u012bb\u0101.\u00a0Tagad galvenais m\u0113r\u0137is ir da\u017e\u0101dot saimniec\u012bbas kult\u016braugus graudkop\u012bbas nozar\u0113 ar lopkop\u012bbas nozares pal\u012bdz\u012bbu. M\u016bsu rot\u0101cij\u0101 par\u0101d\u0101s z\u0101l\u0101ji, kas \u013cauj augsnei atp\u016bsties un v\u0113l\u0101k dot augst\u0101kas lab\u012bbas ra\u017eas, k\u016btsm\u0113sli pal\u012bdz dabiski palielin\u0101t augsnes augl\u012bbu. Pagasta lauksaimniec\u012bbas zemes k\u013cuvu\u0161as ari ainaviski pat\u012bkam\u0101kas ar liel\u0101ku kult\u016braugu da\u017e\u0101d\u012bbu.Mainot skat\u012bjumu uz nozari ir main\u012bju\u0161ies ari virzieni, esam piev\u0113rsu\u0161ies vair\u0101k nobaro\u0161anai izkop\u0161anai, lai var\u0113tu nodro\u0161in\u0101t jau gala produktu, kas izaudz\u0113ts te pat Latvij\u0101.\u00a0Man pa\u0161am, k\u0101 agronomam p\u0113c izgl\u012bt\u012bbas, ir liela interese savietot \u0161\u012bs divas nozares kop\u0101, lai no t\u0101 ieg\u016btu m\u016bsu saimniec\u012bbas t\u012brumi. Tas ir liels darbs ilgtermi\u0146\u0101. Papildus m\u0101camies ari lopkop\u012bbas nianses &#8211; kas un k\u0101 lab\u0101k un k\u0101 tie\u0161\u0101m nevajag dar\u012bt. Saimniec\u012bb\u0101 darbojos es un ari mani vec\u0101ki. Prieks, ka ari nu jau mani b\u0113rni iesaist\u0101s un labpr\u0101t grib ar t\u0113ti kop\u0101 braukt v\u0101kt bar\u012bbu vai barot goti\u0146as. Lopkop\u012bba iem\u0101ca discipl\u012bnu un atbild\u012bbu &#8211; jo esi atbild\u012bgs par to, ko esi pieradin\u0101jis. Ar cie\u0146u, SIA Eglona valdes priek\u0161s\u0113d\u0113t\u0101js R. Balodis.<\/p>","protected":false},"author":563,"featured_media":0,"parent":0,"menu_order":0,"comment_status":"closed","ping_status":"closed","template":"","meta":{"footnotes":""},"class_list":["post-22330","page","type-page","status-publish","hentry","post-no-thumbnail"],"jetpack_sharing_enabled":true,"_links":{"self":[{"href":"https:\/\/galaspiegade.lv\/ru\/wp-json\/wp\/v2\/pages\/22330","targetHints":{"allow":["GET"]}}],"collection":[{"href":"https:\/\/galaspiegade.lv\/ru\/wp-json\/wp\/v2\/pages"}],"about":[{"href":"https:\/\/galaspiegade.lv\/ru\/wp-json\/wp\/v2\/types\/page"}],"author":[{"embeddable":true,"href":"https:\/\/galaspiegade.lv\/ru\/wp-json\/wp\/v2\/users\/563"}],"replies":[{"embeddable":true,"href":"https:\/\/galaspiegade.lv\/ru\/wp-json\/wp\/v2\/comments?post=22330"}],"version-history":[{"count":7,"href":"https:\/\/galaspiegade.lv\/ru\/wp-json\/wp\/v2\/pages\/22330\/revisions"}],"predecessor-version":[{"id":22362,"href":"https:\/\/galaspiegade.lv\/ru\/wp-json\/wp\/v2\/pages\/22330\/revisions\/22362"}],"wp:attachment":[{"href":"https:\/\/galaspiegade.lv\/ru\/wp-json\/wp\/v2\/media?parent=22330"}],"curies":[{"name":"wp","href":"https:\/\/api.w.org\/{rel}","templated":true}]}}