{"id":22334,"date":"2024-05-07T14:13:28","date_gmt":"2024-05-07T11:13:28","guid":{"rendered":"https:\/\/galaspiegade.lv\/?page_id=22334"},"modified":"2024-05-07T15:31:37","modified_gmt":"2024-05-07T12:31:37","slug":"sia-laskumi-no-druvienas-pagasta","status":"publish","type":"page","link":"https:\/\/galaspiegade.lv\/ru\/sia-laskumi-no-druvienas-pagasta\/","title":{"rendered":"SIA LASKUMI \u0438\u0437 \u0432\u043e\u043b\u043e\u0441\u0442\u0438 \u0414\u0440\u0443\u0432\u0438\u0435\u043d\u0441\u043a\u043e\u0433\u043e"},"content":{"rendered":"<div data-elementor-type=\"wp-page\" data-elementor-id=\"22334\" class=\"elementor elementor-22334\" data-elementor-post-type=\"page\">\n\t\t\t\t<div class=\"elementor-element elementor-element-1d7651b e-flex e-con-boxed e-con e-parent\" data-id=\"1d7651b\" data-element_type=\"container\" data-e-type=\"container\">\n\t\t\t\t\t<div class=\"e-con-inner\">\n\t\t\t\t<div class=\"elementor-element elementor-element-129f7aa elementor-widget elementor-widget-heading\" data-id=\"129f7aa\" data-element_type=\"widget\" data-e-type=\"widget\" data-widget_type=\"heading.default\">\n\t\t\t\t<div class=\"elementor-widget-container\">\n\t\t\t\t\t<h2 class=\"elementor-heading-title elementor-size-default\">SIA LASKUMI \u0438\u0437 \u0432\u043e\u043b\u043e\u0441\u0442\u0438 \u0414\u0440\u0443\u0432\u0438\u0435\u043d\u0441\u043a\u043e\u0433\u043e<\/h2>\t\t\t\t<\/div>\n\t\t\t\t<\/div>\n\t\t\t\t<div class=\"elementor-element elementor-element-d403202 elementor-widget elementor-widget-text-editor\" data-id=\"d403202\" data-element_type=\"widget\" data-e-type=\"widget\" data-widget_type=\"text-editor.default\">\n\t\t\t\t<div class=\"elementor-widget-container\">\n\t\t\t\t\t\t\t\t\t<p>SIA LASKUMI \u0431\u044b\u043b\u043e \u0441\u043e\u0437\u0434\u0430\u043d\u043e \u0432 2012 \u0433\u043e\u0434\u0443. \u0425\u043e\u0437\u044f\u0439\u0441\u0442\u0432\u043e \u0440\u0430\u0441\u043f\u043e\u043b\u043e\u0436\u0435\u043d\u043e \u0432 \u0413\u0443\u043b\u0431\u0435\u043d\u0441\u043a\u043e\u043c \u0440\u0430\u0439\u043e\u043d\u0435. \u0425\u043e\u0437\u044f\u0439\u0441\u0442\u0432\u043e \u0440\u0430\u0431\u043e\u0442\u0430\u0435\u0442 \u0432 \u043d\u0435\u0441\u043a\u043e\u043b\u044c\u043a\u0438\u0445 \u0432\u043e\u043b\u043e\u0441\u0442\u044f\u0445 - \u0414\u0440\u0443\u0432\u0438\u0435\u043d\u0430\u0441, \u0420\u0430\u043d\u043a\u0430, \u0422\u0438\u0440\u0437\u0430, \u041b\u0438\u0437\u0443\u043c\u0430. \u041c\u044b \u0437\u0430\u043d\u0438\u043c\u0430\u0435\u043c\u0441\u044f \u0440\u0430\u0437\u0432\u0435\u0434\u0435\u043d\u0438\u0435\u043c \u0447\u0438\u0441\u0442\u043e\u043f\u043e\u0440\u043e\u0434\u043d\u044b\u0445 \u0433\u0435\u0440\u0435\u0444\u043e\u0440\u0434\u043e\u0432, \u043a\u0430\u043a \u043f\u043b\u0435\u043c\u0435\u043d\u043d\u043e\u0433\u043e \u0441\u043a\u043e\u0442\u0430, \u0442\u0430\u043a \u0438 \u043f\u0440\u043e\u0438\u0437\u0432\u043e\u0434\u0441\u0442\u0432\u043e\u043c \u043a\u0430\u0447\u0435\u0441\u0442\u0432\u0435\u043d\u043d\u043e\u0439 \u0433\u043e\u0432\u044f\u0434\u0438\u043d\u044b. \u0424\u0435\u0440\u043c\u0430 \u0431\u044b\u043b\u0430 \u0441\u043e\u0437\u0434\u0430\u043d\u0430 \u0431\u043b\u0430\u0433\u043e\u0434\u0430\u0440\u044f \u043f\u0440\u043e\u0435\u043a\u0442\u0443 \"\u041f\u043e\u0434\u0434\u0435\u0440\u0436\u043a\u0430 \u043c\u043e\u043b\u043e\u0434\u044b\u0445 \u0444\u0435\u0440\u043c\u0435\u0440\u043e\u0432\". \u041f\u043e\u0434 \u0443\u043f\u0440\u0430\u0432\u043b\u0435\u043d\u0438\u0435\u043c \u0444\u0435\u0440\u043c\u044b \u043d\u0430\u0445\u043e\u0434\u0438\u0442\u0441\u044f \u043e\u043a\u043e\u043b\u043e 300 \u0433\u0430 \u0437\u0435\u043c\u043b\u0438 \u0438 150 \u0433\u043e\u043b\u043e\u0432 \u043a\u0440\u0443\u043f\u043d\u043e\u0433\u043e \u0440\u043e\u0433\u0430\u0442\u043e\u0433\u043e \u0441\u043a\u043e\u0442\u0430. \u041c\u044b \u0440\u0430\u0431\u043e\u0442\u0430\u0435\u043c \u043f\u043e \u043e\u0440\u0433\u0430\u043d\u0438\u0447\u0435\u0441\u043a\u043e\u043c\u0443 \u043f\u0440\u0438\u043d\u0446\u0438\u043f\u0443.<\/p><p>\u0412 2018 \u0433\u043e\u0434\u0443 \u0413\u0443\u043b\u044c\u0431\u0435\u043d\u0441\u043a\u0438\u0439 \u0440\u0430\u0439\u043e\u043d \u043d\u0430\u0433\u0440\u0430\u0434\u0438\u043b \u043a\u043e\u043c\u043f\u0430\u043d\u0438\u044e \u043f\u043e\u0447\u0435\u0442\u043d\u044b\u043c \u0437\u043d\u0430\u043a\u043e\u043c.<\/p><p>\u0420\u0443\u043a\u043e\u0432\u043e\u0434\u0438\u0442\u0435\u043b\u044c \u0438 \u043e\u0441\u043d\u043e\u0432\u0430\u0442\u0435\u043b\u044c \u0444\u0435\u0440\u043c\u044b Kristaps Graumanis .<\/p>\t\t\t\t\t\t\t\t<\/div>\n\t\t\t\t<\/div>\n\t\t\t\t\t<\/div>\n\t\t\t\t<\/div>\n\t\t\t\t<\/div>","protected":false},"excerpt":{"rendered":"<p>SIA LASKUMI no Druvienas pagasta SIA LASKUMI saimniec\u012bba dibin\u0101ta 2012 gad\u0101. Saimniec\u012bba atrodas Gulbenes novad\u0101. Saimniec\u012bba str\u0101d\u0101 pa vair\u0101kiem pagastiem- Druvienas, Rankas, Tirzas, Lizuma. Nodarbojamies ar t\u012br\u0161\u0137irnes Herefordu audz\u0113\u0161anu ,k\u0101 vaislas, k\u0101 ar\u012b kvalitat\u012bvas liellopa ga\u013cas ra\u017eo\u0161anu. Saimniec\u012bbu izveidoju pateicoties LAD projektam Atbalsts jaunajiem lauksaimniekiem. Saimniec\u012bba apsaimnieko ap 300 ha zemes un 150 liellopu galv\u0101m. Str\u0101d\u0101jam biolo\u0123isk\u0101 veid\u0101. Gulbenes novads 2018.gad\u0101 godalgoja uz\u0146\u0113mumu k\u0101 GODA UZ\u0145\u0112MUMS. Saimniec\u012bbas vad\u012bt\u0101js , k\u0101 ar\u012b dibin\u0101t\u0101js Kristaps Graumanis .<\/p>","protected":false},"author":563,"featured_media":0,"parent":0,"menu_order":0,"comment_status":"closed","ping_status":"closed","template":"","meta":{"footnotes":""},"class_list":["post-22334","page","type-page","status-publish","hentry","post-no-thumbnail"],"jetpack_sharing_enabled":true,"_links":{"self":[{"href":"https:\/\/galaspiegade.lv\/ru\/wp-json\/wp\/v2\/pages\/22334","targetHints":{"allow":["GET"]}}],"collection":[{"href":"https:\/\/galaspiegade.lv\/ru\/wp-json\/wp\/v2\/pages"}],"about":[{"href":"https:\/\/galaspiegade.lv\/ru\/wp-json\/wp\/v2\/types\/page"}],"author":[{"embeddable":true,"href":"https:\/\/galaspiegade.lv\/ru\/wp-json\/wp\/v2\/users\/563"}],"replies":[{"embeddable":true,"href":"https:\/\/galaspiegade.lv\/ru\/wp-json\/wp\/v2\/comments?post=22334"}],"version-history":[{"count":7,"href":"https:\/\/galaspiegade.lv\/ru\/wp-json\/wp\/v2\/pages\/22334\/revisions"}],"predecessor-version":[{"id":22406,"href":"https:\/\/galaspiegade.lv\/ru\/wp-json\/wp\/v2\/pages\/22334\/revisions\/22406"}],"wp:attachment":[{"href":"https:\/\/galaspiegade.lv\/ru\/wp-json\/wp\/v2\/media?parent=22334"}],"curies":[{"name":"wp","href":"https:\/\/api.w.org\/{rel}","templated":true}]}}